{"id":6030,"date":"2022-03-11T09:18:33","date_gmt":"2022-03-11T08:18:33","guid":{"rendered":"https:\/\/fengchashop.com\/sk\/product\/komplex-horcika-v-prasku-200-g\/"},"modified":"2026-04-18T13:03:25","modified_gmt":"2026-04-18T11:03:25","slug":"komplex-horcika-v-prasku","status":"publish","type":"product","link":"https:\/\/fengchashop.com\/sk\/product\/komplex-horcika-v-prasku\/","title":{"rendered":"Komplex hor\u010d\u00edka v pr\u00e1\u0161ku 200 g"},"content":{"rendered":"<h2 style=\"text-align: justify\"><span style=\"color: #000000\"><b>Magn\u00e9ziov\u00fd komplex v pr\u00e1\u0161ku<\/b><\/span><\/h2>\n<p style=\"text-align: justify\"><span style=\"color: #000000\">Magn\u00e9zium je mimoriadne d\u00f4le\u017eit\u00fd miner\u00e1l, ktor\u00fd sa podie\u013ea na viac ako 300 metabolick\u00fdch procesoch v \u013eudskom tele. \u010casto ho naz\u00fdvaj\u00fa &#8222;<b>kr\u00e1\u013e miner\u00e1lov<\/b>&#8222;, preto\u017ee m\u00e1 <b>k\u013e\u00fa\u010dov\u00fa \u00falohu pri fungovan\u00ed svalov, nervov\u00e9ho syst\u00e9mu a udr\u017eiavan\u00ed zdrav\u00fdch kost\u00ed<\/b>. Pom\u00e1ha predch\u00e1dza\u0165 svalov\u00fdm k\u0155\u010dom, zni\u017euje \u00fanavu a vy\u010derpanie a prispieva k norm\u00e1lnemu psychick\u00e9mu fungovaniu. Kv\u00f4li r\u00fdchlemu tempu modern\u00e9ho \u017eivota \u2013 stresu, nespr\u00e1vnej v\u00fd\u017eive a nedostatku sp\u00e1nku \u2013 mnoh\u00ed siahaj\u00fa po doplnkoch stravy s magn\u00e9ziom.<\/span><\/p>\n<p style=\"text-align: justify\"><span style=\"color: #000000\">Aj ke\u010f sa magn\u00e9zium prirodzene nach\u00e1dza v mnoh\u00fdch potravin\u00e1ch, ako s\u00fa zelen\u00e9 listov\u00e9 zeleniny, orechy, semienka, ryby a celozrnn\u00e9 obilniny, \u010dasto ho spotrebujeme viac, ne\u017e ko\u013eko ho prijmeme stravou. Zv\u00fd\u0161en\u00fa potrebu magn\u00e9zia maj\u00fa \u0161portovci, tehotn\u00e9 \u017eeny, star\u0161\u00ed \u013eudia a jednotlivci vystaven\u00ed v\u00e4\u010d\u0161iemu telesn\u00e9mu alebo du\u0161evn\u00e9mu stresu.<\/span><\/p>\n<p style=\"text-align: justify\"><span style=\"color: #000000\">Magn\u00e9ziov\u00fd komplex poskytne telu optim\u00e1lnu podporu pre lep\u0161\u00ed pocit pohody, viac energie a zdrav\u00e9 fungovanie svalov, kost\u00ed a nervov\u00e9ho syst\u00e9mu.<\/span><\/p>\n<h2 style=\"text-align: justify\"><span style=\"color: #000000\"><b>Pre\u010do magn\u00e9ziov\u00fd komplex?<\/b><\/span><\/h2>\n<p style=\"text-align: justify\"><span style=\"color: #000000\">Magn\u00e9ziov\u00fd komplex kombinuje <strong>\u0161tyri vysoko kvalitn\u00e9 formy magn\u00e9zia \u2013 magn\u00e9ziov\u00fd bisglycin\u00e1t, magn\u00e9ziov\u00fd citr\u00e1t, magn\u00e9ziov\u00fd mal\u00e1t a magn\u00e9ziov\u00fd taur\u00e1t<\/strong>. Ka\u017ed\u00e1 z t\u00fdchto foriem m\u00e1 svoje \u0161pecifick\u00e9 vlastnosti a v\u00fdhody, a preto ich kombin\u00e1cia umo\u017e\u0148uje optim\u00e1lne vstreb\u00e1vanie a \u00fa\u010dinnos\u0165.<\/span><\/p>\n<h2 style=\"text-align: justify\"><span style=\"color: #000000\"><b>V\u00fdhody magn\u00e9ziov\u00e9ho komplexu<\/b><\/span><\/h2>\n<p style=\"text-align: justify\"><span style=\"color: #000000\"><b>Magn\u00e9zium:<\/b><\/span><\/p>\n<ul style=\"text-align: justify\">\n<li><span style=\"color: #000000\">prispieva k zni\u017eovaniu \u00fanavy a vy\u010derpania<\/span><\/li>\n<li><span style=\"color: #000000\">prispieva k rovnov\u00e1he elektrolytov<\/span><\/li>\n<li><span style=\"color: #000000\">prispieva k uvo\u013eneniu energie pri metabolizme<\/span><\/li>\n<li><span style=\"color: #000000\">prispieva k fungovaniu nervov\u00e9ho syst\u00e9mu<\/span><\/li>\n<li><span style=\"color: #000000\">prispieva k fungovaniu svalov<\/span><\/li>\n<li><span style=\"color: #000000\">m\u00e1 \u00falohu pri synt\u00e9ze bielkov\u00edn<\/span><\/li>\n<li><span style=\"color: #000000\">prispieva k norm\u00e1lnemu psychologick\u00e9mu fungovaniu<\/span><\/li>\n<li><span style=\"color: #000000\">prispieva k udr\u017eiavaniu zdrav\u00fdch kost\u00ed a zubov<\/span><\/li>\n<li><span style=\"color: #000000\">m\u00e1 \u00falohu pri delen\u00ed buniek<\/span><\/li>\n<\/ul>\n<p>&nbsp;<\/p>\n<p style=\"text-align: justify\"><span style=\"color: #000000\"><b>Vitam\u00edn B6:<\/b><\/span><\/p>\n<ul style=\"text-align: justify\">\n<li><span style=\"color: #000000\">m\u00e1 \u00falohu pri synt\u00e9ze ciste\u00ednu<\/span><\/li>\n<li><span style=\"color: #000000\">prispieva k uvo\u013eneniu energie pri metabolizme<\/span><\/li>\n<li><span style=\"color: #000000\">prispieva k fungovaniu nervov\u00e9ho syst\u00e9mu<\/span><\/li>\n<li><span style=\"color: #000000\">prispieva k metabolizmu homocyste\u00ednu<\/span><\/li>\n<li><span style=\"color: #000000\">m\u00e1 \u00falohu pri metabolizme bielkov\u00edn a glykog\u00e9nu<\/span><\/li>\n<li><span style=\"color: #000000\">prispieva k norm\u00e1lnemu psychologick\u00e9mu fungovaniu<\/span><\/li>\n<li><span style=\"color: #000000\">m\u00e1 \u00falohu pri tvorbe \u010derven\u00fdch krviniek<\/span><\/li>\n<li><span style=\"color: #000000\">m\u00e1 \u00falohu pri fungovan\u00ed imunitn\u00e9ho syst\u00e9mu<\/span><\/li>\n<li><span style=\"color: #000000\">prispieva k zni\u017eovaniu \u00fanavy a vy\u010derpania<\/span><\/li>\n<li><span style=\"color: #000000\">m\u00e1 \u00falohu pri regul\u00e1cii hormon\u00e1lnych funkci\u00ed<\/span><\/li>\n<\/ul>\n<p style=\"text-align: justify\"><span style=\"color: #000000\">Dostatok magn\u00e9zia m\u00f4\u017ee ma\u0165 v\u00fdznamn\u00fd vplyv na prevenciu t\u00fdchto probl\u00e9mov a zlep\u0161i\u0165 celkov\u00fa pohodu a zdravie.<\/span><\/p>\n<h2 style=\"text-align: justify\"><span style=\"color: #000000\"><b>Skladovanie a upozornenia<\/b><\/span><\/h2>\n<p style=\"text-align: justify\"><span style=\"color: #000000\">Skladujte na suchom mieste pri teplote do 25 \u00b0C, chr\u00e1nen\u00e9 pred vlhkos\u0165ou a svetlom. Uistite sa, \u017ee ta\u0161ka alebo obal s\u00fa dobre uzavret\u00e9.<\/span><\/p>\n<p style=\"text-align: justify\"><span style=\"color: #000000\">Produkt nie je vhodn\u00fd pre deti, ml\u00e1de\u017e, tehotn\u00e9 a doj\u010diace \u017eeny. Cukrovk\u00e1ri, osoby s gluk\u00f3zovou intoleranciou, osoby lie\u010den\u00e9 kumar\u00ednov\u00fdmi antikoagulanciami a osoby s anamn\u00e9zou kardiovaskul\u00e1rnych ochoren\u00ed a astmatici by sa mali pred pou\u017eit\u00edm poradi\u0165 so svoj\u00edm lek\u00e1rom. V pr\u00edpade nevo\u013enosti, bolest\u00ed brucha, zl\u00e9ho tr\u00e1venia, hna\u010dky, z\u00e1pchy, z\u00e1vratov, ospalosti, bolesti hlavy, vyr\u00e1\u017eok, svrbenia alebo za\u010dervenania poko\u017eky prestante u\u017e\u00edva\u0165 produkt.<\/span><\/p>\n<h2 style=\"text-align: justify\"><span style=\"color: #000000\"><b>Balenie<\/b><\/span><\/h2>\n<p style=\"text-align: justify\"><span style=\"color: #000000\">Vzduchotesn\u00e1 ta\u0161ka so zipsom alebo obal, ktor\u00fd udr\u017euje produkt \u010derstv\u00fd a zachov\u00e1va jeho chu\u0165. Balenie chr\u00e1ni pred svetlom a vzduchom. Je zlo\u017een\u00e9 z viacer\u00fdch vrstiev ochrany, ktor\u00e9 uchov\u00e1vaj\u00fa vlastnosti produktu.<\/span><\/p>\n<p><span style=\"color: #000000\">Balenie je ve\u013emi praktick\u00e9 a je mo\u017en\u00e9 ho recyklova\u0165.<\/span><\/p>\n<h2 style=\"text-align: justify\"><span style=\"color: #000000\"><b>P\u00f4vod<\/b><\/span><\/h2>\n<p style=\"text-align: justify\"><span style=\"color: #000000\">Zlo\u017eky magn\u00e9ziov\u00e9ho komplexu poch\u00e1dzaj\u00fa z E\u00da a mimo E\u00da, starostlivo vybran\u00e9 na zabezpe\u010denie najvy\u0161\u0161ej kvality.<\/span><\/p>\n","protected":false},"excerpt":{"rendered":"<p align=\"JUSTIFY\"><span style=\"color: #000000\">Komplex hor\u010d\u00edka sp\u00e1ja<strong>\u0161tyri vysokokvalitn\u00e9 formy hor\u010d\u00edka \u2013 bisglycin\u00e1t hore\u010dnat\u00fd, citr\u00e1t hore\u010dnat\u00fd, mal\u00e1t hore\u010dnat\u00fd a taur\u00e1t hore\u010dnat\u00fd.<\/strong><\/span><\/p>\n<p>\ud83d\udc9aPrispieva k zn\u00ed\u017eeniu \u00fanavy a vy\u010derpania.<br \/>\n\ud83d\udc9a Podporuje rovnov\u00e1hu elektrolytov, ktor\u00e9 potrebujeme najm\u00e4 pri fyzickej n\u00e1mahe.<br \/>\n\ud83d\udc9a Priaznivo p\u00f4sob\u00ed na nervov\u00fd syst\u00e9m.<br \/>\n\ud83d\udc9aPrispieva k norm\u00e1lnej \u010dinnosti svalov a norm\u00e1lnym psychick\u00fdm funkci\u00e1m.<br \/>\n\ud83d\udc9aUdr\u017eiava zdrav\u00e9 kosti a zuby.<\/p>\n","protected":false},"featured_media":6032,"comment_status":"open","ping_status":"closed","template":"","meta":{"_acf_changed":false},"product_brand":[],"product_cat":[15,203,228,224,225],"product_tag":[],"class_list":{"0":"post-6030","1":"product","2":"type-product","3":"status-publish","4":"has-post-thumbnail","6":"product_cat-uncategorized","7":"product_cat-mineraly-vitaminy","8":"product_cat-najpredavanejsie","9":"product_cat-ponuka","10":"product_cat-vsetky-produkty","12":"first","13":"instock","14":"sale","15":"taxable","16":"shipping-taxable","17":"purchasable","18":"product-type-simple"},"acf":[],"_links":{"self":[{"href":"https:\/\/fengchashop.com\/sk\/wp-json\/wp\/v2\/product\/6030","targetHints":{"allow":["GET"]}}],"collection":[{"href":"https:\/\/fengchashop.com\/sk\/wp-json\/wp\/v2\/product"}],"about":[{"href":"https:\/\/fengchashop.com\/sk\/wp-json\/wp\/v2\/types\/product"}],"replies":[{"embeddable":true,"href":"https:\/\/fengchashop.com\/sk\/wp-json\/wp\/v2\/comments?post=6030"}],"wp:featuredmedia":[{"embeddable":true,"href":"https:\/\/fengchashop.com\/sk\/wp-json\/wp\/v2\/media\/6032"}],"wp:attachment":[{"href":"https:\/\/fengchashop.com\/sk\/wp-json\/wp\/v2\/media?parent=6030"}],"wp:term":[{"taxonomy":"product_brand","embeddable":true,"href":"https:\/\/fengchashop.com\/sk\/wp-json\/wp\/v2\/product_brand?post=6030"},{"taxonomy":"product_cat","embeddable":true,"href":"https:\/\/fengchashop.com\/sk\/wp-json\/wp\/v2\/product_cat?post=6030"},{"taxonomy":"product_tag","embeddable":true,"href":"https:\/\/fengchashop.com\/sk\/wp-json\/wp\/v2\/product_tag?post=6030"}],"curies":[{"name":"wp","href":"https:\/\/api.w.org\/{rel}","templated":true}]}}