{"id":6019,"date":"2022-03-10T18:57:47","date_gmt":"2022-03-10T17:57:47","guid":{"rendered":"https:\/\/fengchashop.com\/sk\/product\/kokosovo-mleko-v-prahu-bio-250-g\/"},"modified":"2026-04-18T01:45:13","modified_gmt":"2026-04-17T23:45:13","slug":"kokosove-mlieko-v-prasku-bio","status":"publish","type":"product","link":"https:\/\/fengchashop.com\/sk\/product\/kokosove-mlieko-v-prasku-bio\/","title":{"rendered":"Kokosov\u00e9 mlieko v pr\u00e1\u0161ku BIO 250 g"},"content":{"rendered":"<h2>Kokosov\u00e9 mlieko v pr\u00e1\u0161ku BIO<\/h2>\n<p>Su\u0161en\u00e9 kokosov\u00e9 mlieko je jednou z hlavn\u00fdch kulin\u00e1rskych ingredienci\u00ed \u00e1zijskej stravy a vynikaj\u00facou n\u00e1hradou mlieka s lakt\u00f3zou, na ktor\u00fa je alergick\u00fdch \u010doraz viac \u013eud\u00ed.<\/p>\n<p>Su\u0161en\u00e9 kokosov\u00e9 mlieko obsahuje asi 60% kokosov\u00e9ho tuku a obsahuje mno\u017estvo prospe\u0161n\u00fdch l\u00e1tok pre \u013eudsk\u00fd organizmus:<\/p>\n<p>\ud83d\udc9a ve\u013ea \u017eeleza, ktor\u00e9 je hlavnou zlo\u017ekou \u010derven\u00fdch krviniek,<br \/>\n\ud83d\udc9a prospe\u0161n\u00e9 nenas\u00fdten\u00e9 omega 3 mastn\u00e9 kyseliny, ktor\u00e9 pom\u00e1haj\u00fa regulova\u0165 cholesterol v krvi,<br \/>\n\ud83d\udc9a mastn\u00e9 kyseliny laurov\u00e1, kaprylov\u00e1 a kapr\u00ednov\u00e1, zn\u00e1me pre svoju antifung\u00e1lnu, antibakteri\u00e1lnu a antiv\u00edrusov\u00fa aktivitu.<\/p>\n<h2>Su\u0161en\u00e9 kokosov\u00e9 mlieko je v\u00fdborn\u00fdm doplnkom do jed\u00e1l alebo pr\u00edsadou do pr\u00edrodnej kozmetiky<\/h2>\n<p>Su\u0161en\u00e9 kokosov\u00e9 mlieko sa vyr\u00e1ba su\u0161en\u00edm kokosov\u00e9ho mlieka zo str\u00fahan\u00e9ho kokosov\u00e9ho m\u00e4sa. Preto\u017ee obsahuje vysok\u00e9 percento tuku, zvy\u010dajne sa mie\u0161a so \u0161krobom, okolo ktor\u00e9ho sa tuk prichyt\u00ed a vytvor\u00ed su\u0161en\u00e9 kokosov\u00e9 mlieko. V \u00e1zijskej kuchyni je nielen neodmyslite\u013enou kulin\u00e1rskou ingredienciou do om\u00e1\u010dok, polievok a dezertov, ale vyu\u017e\u00edva sa aj do pr\u00edrodnej kozmetiky, ke\u010f\u017ee m\u00e1 \u00fa\u017easn\u00e9 ingrediencie, ktor\u00e9 priaznivo p\u00f4sobia na poko\u017eku. Pr\u00e1\u0161ok jednoducho zmie\u0161ate s vodou a z\u00edskate kokosov\u00e9 mlieko \u010di kokosov\u00fa smotanu, alebo ho m\u00f4\u017eete primie\u0161a\u0165 priamo do jed\u00e1l a e\u0161te ich vylep\u0161i\u0165.<\/p>\n<h2>Skladovanie<\/h2>\n<p>Skladujte na suchom, tmavom a chladnom mieste. Uistite sa, \u017ee je vrecko dobre utesnen\u00e9.<\/p>\n<h2>Balenie<\/h2>\n<p>Vzduchotesn\u00e9 vrecko so zipsom, kde si produkt zachov\u00e1 v\u0161etku svoju \u010derstvos\u0165 a v\u00f4\u0148u. Obal chr\u00e1ni pred svetlom a vzduchom, ke\u010f\u017ee pozost\u00e1va z nieko\u013ek\u00fdch vrstiev ochrany, ktor\u00e9 zachov\u00e1vaj\u00fa vlastnosti obsahu.<\/p>\n<p>Obal je ve\u013emi praktick\u00fd a umo\u017e\u0148uje recykl\u00e1ciu.<\/p>\n<h2>P\u00f4vod<\/h2>\n<p>Vietnam<\/p>\n","protected":false},"excerpt":{"rendered":"<p>Su\u0161en\u00e9 kokosov\u00e9 mlieko je jednou z hlavn\u00fdch kulin\u00e1rskych ingredienci\u00ed \u00e1zijskej stravy a vynikaj\u00facou n\u00e1hradou mlieka s lakt\u00f3zou. Su\u0161en\u00e9 kokosov\u00e9 mlieko obsahuje asi 60% kokosov\u00e9ho tuku a obsahuje mno\u017estvo prospe\u0161n\u00fdch l\u00e1tok pre \u013eudsk\u00fd organizmus:<\/p>\n<p>\ud83d\udc9a ve\u013ea \u017eeleza, ktor\u00e9 je hlavnou zlo\u017ekou \u010derven\u00fdch krviniek,<br \/>\n\ud83d\udc9a prospe\u0161n\u00e9 nenas\u00fdten\u00e9 omega-3 mastn\u00e9 kyseliny, ktor\u00e9 pom\u00e1haj\u00fa regulova\u0165 cholesterol v krvi,<br \/>\n\ud83d\udc9a laurov\u00e1, kaprylov\u00e1 a kapr\u00ednov\u00e1 mastn\u00e1 kyselina, zn\u00e1me pre svoje protiples\u0148ov\u00e9, antibakteri\u00e1lne a antiv\u00edrusov\u00e9 \u00fa\u010dinky.<\/p>\n","protected":false},"featured_media":6020,"comment_status":"open","ping_status":"closed","template":"","meta":{"_acf_changed":false},"product_brand":[],"product_cat":[15,194,205,224,225],"product_tag":[],"class_list":{"0":"post-6019","1":"product","2":"type-product","3":"status-publish","4":"has-post-thumbnail","6":"product_cat-uncategorized","7":"product_cat-ajurveda","8":"product_cat-caj-jedlo-a-koreniny","9":"product_cat-ponuka","10":"product_cat-vsetky-produkty","12":"first","13":"instock","14":"taxable","15":"shipping-taxable","16":"purchasable","17":"product-type-simple"},"acf":[],"_links":{"self":[{"href":"https:\/\/fengchashop.com\/sk\/wp-json\/wp\/v2\/product\/6019","targetHints":{"allow":["GET"]}}],"collection":[{"href":"https:\/\/fengchashop.com\/sk\/wp-json\/wp\/v2\/product"}],"about":[{"href":"https:\/\/fengchashop.com\/sk\/wp-json\/wp\/v2\/types\/product"}],"replies":[{"embeddable":true,"href":"https:\/\/fengchashop.com\/sk\/wp-json\/wp\/v2\/comments?post=6019"}],"wp:featuredmedia":[{"embeddable":true,"href":"https:\/\/fengchashop.com\/sk\/wp-json\/wp\/v2\/media\/6020"}],"wp:attachment":[{"href":"https:\/\/fengchashop.com\/sk\/wp-json\/wp\/v2\/media?parent=6019"}],"wp:term":[{"taxonomy":"product_brand","embeddable":true,"href":"https:\/\/fengchashop.com\/sk\/wp-json\/wp\/v2\/product_brand?post=6019"},{"taxonomy":"product_cat","embeddable":true,"href":"https:\/\/fengchashop.com\/sk\/wp-json\/wp\/v2\/product_cat?post=6019"},{"taxonomy":"product_tag","embeddable":true,"href":"https:\/\/fengchashop.com\/sk\/wp-json\/wp\/v2\/product_tag?post=6019"}],"curies":[{"name":"wp","href":"https:\/\/api.w.org\/{rel}","templated":true}]}}