{"id":6005,"date":"2022-03-10T10:15:47","date_gmt":"2022-03-10T09:15:47","guid":{"rendered":"https:\/\/fengchashop.com\/sk\/product\/goji-bobule-bio-500-g\/"},"modified":"2026-05-02T13:11:38","modified_gmt":"2026-05-02T11:11:38","slug":"goji-bobule-bio","status":"publish","type":"product","link":"https:\/\/fengchashop.com\/sk\/product\/goji-bobule-bio\/","title":{"rendered":"Goji bobule BIO 500 g"},"content":{"rendered":"<h2><span style=\"color: #000000\">Goji bobule BIO<\/span><\/h2>\n<p><span style=\"color: #000000\">Goji bobule, niekedy naz\u00fdvan\u00e9 vl\u010die bobule, \u010derven\u00e9 diamanty alebo man\u017eelsk\u00e9 v\u00edno, s\u00fa superplody, ktor\u00e9 rast\u00fa na vysokom \u010d\u00ednskom kr\u00edku. Tvarom najviac pripom\u00ednaj\u00fa gran\u00e1tov\u00e9 jablko. V starovekej \u010c\u00edne boli pova\u017eovan\u00e9 za ovocie so superschopnos\u0165ami a pou\u017e\u00edvali sa na lie\u010denie kr\u00e1\u013eov a v\u00fd\u017eivu bojovn\u00edkov pred bitkami. V tradi\u010dnej \u010d\u00ednskej medic\u00edne, kde sa pou\u017e\u00edvaj\u00fa u\u017e viac ako 2500 rokov, sa o nich hovor\u00ed, \u017ee lie\u010dia cukrovku, vysok\u00fd krvn\u00fd tlak, choroby pe\u010dene a obli\u010diek. Pou\u017e\u00edvaj\u00fa sa aj na zv\u00fd\u0161enie energie a libida. Na lie\u010debn\u00e9 \u00fa\u010dely sa vyu\u017e\u00edvaj\u00fa aj in\u00e9 \u010dasti rastliny, ako semen\u00e1, kvety, korene a listy.<\/span><\/p>\n<p><span style=\"color: #000000\">Okrem \u017een\u0161enu a h\u00fab reishi vraj Li Quing Yuen pravidelne konzumuje aj bobule goji vo forme \u010daju. Najlep\u0161ie zdokumentovan\u00fd pr\u00edklad dlhovekosti v celej hist\u00f3rii, ke\u010f\u017ee \u010c\u00ed\u0148an \u00fadajne \u017eil a\u017e 256 rokov.<\/span><\/p>\n<p><span style=\"color: #000000\">Modern\u00e9 v\u00fdskumy ukazuj\u00fa, \u017ee bobule goji s\u00fa naozaj dobr\u00e9 na posilnenie cel\u00e9ho tela, prospievaj\u00fa aj n\u00e1\u0161mu zdraviu. Obsahuj\u00fa mimoriadne ve\u013ek\u00e9 mno\u017estvo antioxidantov, ktor\u00e9 na n\u00e1s preuk\u00e1zate\u013ene pozit\u00edvne vpl\u00fdvaj\u00fa, ke\u010f\u017ee n\u00e1s chr\u00e1nia pred oxida\u010dn\u00fdm stresom, ktor\u00fd je \u010dasto pr\u00ed\u010dinou modern\u00fdch chor\u00f4b.<\/span><\/p>\n<p><span style=\"color: #000000\">Hovor\u00ed sa, \u017ee obsahuj\u00fa ove\u013ea viac beta karot\u00e9nu (provitam\u00edn vitam\u00ednu A) ako ktor\u00e1ko\u013evek in\u00e1 rastlina, ktor\u00e1 bola doteraz objaven\u00e1 alebo \u0161tudovan\u00e1. Na\u0161e telo ho syntetizuje na vitam\u00edn A (retionol), ktor\u00fd je zodpovedn\u00fd za norm\u00e1lny rast, norm\u00e1lne videnie, metabolizmus \u017eeleza a je d\u00f4le\u017eit\u00fd aj pre norm\u00e1lne fungovanie imunitn\u00e9ho syst\u00e9mu. D\u00f4le\u017eit\u00fd je aj po\u010das tehotenstva a pred n\u00edm, preto\u017ee podporuje reprodukciu a ovplyv\u0148uje v\u00fdvoj buniek a tkan\u00edv. V\u00fdskumy ukazuj\u00fa, \u017ee je lep\u0161ie a pre telo prospe\u0161nej\u0161ie prij\u00edma\u0165 beta karot\u00e9ny (najm\u00e4 potravou), ktor\u00e9 telo premie\u0148a na retinol, ako prij\u00edma\u0165 samotn\u00fd retinol, \u010do je vitam\u00edn A \u017eivo\u010d\u00ed\u0161neho p\u00f4vodu. Obsahuj\u00fa tie\u017e najmenej trikr\u00e1t viac antioxidantov ako \u010du\u010doriedky.<\/span><\/p>\n<p><span style=\"color: #000000\">Mal\u00e9 \u010derven\u00e9 plody teda obsahuj\u00fa:<\/span><\/p>\n<p><span style=\"color: #000000\">\ud83d\udc9a \u00fa\u017easn\u00e9 pr\u00edrodn\u00e9 akt\u00edvne zlo\u017eky,<\/span><br \/>\n<span style=\"color: #000000\">\ud83d\udc9a karotenoidy, polyfenoly, bielkoviny,<\/span><br \/>\n<span style=\"color: #000000\">\ud83d\udc9a polysacharidy, ktor\u00e9 posil\u0148uj\u00fa imunitn\u00fd syst\u00e9m, zvy\u0161uj\u00fa vstreb\u00e1vanie miner\u00e1lov a zvy\u0161uj\u00fa vitalitu organizmu,<\/span><br \/>\n<span style=\"color: #000000\">\ud83d\udc9a vitam\u00edny C, B a E,<\/span><br \/>\n<span style=\"color: #000000\">\ud83d\udc9a lute\u00edn a zeaxant\u00edn, ktor\u00e9 posil\u0148uj\u00fa zrak a zabra\u0148uj\u00fa jeho zhor\u0161ovaniu,<\/span><br \/>\n<span style=\"color: #000000\">\ud83d\udc9a antioxidanty pre zdravie a mladistv\u00fd vzh\u013ead,<\/span><br \/>\n<span style=\"color: #000000\">\ud83d\udc9a \u010fal\u0161ie vitam\u00edny, ktor\u00e9 prekon\u00e1vaj\u00fa mnoh\u00e9 choroby.<\/span><\/p>\n<p><span style=\"color: #000000\">Goji bobule preuk\u00e1zate\u013ene posil\u0148uj\u00fa imunitn\u00fd syst\u00e9m. Maj\u00fa tie\u017e pozit\u00edvny vplyv na libido a sexu\u00e1lnu silu. \u010coraz \u010dastej\u0161ie sa sp\u00e1jaj\u00fa aj s r\u00fdchlym metabolizmom, lep\u0161ou pohodou, men\u0161ou celkovou \u00fanavou a v\u00e4\u010d\u0161ou vitalitou.<\/span><\/p>\n<p><span style=\"color: #000000\">Na\u0161e plody goji s\u00fa z ekologickej produkcie. Su\u0161en\u00e9 ovocie je mierne vlhk\u00e9 &#8211; jemn\u00e1 a \u017euvacia text\u00fara, \u010do z nich rob\u00ed krmivo pr\u00e9miovej kvality. Jahody s\u00fa ve\u013emi chutn\u00e9. S\u00fa v\u00e4\u010d\u0161ie a maj\u00fa slad\u0161iu chu\u0165. Zlep\u0161uj\u00fa nutri\u010dn\u00fa hodnotu pokrmov a dod\u00e1vaj\u00fa sladk\u00fd n\u00e1dych. Chu\u0165 nie je prehnane intenz\u00edvna, \u010do u\u013eah\u010duje ich zaradenie do ka\u017edodenn\u00fdch jed\u00e1l.<\/span><\/p>\n<h2><span style=\"color: #000000\">Pre koho s\u00fa v\u0161etky?<\/span><\/h2>\n<p><span style=\"color: #000000\">Plody Goji si m\u00f4\u017eete vychutna\u0165 ako snack alebo ako s\u00fa\u010das\u0165 pestrej zdravej stravy. Mnoh\u00e9 pozit\u00edvne \u00fa\u010dinky a \u00fa\u010dinn\u00e9 l\u00e1tky st\u00e1le prekvapuj\u00fa v\u00fdskumn\u00edkov, ktor\u00ed im neust\u00e1le venuj\u00fa pozornos\u0165. Takto pestujete jahody:<\/span><\/p>\n<p><span style=\"color: #000000\">\ud83d\udc9a regulova\u0165 probl\u00e9my s vysok\u00fdm krvn\u00fdm tlakom a zl\u00fdm cholesterolom;<\/span><br \/>\n<span style=\"color: #000000\">\ud83d\udc9a reguluj\u00fa tr\u00e1venie, maj\u00fa z\u00e1sadit\u00fd \u00fa\u010dinok a ovplyv\u0148uj\u00fa chudnutie;<\/span><br \/>\n<span style=\"color: #000000\">\ud83d\udc9a hydratuj\u00fa telo;<\/span><br \/>\n<span style=\"color: #000000\">\ud83d\udc9a zlep\u0161i\u0165 stav poko\u017eky;<\/span><br \/>\n<span style=\"color: #000000\">\ud83d\udc9a posilni\u0165 imunitn\u00fd syst\u00e9m;<\/span><br \/>\n<span style=\"color: #000000\">\ud83d\udc9a mal adaptog\u00e9nny \u00fa\u010dinok;<\/span><br \/>\n<span style=\"color: #000000\">\ud83d\udc9a regulova\u0165 hladinu cukru v krvi.<\/span><\/p>\n<h2><span style=\"color: #000000\">Nutri\u010dn\u00e9 \u200b\u200bhodnoty<\/span><\/h2>\n<p><span style=\"color: #000000\">Priemern\u00e9 nutri\u010dn\u00e9 \u200b\u200bhodnoty na 100 g plodov goji: energetick\u00e1 hodnota: 1237 kJ\/292 kcal; tuky: 2,7 g, z toho nas\u00fdten\u00e9: 0,34 g; sacharidy: 54 g, z toho cukry: 53 g; bielkoviny: 13 g a so\u013e: 0,75 g: vitam\u00edn C: 25 mg.<\/span><\/p>\n<h2><span style=\"color: #000000\">Skladovanie<\/span><\/h2>\n<p><span style=\"color: #000000\">Skladujte na chladnom a suchom mieste. Potravinov\u00fd doplnok uchov\u00e1vajte mimo dosahu det\u00ed!<\/span><\/p>\n<p><span style=\"color: #000000\">Nezab\u00fadajte na d\u00f4le\u017eitos\u0165 pestrej stravy a zdrav\u00e9ho \u017eivotn\u00e9ho \u0161t\u00fdlu, doplnok stravy preto nenahr\u00e1dza vyv\u00e1\u017een\u00fa a pestr\u00fa stravu. Odpor\u00fa\u010dan\u00e9 denn\u00e9 mno\u017estvo alebo d\u00e1vka by sa nemali prekro\u010di\u0165.<\/span><\/p>\n<h2><span style=\"color: #000000\">Balenie<\/span><\/h2>\n<p><span style=\"color: #000000\">Nepriepustn\u00e9 vrecko na zips, v ktorom si produkt zachov\u00e1 svoju \u010derstvos\u0165 a v\u00f4\u0148u. Obal chr\u00e1ni pred svetlom a vzduchom, preto\u017ee pozost\u00e1va z nieko\u013ek\u00fdch ochrann\u00fdch vrstiev, ktor\u00e9 zachov\u00e1vaj\u00fa vlastnosti obsahu.<\/span><\/p>\n<p><span style=\"color: #000000\">Obal je ve\u013emi praktick\u00fd a recyklovate\u013en\u00fd.<\/span><\/p>\n<h2><span style=\"color: #000000\">Krajina p\u00f4vodu<\/span><\/h2>\n<p><span style=\"color: #000000\">\u010c\u00edna.<\/span><\/p>\n<p><span style=\"color: #000000\">M\u00e1me ve\u013emi spo\u013eahliv\u00fdch dod\u00e1vate\u013eov, ktor\u00ed n\u00e1m posielaj\u00fa podrobn\u00fa chemick\u00fa anal\u00fdzu produktu pre ka\u017ed\u00fa \u0161ar\u017eu. Za viac ako 10 rokov sme s t\u00fdmto produktom, ani s in\u00fdm produktom od toho ist\u00e9ho dod\u00e1vate\u013ea, nikdy nemali \u017eiadne stiahnutie produktu \u010di in\u00fd probl\u00e9m.<\/span><\/p>\n<p><span style=\"color: #000000\">Tento produkt je\u00a0<strong>100%<\/strong>\u00a0certifikovan\u00fd ako ekologick\u00fd.<\/span><\/p>\n","protected":false},"excerpt":{"rendered":"<p>Goji bobule, niekedy naz\u00fdvan\u00e9 vl\u010die bobule, \u010derven\u00e9 diamanty alebo man\u017eelsk\u00e9 v\u00edno, s\u00fa superplody, ktor\u00e9 rast\u00fa na vysokom \u010d\u00ednskom kr\u00edku. V starovekej \u010c\u00edne boli pova\u017eovan\u00e9 za ovocie so superschopnos\u0165ami a pou\u017e\u00edvali sa na lie\u010denie kr\u00e1\u013eov a v\u00fd\u017eivu bojovn\u00edkov pred bitkami. V tradi\u010dnej \u010d\u00ednskej medic\u00edne, kde sa pou\u017e\u00edvaj\u00fa u\u017e viac ako 2500 rokov, sa o nich hovor\u00ed, \u017ee lie\u010dia cukrovku, vysok\u00fd krvn\u00fd tlak, choroby pe\u010dene a obli\u010diek. Pou\u017e\u00edvaj\u00fa sa aj na zv\u00fd\u0161enie energie a libida.<\/p>\n<p>\ud83d\udc9a Upravuj\u00fa probl\u00e9my s vysok\u00fdm krvn\u00fdm tlakom a zni\u017euj\u00fa cholesterol.<br \/>\n\ud83d\udc9a Upravuj\u00fa tr\u00e1venie, maj\u00fa z\u00e1sadit\u00fd \u00fa\u010dinok a ovplyv\u0148uj\u00fa chudnutie.<br \/>\n\ud83d\udc9a Hydratuj\u00fa organizmus.<br \/>\n\ud83d\udc9a Zlep\u0161uj\u00fa stav poko\u017eky.<br \/>\n\ud83d\udc9a Posil\u0148uj\u00fa imunitn\u00fd syst\u00e9m.<\/p>\n","protected":false},"featured_media":6006,"comment_status":"open","ping_status":"closed","template":"","meta":{"_acf_changed":false},"product_brand":[],"product_cat":[15,224,195,225],"product_tag":[],"class_list":{"0":"post-6005","1":"product","2":"type-product","3":"status-publish","4":"has-post-thumbnail","6":"product_cat-uncategorized","7":"product_cat-ponuka","8":"product_cat-superpotraviny","9":"product_cat-vsetky-produkty","11":"first","12":"instock","13":"taxable","14":"shipping-taxable","15":"purchasable","16":"product-type-simple"},"acf":[],"_links":{"self":[{"href":"https:\/\/fengchashop.com\/sk\/wp-json\/wp\/v2\/product\/6005","targetHints":{"allow":["GET"]}}],"collection":[{"href":"https:\/\/fengchashop.com\/sk\/wp-json\/wp\/v2\/product"}],"about":[{"href":"https:\/\/fengchashop.com\/sk\/wp-json\/wp\/v2\/types\/product"}],"replies":[{"embeddable":true,"href":"https:\/\/fengchashop.com\/sk\/wp-json\/wp\/v2\/comments?post=6005"}],"wp:featuredmedia":[{"embeddable":true,"href":"https:\/\/fengchashop.com\/sk\/wp-json\/wp\/v2\/media\/6006"}],"wp:attachment":[{"href":"https:\/\/fengchashop.com\/sk\/wp-json\/wp\/v2\/media?parent=6005"}],"wp:term":[{"taxonomy":"product_brand","embeddable":true,"href":"https:\/\/fengchashop.com\/sk\/wp-json\/wp\/v2\/product_brand?post=6005"},{"taxonomy":"product_cat","embeddable":true,"href":"https:\/\/fengchashop.com\/sk\/wp-json\/wp\/v2\/product_cat?post=6005"},{"taxonomy":"product_tag","embeddable":true,"href":"https:\/\/fengchashop.com\/sk\/wp-json\/wp\/v2\/product_tag?post=6005"}],"curies":[{"name":"wp","href":"https:\/\/api.w.org\/{rel}","templated":true}]}}