{"id":5997,"date":"2022-03-10T08:38:09","date_gmt":"2022-03-10T07:38:09","guid":{"rendered":"https:\/\/fengchashop.com\/sk\/product\/brahmi-prasok-bio-250-g\/"},"modified":"2026-04-18T04:59:11","modified_gmt":"2026-04-18T02:59:11","slug":"brahmi-prasok-bio","status":"publish","type":"product","link":"https:\/\/fengchashop.com\/sk\/product\/brahmi-prasok-bio\/","title":{"rendered":"Brahmi pr\u00e1\u0161ok BIO 250 g"},"content":{"rendered":"<h2><span style=\"color: #000000\">Brahmi bio<\/span><\/h2>\n<p><span style=\"color: #000000\">Brahmi je jedna z najuzn\u00e1vanej\u0161\u00edch ajurv\u00e9dskych lie\u010div\u00fdch byl\u00edn, ktor\u00e1 sa pou\u017e\u00edva u\u017e viac ako 3 000 rokov. Poch\u00e1dza z \u00e1zijsk\u00fdch mo\u010diarov, ale dnes rastie v mnoh\u00fdch \u010dastiach sveta. Brahmi spozn\u00e1te pod\u013ea du\u017einat\u00fdch zelen\u00fdch listov a bielo-modr\u00fdch kvetov. Brahmi sa pou\u017e\u00edva na podporu nervov\u00e9ho syst\u00e9mu, fungovania mysle a pam\u00e4ti. Je to bylinn\u00fd liek pripravovan\u00fd z listov, stonky a kore\u0148a a v tradi\u010dnej v\u00fdchodnej medic\u00edne sa ozna\u010duje aj ako &#8222;bylina v\u0161etk\u00fdch byl\u00edn&#8220;.<\/span><\/p>\n<h2><span style=\"color: #000000\">Pre\u010do je brahmi tak\u00e1 v\u00fdnimo\u010dn\u00e1 a tak\u00e1 odli\u0161n\u00e1?<\/span><\/h2>\n<p><span style=\"color: #000000\">Brahmi je zn\u00e1me svojimi blahodarn\u00fdmi \u00fa\u010dinkami na \u013eudsk\u00fd organizmus. Ve\u013emi priaznivo p\u00f4sob\u00ed <strong>na rast vlasov<\/strong>, posil\u0148uje ich a zabra\u0148uje \u0161ediveniu a vypad\u00e1vaniu vlasov. M\u00e1 priazniv\u00fd vplyv na <strong>zni\u017eovanie \u00fazkosti<\/strong> a nap\u00e4tia v stresov\u00fdch situ\u00e1ci\u00e1ch a pri depresii t\u00fdm, \u017ee zni\u017euje hladinu stresov\u00e9ho horm\u00f3nu kortizolu. Pom\u00e1ha obnovi\u0165 du\u0161evn\u00fa rovnov\u00e1hu pri r\u00f4znych ochoreniach nervov\u00e9ho syst\u00e9mu, <strong>nespavosti<\/strong> a in\u00fdch pr\u00edznakoch pred\u010dasn\u00e9ho starnutia t\u00fdm, \u017ee upokojuje a <strong>posil\u0148uje nervov\u00e9 tkanivo<\/strong>, zlep\u0161uje krvn\u00fd obeh, odstra\u0148uje blok\u00e1dy a dod\u00e1va d\u00f4le\u017eit\u00e9 prvky. M\u00e1 tie\u017e upokojuj\u00faci \u00fa\u010dinok na <strong>ko\u017en\u00e9 ochorenia<\/strong> a podr\u00e1\u017eden\u00fa poko\u017eku a umo\u017e\u0148uje r\u00fdchlej\u0161ie hojenie r\u00e1n. Brahmi sa pre svoje pozit\u00edvne \u00fa\u010dinky naz\u00fdva &#8222;<strong>z\u00e1zra\u010dn\u00fd elix\u00edr mladosti<\/strong>&#8222;.<\/span><\/p>\n<h2><span style=\"color: #000000\">Priazniv\u00e9 \u00fa\u010dinky na na\u0161e zdravie a telo:<\/span><\/h2>\n<p><span style=\"color: #000000\">\ud83d\udc9a Posil\u0148uje <strong>imunitn\u00fd<\/strong> syst\u00e9m,<\/span><\/p>\n<p><span style=\"color: #000000\">\ud83d\udc9a ur\u00fdch\u013euje tr\u00e1venie a <strong>detoxikuje<\/strong> organizmus,<\/span><\/p>\n<p><span style=\"color: #000000\">\ud83d\udc9a podporuje <strong>optim\u00e1lnu funkciu mozgu<\/strong> ako mozgov\u00e9 tonikum,<\/span><\/p>\n<p><span style=\"color: #000000\">\ud83d\udc9a \u00fa\u010dinne p\u00f4sob\u00ed ako nervov\u00e9 tonikum, preto\u017ee <strong>podporuje zdrav\u00fa funkciu nervov<\/strong>,<\/span><\/p>\n<p><span style=\"color: #000000\">\ud83d\udc9a <strong>stimuluje ment\u00e1lne funkcie<\/strong> a zlep\u0161uje pam\u00e4\u0165 a koncentr\u00e1ciu,<\/span><\/p>\n<p><span style=\"color: #000000\">\ud83d\udc9a je u\u017eito\u010dn\u00fd pre star\u0161\u00edch \u013eud\u00ed pri <strong>demencii<\/strong>,<\/span><\/p>\n<p><span style=\"color: #000000\">\ud83d\udc9a pom\u00e1ha zlep\u0161ova\u0165 <strong>dlhodob\u00fa a kr\u00e1tkodob\u00fa<\/strong> pam\u00e4\u0165,<\/span><\/p>\n<p><span style=\"color: #000000\">\ud83d\udc9a na lie\u010dbu <strong>Parkinsonovej a Alzheimerovej choroby, ADHD, autizmu a depresie<\/strong>,<\/span><\/p>\n<p><span style=\"color: #000000\">\ud83d\udc9a p\u00f4sob\u00ed proti n\u00e1dorov\u00fdm ochoreniam,<\/span><\/p>\n<p><span style=\"color: #000000\">\ud83d\udc9a upokojuje a zni\u017euje <strong>\u00fazkos\u0165<\/strong>,<\/span><\/p>\n<p><span style=\"color: #000000\">\ud83d\udc9a zmier\u0148uje <strong>men\u0161trua\u010dn\u00e9 k\u0155\u010de<\/strong>,<\/span><\/p>\n<p><span style=\"color: #000000\">\ud83d\udc9a pom\u00e1ha pri z\u00e1pche <strong>sp\u00f4sobenej stresom<\/strong>,<\/span><\/p>\n<p><span style=\"color: #000000\">\ud83d\udc9a pom\u00e1ha pri <strong>nespavosti<\/strong>,<\/span><\/p>\n<p><span style=\"color: #000000\">\ud83d\udc9a omladzuje a spoma\u013euje <strong>starnutie<\/strong>,<\/span><\/p>\n<p><span style=\"color: #000000\">\ud83d\udc9a lie\u010di ko\u017en\u00e9 ochorenia,<\/span><\/p>\n<p><span style=\"color: #000000\">\ud83d\udc9a <strong>pom\u00e1ha prekona\u0165 z\u00e1vislos\u0165<\/strong> od cigariet, cukru a alkoholu.<\/span><\/p>\n<p><span style=\"color: #000000\">Brahmi m\u00f4\u017ee pou\u017e\u00edva\u0165 aj ka\u017ed\u00fd, kto utrpel poranenie mozgu alebo sa zotavuje z mozgovej m\u0155tvice. Nevhodn\u00e9 pre deti.<\/span><\/p>\n<h2><span style=\"color: #000000\">Skladovanie a upozornenia<\/span><\/h2>\n<p><span style=\"color: #000000\">Skladujte na chladnom a suchom mieste. V\u00fd\u017eivov\u00fd doplnok uchov\u00e1vajte mimo dosahu det\u00ed!<\/span><\/p>\n<p><span style=\"color: #000000\">Nezab\u00fadajte na d\u00f4le\u017eitos\u0165 pestrej stravy a zdrav\u00e9ho \u017eivotn\u00e9ho \u0161t\u00fdlu, doplnok stravy preto nenahr\u00e1dza vyv\u00e1\u017een\u00fa a pestr\u00fa stravu. Odpor\u00fa\u010dan\u00e9 denn\u00e9 mno\u017estvo alebo d\u00e1vka by sa nemali prekra\u010dova\u0165. Tehotn\u00fdm \u017een\u00e1m, doj\u010diacim matk\u00e1m a osob\u00e1m u\u017e\u00edvaj\u00facim lieky sa v\u017edy odpor\u00fa\u010da, aby sa pred u\u017e\u00edvan\u00edm poradili s lek\u00e1rom. Nevhodn\u00e9 pre deti.<\/span><\/p>\n<h2><span style=\"color: #000000\">Balenie<\/span><\/h2>\n<p><span style=\"color: #000000\">Nepriepustn\u00e9 vrec\u00fa\u0161ko alebo \u0161katu\u013eka so zipsom, v ktorom si v\u00fdrobok zachov\u00e1va v\u0161etku svoju \u010derstvos\u0165 a ar\u00f3mu. Obal chr\u00e1ni pred svetlom a vzduchom. Sklad\u00e1 sa z nieko\u013ek\u00fdch ochrann\u00fdch vrstiev, aby sa zachovali vlastnosti v\u00fdrobku.<\/span><\/p>\n<p><span style=\"color: #000000\">Obal je ve\u013emi praktick\u00fd a recyklovate\u013en\u00fd.<\/span><\/p>\n<h2><span style=\"color: #000000\">P\u00f4vod<\/span><\/h2>\n<p><span style=\"color: #000000\">India<\/span><\/p>\n<p>&nbsp;<\/p>\n","protected":false},"excerpt":{"rendered":"<p>Brahmi je jednou z najuzn\u00e1vanej\u0161\u00edch ajurv\u00e9dskych lie\u010div\u00fdch byl\u00edn, ktor\u00e1 sa pou\u017e\u00edva u\u017e viac ako 3 000 rokov. Poch\u00e1dza z \u00e1zijsk\u00fdch mo\u010diarov, ale dnes rastie v mnoh\u00fdch \u010dastiach sveta. Brahmi spozn\u00e1te pod\u013ea du\u017einat\u00fdch zelen\u00fdch listov a bielo-modr\u00fdch kvetov. Bylinn\u00fd liek pripraven\u00fd z listov, stonky a kore\u0148a rastliny Brahmi m\u00e1 tieto \u00fa\u017easn\u00e9 \u00fa\u010dinky:<\/p>\n<p>\ud83d\udc9a ur\u00fdch\u013euje tr\u00e1venie a detoxikuje organizmus,<br \/>\n\ud83d\udc9a podporuje optim\u00e1lnu funkciu mozgu ako mozgov\u00e9 tonikum,<br \/>\n\ud83d\udc9a je \u00fa\u010dinn\u00fd ako nervov\u00e9 tonikum, podporuje zdrav\u00fa funkciu nervov,<br \/>\n\ud83d\udc9a stimuluje ment\u00e1lne funkcie a zlep\u0161uje pam\u00e4\u0165 a koncentr\u00e1ciu,<br \/>\n\ud83d\udc9a m\u00e1 priazniv\u00fd vplyv na rast vlasov.<\/p>\n","protected":false},"featured_media":5998,"comment_status":"open","ping_status":"closed","template":"","meta":{"_acf_changed":false},"product_brand":[],"product_cat":[15,194,224,195,225],"product_tag":[],"class_list":{"0":"post-5997","1":"product","2":"type-product","3":"status-publish","4":"has-post-thumbnail","6":"product_cat-uncategorized","7":"product_cat-ajurveda","8":"product_cat-ponuka","9":"product_cat-superpotraviny","10":"product_cat-vsetky-produkty","12":"first","13":"instock","14":"sale","15":"taxable","16":"shipping-taxable","17":"purchasable","18":"product-type-simple"},"acf":[],"_links":{"self":[{"href":"https:\/\/fengchashop.com\/sk\/wp-json\/wp\/v2\/product\/5997","targetHints":{"allow":["GET"]}}],"collection":[{"href":"https:\/\/fengchashop.com\/sk\/wp-json\/wp\/v2\/product"}],"about":[{"href":"https:\/\/fengchashop.com\/sk\/wp-json\/wp\/v2\/types\/product"}],"replies":[{"embeddable":true,"href":"https:\/\/fengchashop.com\/sk\/wp-json\/wp\/v2\/comments?post=5997"}],"wp:featuredmedia":[{"embeddable":true,"href":"https:\/\/fengchashop.com\/sk\/wp-json\/wp\/v2\/media\/5998"}],"wp:attachment":[{"href":"https:\/\/fengchashop.com\/sk\/wp-json\/wp\/v2\/media?parent=5997"}],"wp:term":[{"taxonomy":"product_brand","embeddable":true,"href":"https:\/\/fengchashop.com\/sk\/wp-json\/wp\/v2\/product_brand?post=5997"},{"taxonomy":"product_cat","embeddable":true,"href":"https:\/\/fengchashop.com\/sk\/wp-json\/wp\/v2\/product_cat?post=5997"},{"taxonomy":"product_tag","embeddable":true,"href":"https:\/\/fengchashop.com\/sk\/wp-json\/wp\/v2\/product_tag?post=5997"}],"curies":[{"name":"wp","href":"https:\/\/api.w.org\/{rel}","templated":true}]}}