{"id":5986,"date":"2022-03-04T09:49:00","date_gmt":"2022-03-04T08:49:00","guid":{"rendered":"https:\/\/fengchashop.com\/sk\/product\/schisandra-klanopraska-cinska-prasok-bio-250g\/"},"modified":"2026-04-13T13:06:42","modified_gmt":"2026-04-13T11:06:42","slug":"schisandra-klanopraska-cinska-prasok-bio","status":"publish","type":"product","link":"https:\/\/fengchashop.com\/sk\/product\/schisandra-klanopraska-cinska-prasok-bio\/","title":{"rendered":"Schisandra (Klanopra\u0161ka \u010d\u00ednska) pr\u00e1\u0161ok BIO 250g"},"content":{"rendered":"<h2><span style=\"color: #000000\">Schisandra (Klanopra\u0161ka \u010d\u00ednska) pr\u00e1\u0161ok BIO <\/span><\/h2>\n<p><span style=\"color: #000000\">Schizandra je mal\u00fd strom alebo vini\u010d, ktor\u00fd produkuje drobn\u00e9 \u010derven\u00e9 bobule, ktor\u00e9 s\u00fa v tradi\u010dnej \u010d\u00ednskej medic\u00edne vysoko cenen\u00e9 pre svoje \u00fa\u010dinn\u00e9 l\u00e1tky. Schizandra je zn\u00e1ma pod n\u00e1zvom wu wei zi, \u010do v \u010d\u00edn\u0161tine znamen\u00e1 ovocie piatich chut\u00ed, preto\u017ee mal\u00e9 \u010derven\u00e9 bobule v sebe ukr\u00fdvaj\u00fa sladk\u00fa, kysl\u00fa, slan\u00fa, hork\u00fa a korenist\u00fa chu\u0165. Chute sa zhoduj\u00fa s piatimi z\u00e1kladn\u00fdmi energiami: zemou, drevom, vodou, kovom a oh\u0148om a ovplyv\u0148uj\u00fa p\u00e4\u0165 najd\u00f4le\u017eitej\u0161\u00edch org\u00e1nov \u013eudsk\u00e9ho tela \u2013 srdce, pe\u010de\u0148, p\u013e\u00faca, slezinu a obli\u010dky.<\/span><\/p>\n<p><span style=\"color: #000000\">Schizandra je jednou z 50 tradi\u010dn\u00fdch \u010d\u00ednskych byl\u00edn, ktor\u00e9 sa pou\u017e\u00edvaj\u00fa u\u017e viac ako 2000 rokov, preto\u017ee:<\/span><\/p>\n<p><span style=\"color: #000000\">\ud83d\udc9a sa pova\u017euje za posil\u0148ova\u010d vitality,<\/span><br \/>\n<span style=\"color: #000000\">\ud83d\udc9a zlep\u0161uje a posil\u0148uje imunitn\u00fd syst\u00e9m,<\/span><br \/>\n<span style=\"color: #000000\">\ud83d\udc9a udr\u017euje mladistv\u00fa poko\u017eku,<\/span><br \/>\n<span style=\"color: #000000\">\ud83d\udc9a pom\u00e1ha pri nespavosti, bolestiach hlavy, z\u00e1vratoch,<\/span><br \/>\n<span style=\"color: #000000\">\ud83d\udc9a stimuluje mozgov\u00e9 funkcie,<\/span><br \/>\n<span style=\"color: #000000\">\ud83d\udc9a prekon\u00e1va \u00fanavu a vy\u010derpanie organizmu zo stresu.<\/span><\/p>\n<p><span style=\"color: #000000\">Ako doplnok stravy je najvhodnej\u0161\u00ed na konzum\u00e1ciu v pr\u00e1\u0161kovej forme.<\/span><\/p>\n<h2><span style=\"color: #000000\">Pre\u010do je schizandra \u010doraz zn\u00e1mej\u0161\u00edm a ob\u013e\u00fabenej\u0161\u00edm koren\u00edm?<\/span><\/h2>\n<p><span style=\"color: #000000\">Schizandra obsahuje mno\u017estvo \u00fa\u010dinn\u00fdch l\u00e1tok, ako s\u00fa schizandr\u00edny, \u00e9terick\u00e9 oleje a vitam\u00edny A, C a E, ktor\u00e9 sa podie\u013eaj\u00fa na mnoh\u00fdch procesoch \u013eudsk\u00e9ho organizmu. V\u010faka spomenut\u00fdm zlo\u017ek\u00e1m m\u00e1 tie\u017e preuk\u00e1zan\u00fd protiz\u00e1palov\u00fd, antioxida\u010dn\u00fd a detoxika\u010dn\u00fd \u00fa\u010dinok. V\u010faka svojim pozit\u00edvnym \u00fa\u010dinkom na viacer\u00e9 syst\u00e9my \u013eudsk\u00e9ho tela bol sk\u00faman\u00fd mnoh\u00fdmi v\u00fdskumn\u00edkmi a zistilo sa, \u017ee je prospe\u0161n\u00fd pri nieko\u013ek\u00fdch r\u00f4znych zdravotn\u00fdch probl\u00e9moch. Schizandra funguje ako adaptog\u00e9n \u2013 to znamen\u00e1, \u017ee n\u00e1jde najslab\u0161ie miesto v tele a p\u00f4sob\u00ed na\u0148, aby obnovila rovnov\u00e1hu. P\u00f4sob\u00ed upokojuj\u00faco a u\u013eavuje od bolesti, no z\u00e1rove\u0148 podporuje koncentr\u00e1ciu a bdelos\u0165. 100 dn\u00ed konzum\u00e1cie schizandry zlep\u0161uje krv, zbystruje myse\u013e a pam\u00e4\u0165, zlep\u0161uje sexu\u00e1lnu energiu, posil\u0148uje p\u013e\u00faca a obli\u010dky a skr\u00e1\u0161\u013euje poko\u017eku. Preto\u017ee reguluje \u010dinnos\u0165 nadobli\u010diek a t\u00fdm zni\u017euje negat\u00edvne \u00fa\u010dinky kortizolu. Zv\u00fd\u0161enie hladiny kortizolu, ktor\u00e9 sa naj\u010dastej\u0161ie prejavuje v d\u00f4sledku stresu, m\u00e1 negat\u00edvny vplyv na mnoh\u00e9 procesy v na\u0161om tele \u2013 od tr\u00e1venia a\u017e po imunitn\u00fd syst\u00e9m.<\/span><\/p>\n<h2><span style=\"color: #000000\">Balenie<\/span><\/h2>\n<p><span style=\"color: #000000\">Nepriepustn\u00e9 vrecko na zips, v ktorom si produkt zachov\u00e1 svoju \u010derstvos\u0165 a v\u00f4\u0148u. Obal chr\u00e1ni pred svetlom a vzduchom, preto\u017ee pozost\u00e1va z nieko\u013ek\u00fdch ochrann\u00fdch vrstiev, ktor\u00e9 zachov\u00e1vaj\u00fa vlastnosti obsahu.<\/span><\/p>\n<p><span style=\"color: #000000\">Obal je ve\u013emi praktick\u00fd a recyklovate\u013en\u00fd.<\/span><\/p>\n<h2><span style=\"color: #000000\">Skladovanie a upozornenia<\/span><\/h2>\n<p><span style=\"color: #000000\">Skladujte na chladnom a suchom mieste. V\u00fd\u017eivov\u00fd doplnok by sa mal skladova\u0165 mimo dosahu det\u00ed!<\/span><\/p>\n<p><span style=\"color: #000000\">Nezab\u00fadajte na pestr\u00fa stravu a zdrav\u00fd \u017eivotn\u00fd \u0161t\u00fdl \u2013 doplnok stravy nem\u00f4\u017ee nahradi\u0165 vyv\u00e1\u017een\u00fa a pestr\u00fa stravu. Neprekra\u010dujte odpor\u00fa\u010dan\u00fa denn\u00fa d\u00e1vku. Tehotn\u00fdm a doj\u010diacim \u017een\u00e1m sa v\u017edy odpor\u00fa\u010da konzultova\u0165 u\u017e\u00edvanie pr\u00edpravku s lek\u00e1rom.<\/span><\/p>\n<h2><span style=\"color: #000000\">Krajina p\u00f4vodu<\/span><\/h2>\n<p><span style=\"color: #000000\">\u010c\u00edna. <\/span><\/p>\n<p><span style=\"color: #000000\">M\u00e1me ve\u013emi spo\u013eahliv\u00fdch dod\u00e1vate\u013eov, ktor\u00ed n\u00e1m posielaj\u00fa podrobn\u00fa chemick\u00fa anal\u00fdzu produktu pre ka\u017ed\u00fa \u0161ar\u017eu. Za viac ako 10 rokov sme s t\u00fdmto produktom, ani s in\u00fdm produktom od toho ist\u00e9ho dod\u00e1vate\u013ea, nikdy nemali \u017eiadne stiahnutie produktu \u010di in\u00fd probl\u00e9m. <\/span><\/p>\n<p><span style=\"color: #000000\">Tento produkt je <strong>100%<\/strong> certifikovan\u00fd ako ekologick\u00fd.<\/span><\/p>\n","protected":false},"excerpt":{"rendered":"<p>Schizandra je mal\u00fd strom alebo vini\u010d, ktor\u00fd produkuje drobn\u00e9 \u010derven\u00e9 bobule, ktor\u00e9 s\u00fa v tradi\u010dnej \u010d\u00ednskej medic\u00edne vysoko cenen\u00e9 pre svoje \u00fa\u010dinn\u00e9 l\u00e1tky. Schizandra je zn\u00e1ma pod n\u00e1zvom wu wei zi, \u010do v \u010d\u00edn\u0161tine znamen\u00e1 ovocie piatich chut\u00ed, preto\u017ee mal\u00e9 \u010derven\u00e9 bobule v sebe ukr\u00fdvaj\u00fa sladk\u00fa, kysl\u00fa, slan\u00fa, hork\u00fa a korenist\u00fa chu\u0165. Schizandra je jednou z 50 tradi\u010dn\u00fdch \u010d\u00ednskych byl\u00edn, ktor\u00e9 sa pou\u017e\u00edvaj\u00fa u\u017e viac ako 2000 rokov, preto\u017ee:<\/p>\n<p>\ud83d\udc9a zlep\u0161uje a posil\u0148uje imunitn\u00fd syst\u00e9m,<br \/>\n\ud83d\udc9a udr\u017euje mladistv\u00fa poko\u017eku,<br \/>\n\ud83d\udc9a zvy\u0161uje vitalitu,<br \/>\n\ud83d\udc9a prekon\u00e1va \u00fanavu a vy\u010derpanie organizmu zo stresu.<\/p>\n","protected":false},"featured_media":5987,"comment_status":"open","ping_status":"closed","template":"","meta":{"_acf_changed":false},"product_brand":[],"product_cat":[15,224,195,225],"product_tag":[],"class_list":{"0":"post-5986","1":"product","2":"type-product","3":"status-publish","4":"has-post-thumbnail","6":"product_cat-uncategorized","7":"product_cat-ponuka","8":"product_cat-superpotraviny","9":"product_cat-vsetky-produkty","11":"first","12":"instock","13":"taxable","14":"shipping-taxable","15":"purchasable","16":"product-type-simple"},"acf":[],"_links":{"self":[{"href":"https:\/\/fengchashop.com\/sk\/wp-json\/wp\/v2\/product\/5986","targetHints":{"allow":["GET"]}}],"collection":[{"href":"https:\/\/fengchashop.com\/sk\/wp-json\/wp\/v2\/product"}],"about":[{"href":"https:\/\/fengchashop.com\/sk\/wp-json\/wp\/v2\/types\/product"}],"replies":[{"embeddable":true,"href":"https:\/\/fengchashop.com\/sk\/wp-json\/wp\/v2\/comments?post=5986"}],"wp:featuredmedia":[{"embeddable":true,"href":"https:\/\/fengchashop.com\/sk\/wp-json\/wp\/v2\/media\/5987"}],"wp:attachment":[{"href":"https:\/\/fengchashop.com\/sk\/wp-json\/wp\/v2\/media?parent=5986"}],"wp:term":[{"taxonomy":"product_brand","embeddable":true,"href":"https:\/\/fengchashop.com\/sk\/wp-json\/wp\/v2\/product_brand?post=5986"},{"taxonomy":"product_cat","embeddable":true,"href":"https:\/\/fengchashop.com\/sk\/wp-json\/wp\/v2\/product_cat?post=5986"},{"taxonomy":"product_tag","embeddable":true,"href":"https:\/\/fengchashop.com\/sk\/wp-json\/wp\/v2\/product_tag?post=5986"}],"curies":[{"name":"wp","href":"https:\/\/api.w.org\/{rel}","templated":true}]}}