{"id":5982,"date":"2022-03-04T09:36:13","date_gmt":"2022-03-04T08:36:13","guid":{"rendered":"https:\/\/fengchashop.com\/sk\/product\/macji-krempelj-v-prahu-125-g\/"},"modified":"2026-04-15T11:38:36","modified_gmt":"2026-04-15T09:38:36","slug":"macaci-pazur-prasok","status":"publish","type":"product","link":"https:\/\/fengchashop.com\/sk\/product\/macaci-pazur-prasok\/","title":{"rendered":"Ma\u010dac\u00ed paz\u00far pr\u00e1\u0161ok 125 g"},"content":{"rendered":"<h2><span style=\"color: #000000;\">Ma\u010dac\u00ed paz\u00far pr\u00e1\u0161ok BIO<\/span><\/h2>\n<p><span style=\"color: #000000;\">Amazonsk\u00fd tropick\u00fd horolezec m\u00e1 2 zakriven\u00e9 ostne na spodnej \u010dasti ka\u017ed\u00e9ho listu, odtia\u013e poch\u00e1dza jeho n\u00e1zov ma\u010dac\u00ed paz\u00far.<\/span><br \/>\n<span style=\"color: #000000;\">Ma\u010dac\u00ed paz\u00far je cenen\u00fd najm\u00e4 pre svoje priazniv\u00e9 \u00fa\u010dinky na \u013eudsk\u00fd organizmus:<\/span><br \/>\n<span style=\"color: #000000;\">\ud83d\udc9a posil\u0148uje \u010dinnos\u0165 imunitn\u00e9ho syst\u00e9mu,<\/span><br \/>\n<span style=\"color: #000000;\">\ud83d\udc9a zmier\u0148uje a tlm\u00ed z\u00e1paly,<\/span><br \/>\n<span style=\"color: #000000;\">\ud83d\udc9a zmier\u0148uje boles\u0165 pri infekci\u00e1ch,<\/span><br \/>\n<span style=\"color: #000000;\">\ud83d\udc9a zmier\u0148uje probl\u00e9my s chronick\u00fdmi ochoreniami<\/span><\/p>\n<h2><span style=\"color: #000000;\">Ako funguje ma\u010dac\u00ed paz\u00far?<\/span><\/h2>\n<p><span style=\"color: #000000;\">Ma\u010dac\u00ed paz\u00far je v podstate pova\u017eovan\u00fd za pr\u00edrodn\u00e9 antibiotikum, preto\u017ee \u00faspe\u0161ne bojuje proti v\u0161etk\u00fdm druhom mikr\u00f3bov a predch\u00e1dza infekci\u00e1m a z\u00e1palom. Po\u010detn\u00e9 \u0161t\u00fadie preuk\u00e1zali, \u017ee m\u00e1 viacero priazniv\u00fdch \u00fa\u010dinkov na \u013eudsk\u00fd organizmus, predov\u0161etk\u00fdm stimuluje fungovanie imunitn\u00e9ho syst\u00e9mu v\u010faka obsahu oxynolov\u00fdch alkaloidov, ktor\u00e9 \u00faspe\u0161ne neutralizuj\u00fa \u0161kodliv\u00e9 vo\u013en\u00e9 radik\u00e1ly v tele. Na pam\u00e4\u0165 a regul\u00e1ciu krvn\u00e9ho tlaku m\u00e1 dobr\u00fd vplyv aj mnoho \u010fal\u0161\u00edch alkaloidov z ma\u010dacieho paz\u00fara. Preto\u017ee \u00faspe\u0161ne tlm\u00ed infekcie a z\u00e1paly, priaznivo p\u00f4sob\u00ed aj pri bolestiach pri chronick\u00fdch ochoreniach ako je reuma \u010di artrit\u00edda.<\/span><\/p>\n<h2><span style=\"color: #000000;\">Skladovanie a upozornenia<\/span><\/h2>\n<p><span style=\"color: #000000;\">Skladujte na chladnom a suchom mieste pri teplote do 25 \u00b0C. V\u00fd\u017eivov\u00fd doplnok uchov\u00e1vajte mimo dosahu det\u00ed!<\/span><br \/>\n<span style=\"color: #000000;\">Pam\u00e4tajte na d\u00f4le\u017eitos\u0165 pestrej stravy a zdrav\u00e9ho \u017eivotn\u00e9ho \u0161t\u00fdlu, v\u00fd\u017eivov\u00fd doplnok nie je n\u00e1hradou vyv\u00e1\u017eenej a pestrej stravy. Odpor\u00fa\u010dan\u00e9 denn\u00e9 mno\u017estvo alebo d\u00e1vka by sa nemali prekro\u010di\u0165. Tehotn\u00e9 \u017eeny, doj\u010diace matky a \u013eudia u\u017e\u00edvaj\u00faci lieky by sa mali pred pou\u017eit\u00edm v\u017edy poradi\u0165 s lek\u00e1rom. Nevhodn\u00e9 pre deti.<\/span><\/p>\n<h2><span style=\"color: #000000;\">Balenie<\/span><\/h2>\n<p><span style=\"color: #000000;\">Nepriepustn\u00e9 vrecko so zipsom, v ktorom si produkt zachov\u00e1va svoju \u010derstvos\u0165 a v\u00f4\u0148u. Obal chr\u00e1ni pred svetlom a vzduchom, ke\u010f\u017ee sa sklad\u00e1 z nieko\u013ek\u00fdch ochrann\u00fdch vrstiev, ktor\u00e9 uchov\u00e1vaj\u00fa vlastnosti obsahu vn\u00fatri.<\/span><br \/>\n<span style=\"color: #000000;\">Obal je ve\u013emi praktick\u00fd a recyklovate\u013en\u00fd.<\/span><\/p>\n<h2><span style=\"color: #000000;\">P\u00f4vod<\/span><\/h2>\n<p><span style=\"color: #000000;\">Ju\u017en\u00e1 Amerika<\/span><\/p>\n","protected":false},"excerpt":{"rendered":"<p>Amazonsk\u00fd tropick\u00fd horolezec m\u00e1 2 zakriven\u00e9 ostne na spodnej \u010dasti ka\u017ed\u00e9ho listu, odtia\u013e poch\u00e1dza jeho n\u00e1zov ma\u010dac\u00ed paz\u00far. Ma\u010dac\u00ed paz\u00far je v podstate pova\u017eovan\u00fd za pr\u00edrodn\u00e9 antibiotikum, preto\u017ee \u00faspe\u0161ne bojuje proti v\u0161etk\u00fdm druhom mikr\u00f3bov a predch\u00e1dza infekci\u00e1m a z\u00e1palom. Ma\u010dac\u00ed paz\u00far je cenen\u00fd najm\u00e4 pre svoje priazniv\u00e9 \u00fa\u010dinky na \u013eudsk\u00fd organizmus:<\/p>\n<p>\ud83d\udc9a posil\u0148uje \u010dinnos\u0165 imunitn\u00e9ho syst\u00e9mu,<br \/>\n\ud83d\udc9a zmier\u0148uje a tlm\u00ed z\u00e1paly,<br \/>\n\ud83d\udc9a zmier\u0148uje boles\u0165 pri infekci\u00e1ch,<br \/>\n\ud83d\udc9a zmier\u0148uje probl\u00e9my s chronick\u00fdmi ochoreniami.<\/p>\n","protected":false},"featured_media":5983,"comment_status":"open","ping_status":"closed","template":"","meta":{"_acf_changed":false},"product_brand":[],"product_cat":[15,224,195,225],"product_tag":[],"class_list":{"0":"post-5982","1":"product","2":"type-product","3":"status-publish","4":"has-post-thumbnail","6":"product_cat-uncategorized","7":"product_cat-ponuka","8":"product_cat-superpotraviny","9":"product_cat-vsetky-produkty","11":"first","12":"instock","13":"sale","14":"taxable","15":"shipping-taxable","16":"purchasable","17":"product-type-simple"},"acf":[],"_links":{"self":[{"href":"https:\/\/fengchashop.com\/sk\/wp-json\/wp\/v2\/product\/5982","targetHints":{"allow":["GET"]}}],"collection":[{"href":"https:\/\/fengchashop.com\/sk\/wp-json\/wp\/v2\/product"}],"about":[{"href":"https:\/\/fengchashop.com\/sk\/wp-json\/wp\/v2\/types\/product"}],"replies":[{"embeddable":true,"href":"https:\/\/fengchashop.com\/sk\/wp-json\/wp\/v2\/comments?post=5982"}],"wp:featuredmedia":[{"embeddable":true,"href":"https:\/\/fengchashop.com\/sk\/wp-json\/wp\/v2\/media\/5983"}],"wp:attachment":[{"href":"https:\/\/fengchashop.com\/sk\/wp-json\/wp\/v2\/media?parent=5982"}],"wp:term":[{"taxonomy":"product_brand","embeddable":true,"href":"https:\/\/fengchashop.com\/sk\/wp-json\/wp\/v2\/product_brand?post=5982"},{"taxonomy":"product_cat","embeddable":true,"href":"https:\/\/fengchashop.com\/sk\/wp-json\/wp\/v2\/product_cat?post=5982"},{"taxonomy":"product_tag","embeddable":true,"href":"https:\/\/fengchashop.com\/sk\/wp-json\/wp\/v2\/product_tag?post=5982"}],"curies":[{"name":"wp","href":"https:\/\/api.w.org\/{rel}","templated":true}]}}