{"id":5974,"date":"2022-03-04T08:26:18","date_gmt":"2022-03-04T07:26:18","guid":{"rendered":"https:\/\/fengchashop.com\/sk\/product\/triphala-v-kapsulach-bio-120-kapsul\/"},"modified":"2026-04-18T01:52:37","modified_gmt":"2026-04-17T23:52:37","slug":"triphala-v-kapsulach-bio","status":"publish","type":"product","link":"https:\/\/fengchashop.com\/sk\/product\/triphala-v-kapsulach-bio\/","title":{"rendered":"Triphala v kapsul\u00e1ch BIO 120 kaps\u00fal"},"content":{"rendered":"<h2>Triphala v kapsul\u00e1ch BIO<\/h2>\n<p><span style=\"color: #000000\">Triphala je starobyl\u00e1 a ve\u013emi uzn\u00e1van\u00e1 bylinn\u00e1 zmes troch druhov super ovocia z Indie: amalaki (Emblica officinalis), zn\u00e1ma aj ako amla, bibhitaki (Terminalia belerica) a haritaki (Terminalia chebula). Viac ako 5000 rokov sa pou\u017e\u00edva najm\u00e4 na \u010distenie a detoxik\u00e1ciu cel\u00e9ho organizmu.<\/span><\/p>\n<p><span style=\"color: #000000\">Triphala m\u00e1 blahod\u00e1rny vplyv na tr\u00e1viaci syst\u00e9m, zlep\u0161uje tr\u00e1venie a podporuje vstreb\u00e1vanie vitam\u00ednov a miner\u00e1lov.<\/span><\/p>\n<p><span style=\"color: #000000\">Je d\u00f4le\u017eit\u00e9 siahnu\u0165 po v\u00fdrobkoch z byl\u00edn ekologick\u00e9ho pestovania, preto\u017ee iba takto m\u00f4\u017eeme kontrolova\u0165 a predch\u00e1dza\u0165 pr\u00edjmu pestic\u00eddov a \u0165a\u017ek\u00fdch kovov do tela.<\/span><\/p>\n<p><span style=\"color: #000000\">Na\u0161a Triphala je <strong>vysokej kvality<\/strong> a poch\u00e1dza <strong>z ekologick\u00e9ho pestovania<\/strong>.<\/span><\/p>\n<p><span style=\"color: #000000\">Triphala je z\u00e1kladom \u00e1jurv\u00e9dickej medic\u00edny, preto\u017ee m\u00e1 mnoho \u00fa\u010dinn\u00fdch lie\u010div\u00fdch vlastnost\u00ed:<\/span><\/p>\n<p><span style=\"color: #000000\">\ud83d\udc9a blahod\u00e1rne p\u00f4sob\u00ed na tr\u00e1viaci syst\u00e9m a funguje ako mierny proj\u00edm, ktor\u00fd neza\u0165a\u017euje \u010drevn\u00fa sliznicu,<\/span><br \/>\n<span style=\"color: #000000\">\ud83d\udc9a pom\u00e1ha pri nad\u00favan\u00ed, vetran\u00ed a hemoroidoch,<\/span><br \/>\n<span style=\"color: #000000\">\ud83d\udc9a odstra\u0148uje nadbyto\u010dn\u00fd tuk z organizmu,<\/span><br \/>\n<span style=\"color: #000000\">\ud83d\udc9a pozit\u00edvne ovplyv\u0148uje \u010dinnos\u0165 pe\u010dene,<\/span><br \/>\n<span style=\"color: #000000\">\ud83d\udc9a vysok\u00fd obsah vitam\u00ednu C \u00fa\u010dinne posil\u0148uje imunitn\u00fd syst\u00e9m,<\/span><br \/>\n<span style=\"color: #000000\">\ud83d\udc9a podporuje a posil\u0148uje d\u00fdchacie cesty a u\u013eah\u010duje vyka\u0161liavanie pri slizovom ka\u0161li,<\/span><br \/>\n<span style=\"color: #000000\">\ud83d\udc9a m\u00e1 preuk\u00e1zan\u00e9 protiz\u00e1palov\u00e9 a antiv\u00edrusov\u00e9 vlastnosti,<\/span><br \/>\n<span style=\"color: #000000\">\ud83d\udc9aomladzuje telo.<\/span><\/p>\n<p><span style=\"color: #000000\">Pre praktick\u00e9 u\u017e\u00edvanie sme Triphalu tie\u017e zabali do kaps\u00fal, ktor\u00e9 s\u00fa rastlinn\u00e9ho p\u00f4vodu.<\/span><\/p>\n<h2><span style=\"color: #000000\">Vedeli ste, \u017ee Triphala sa star\u00e1 o vn\u00fatorn\u00e9 org\u00e1ny tak, ako sa matka star\u00e1 o svoje deti?<\/span><\/h2>\n<p><span style=\"color: #000000\">Zmes Triphala je mimoriadne v\u00fd\u017eivn\u00e1, jemn\u00e1, s vysok\u00fdm obsahom vitam\u00ednu C, bioflavonoidov a omega-3 mastn\u00fdch kysel\u00edn. Je vynikaj\u00facim zdrojom bielkov\u00edn, olejov a antioxidantov, \u010do spolu s jej schopnos\u0165ou antimikrobi\u00e1lneho a antibakteri\u00e1lneho p\u00f4sobenia zvy\u0161uje odolnos\u0165 tela. M\u00e1 dobr\u00fd laxat\u00edvny \u00fa\u010dinok, preto je vhodn\u00e1 na \u010distenie \u010driev a \u010drevn\u00fdch stien a pom\u00e1ha pri redukcii nadbyto\u010dnej telesnej hmotnosti. \u00da\u010dinne detoxikuje.<\/span><\/p>\n<p><span style=\"color: #000000\">V\u0161etky tri druhy ovocia v spolo\u010dnej formule Triphala v\u00fd\u017eivne, posil\u0148uj\u00fa, \u010distia, obnovuj\u00fa hlboko a omladzuj\u00fa cel\u00fd organizmus. Pravideln\u00e9 u\u017e\u00edvanie Triphaly zni\u017euje \u00fanavu a vy\u010derpanie organizmu a je v\u00fdbornou podporou imunitn\u00e9mu syst\u00e9mu. Pod\u013ea \u00e1jurv\u00e9dskeho dedi\u010dstva je Triphala jednou z m\u00e1la zmes\u00ed, ktor\u00e1 pozit\u00edvne ovplyv\u0148uje v\u0161etky tri doshy. Preto je bezpe\u010dn\u00e1 na u\u017e\u00edvanie pre ka\u017ed\u00e9ho.<\/span><\/p>\n<h2><span style=\"color: #000000\">Ukladanie a upozornenia<\/span><\/h2>\n<p><span style=\"color: #000000\">Uchov\u00e1vajte na suchom a chladnom mieste. Doplnok stravy by mal by\u0165 nedostupn\u00fd de\u0165om!<\/span><\/p>\n<p><span style=\"color: #000000\">Nezabudnite na d\u00f4le\u017eitos\u0165 pestr\u00e9ho jed\u00e1lni\u010dka a zdrav\u00e9ho \u017eivotn\u00e9ho \u0161t\u00fdlu, preto\u017ee doplnok stravy nie je n\u00e1hradou za vyv\u00e1\u017een\u00fa a rozmanit\u00fa stravu. Odpor\u00fa\u010dan\u00e9 denn\u00e9 d\u00e1vky alebo d\u00e1vky nesm\u00fa by\u0165 prekro\u010den\u00e9. Tehotn\u00fdm \u017een\u00e1m, doj\u010diacim matk\u00e1m a osob\u00e1m u\u017e\u00edvaj\u00facim lieky v\u017edy odpor\u00fa\u010dame konzultova\u0165 s lek\u00e1rom pred pou\u017eit\u00edm. Nie je vhodn\u00e9 pre deti.<\/span><\/p>\n<h2><span style=\"color: #000000\">Balenie<\/span><\/h2>\n<p><span style=\"color: #000000\">Produkt je balen\u00fd v nepriepustnom vrecku so zipsom, kde si udr\u017euje svie\u017eos\u0165 a ar\u00f3mu. Obal chr\u00e1ni pred svetlom a vzduchom, preto\u017ee je zlo\u017een\u00fd z viacer\u00fdch vrstiev ochrany, ktor\u00e9 zachov\u00e1vaj\u00fa vlastnosti obsahu.<\/span><\/p>\n<h2><span style=\"color: #000000\">P\u00f4vod<\/span><\/h2>\n<p><span style=\"color: #000000\">India<\/span><\/p>\n","protected":false},"excerpt":{"rendered":"<p>Triphala je starobyl\u00e1, vysoko uzn\u00e1van\u00e1 ajurv\u00e9dska bylinn\u00e1 zmes troch superplodov z regi\u00f3nu Indie: amalaki, bibhitaki a haritaki. Pou\u017e\u00edva sa u\u017e viac ako 5000 rokov, a to najm\u00e4 na o\u010distu a detoxik\u00e1ciu cel\u00e9ho tela. Triphala je z\u00e1kladom ajurv\u00e9dskej medic\u00edny, preto\u017ee m\u00e1 mnoho efekt\u00edvnych lie\u010div\u00fdch vlastnost\u00ed:<\/p>\n<p align=\"JUSTIFY\">\ud83d\udc9a m\u00e1 priazniv\u00fd \u00fa\u010dinok na tr\u00e1viaci syst\u00e9m,<br \/>\n\ud83d\udc9a odstra\u0148uje z tela nadbyto\u010dn\u00fd tuk,<br \/>\n\ud83d\udc9a s vysok\u00fdm obsahom vitam\u00ednu C \u00fa\u010dinne posil\u0148uje imunitn\u00fd syst\u00e9m,<br \/>\n\ud83d\udc9a vy\u017eivuje a posil\u0148uje d\u00fdchacie cesty,<br \/>\n\ud83d\udc9a omladzuje telo.<\/p>\n","protected":false},"featured_media":5975,"comment_status":"open","ping_status":"closed","template":"","meta":{"_acf_changed":false},"product_brand":[],"product_cat":[15,194,224,195,225],"product_tag":[],"class_list":{"0":"post-5974","1":"product","2":"type-product","3":"status-publish","4":"has-post-thumbnail","6":"product_cat-uncategorized","7":"product_cat-ajurveda","8":"product_cat-ponuka","9":"product_cat-superpotraviny","10":"product_cat-vsetky-produkty","12":"first","13":"instock","14":"taxable","15":"shipping-taxable","16":"purchasable","17":"product-type-simple"},"acf":[],"_links":{"self":[{"href":"https:\/\/fengchashop.com\/sk\/wp-json\/wp\/v2\/product\/5974","targetHints":{"allow":["GET"]}}],"collection":[{"href":"https:\/\/fengchashop.com\/sk\/wp-json\/wp\/v2\/product"}],"about":[{"href":"https:\/\/fengchashop.com\/sk\/wp-json\/wp\/v2\/types\/product"}],"replies":[{"embeddable":true,"href":"https:\/\/fengchashop.com\/sk\/wp-json\/wp\/v2\/comments?post=5974"}],"wp:featuredmedia":[{"embeddable":true,"href":"https:\/\/fengchashop.com\/sk\/wp-json\/wp\/v2\/media\/5975"}],"wp:attachment":[{"href":"https:\/\/fengchashop.com\/sk\/wp-json\/wp\/v2\/media?parent=5974"}],"wp:term":[{"taxonomy":"product_brand","embeddable":true,"href":"https:\/\/fengchashop.com\/sk\/wp-json\/wp\/v2\/product_brand?post=5974"},{"taxonomy":"product_cat","embeddable":true,"href":"https:\/\/fengchashop.com\/sk\/wp-json\/wp\/v2\/product_cat?post=5974"},{"taxonomy":"product_tag","embeddable":true,"href":"https:\/\/fengchashop.com\/sk\/wp-json\/wp\/v2\/product_tag?post=5974"}],"curies":[{"name":"wp","href":"https:\/\/api.w.org\/{rel}","templated":true}]}}