{"id":5968,"date":"2022-03-03T22:27:36","date_gmt":"2022-03-03T21:27:36","guid":{"rendered":"https:\/\/fengchashop.com\/sk\/product\/jacmenna-trava-prasok-bio-250-g\/"},"modified":"2026-04-18T09:51:05","modified_gmt":"2026-04-18T07:51:05","slug":"jacmenna-trava-prasok-bio","status":"publish","type":"product","link":"https:\/\/fengchashop.com\/sk\/product\/jacmenna-trava-prasok-bio\/","title":{"rendered":"Ja\u010dmenn\u00e1 tr\u00e1va pr\u00e1\u0161ok BIO 250 g"},"content":{"rendered":"<h2><span style=\"color: #000000\">Ja\u010dmenn\u00e1 tr\u00e1va pr\u00e1\u0161ok BIO<\/span><\/h2>\n<p><span style=\"color: #000000\">U\u017e mocn\u00e9 civiliz\u00e1cie Egyp\u0165anov, Rimanov a Vikingov poznali v\u00fdhody ja\u010dmennej tr\u00e1vy. Poch\u00e1dza z eur\u00f3pskeho priestoru a \u013eudsk\u00fd organizmus ho \u013eahko metabolizuje a vyu\u017e\u00edva mikro\u017eiviny pre v\u0161etky svoje potreby. Ve\u013emi r\u00fdchlo sa tr\u00e1vi a \u017eiviny sa po po\u017eit\u00ed ve\u013emi r\u00fdchlo vstreb\u00e1vaj\u00fa. Obsahuje tie\u017e ve\u013ea fytochemik\u00e1li\u00ed, ktor\u00e9 chr\u00e1nia na\u0161e telo pred zne\u010disten\u00edm a \u017eiaren\u00edm.<\/span><\/p>\n<p><span style=\"color: #000000\">Na\u0161a ja\u010dmenn\u00e1 tr\u00e1va je pestovan\u00e1 ekologicky.<\/span><\/p>\n<h2><span style=\"color: #000000\">Ak\u00e9 s\u00fa \u00fa\u010dinky u\u017e\u00edvania ja\u010dmennej tr\u00e1vy?<\/span><\/h2>\n<p><span style=\"color: #000000\">Ja\u010dmenn\u00e1 tr\u00e1va obsahuje ve\u013ea \u00fa\u010dinn\u00fdch l\u00e1tok, preto priaznivo p\u00f4sob\u00ed na:<\/span><\/p>\n<p><span style=\"color: #000000\">\ud83d\udc9a\u010distenie a detoxik\u00e1cia \u013eudsk\u00e9ho organizmu,<\/span><br \/>\n<span style=\"color: #000000\">\ud83d\udc9a zlep\u0161enie stavu poko\u017eky,<\/span><br \/>\n<span style=\"color: #000000\">\ud83d\udc9a chudnutie,<\/span><br \/>\n<span style=\"color: #000000\">\ud83d\udc9a zn\u00ed\u017eenie \u00fanavy,<\/span><br \/>\n<span style=\"color: #000000\">\ud83d\udc9a zlep\u0161enie a regul\u00e1cia tr\u00e1venia,<\/span><br \/>\n<span style=\"color: #000000\">\ud83d\udc9a zn\u00ed\u017eenie z\u00e1palu<\/span><br \/>\n<span style=\"color: #000000\">\ud83d\udc9a zlep\u0161enie probl\u00e9mov s an\u00e9miou,<\/span><br \/>\n<span style=\"color: #000000\">\ud83d\udc9aregul\u00e1cia v\u00e1pnika v krvi a rozp\u00fa\u0161\u0165anie v\u00e1penat\u00fdch usaden\u00edn v kostiach.<\/span><\/p>\n<p><span style=\"color: #000000\">Ja\u010dmenn\u00e1 tr\u00e1va je pokladnicou vitam\u00ednov, miner\u00e1lov a \u010fal\u0161\u00edch d\u00f4le\u017eit\u00fdch \u017eiv\u00edn. Na organizmus p\u00f4sob\u00ed silne z\u00e1sadito, \u010do prin\u00e1\u0161a v\u0161eobecn\u00fa pohodu. Pravideln\u00e1 konzum\u00e1cia m\u00f4\u017ee zn\u00ed\u017ei\u0165 hladinu cholesterolu a vo\u013en\u00fdch radik\u00e1lov v krvi.<\/span><\/p>\n<p><span style=\"color: #000000\">Ja\u010dmenn\u00e1 tr\u00e1va je mimoriadne bohat\u00e1 na chlorofyl, ktor\u00fd je pre rastliny rovnako d\u00f4le\u017eit\u00fd ako krv pre zvierat\u00e1. M\u00e1 tie\u017e podobn\u00fa molekul\u00e1rnu \u0161trukt\u00faru ako hemoglob\u00edn, tak\u017ee obnovuje a \u010dist\u00ed krv, ako aj telo celkovo. Obsahuje 11x viac v\u00e1pnika a 30x viac vitam\u00ednu B1 ako kravsk\u00e9 mlieko, 5x viac \u017eeleza a 7x viac karot\u00e9nu ako \u0161pen\u00e1t a 7x viac vitam\u00ednu C ako pomaran\u010de. Obsahuje tie\u017e 80 mikrogramov vitam\u00ednu B12, ktor\u00fd ch\u00fdba \u010doraz viac \u013eu\u010fom.<\/span><\/p>\n<p><span style=\"color: #000000\">Okrem vitam\u00ednov a mnoh\u00fdch miner\u00e1lov obsahuje ja\u010dmenn\u00e1 tr\u00e1va aj esenci\u00e1lne aminokyseliny, ktor\u00e9 s\u00fa z\u00e1kladn\u00fdm stavebn\u00fdm kame\u0148om bielkov\u00edn. Obsahuje tie\u017e polysacharid \u00df-gluk\u00e1n, ktor\u00fd zni\u017euje hladinu zl\u00e9ho cholesterolu a posil\u0148uje obrann\u00fd mechanizmus imunitn\u00e9ho syst\u00e9mu. P\u00f4sob\u00ed ako antioxidant a \u00faspe\u0161ne bojuje proti nebezpe\u010dn\u00fdm vo\u013en\u00fdm radik\u00e1lom v tele. K vyu\u017eitiu v\u0161etk\u00fdch \u017eiv\u00edn prispievaj\u00fa aj enz\u00fdmy z ja\u010dmennej tr\u00e1vy, preto je mimoriadne d\u00f4le\u017eit\u00e9, aby sa pr\u00e1\u0161ok z ja\u010dmennej tr\u00e1vy nesu\u0161il nad teplotu 40\u00b0C.<\/span><\/p>\n<h2><span style=\"color: #000000\">Balenie<\/span><\/h2>\n<p><span style=\"color: #000000\">Nepriepustn\u00e9 vrecko na zips, v ktorom si produkt zachov\u00e1 svoju \u010derstvos\u0165 a v\u00f4\u0148u. Obal chr\u00e1ni pred svetlom a vzduchom, preto\u017ee pozost\u00e1va z nieko\u013ek\u00fdch ochrann\u00fdch vrstiev, ktor\u00e9 zachov\u00e1vaj\u00fa vlastnosti obsahu.<\/span><\/p>\n<p><span style=\"color: #000000\">Obal je ve\u013emi praktick\u00fd a recyklovate\u013en\u00fd.<\/span><\/p>\n<h2><span style=\"color: #000000\">Skladovanie a upozornenia<\/span><\/h2>\n<p><span style=\"color: #000000\">Skladujte na chladnom a suchom mieste. V\u00fd\u017eivov\u00fd doplnok by sa mal skladova\u0165 mimo dosahu det\u00ed!<\/span><\/p>\n<p><span style=\"color: #000000\">Nezab\u00fadajte na pestr\u00fa stravu a zdrav\u00fd \u017eivotn\u00fd \u0161t\u00fdl \u2013 doplnok stravy nem\u00f4\u017ee nahradi\u0165 vyv\u00e1\u017een\u00fa a pestr\u00fa stravu. Neprekra\u010dujte odpor\u00fa\u010dan\u00fa denn\u00fa d\u00e1vku. Tehotn\u00fdm a doj\u010diacim \u017een\u00e1m sa v\u017edy odpor\u00fa\u010da konzultova\u0165 u\u017e\u00edvanie pr\u00edpravku s lek\u00e1rom.<\/span><\/p>\n<h2><span style=\"color: #000000\">Krajina p\u00f4vodu<\/span><\/h2>\n<p><span style=\"color: #000000\">E\u00da (Nemecko alebo Holandsko)<\/span><\/p>\n","protected":false},"excerpt":{"rendered":"<p>U\u017e mocn\u00e9 civiliz\u00e1cie Egyp\u0165anov, Rimanov a Vikingov poznali v\u00fdhody ja\u010dmennej tr\u00e1vy. Poch\u00e1dza z eur\u00f3pskeho priestoru a \u013eudsk\u00fd organizmus ho \u013eahko metabolizuje a vyu\u017e\u00edva mikro\u017eiviny pre v\u0161etky svoje potreby. Ve\u013emi r\u00fdchlo sa tr\u00e1vi a \u017eiviny sa po po\u017eit\u00ed ve\u013emi r\u00fdchlo vstreb\u00e1vaj\u00fa. Obsahuje tie\u017e ve\u013ea fytochemik\u00e1li\u00ed, ktor\u00e9 chr\u00e1nia na\u0161e telo pred zne\u010disten\u00edm a \u017eiaren\u00edm.<\/p>\n<p>\ud83d\udc9a \u010cist\u00ed a detoxikuje.<br \/>\n\ud83d\udc9a Zlep\u0161uje probl\u00e9my s an\u00e9miou.<br \/>\n\ud83d\udc9a Pom\u00e1ha pri chudnut\u00ed.<br \/>\n\ud83d\udc9a Je bohat\u00fdm zdrojom chlorofylu.<\/p>\n","protected":false},"featured_media":5969,"comment_status":"open","ping_status":"closed","template":"","meta":{"_acf_changed":false},"product_brand":[],"product_cat":[15,224,222,195,225],"product_tag":[],"class_list":{"0":"post-5968","1":"product","2":"type-product","3":"status-publish","4":"has-post-thumbnail","6":"product_cat-uncategorized","7":"product_cat-ponuka","8":"product_cat-riasy-a-travy","9":"product_cat-superpotraviny","10":"product_cat-vsetky-produkty","12":"first","13":"instock","14":"sale","15":"taxable","16":"shipping-taxable","17":"purchasable","18":"product-type-simple"},"acf":[],"_links":{"self":[{"href":"https:\/\/fengchashop.com\/sk\/wp-json\/wp\/v2\/product\/5968","targetHints":{"allow":["GET"]}}],"collection":[{"href":"https:\/\/fengchashop.com\/sk\/wp-json\/wp\/v2\/product"}],"about":[{"href":"https:\/\/fengchashop.com\/sk\/wp-json\/wp\/v2\/types\/product"}],"replies":[{"embeddable":true,"href":"https:\/\/fengchashop.com\/sk\/wp-json\/wp\/v2\/comments?post=5968"}],"wp:featuredmedia":[{"embeddable":true,"href":"https:\/\/fengchashop.com\/sk\/wp-json\/wp\/v2\/media\/5969"}],"wp:attachment":[{"href":"https:\/\/fengchashop.com\/sk\/wp-json\/wp\/v2\/media?parent=5968"}],"wp:term":[{"taxonomy":"product_brand","embeddable":true,"href":"https:\/\/fengchashop.com\/sk\/wp-json\/wp\/v2\/product_brand?post=5968"},{"taxonomy":"product_cat","embeddable":true,"href":"https:\/\/fengchashop.com\/sk\/wp-json\/wp\/v2\/product_cat?post=5968"},{"taxonomy":"product_tag","embeddable":true,"href":"https:\/\/fengchashop.com\/sk\/wp-json\/wp\/v2\/product_tag?post=5968"}],"curies":[{"name":"wp","href":"https:\/\/api.w.org\/{rel}","templated":true}]}}