{"id":5962,"date":"2022-03-03T21:49:08","date_gmt":"2022-03-03T20:49:08","guid":{"rendered":"https:\/\/fengchashop.com\/sk\/product\/psenicna-trava-prasok-bio-250-g\/"},"modified":"2026-04-18T00:21:07","modified_gmt":"2026-04-17T22:21:07","slug":"psenicna-trava-prasok-bio","status":"publish","type":"product","link":"https:\/\/fengchashop.com\/sk\/product\/psenicna-trava-prasok-bio\/","title":{"rendered":"P\u0161eni\u010dn\u00e1 tr\u00e1va pr\u00e1\u0161ok BIO 250 g"},"content":{"rendered":"<h2><span style=\"color: #000000\">P\u0161eni\u010dn\u00e1 tr\u00e1va pr\u00e1\u0161ok BIO<\/span><\/h2>\n<p><span style=\"color: #000000\">P\u0161eni\u010dn\u00e1 tr\u00e1va s\u00fa vlastne mlad\u00e9 p\u0161eni\u010dn\u00e9 kl\u00ed\u010dky. Ako tak\u00fd neobsahuje lepok, ak\u00fd sa nach\u00e1dza v p\u0161eni\u010dnom klase \u2013 presnej\u0161ie v p\u0161eni\u010dnom zrne. Vykl\u00ed\u010den\u00e1 tr\u00e1va sa zvy\u010dajne zbiera o nie\u010do viac ako t\u00fd\u017ede\u0148 po vykl\u00ed\u010den\u00ed a vyr\u00e1ba sa z nej \u0161\u0165ava. Pr\u00e1\u0161ok z p\u0161eni\u010dnej tr\u00e1vy sa pou\u017e\u00edva ove\u013ea jednoduch\u0161ie. Je vhodn\u00fd na detoxik\u00e1ciu a pre\u010distenie. Obsahuje ve\u013ea vitam\u00ednov, miner\u00e1lov, aminokysel\u00edn, enz\u00fdmov, chlorofylu, vl\u00e1kniny, bielkov\u00edn a fytonutrientov.<\/span><\/p>\n<p><span style=\"color: #000000\">Z Bl\u00edzkeho v\u00fdchodu sa p\u0161enica v minulosti za kr\u00e1tky \u010das roz\u0161\u00edrila do cel\u00e9ho sveta a p\u0161enica sa uk\u00e1zala ako \u00fa\u010dinn\u00e1 o\u010distn\u00e1 a detoxika\u010dn\u00e1 k\u00fara pre \u013eudsk\u00fd organizmus. Pr\u00e1ve preto je mimoriadne ob\u013e\u00faben\u00fd ako zdrav\u00e1 potravina.<\/span><\/p>\n<p><span style=\"color: #000000\">Na\u0161a p\u0161eni\u010dn\u00e1 tr\u00e1va je pestovan\u00e1 ekologicky.<\/span><\/p>\n<h2><span style=\"color: #000000\">Ak\u00e9 s\u00fa \u00fa\u010dinky u\u017e\u00edvania p\u0161eni\u010dnej tr\u00e1vy?<\/span><\/h2>\n<p><span style=\"color: #000000\">P\u0161eni\u010dn\u00e1 tr\u00e1va obsahuje ve\u013ea \u017eiv\u00edn a \u00fa\u010dinn\u00fdch l\u00e1tok, preto:<\/span><\/p>\n<p><span style=\"color: #000000\">\ud83d\udc9a \u010dist\u00ed a zlep\u0161uje zlo\u017eenie krvi,<\/span><br \/>\n<span style=\"color: #000000\">\ud83d\udc9a star\u00e1 sa o zdrav\u00e9 hrub\u00e9 \u010drevo a detoxikuje pe\u010de\u0148,<\/span><br \/>\n<span style=\"color: #000000\">\ud83d\udc9a podporuje spr\u00e1vnu \u010dinnos\u0165 srdca,<\/span><br \/>\n<span style=\"color: #000000\">\ud83d\udc9a stimuluje \u0161t\u00edtnu \u017e\u013eazu,<\/span><br \/>\n<span style=\"color: #000000\">\ud83d\udc9a ve\u013ea antioxidantov bojuje proti vo\u013en\u00fdm radik\u00e1lom a predch\u00e1dza chorob\u00e1m a pred\u010dasn\u00e9mu starnutiu,<\/span><br \/>\n<span style=\"color: #000000\">\ud83d\udc9a je jedn\u00fdm z najbohat\u0161\u00edch zdrojov chlorofylu, ktor\u00fd podporuje hojenie tkan\u00edv a tie\u017e via\u017ee tox\u00edny a zabra\u0148uje ich vstreb\u00e1vaniu,<\/span><br \/>\n<span style=\"color: #000000\">\ud83d\udc9achlorofyl zmier\u0148uje z\u00e1paly v \u00fastnej dutine a \u010dist\u00ed a vy\u017eivuje poko\u017eku,<\/span><br \/>\n<span style=\"color: #000000\">\ud83d\udc9a v\u010faka obsahu vitam\u00ednov skupiny B zmier\u0148uje stres,<\/span><br \/>\n<span style=\"color: #000000\">\ud83d\udc9achlorofyl chr\u00e1ni aj pred \u017eiaren\u00edm z elektronick\u00fdch zariaden\u00ed<\/span><br \/>\n<span style=\"color: #000000\">\ud83d\udc9a obsahuje v\u0161etky aminokyseliny potrebn\u00e9 pre \u013eudsk\u00fd organizmus.<\/span><\/p>\n<p><span style=\"color: #000000\">P\u0161eni\u010dn\u00e1 tr\u00e1va obsahuje ve\u013ek\u00e9 mno\u017estvo chlorofylu, ktor\u00fd m\u00e1 pre\u010dis\u0165uj\u00faci a detoxika\u010dn\u00fd \u00fa\u010dinok na \u013eudsk\u00fd organizmus. M\u00e1 takmer z\u00e1zra\u010dn\u00e9 vlastnosti na regener\u00e1ciu organizmu. Okrem toho obsahuje mno\u017estvo \u017eiv\u00edn, vitam\u00edny (C, E, A, B1, B2, B3, B6, K), miner\u00e1ly (\u017eelezo, drasl\u00edk, v\u00e1pnik, zinok, sel\u00e9n, fosfor, b\u00f3r, chlorid, chr\u00f3m, kobalt, me\u010f , j\u00f3d, \u017eelezo, hor\u010d\u00edk, mang\u00e1n, nikel), enz\u00fdmy, aminokyseliny, fytochemik\u00e1lie a kyselina linolov\u00e1 a linol\u00e9nov\u00e1. P\u0161eni\u010dn\u00e1 tr\u00e1va posil\u0148uje imunitn\u00fd syst\u00e9m, inhibuje vo\u013en\u00e9 radik\u00e1ly, stimuluje produkciu rastov\u00e9ho horm\u00f3nu, a t\u00fdm pom\u00e1ha pri regener\u00e1cii tkan\u00edv. Tie\u017e reguluje hladinu cholesterolu v krvi a zabra\u0148uje z\u00e1palom a infekci\u00e1m. Nan\u00e1\u0161an\u00edm na ple\u0165 zmiernite probl\u00e9my s problematickou ple\u0165ou, akn\u00e9 a ekz\u00e9mami, ke\u010f\u017ee p\u00f4sob\u00ed antimikrobi\u00e1lne a r\u00fdchlej\u0161ie hoj\u00ed rany. Pom\u00e1ha aj pri svrben\u00ed a bodnut\u00ed hmyzom.<\/span><\/p>\n<h2><span style=\"color: #000000\">Balenie<\/span><\/h2>\n<p><span style=\"color: #000000\">Nepriepustn\u00e9 vrecko na zips, v ktorom si produkt zachov\u00e1 svoju \u010derstvos\u0165 a v\u00f4\u0148u. Obal chr\u00e1ni pred svetlom a vzduchom, preto\u017ee pozost\u00e1va z nieko\u013ek\u00fdch ochrann\u00fdch vrstiev, ktor\u00e9 zachov\u00e1vaj\u00fa vlastnosti obsahu.<\/span><\/p>\n<p><span style=\"color: #000000\">Obal je ve\u013emi praktick\u00fd a recyklovate\u013en\u00fd.<\/span><\/p>\n<h2><span style=\"color: #000000\">Skladovanie a upozornenia<\/span><\/h2>\n<p><span style=\"color: #000000\">Skladujte na chladnom a suchom mieste. V\u00fd\u017eivov\u00fd doplnok by sa mal skladova\u0165 mimo dosahu det\u00ed!<\/span><\/p>\n<p><span style=\"color: #000000\">Nezab\u00fadajte na pestr\u00fa stravu a zdrav\u00fd \u017eivotn\u00fd \u0161t\u00fdl \u2013 doplnok stravy nem\u00f4\u017ee nahradi\u0165 vyv\u00e1\u017een\u00fa a pestr\u00fa stravu. Neprekra\u010dujte odpor\u00fa\u010dan\u00fa denn\u00fa d\u00e1vku. Tehotn\u00fdm a doj\u010diacim \u017een\u00e1m sa v\u017edy odpor\u00fa\u010da konzultova\u0165 u\u017e\u00edvanie pr\u00edpravku s lek\u00e1rom.<\/span><\/p>\n<h2><span style=\"color: #000000\">Krajina p\u00f4vodu<\/span><\/h2>\n<p><span style=\"color: #000000\">E\u00da (Nemecko alebo Holandsko)<\/span><\/p>\n","protected":false},"excerpt":{"rendered":"<p>P\u0161eni\u010dn\u00e1 tr\u00e1va s\u00fa vlastne mlad\u00e9 p\u0161eni\u010dn\u00e9 kl\u00ed\u010dky. Ako tak\u00fd neobsahuje lepok, ak\u00fd sa nach\u00e1dza v p\u0161eni\u010dnom klase \u2013 presnej\u0161ie v p\u0161eni\u010dnom zrne. Je vhodn\u00fd na detoxik\u00e1ciu a pre\u010distenie. Obsahuje ve\u013ea vitam\u00ednov, miner\u00e1lov, aminokysel\u00edn, enz\u00fdmov, chlorofylu, vl\u00e1kniny, bielkov\u00edn a fytonutrientov.<\/p>\n<p>\ud83d\udc9a \u010cist\u00ed a zlep\u0161uje zlo\u017eenie krvi.<br \/>\n\ud83d\udc9a Star\u00e1 sa o zdrav\u00e9 hrub\u00e9 \u010drevo a detoxikuje pe\u010de\u0148.<br \/>\n\ud83d\udc9a Obsahuje ve\u013ea antioxidantov.<br \/>\n\ud83d\udc9a Je bohat\u00fdm zdrojom chlorofylu.<\/p>\n","protected":false},"featured_media":5963,"comment_status":"open","ping_status":"closed","template":"","meta":{"_acf_changed":false},"product_brand":[],"product_cat":[15,224,222,195,225],"product_tag":[],"class_list":{"0":"post-5962","1":"product","2":"type-product","3":"status-publish","4":"has-post-thumbnail","6":"product_cat-uncategorized","7":"product_cat-ponuka","8":"product_cat-riasy-a-travy","9":"product_cat-superpotraviny","10":"product_cat-vsetky-produkty","12":"first","13":"instock","14":"sale","15":"taxable","16":"shipping-taxable","17":"purchasable","18":"product-type-simple"},"acf":[],"_links":{"self":[{"href":"https:\/\/fengchashop.com\/sk\/wp-json\/wp\/v2\/product\/5962","targetHints":{"allow":["GET"]}}],"collection":[{"href":"https:\/\/fengchashop.com\/sk\/wp-json\/wp\/v2\/product"}],"about":[{"href":"https:\/\/fengchashop.com\/sk\/wp-json\/wp\/v2\/types\/product"}],"replies":[{"embeddable":true,"href":"https:\/\/fengchashop.com\/sk\/wp-json\/wp\/v2\/comments?post=5962"}],"wp:featuredmedia":[{"embeddable":true,"href":"https:\/\/fengchashop.com\/sk\/wp-json\/wp\/v2\/media\/5963"}],"wp:attachment":[{"href":"https:\/\/fengchashop.com\/sk\/wp-json\/wp\/v2\/media?parent=5962"}],"wp:term":[{"taxonomy":"product_brand","embeddable":true,"href":"https:\/\/fengchashop.com\/sk\/wp-json\/wp\/v2\/product_brand?post=5962"},{"taxonomy":"product_cat","embeddable":true,"href":"https:\/\/fengchashop.com\/sk\/wp-json\/wp\/v2\/product_cat?post=5962"},{"taxonomy":"product_tag","embeddable":true,"href":"https:\/\/fengchashop.com\/sk\/wp-json\/wp\/v2\/product_tag?post=5962"}],"curies":[{"name":"wp","href":"https:\/\/api.w.org\/{rel}","templated":true}]}}