{"id":5959,"date":"2022-03-03T21:15:49","date_gmt":"2022-03-03T20:15:49","guid":{"rendered":"https:\/\/fengchashop.com\/sk\/product\/bio-kelp-prasok-250-g\/"},"modified":"2026-04-18T17:52:04","modified_gmt":"2026-04-18T15:52:04","slug":"bio-kelp-prasok","status":"publish","type":"product","link":"https:\/\/fengchashop.com\/sk\/product\/bio-kelp-prasok\/","title":{"rendered":"Kelp pr\u00e1\u0161ok BIO 250 g"},"content":{"rendered":"<h2><span style=\"color: #000000\">Kelp pr\u00e1\u0161ok BIO<\/span><\/h2>\n<p><span style=\"color: #000000\">V chladnej\u0161\u00edch moriach sveta sa <strong>dar\u00ed hnedej riase<\/strong> naz\u00fdvanej \u201e<strong>kelp<\/strong>\u201c. Je mimoriadne bohat\u00e1 na miner\u00e1ly, ktor\u00e9 absorbuje z \u010distej morskej vody najchladnej\u0161ieho N\u00f3rskeho mora. Tieto miner\u00e1ly s\u00fa pre n\u00e1\u0161 organizmus mimoriadne d\u00f4le\u017eit\u00e9 a bolo mnohokr\u00e1t dok\u00e1zan\u00e9, \u017ee bez ich dostato\u010dn\u00e9ho mno\u017estva n\u00e1\u0161 organizmus nefunguje tak, ako by mal, a doch\u00e1dza k r\u00f4znym telesn\u00fdm aj du\u0161evn\u00fdm ochoreniam.<\/span><\/p>\n<p><span style=\"color: #000000\"><em><strong>Kelp je pokladnicou t\u00fdchto miner\u00e1lov, \u017eiv\u00edn a \u00fa\u010dinn\u00fdch l\u00e1tok, ktor\u00e9 maj\u00fa pozit\u00edvny vplyv na n\u00e1\u0161 organizmus, preto\u017ee:<\/strong><\/em><\/span><\/p>\n<p><span style=\"color: #000000\">\ud83d\udc9a prostredn\u00edctvom fytochemik\u00e1li\u00ed odstra\u0148uje z tela r<strong>\u00e1dioakt\u00edvne prvky<\/strong> a<strong> \u0161kodliv\u00e9 kovy<\/strong>, ktor\u00e9 s\u00fa v zne\u010distenom prostred\u00ed, v ktorom \u017eijeme, \u010doraz v\u00e4\u010d\u0161\u00edm probl\u00e9mom;<\/span><br \/>\n<span style=\"color: #000000\">\ud83d\udc9a je jedn\u00fdm z najbohat\u0161\u00edch zdrojov <strong>j\u00f3du<\/strong>, ktor\u00fd <strong>reguluje \u010dinnos\u0165 \u0161t\u00edtnej \u017e\u013eazy<\/strong>, zlep\u0161uje metabolizmus a pom\u00e1ha v boji proti nadv\u00e1he;<\/span><br \/>\n<span style=\"color: #000000\">\ud83d\udc9a miner\u00e1ly v morsk\u00fdch riasach <strong>zlep\u0161uj\u00fa funkciu org\u00e1nov<\/strong>, najm\u00e4 priazniv\u00fd \u00fa\u010dinok zmesi miner\u00e1lov v morsk\u00fdch riasach na kardiovaskul\u00e1rny syst\u00e9m;<\/span><br \/>\n<span style=\"color: #000000\">\ud83d\udc9a je to vynikaj\u00face <strong>prebiotikum<\/strong>, potrava pre na\u0161e prospe\u0161n\u00e9 \u010drevn\u00e9 bakt\u00e9rie;<\/span><br \/>\n<span style=\"color: #000000\">\ud83d\udc9a jeho polysacharid xyl\u00f3za <strong>neutralizuje bakt\u00e9rie a plesne<\/strong>;<\/span><br \/>\n<span style=\"color: #000000\">\ud83d\udc9a v\u010faka svojej z\u00e1saditosti je ve\u013emi n\u00e1pomocn\u00e1 pri be\u017enom <strong>probl\u00e9me prekyslenia<\/strong>, ktor\u00e9 vedie k celkovej nevo\u013enosti;<\/span><br \/>\n<span style=\"color: #000000\">\ud83d\udc9a je to siln\u00fd <strong>antioxidant<\/strong>;<\/span><br \/>\n<span style=\"color: #000000\">\ud83d\udc9a galakt\u00f3za je vhodn\u00e1 pre <strong>pam\u00e4\u0165<\/strong> a <strong>hojenie r\u00e1n<\/strong> a <strong>pre kosti<\/strong> v\u010faka lep\u0161ej absorpcii v\u00e1pnika.<\/span><\/p>\n<h2><span style=\"color: #000000\">\u010co vlastne obsahuj\u00fa morsk\u00e9 riasy, ktor\u00e9 maj\u00fa tak\u00fd pozit\u00edvny vplyv na viacer\u00e9 syst\u00e9my n\u00e1\u0161ho tela?<\/span><\/h2>\n<p><span style=\"color: #000000\">Kelp je hned\u00e1 riasa, ktor\u00e1 sa niekde tradi\u010dne pou\u017e\u00edva na v\u00fd\u017eivov\u00e9 \u00fa\u010dely, ale na\u0161la si svoje miesto aj v mnoh\u00fdch zdravotn\u00fdch pr\u00edru\u010dk\u00e1ch v\u010faka tomu, \u017ee je ve\u013emi bohat\u00e1 na miner\u00e1ly, aminokyseliny, \u017eiviny a \u00fa\u010dinn\u00e9 l\u00e1tky. Z miner\u00e1lov ur\u010dite vynik\u00e1 <strong>v\u00e1pnik<\/strong> a <strong>hor\u010d\u00edk,<\/strong> ale riasy obsahuj\u00fa aj drasl\u00edk, j\u00f3d, \u017eelezo, riboflav\u00edn, vitam\u00edn B6 a ve\u013ea vl\u00e1kniny, celkovo 46 r\u00f4znych miner\u00e1lov, 16 aminokysel\u00edn a 11 vitam\u00ednov. Nie je preto divu, \u017ee riasy, vr\u00e1tane chaluh, boli v posledn\u00fdch desa\u0165ro\u010diach \u010dasto <strong>predmetom vedeck\u00e9ho v\u00fdskumu<\/strong>. Kelp obsahuje aj kyselinu glut\u00e1mov\u00fa, ktor\u00e1 zm\u00e4k\u010duje potraviny s vysok\u00fdm obsahom vl\u00e1kniny a zlep\u0161uje chu\u0165 jedla. Fytochemik\u00e1lie pom\u00e1haj\u00fa eliminova\u0165 r\u00e1dioakt\u00edvne l\u00e1tky a \u0165a\u017ek\u00e9 kovy, preto sa konzum\u00e1cia rias odpor\u00fa\u010da po r\u00e1dioterapii a chemoterapii.<strong> Fytochemik\u00e1lie<\/strong> v skuto\u010dnosti nie s\u00fa miner\u00e1ly ani aminokyseliny, ale \u00fa\u010dinn\u00e9 l\u00e1tky, ktor\u00e9 zabra\u0148uj\u00fa chorobn\u00fdm stavom, pri\u010dom najzn\u00e1mej\u0161ou takouto \u00fa\u010dinnou l\u00e1tkou je napr\u00edklad alic\u00edn v cesnaku, ktor\u00fd sa, ako v\u0161etci vieme, pova\u017euje za pr\u00edrodn\u00e9 antibiotikum. Hned\u00e9 morsk\u00e9 riasy obsahuj\u00fa aj dve d\u00f4le\u017eit\u00e9 l\u00e1tky, <strong>fukoidan a fukoxant\u00edn<\/strong>. Prv\u00fd sa pova\u017euje za dobr\u00e9 prevent\u00edvne opatrenie v boji proti rakovine, druh\u00fd v boji proti nadv\u00e1he a pre lep\u0161\u00ed metabolizmus a spa\u013eovanie tukov.<\/span><\/p>\n<p><span style=\"color: #000000\">Miner\u00e1lom, ktor\u00fd je v morsk\u00fdch riasach najviac zast\u00fapen\u00fd, je j\u00f3d, ktor\u00e9ho nedostatkom trp\u00ed mnoho (najm\u00e4) \u017eien. <strong>J\u00f3d<\/strong> reguluje metabolizmus a funkciu \u0161t\u00edtnej \u017e\u013eazy, tak\u017ee pom\u00e1ha zlep\u0161i\u0165 metabolizmus a pom\u00e1ha kontrolova\u0165 hmotnos\u0165, najm\u00e4 t\u00fa, ktor\u00e1 je sp\u00f4soben\u00e1 probl\u00e9mami so \u0161t\u00edtnou \u017e\u013eazou. Nezab\u00fadajme, \u017ee \u0161t\u00edtna \u017e\u013eaza vylu\u010duje horm\u00f3ny, ktor\u00e9 riadia r\u00fdchlos\u0165 <strong>metabolick\u00fdch procesov<\/strong>, a nepriamo ovplyv\u0148uje takmer v\u0161etky telesn\u00e9 funkcie. Je to jeden z najd\u00f4le\u017eitej\u0161\u00edch org\u00e1nov v na\u0161om tele, preto je nevyhnutn\u00e9, aby sme sa starali o jeho norm\u00e1lne a spr\u00e1vne fungovanie. Niekedy sta\u010d\u00ed dostato\u010dn\u00fd pr\u00edjem j\u00f3du, ktor\u00fd mo\u017eno dosiahnu\u0165 pravideln\u00fdm u\u017e\u00edvan\u00edm pr\u00edrodn\u00e9ho potravinov\u00e9ho doplnku &#8211; morsk\u00fdch rias. Ak m\u00e1te probl\u00e9my so \u0161t\u00edtnou \u017e\u013eazou, pred u\u017e\u00edvan\u00edm morsk\u00fdch rias sa pora\u010fte so svoj\u00edm lek\u00e1rom. Na miner\u00e1ly bohat\u00e9 riasy ovplyv\u0148uj\u00fa aj funkciu \u010fal\u0161\u00edch vn\u00fatorn\u00fdch org\u00e1nov, ktor\u00e9 s\u00fa k\u013e\u00fa\u010dov\u00e9 pre \u00fa\u010dinn\u00fd boj proti tox\u00ednom a vo\u013en\u00fdm radik\u00e1lom, a tak maj\u00fa aj omladzuj\u00faci \u00fa\u010dinok.<\/span><\/p>\n<h2><span style=\"color: #000000\">Ukladanie a varovania<\/span><\/h2>\n<p><span style=\"color: #000000\">Skladujte na chladnom a suchom mieste pri teplote do 25 \u00b0C. Doplnok stravy uchov\u00e1vajte mimo dosahu det\u00ed!<\/span><\/p>\n<p><span style=\"color: #000000\">Nezab\u00fadajte na d\u00f4le\u017eitos\u0165 pestrej stravy a zdrav\u00e9ho \u017eivotn\u00e9ho \u0161t\u00fdlu, doplnok stravy preto nenahr\u00e1dza vyv\u00e1\u017een\u00fa a pestr\u00fa stravu. Odpor\u00fa\u010dan\u00e9 denn\u00e9 mno\u017estvo alebo d\u00e1vka by sa nemali prekro\u010di\u0165. Tehotn\u00fdm a doj\u010diacim \u017een\u00e1m sa v\u017edy odpor\u00fa\u010da, aby sa pred pou\u017eit\u00edm poradili s lek\u00e1rom.<\/span><\/p>\n<h2><span style=\"color: #000000\">Balenie<\/span><\/h2>\n<p><span style=\"color: #000000\">Nepriepustn\u00e9 vrecko na zips, v ktorom si v\u00fdrobok zachov\u00e1 v\u0161etku svoju \u010derstvos\u0165 a v\u00f4\u0148u. Obal chr\u00e1ni v\u00fdrobok pred svetlom a vzduchom, preto\u017ee sa sklad\u00e1 z nieko\u013ek\u00fdch ochrann\u00fdch vrstiev, ktor\u00e9 zachov\u00e1vaj\u00fa vlastnosti obsahu.<\/span><\/p>\n<p><span style=\"color: #000000\">Obal je ve\u013emi praktick\u00fd a recyklovate\u013en\u00fd.<\/span><\/p>\n<h2><span style=\"color: #000000\">P\u00f4vod<\/span><\/h2>\n<p><span style=\"color: #000000\">N\u00f3rsko alebo Kanada<\/span><\/p>\n","protected":false},"excerpt":{"rendered":"<p>V chladnej\u0161\u00edch moriach sveta sa dar\u00ed hnedej riase naz\u00fdvanej \u201ekelp\u201c. Je mimoriadne bohat\u00e1 na miner\u00e1ly, ktor\u00e9 absorbuje z \u010distej morskej vody najchladnej\u0161ieho N\u00f3rskeho mora. Tieto miner\u00e1ly s\u00fa pre n\u00e1\u0161 organizmus mimoriadne d\u00f4le\u017eit\u00e9 a mnohokr\u00e1t bolo dok\u00e1zan\u00e9, \u017ee bez ich dostato\u010dn\u00e9ho mno\u017estva na\u0161e telo nefunguje tak, ako by malo, a v d\u00f4sledku toho sa prejavuj\u00fa r\u00f4zne telesn\u00e9 aj du\u0161evn\u00e9 choroby.<\/p>\n<p><img decoding=\"async\" class=\"emoji\" role=\"img\" src=\"https:\/\/s.w.org\/images\/core\/emoji\/13.1.0\/svg\/1f49a.svg\" alt=\"\ud83d\udc9a\" \/> Pomocou fytochemik\u00e1li\u00ed odstra\u0148uje z tela <strong>r\u00e1dioakt\u00edvne prvky a \u0161kodliv\u00e9 kovy<\/strong>.<br \/>\n<img decoding=\"async\" class=\"emoji\" role=\"img\" src=\"https:\/\/s.w.org\/images\/core\/emoji\/13.1.0\/svg\/1f49a.svg\" alt=\"\ud83d\udc9a\" \/> Je jedn\u00fdm z najbohat\u0161\u00edch <strong>zdrojov j\u00f3du<\/strong>, ktor\u00fd <strong>reguluje \u010dinnos\u0165 \u0161t\u00edtnej \u017e\u013eazy<\/strong>.<br \/>\n<strong><img decoding=\"async\" class=\"emoji\" role=\"img\" src=\"https:\/\/s.w.org\/images\/core\/emoji\/13.1.0\/svg\/1f49a.svg\" alt=\"\ud83d\udc9a\" \/> <\/strong>Je to vynikaj\u00face <strong>prebiotikum<\/strong>, potrava pre na\u0161e prospe\u0161n\u00e9 \u010drevn\u00e9 bakt\u00e9rie.<br \/>\n<img decoding=\"async\" class=\"emoji\" role=\"img\" src=\"https:\/\/s.w.org\/images\/core\/emoji\/13.1.0\/svg\/1f49a.svg\" alt=\"\ud83d\udc9a\" \/> Je bohat\u00fdm zdrojom rastlinn\u00fdch bielkov\u00edn.<\/p>\n<p align=\"JUSTIFY\">\n","protected":false},"featured_media":5960,"comment_status":"open","ping_status":"closed","template":"","meta":{"_acf_changed":false},"product_brand":[],"product_cat":[15,224,222,195,225],"product_tag":[],"class_list":{"0":"post-5959","1":"product","2":"type-product","3":"status-publish","4":"has-post-thumbnail","6":"product_cat-uncategorized","7":"product_cat-ponuka","8":"product_cat-riasy-a-travy","9":"product_cat-superpotraviny","10":"product_cat-vsetky-produkty","12":"first","13":"instock","14":"sale","15":"taxable","16":"shipping-taxable","17":"purchasable","18":"product-type-simple"},"acf":[],"_links":{"self":[{"href":"https:\/\/fengchashop.com\/sk\/wp-json\/wp\/v2\/product\/5959","targetHints":{"allow":["GET"]}}],"collection":[{"href":"https:\/\/fengchashop.com\/sk\/wp-json\/wp\/v2\/product"}],"about":[{"href":"https:\/\/fengchashop.com\/sk\/wp-json\/wp\/v2\/types\/product"}],"replies":[{"embeddable":true,"href":"https:\/\/fengchashop.com\/sk\/wp-json\/wp\/v2\/comments?post=5959"}],"wp:featuredmedia":[{"embeddable":true,"href":"https:\/\/fengchashop.com\/sk\/wp-json\/wp\/v2\/media\/5960"}],"wp:attachment":[{"href":"https:\/\/fengchashop.com\/sk\/wp-json\/wp\/v2\/media?parent=5959"}],"wp:term":[{"taxonomy":"product_brand","embeddable":true,"href":"https:\/\/fengchashop.com\/sk\/wp-json\/wp\/v2\/product_brand?post=5959"},{"taxonomy":"product_cat","embeddable":true,"href":"https:\/\/fengchashop.com\/sk\/wp-json\/wp\/v2\/product_cat?post=5959"},{"taxonomy":"product_tag","embeddable":true,"href":"https:\/\/fengchashop.com\/sk\/wp-json\/wp\/v2\/product_tag?post=5959"}],"curies":[{"name":"wp","href":"https:\/\/api.w.org\/{rel}","templated":true}]}}