{"id":5950,"date":"2022-03-03T20:19:46","date_gmt":"2022-03-03T19:19:46","guid":{"rendered":"https:\/\/fengchashop.com\/sk\/product\/chlorella-prasok-bio-250-g\/"},"modified":"2026-04-13T13:56:18","modified_gmt":"2026-04-13T11:56:18","slug":"chlorella-prasok-bio","status":"publish","type":"product","link":"https:\/\/fengchashop.com\/sk\/product\/chlorella-prasok-bio\/","title":{"rendered":"Chlorella pr\u00e1\u0161ok BIO 250 g"},"content":{"rendered":"<h2><span style=\"color: #000000\">Chlorella pr\u00e1\u0161ok BIO<\/span><\/h2>\n<p><span style=\"color: #000000\">Rastlina najbohat\u0161ia na chlorofyl, ktorej sa dar\u00ed v sladk\u00fdch vod\u00e1ch po celom svete, sa naz\u00fdva chlorella. Chlorella m\u00e1 mnoho pozit\u00edvnych zdravotn\u00fdch \u00fa\u010dinkov. M\u00e1 v\u00fdrazn\u00fa jasne zelen\u00fa farbu a mnoho zdravotn\u00fdch benefitov. Je zn\u00e1ma predov\u0161etk\u00fdm ako riasa, ktor\u00e1 obsahuje extr\u00e9mne vysok\u00e9 mno\u017estvo bielkov\u00edn a bohat\u00fa a predov\u0161etk\u00fdm vyv\u00e1\u017een\u00fa ide\u00e1lnu \u0161trukt\u00faru. Pre obsah betakarot\u00e9nu je pova\u017eovan\u00fd aj za v\u00fdborn\u00fd detoxik\u00e1tor. O\u010dis\u0165uje n\u00e1s od \u0161kodliv\u00fdch l\u00e1tok, ktor\u00e9 s\u00fa v\u00fdsledkom zne\u010disten\u00e9ho \u017eivotn\u00e9ho prostredia a potrav\u00edn (pestic\u00eddy, herbic\u00eddy, \u0165a\u017ek\u00e9 kovy), ktor\u00e9 konzumujeme.<\/span><\/p>\n<p><span style=\"color: #000000\">Ide o mikroskopicky mal\u00fa zelen\u00fa riasu s vyv\u00e1\u017eenou \u0161trukt\u00farou a teda nieko\u013ek\u00fdmi v\u00fdhodami:<\/span><\/p>\n<p><span style=\"color: #000000\">\ud83d\udc9a vysok\u00e9 mno\u017estvo chlorofylu hr\u00e1 d\u00f4le\u017eit\u00fa \u00falohu pri detoxik\u00e1cii organizmu,<\/span><br \/>\n<span style=\"color: #000000\">\ud83d\udc9a produkuje prote\u00edn interfer\u00f3n, ktor\u00fd je d\u00f4le\u017eit\u00fd pre optim\u00e1lne fungovanie imunitn\u00e9ho syst\u00e9mu,<\/span><br \/>\n<span style=\"color: #000000\">\ud83d\udc9a m\u00e1 vysok\u00fd obsah bielkov\u00edn &#8211; okolo 55%,<\/span><br \/>\n<span style=\"color: #000000\">\ud83d\udc9a obsahuje \u017eivotne d\u00f4le\u017eit\u00e9 sacharidy, bielkoviny, enz\u00fdmy, miner\u00e1ly a vitam\u00edny.<\/span><\/p>\n<p><span style=\"color: #000000\">Chlorella a in\u00e9 riasy sa naj\u010dastej\u0161ie konzumuj\u00fa v pr\u00e1\u0161kovej forme. Chlorellu pon\u00fakame aj v tablet\u00e1ch.<\/span><\/p>\n<p><span style=\"color: #000000\">Na\u0161a chlorella je pestovan\u00e1 ekologicky.<\/span><\/p>\n<h2><span style=\"color: #000000\">Pre\u010do chlorella tak dobre p\u00f4sob\u00ed na \u013eudsk\u00fd organizmus?<\/span><\/h2>\n<p><span style=\"color: #000000\">Chlorella m\u00e1 vysok\u00fd obsah antioxidantov a chlorofylu, ktor\u00e9 na seba via\u017eu tox\u00edny v tele a maj\u00fa mimoriadne \u010distiacu a detoxika\u010dn\u00fa \u00falohu v \u013eudskom organizme. \u010cist\u00ed tak krv, ako aj pe\u010de\u0148 a cel\u00fd tr\u00e1viaci trakt. V\u010faka tomu sa zlep\u0161uje aj tr\u00e1venie a pom\u00e1ha aj tr\u00e1viaci enz\u00fdm peps\u00edn, ktor\u00fd sa tvor\u00ed v chlorelle a podie\u013ea sa na tr\u00e1viacom syst\u00e9me. Chlorella obsahuje 18 aminokysel\u00edn, z toho 8 esenci\u00e1lnych, \u010do znamen\u00e1, \u017ee m\u00e1 ide\u00e1lne zlo\u017eenie bielkov\u00edn. Okrem toho je pln\u00e1 vitam\u00ednov a miner\u00e1lov, ako s\u00fa vitam\u00edny skupiny B, vitam\u00edn C, E a K, ale aj \u017eelezo, v\u00e1pnik, hor\u010d\u00edk, fosfor a, samozrejme, j\u00f3d.<\/span><\/p>\n<p><span style=\"color: #000000\">Zn\u00e1ma je aj ako riasa, ktor\u00e1 upravuje tr\u00e1venie, ke\u010f\u017ee zabezpe\u010duje rast dobr\u00fdch bakt\u00e9ri\u00ed v \u010drev\u00e1ch a dobr\u00fa \u010drevn\u00fa fl\u00f3ru. Pre vysok\u00fd obsah chlorofylu \u010dist\u00ed \u010drev\u00e1, pe\u010de\u0148 a krv. Taktie\u017e detoxikuje cel\u00e9 telo a pom\u00e1ha pri z\u00e1pche. \u010cist\u00e1 krv a spr\u00e1vne tr\u00e1venie maj\u00fa priazniv\u00fd vplyv aj na vzh\u013ead a zdravie na\u0161ej poko\u017eky \u2013 n\u00e1\u0161ho najv\u00e4\u010d\u0161ieho org\u00e1nu. V boji proti kandide m\u00f4\u017ee pom\u00f4c\u0165 aj chlorella.<\/span><\/p>\n<p><span style=\"color: #000000\">Chlorella obsahuje ve\u013ea \u017eeleza, ktor\u00e9 telo r\u00fdchlo vstreb\u00e1va a vyu\u017e\u00edva pre svoje \u010derven\u00e9 krvinky. Takto priaznivo p\u00f4sob\u00ed pri probl\u00e9moch s chudokrvnos\u0165ou, \u00fanavou, pre\u0165a\u017een\u00edm a mal\u00e1tnos\u0165ou. Priaznivo p\u00f4sob\u00ed aj na \u013eud\u00ed zotavuj\u00facich sa z dlhodob\u00fdch chor\u00f4b.<\/span><\/p>\n<p><span style=\"color: #000000\">Rastov\u00fd faktor chlorely ur\u00fdch\u013euje regener\u00e1ciu buniek, rany sa tak bud\u00fa r\u00fdchlej\u0161ie hoji\u0165, budete odolnej\u0161\u00ed vo\u010di infekci\u00e1m a budete ma\u0165 aj viac energie.<\/span><\/p>\n<h2><span style=\"color: #000000\">Pre koho je chlorella ur\u010den\u00e1?<\/span><\/h2>\n<p><span style=\"color: #000000\">Podobne ako spiru0lina, aj chlorella je v\u00fdborn\u00fdm doplnkom stravy pre ka\u017ed\u00e9ho, no u\u017eito\u010dn\u00e1 je najm\u00e4 pre t\u00fdch, ktor\u00ed nejedia m\u00e4so a m\u00e4sov\u00e9 v\u00fdrobky, pre podvy\u017eiven\u00fdch \u013eud\u00ed, pre star\u00fdch a chor\u00fdch \u013eud\u00ed. Je vhodn\u00fd aj pre \u013eud\u00ed, ktor\u00ed nekonzumuj\u00fa dostatok kvalitnej \u010derstvej zelenej zeleniny. Je vhodn\u00fd aj pre tehotn\u00e9 \u017eeny a doj\u010diace matky, ktor\u00e9 maj\u00fa \u010dasto zl\u00fa krv resp n\u00edzky obsah \u017eeleza v krvi. Je vhodn\u00fd aj pre \u0161portovcov, ke\u010f\u017ee \u017eiviny sa s jeho pomocou \u013eah\u0161ie vstreb\u00e1vaj\u00fa.<\/span><\/p>\n<p><span style=\"color: #000000\">Je vhodn\u00fd aj pre \u013eud\u00ed, ktor\u00ed s\u00fa vystaven\u00ed nadmern\u00e9mu stresu, a preto maj\u00fa probl\u00e9my s koncentr\u00e1ciou.<\/span><\/p>\n<p><span style=\"color: #000000\">Je ur\u010den\u00e1 pre \u013eud\u00ed, ktor\u00ed si chc\u00fa udr\u017ea\u0165 svoju telesn\u00fa hmotnos\u0165 alebo schudn\u00fa\u0165 p\u00e1r kilogramov a chlorella je v\u00fdborn\u00fdm spolo\u010dn\u00edkom pri r\u00f4znych (zo\u0161t\u00edh\u013euj\u00facich) di\u00e9tach. Upravuje tr\u00e1venie a nap\u013a\u0148a n\u00e1s d\u00f4le\u017eit\u00fdmi \u017eivinami.<\/span><\/p>\n<h2><span style=\"color: #000000\">Balenie<\/span><\/h2>\n<p><span style=\"color: #000000\">Nepriepustn\u00e9 vrecko na zips, v ktorom si produkt zachov\u00e1 svoju \u010derstvos\u0165 a v\u00f4\u0148u. Obal chr\u00e1ni pred svetlom a vzduchom, preto\u017ee pozost\u00e1va z nieko\u013ek\u00fdch ochrann\u00fdch vrstiev, ktor\u00e9 zachov\u00e1vaj\u00fa vlastnosti obsahu.<\/span><\/p>\n<p><span style=\"color: #000000\">Obal je ve\u013emi praktick\u00fd a recyklovate\u013en\u00fd.<\/span><\/p>\n<h2><span style=\"color: #000000\">Skladovanie a upozornenia<\/span><\/h2>\n<p><span style=\"color: #000000\">Skladujte na chladnom a suchom mieste. V\u00fd\u017eivov\u00fd doplnok by sa mal skladova\u0165 mimo dosahu det\u00ed!<\/span><\/p>\n<p><span style=\"color: #000000\">Nezab\u00fadajte na pestr\u00fa stravu a zdrav\u00fd \u017eivotn\u00fd \u0161t\u00fdl \u2013 doplnok stravy nem\u00f4\u017ee nahradi\u0165 vyv\u00e1\u017een\u00fa a pestr\u00fa stravu. Neprekra\u010dujte odpor\u00fa\u010dan\u00fa denn\u00fa d\u00e1vku. Tehotn\u00fdm a doj\u010diacim \u017een\u00e1m sa v\u017edy odpor\u00fa\u010da konzultova\u0165 u\u017e\u00edvanie pr\u00edpravku s lek\u00e1rom.<\/span><\/p>\n<p><span style=\"color: #000000\">Chlorella m\u00f4\u017ee obsahova\u0165 siri\u010ditany, ktor\u00e9 s\u00fa prirodzene pr\u00edtomn\u00e9 v riasach.<\/span><\/p>\n<h2><span style=\"color: #000000\">Krajina p\u00f4vodu<\/span><\/h2>\n<p><span style=\"color: #000000\">\u010c\u00edna. <\/span><\/p>\n<p><span style=\"color: #000000\">M\u00e1me ve\u013emi spo\u013eahliv\u00fdch dod\u00e1vate\u013eov, ktor\u00ed n\u00e1m posielaj\u00fa podrobn\u00fa chemick\u00fa anal\u00fdzu produktu pre ka\u017ed\u00fa \u0161ar\u017eu. Za viac ako 10 rokov sme s t\u00fdmto produktom, ani s in\u00fdm produktom od toho ist\u00e9ho dod\u00e1vate\u013ea, nikdy nemali \u017eiadne stiahnutie produktu \u010di in\u00fd probl\u00e9m.<\/span><\/p>\n<p><span style=\"color: #000000\">Tento produkt je 100% certifikovan\u00fd ako ekologick\u00fd.<\/span><\/p>\n","protected":false},"excerpt":{"rendered":"<p>Rastlina najbohat\u0161ia na chlorofyl, ktorej sa dar\u00ed v sladk\u00fdch vod\u00e1ch po celom svete, sa naz\u00fdva chlorella. Chlorella m\u00e1 mnoho pozit\u00edvnych zdravotn\u00fdch \u00fa\u010dinkov. Je zn\u00e1ma predov\u0161etk\u00fdm ako riasa, ktor\u00e1 obsahuje extr\u00e9mne vysok\u00e9 mno\u017estvo bielkov\u00edn a bohat\u00fa a predov\u0161etk\u00fdm vyv\u00e1\u017een\u00fa ide\u00e1lnu \u0161trukt\u00faru. Pre obsah betakarot\u00e9nu je pova\u017eovan\u00fd aj za v\u00fdborn\u00fd detoxik\u00e1tor. O\u010dis\u0165uje n\u00e1s od \u0161kodliv\u00fdch l\u00e1tok, ktor\u00e9 s\u00fa v\u00fdsledkom zne\u010disten\u00e9ho \u017eivotn\u00e9ho prostredia a potrav\u00edn (pestic\u00eddy, herbic\u00eddy, \u0165a\u017ek\u00e9 kovy), ktor\u00e9 konzumujeme.<\/p>\n<p><span style=\"color: #000000\">\ud83d\udc9a <\/span>Pom\u00e1ha pri detoxik\u00e1cii organizmu.<br \/>\n<span style=\"color: #000000\">\ud83d\udc9a <\/span>M\u00e1 vysok\u00fd obsah antioxidantov a chlorofylu.<br \/>\n<span style=\"color: #000000\">\ud83d\udc9a <\/span>\u010cist\u00ed \u010drev\u00e1, pe\u010de\u0148 a krv.<br \/>\n<span style=\"color: #000000\">\ud83d\udc9a <\/span>Je bohat\u00fdm zdrojom rastlinn\u00fdch bielkov\u00edn.<\/p>\n","protected":false},"featured_media":5951,"comment_status":"open","ping_status":"closed","template":"","meta":{"_acf_changed":false},"product_brand":[],"product_cat":[15,224,222,195,225],"product_tag":[],"class_list":{"0":"post-5950","1":"product","2":"type-product","3":"status-publish","4":"has-post-thumbnail","6":"product_cat-uncategorized","7":"product_cat-ponuka","8":"product_cat-riasy-a-travy","9":"product_cat-superpotraviny","10":"product_cat-vsetky-produkty","12":"first","13":"instock","14":"sale","15":"taxable","16":"shipping-taxable","17":"purchasable","18":"product-type-simple"},"acf":[],"_links":{"self":[{"href":"https:\/\/fengchashop.com\/sk\/wp-json\/wp\/v2\/product\/5950","targetHints":{"allow":["GET"]}}],"collection":[{"href":"https:\/\/fengchashop.com\/sk\/wp-json\/wp\/v2\/product"}],"about":[{"href":"https:\/\/fengchashop.com\/sk\/wp-json\/wp\/v2\/types\/product"}],"replies":[{"embeddable":true,"href":"https:\/\/fengchashop.com\/sk\/wp-json\/wp\/v2\/comments?post=5950"}],"wp:featuredmedia":[{"embeddable":true,"href":"https:\/\/fengchashop.com\/sk\/wp-json\/wp\/v2\/media\/5951"}],"wp:attachment":[{"href":"https:\/\/fengchashop.com\/sk\/wp-json\/wp\/v2\/media?parent=5950"}],"wp:term":[{"taxonomy":"product_brand","embeddable":true,"href":"https:\/\/fengchashop.com\/sk\/wp-json\/wp\/v2\/product_brand?post=5950"},{"taxonomy":"product_cat","embeddable":true,"href":"https:\/\/fengchashop.com\/sk\/wp-json\/wp\/v2\/product_cat?post=5950"},{"taxonomy":"product_tag","embeddable":true,"href":"https:\/\/fengchashop.com\/sk\/wp-json\/wp\/v2\/product_tag?post=5950"}],"curies":[{"name":"wp","href":"https:\/\/api.w.org\/{rel}","templated":true}]}}