{"id":5947,"date":"2022-03-03T20:05:37","date_gmt":"2022-03-03T19:05:37","guid":{"rendered":"https:\/\/fengchashop.com\/sk\/product\/maca-prasok-bio-500-g\/"},"modified":"2026-05-03T14:11:26","modified_gmt":"2026-05-03T12:11:26","slug":"mac-prasok-bio","status":"publish","type":"product","link":"https:\/\/fengchashop.com\/sk\/product\/mac-prasok-bio\/","title":{"rendered":"Maca pr\u00e1\u0161ok BIO 500 g"},"content":{"rendered":"<h2><span style=\"color: #000000\">Maca pr\u00e1\u0161ok BIO<\/span><\/h2>\n<p><span style=\"color: #000000\">Maca je kore\u0148ov\u00e1 rastlina, ktorej sa dar\u00ed v peru\u00e1nskych a andsk\u00fdch vyso\u010din\u00e1ch, vystaven\u00fdch extr\u00e9mnym poveternostn\u00fdm podmienkam a ve\u013ek\u00fdm teplotn\u00fdm rozdielom medzi d\u0148om a nocou. Naz\u00fdva sa aj peru\u00e1nsky \u017een\u0161en. Preto\u017ee je z h\u013eadiska pre\u017eitia prakticky neporazite\u013en\u00e1, u\u017e star\u00ed Inkovia pou\u017e\u00edvali jej \u00fa\u010dinn\u00e9 l\u00e1tky, ktor\u00e9 p\u00f4sobia obzvl\u00e1\u0161\u0165 dobre na mu\u017esk\u00fa sexu\u00e1lnu silu a priaznivo p\u00f4sobia na celkov\u00fd zdravotn\u00fd stav. Pr\u00e1ve kv\u00f4li tomu druh\u00e9mu je pova\u017eovan\u00fd za mimoriadne cenn\u00fa superpotravinu.<\/span><\/p>\n<p><span style=\"color: #000000\">Lie\u010divou s\u00fa\u010das\u0165ou macesu je h\u013euza, ktor\u00e1 obsahuje mno\u017estvo vitam\u00ednov, miner\u00e1lov a aminokysel\u00edn. V\u010faka l\u00e1tkam, ktor\u00e9 p\u00f4sobia podobne ako horm\u00f3ny, reguluje hladinu estrog\u00e9nu a progester\u00f3nu, \u010di\u017ee testoster\u00f3nu, \u010do priaznivo p\u00f4sob\u00ed na na\u0161u pohodu a dod\u00e1va n\u00e1m silu a vytrvalos\u0165. Obsah d\u00f4le\u017eit\u00fdch vitam\u00ednov, ako je vitam\u00edn B1, B12, C a E, ako aj mastn\u00fdch kysel\u00edn, miner\u00e1lov a aminokysel\u00edn (vr\u00e1tane 7 esenci\u00e1lnych &#8211; t\u00fdch, ktor\u00e9 na\u0161e telo nevyhnutne potrebuje), rob\u00ed z maca jednu z naj\u00fa\u010dinnej\u0161\u00edch, naj\u017eiadanej\u0161\u00edch a odpor\u00fa\u010dan\u00e9 pr\u00edrodn\u00e9 superpotraviny s nieko\u013eko tis\u00edcro\u010dnou trad\u00edciou.<\/span><\/p>\n<p><span style=\"color: #000000\">Je to adaptog\u00e9nna rastlina, ktor\u00e1 zvy\u0161uje energiu, vytrvalos\u0165, vitalitu a fyzick\u00fa silu. Pom\u00e1ha n\u00e1m \u013eah\u0161ie reagova\u0165 na stres a adaptova\u0165 sa na zmeny. Najviac sa mu dar\u00ed v And\u00e1ch v centr\u00e1lnom Peru, v \u0165a\u017ek\u00fdch podmienkach a vo ve\u013emi vysok\u00fdch nadmorsk\u00fdch v\u00fd\u0161kach \u2013 nad 4000 metrov. Je to kr\u00ed\u017eovit\u00e1 zelenina ako brokolica, karfiol, repa, kapusta, kel a re\u010fkovky. Najjedlej\u0161ou \u010das\u0165ou rastliny je kore\u0148 alebo h\u013euza. Dod\u00e1va sa v nieko\u013ek\u00fdch farb\u00e1ch, od bielej po \u010diernu. Najob\u013e\u00fabenej\u0161ie s\u00fa \u017elt\u00e9, \u010derven\u00e9 a \u010dierne. Oby\u010dajn\u00fd \u017elt\u00fd matzo sa pou\u017e\u00edva na denn\u00fa a dlhodob\u00fa konzum\u00e1ciu. \u010cerven\u00e1 a \u010dierna maca s\u00fa pova\u017eovan\u00e9 za posv\u00e4tn\u00e9 odrody a pou\u017e\u00edvaj\u00fa sa pri chronick\u00fdch terapeutick\u00fdch probl\u00e9moch.<\/span><\/p>\n<p><span style=\"color: #000000\">M\u00e1 ve\u013emi sladk\u00fa chu\u0165 a \u0161irok\u00e9 mo\u017enosti vyu\u017eitia.<\/span><\/p>\n<p><span style=\"color: #000000\">Na\u0161a maca je 100% organick\u00e1.<\/span><\/p>\n<h2><span style=\"color: #000000\">Ak\u00e9 s\u00fa k\u013e\u00fa\u010dov\u00e9 vlastnosti, ktor\u00e9 n\u00e1m maca pon\u00faka?<\/span><\/h2>\n<p><span style=\"color: #000000\"><strong>Je ve\u013emi v\u00fd\u017eivn\u00fd<\/strong><\/span><\/p>\n<p><span style=\"color: #000000\">Maca je v\u00fdborn\u00fdm zdrojom viacer\u00fdch d\u00f4le\u017eit\u00fdch vitam\u00ednov a miner\u00e1lov, ako je vitam\u00edn C, A, E, B2, B6, B12, me\u010f, hor\u010d\u00edk, sel\u00e9n, v\u00e1pnik, drasl\u00edk, sod\u00edk, fosfor, mang\u00e1n a \u017eelezo. Je dobr\u00fdm zdrojom sacharidov, aminokysel\u00edn, tukov, obsahuje ve\u013ea vl\u00e1kniny a in\u00fdch fytonutrientov. Obsahuje tie\u017e r\u00f4zne rastlinn\u00e9 zl\u00fa\u010deniny, ako s\u00fa glukozinol\u00e1ty, polyfenoly a fytosteroly, ktor\u00e9 brzdia vstreb\u00e1vanie cholesterolu a m\u00f4\u017eu dokonca zni\u017eova\u0165 jeho hodnotu v krvi.<\/span><\/p>\n<p><span style=\"color: #000000\"><strong>Zvy\u0161uje libido<\/strong><\/span><\/p>\n<p><span style=\"color: #000000\">Zvy\u0161uje sexu\u00e1lnu t\u00fa\u017ebu u mu\u017eov a \u017eien. Je to pr\u00edrodn\u00e9 afrodiziakum. Odstra\u0148uje erektiln\u00fa dysfunkciu. Maca je \u00fa\u010dinn\u00e1 pri zlep\u0161ovan\u00ed sexu\u00e1lnej t\u00fa\u017eby a toto tvrdenie podporuj\u00fa r\u00f4zne \u0161t\u00fadie. V\u00fdskum z roku 2010, ktor\u00fd zah\u0155\u0148al \u0161tyri klinick\u00e9 \u0161t\u00fadie s celkov\u00fdm po\u010dtom 131 \u00fa\u010dastn\u00edkov, dok\u00e1zal, \u017ee maca zlep\u0161uje sexu\u00e1lnu t\u00fa\u017ebu po minim\u00e1lne \u0161iestich t\u00fd\u017ed\u0148och konzum\u00e1cie. \u010eal\u0161ia \u0161t\u00fadia zistila, \u017ee maca zni\u017euje sexu\u00e1lnu dysfunkciu sp\u00f4soben\u00fa liekmi pou\u017e\u00edvan\u00fdmi na lie\u010dbu depresie.<\/span><\/p>\n<p><span style=\"color: #000000\"><strong>Zvy\u0161uje plodnos\u0165<\/strong><\/span><\/p>\n<p><span style=\"color: #000000\">Maca zvy\u0161uje plodnos\u0165 u mu\u017eov aj \u017eien. Preh\u013ead piatich mal\u00fdch \u0161t\u00fadi\u00ed zistil, \u017ee maca zv\u00fd\u0161ila produkciu spermi\u00ed a zlep\u0161ila kvalitu spermi\u00ed u neplodn\u00fdch, ale inak zdrav\u00fdch mu\u017eov. Po \u0161tyroch mesiacoch konzum\u00e1cie macy sa zv\u00fd\u0161il objem, po\u010det a pohyb spermi\u00ed. U \u017eien upravuje men\u0161trua\u010dn\u00fd cyklus, zmier\u0148uje aj sympt\u00f3my PMS a men\u0161trua\u010dn\u00e9 bolesti.<\/span><\/p>\n<p><span style=\"color: #000000\"><strong>Zni\u017euje ve\u013ekos\u0165 prostaty<\/strong><\/span><\/p>\n<p><span style=\"color: #000000\">Niektor\u00e9 \u0161t\u00fadie uk\u00e1zali, \u017ee \u010derven\u00e1 maca zmen\u0161uje ve\u013ekos\u0165 prostaty, preto\u017ee obsahuje ve\u013ek\u00e9 mno\u017estvo glukozinol\u00e1tov. S\u00favis\u00ed s nimi aj ni\u017e\u0161ie riziko vzniku rakoviny prostaty a zdrav\u0161ia prostata.<\/span><\/p>\n<p><span style=\"color: #000000\"><strong>Hormon\u00e1lna rovnov\u00e1ha<\/strong><\/span><\/p>\n<p><span style=\"color: #000000\">Podporuje endokrinn\u00fd syst\u00e9m, ktor\u00fd sa okrem in\u00e9ho star\u00e1 o prenos kysl\u00edka do cel\u00e9ho tela. Stimuluje spr\u00e1vne fungovanie \u017eliaz (hypotalamus, hypof\u00fdza, nadobli\u010dky, \u0161t\u00edtna \u017e\u013eaza) a t\u00fdm stimuluje tvorbu horm\u00f3nov (progester\u00f3n, testoster\u00f3n, DHEA) a reguluje fungovanie cel\u00e9ho hormon\u00e1lneho syst\u00e9mu. Spr\u00e1vne fungovanie endokrinn\u00e9ho syst\u00e9mu s\u00favis\u00ed aj so spr\u00e1vnym fungovan\u00edm imunitn\u00e9ho syst\u00e9mu. Ak je rovnov\u00e1ha kdeko\u013evek v endokrinnom syst\u00e9me naru\u0161en\u00e1, zni\u017euje sa schopnos\u0165 n\u00e1\u0161ho obrann\u00e9ho mechanizmu.<\/span><\/p>\n<p><span style=\"color: #000000\"><strong>Zmier\u0148uje pr\u00edznaky menopauzy a andropauzy (tzv. mu\u017esk\u00e1 menopauza)<\/strong><\/span><\/p>\n<p><span style=\"color: #000000\">Prirodzen\u00fd pokles estrog\u00e9nu, ku ktor\u00e9mu doch\u00e1dza po\u010das menopauzy, m\u00f4\u017ee sp\u00f4sobi\u0165 cel\u00fd rad nepr\u00edjemn\u00fdch sympt\u00f3mov, ako s\u00fa n\u00e1valy tepla, vagin\u00e1lna suchos\u0165, zmeny n\u00e1lady, probl\u00e9my so sp\u00e1nkom a podr\u00e1\u017edenos\u0165. Jedna \u0161t\u00fadia na \u017een\u00e1ch v menopauze zistila, \u017ee maca pom\u00e1ha zmierni\u0165 pr\u00edznaky menopauzy, vr\u00e1tane n\u00e1valov hor\u00fa\u010davy a probl\u00e9mov so sp\u00e1nkom. Maca tie\u017e pom\u00e1ha chr\u00e1ni\u0165 zdravie kost\u00ed a zni\u017euje riziko osteopor\u00f3zy. Spoma\u013euje proces starnutia.<\/span><\/p>\n<p><span style=\"color: #000000\"><strong>Zlep\u0161uje n\u00e1ladu<\/strong><\/span><\/p>\n<p><span style=\"color: #000000\">Viacer\u00e9 \u0161t\u00fadie u\u017e dok\u00e1zali, \u017ee maca dok\u00e1\u017ee zlep\u0161i\u0165 n\u00e1ladu a psychick\u00fa pohodu, ke\u010f\u017ee obsahuje flavonoidy. Zni\u017euje tie\u017e \u00fazkos\u0165 a pr\u00edznaky depresie, najm\u00e4 u \u017eien v menopauze. Pom\u00e1ha zni\u017eova\u0165 stres a nervov\u00e9 nap\u00e4tie, preto\u017ee zvy\u0161uje mno\u017estvo kysl\u00edka v krvi.<\/span><\/p>\n<p><span style=\"color: #000000\"><strong>Zvy\u0161uje energiu a \u0161portov\u00fd v\u00fdkon<\/strong><\/span><\/p>\n<p><span style=\"color: #000000\">Macu vyu\u017e\u00edvaj\u00fa aj \u0161portovci. Pom\u00e1ha n\u00e1m nabera\u0165 svalov\u00fa hmotu, zvy\u0161ova\u0165 silu, energiu, vytrvalos\u0165 a zlep\u0161ova\u0165 efektivitu cvi\u010denia. Konzum\u00e1cia macy m\u00f4\u017ee zlep\u0161i\u0165 v\u00fdkon, najm\u00e4 po\u010das vytrvalostn\u00e9ho tr\u00e9ningu. Pom\u00e1ha pri chronickej \u00fanave. Zvy\u0161uje vitalitu organizmu a du\u0161evn\u00fa a fyzick\u00fa energiu.<\/span><\/p>\n<p><span style=\"color: #000000\"><strong>M\u00e1 dobr\u00fd vplyv na u\u010denie a pam\u00e4\u0165<\/strong><\/span><\/p>\n<p><span style=\"color: #000000\">Maca dok\u00e1\u017ee zlep\u0161i\u0165 funkciu mozgu, m\u00e1 tie\u017e priazniv\u00fd vplyv na u\u010denie, koncentr\u00e1ciu a pam\u00e4\u0165. Tradi\u010dne ho pou\u017e\u00edvali miestni obyvatelia Peru na zlep\u0161enie v\u00fdkonu det\u00ed v \u0161kole. V tomto pr\u00edpade sa najviac osved\u010dila \u010dierna maca.<\/span><\/p>\n<h2><span style=\"color: #000000\">Pri ak\u00fdch probl\u00e9moch pom\u00e1ha, pr\u00edp Komu to odpor\u00fa\u010dame?<\/span><\/h2>\n<p><span style=\"color: #000000\">Maca je adaptog\u00e9nna rastlina, \u010do znamen\u00e1, \u017ee sa nejak\u00fdm sp\u00f4sobom prisp\u00f4sobuje potreb\u00e1m jednotlivca. Adaptog\u00e9ny posil\u0148uj\u00fa org\u00e1nov\u00e9 syst\u00e9my (d\u00fdchac\u00ed syst\u00e9m, tr\u00e1viaci syst\u00e9m, mo\u010dov\u00e9 \u00fastrojenstvo, at\u010f.), no z\u00e1rove\u0148 ich neprestimuluj\u00fa a ani inak nenaru\u0161uj\u00fa ich fungovanie. Odpor\u00fa\u010dame ho vzia\u0165 \u013eu\u010fom, ktor\u00ed potrebuj\u00fa pomoc s:<\/span><\/p>\n<p><span style=\"color: #000000\">\ud83d\udc9a prekon\u00e1vanie probl\u00e9mov so zmenami n\u00e1lad,<\/span><br \/>\n<span style=\"color: #000000\">\ud83d\udc9a pri probl\u00e9moch s neplodnos\u0165ou a menopauzou,<\/span><br \/>\n<span style=\"color: #000000\">\ud83d\udc9a dosiahnutie vy\u0161\u0161ej du\u0161evnej a fyzickej v\u00fdkonnosti,<\/span><br \/>\n<span style=\"color: #000000\">\ud83d\udc9a zv\u00fd\u0161enie sexu\u00e1lnej sily,<\/span><br \/>\n<span style=\"color: #000000\">\ud83d\udc9a mnoho \u010fal\u0161\u00edch zdravotn\u00fdch probl\u00e9mov.<\/span><\/p>\n<p>&nbsp;<\/p>\n<h2><span style=\"color: #000000\">Balenie<\/span><\/h2>\n<p><span style=\"color: #000000\">Nepriepustn\u00e9 vrecko na zips, v ktorom si produkt zachov\u00e1 svoju \u010derstvos\u0165 a v\u00f4\u0148u. Obal chr\u00e1ni pred svetlom a vzduchom, preto\u017ee pozost\u00e1va z nieko\u013ek\u00fdch ochrann\u00fdch vrstiev, ktor\u00e9 zachov\u00e1vaj\u00fa vlastnosti obsahu.<\/span><\/p>\n<p><span style=\"color: #000000\">Obal je ve\u013emi praktick\u00fd a recyklovate\u013en\u00fd.<\/span><\/p>\n<h2><span style=\"color: #000000\">Skladovanie a upozornenia<\/span><\/h2>\n<p><span style=\"color: #000000\">Skladujte na chladnom a suchom mieste. V\u00fd\u017eivov\u00fd doplnok by sa mal skladova\u0165 mimo dosahu det\u00ed!<\/span><\/p>\n<p><span style=\"color: #000000\">Nezab\u00fadajte na pestr\u00fa stravu a zdrav\u00fd \u017eivotn\u00fd \u0161t\u00fdl \u2013 doplnok stravy nem\u00f4\u017ee nahradi\u0165 vyv\u00e1\u017een\u00fa a pestr\u00fa stravu. Neprekra\u010dujte odpor\u00fa\u010dan\u00fa denn\u00fa d\u00e1vku. Tehotn\u00fdm a doj\u010diacim \u017een\u00e1m sa v\u017edy odpor\u00fa\u010da konzultova\u0165 u\u017e\u00edvanie pr\u00edpravku s lek\u00e1rom.<\/span><\/p>\n<h2><span style=\"color: #000000\">Krajina p\u00f4vodu<\/span><\/h2>\n<p><span style=\"color: #000000\">Peru<\/span><\/p>\n","protected":false},"excerpt":{"rendered":"<p>Maca je kore\u0148ov\u00e1 rastlina, ktorej sa dar\u00ed v peru\u00e1nskej andskej vyso\u010dine, vystavenej extr\u00e9mnym poveternostn\u00fdm podmienkam a ve\u013ek\u00fdm teplotn\u00fdm rozdielom medzi d\u0148om a nocou. Lie\u010divou s\u00fa\u010das\u0165ou macesu je h\u013euza, ktor\u00e1 obsahuje mno\u017estvo vitam\u00ednov, miner\u00e1lov a aminokysel\u00edn. V\u010faka obsahu d\u00f4le\u017eit\u00fdch vitam\u00ednov ako vitam\u00edn B1, B12, C a E, ako aj mastn\u00fdch kysel\u00edn, miner\u00e1lov a aminokysel\u00edn je maca jednou z naj\u00fa\u010dinnej\u0161\u00edch, \u017eiadan\u00fdch a odpor\u00fa\u010dan\u00fdch pr\u00edrodn\u00fdch superpotrav\u00edn s nieko\u013ekotis\u00edcro\u010dnou trad\u00edciou.<\/p>\n<p>\ud83d\udc9a Zvy\u0161uje libido.<br \/>\n\ud83d\udc9a Zmier\u0148uje pr\u00edznaky menopauzy a andropauzy.<br \/>\n\ud83d\udc9a Zlep\u0161uje n\u00e1ladu, zmier\u0148uje stres a \u00fazkos\u0165.<br \/>\n\ud83d\udc9a Zvy\u0161uje energiu.<\/p>\n","protected":false},"featured_media":5948,"comment_status":"open","ping_status":"closed","template":"","meta":{"_acf_changed":false},"product_brand":[],"product_cat":[15,224,195,225],"product_tag":[],"class_list":{"0":"post-5947","1":"product","2":"type-product","3":"status-publish","4":"has-post-thumbnail","6":"product_cat-uncategorized","7":"product_cat-ponuka","8":"product_cat-superpotraviny","9":"product_cat-vsetky-produkty","11":"first","12":"instock","13":"sale","14":"taxable","15":"shipping-taxable","16":"purchasable","17":"product-type-simple"},"acf":[],"_links":{"self":[{"href":"https:\/\/fengchashop.com\/sk\/wp-json\/wp\/v2\/product\/5947","targetHints":{"allow":["GET"]}}],"collection":[{"href":"https:\/\/fengchashop.com\/sk\/wp-json\/wp\/v2\/product"}],"about":[{"href":"https:\/\/fengchashop.com\/sk\/wp-json\/wp\/v2\/types\/product"}],"replies":[{"embeddable":true,"href":"https:\/\/fengchashop.com\/sk\/wp-json\/wp\/v2\/comments?post=5947"}],"wp:featuredmedia":[{"embeddable":true,"href":"https:\/\/fengchashop.com\/sk\/wp-json\/wp\/v2\/media\/5948"}],"wp:attachment":[{"href":"https:\/\/fengchashop.com\/sk\/wp-json\/wp\/v2\/media?parent=5947"}],"wp:term":[{"taxonomy":"product_brand","embeddable":true,"href":"https:\/\/fengchashop.com\/sk\/wp-json\/wp\/v2\/product_brand?post=5947"},{"taxonomy":"product_cat","embeddable":true,"href":"https:\/\/fengchashop.com\/sk\/wp-json\/wp\/v2\/product_cat?post=5947"},{"taxonomy":"product_tag","embeddable":true,"href":"https:\/\/fengchashop.com\/sk\/wp-json\/wp\/v2\/product_tag?post=5947"}],"curies":[{"name":"wp","href":"https:\/\/api.w.org\/{rel}","templated":true}]}}