{"id":5944,"date":"2022-03-03T19:48:50","date_gmt":"2022-03-03T18:48:50","guid":{"rendered":"https:\/\/fengchashop.com\/sk\/product\/spirulina-tablety-bio-250-g\/"},"modified":"2026-04-18T19:26:20","modified_gmt":"2026-04-18T17:26:20","slug":"spirulina-tablety-bio","status":"publish","type":"product","link":"https:\/\/fengchashop.com\/sk\/product\/spirulina-tablety-bio\/","title":{"rendered":"Spirulina tablety BIO 250 g"},"content":{"rendered":"<h2><span style=\"color: #000000\">Spirulina tablety BIO<\/span><\/h2>\n<p><span style=\"color: #000000\">Riase spirulina, ktor\u00e1 je zn\u00e1ma ako pr\u00edrodn\u00e1 superpotravina, sa najlep\u0161ie dar\u00ed vo vod\u00e1ch tepl\u00fdch tropick\u00fdch mor\u00ed bohat\u00fdch na miner\u00e1ly. Svoje meno dostal pod\u013ea svojho \u0161pir\u00e1lovit\u00e9ho tvaru a je pova\u017eovan\u00fd za jednu z prv\u00fdch foriem \u017eivota na Zemi. Mimoriadne ob\u013e\u00faben\u00fd a oce\u0148ovan\u00fd bol u\u017e u Azt\u00e9kov. Tradi\u010dne sa z neho pripravovali pr\u00edvarky a r\u00f4zne kol\u00e1\u010de a konzumoval sa kv\u00f4li sile a vytrvalosti. Spirulina si v\u0161ak v posledn\u00fdch rokoch op\u00e4\u0165 z\u00edskala svoju popularitu. U\u017e nieko\u013eko rokov je teda pova\u017eovan\u00e1 za jednu z najlep\u0161\u00edch a najob\u013e\u00fabenej\u0161\u00edch superpotrav\u00edn. Schv\u00e1lila ho aj FDA a WHO a pochuti\u0165 si na \u0148om mali aj astronauti na misi\u00e1ch. Spirulina je pln\u00e1 miner\u00e1lov a soli z mora, oce\u00e1nov. Obsahuj\u00fa rovnak\u00e9 miner\u00e1ly ako \u013eudsk\u00e1 krv. Riasy tak obsahuj\u00fa pr\u00edrodn\u00e9 vitam\u00edny a miner\u00e1ly, ktor\u00e9 s\u00fa pre telo \u013eahko str\u00e1vite\u013en\u00e9.<\/span><\/p>\n<p><span style=\"color: #000000\">Na\u0161a spirulina je z ekologickej produkcie.<\/span><\/p>\n<h2><span style=\"color: #000000\">Ak\u00e9 s\u00fa v\u0161etky v\u00fdhody spiruliny?<\/span><\/h2>\n<p><span style=\"color: #000000\">Obsahuje chlorofyl, vysok\u00e9 percento bielkov\u00edn, v\u0161etky esenci\u00e1lne aminokyseliny a len p\u00e1r percent hlavne nenas\u00fdten\u00fdch tukov. Chlorofyl sa niekedy naz\u00fdva aj zelen\u00e1 krv, ke\u010f\u017ee jeho molekul\u00e1rne zlo\u017eenie je mimoriadne podobn\u00e9 hemoglob\u00ednu a t\u00fdm p\u00e1dom pre n\u00e1s vhodn\u00e9 \u2013 zlep\u0161uje krvn\u00fd obraz. Spirulina je tie\u017e ve\u013emi \u013eahko str\u00e1vite\u013en\u00e1 v\u010faka svojej bunkovej stene, ktor\u00fa tvoria str\u00e1vite\u013en\u00e9 mukopolysacharidy (a nie celul\u00f3za ako u in\u00fdch rastl\u00edn). Z aminokysel\u00edn je najd\u00f4le\u017eitej\u0161ia kyselina gama-linol\u00e9nov\u00e1 (GLA), ktor\u00e1 sa nach\u00e1dza len v materskom mlieku, svetlicovom oleji, konopn\u00fdch semienkach a niektor\u00fdch \u010fal\u0161\u00edch riasach. P\u00f4sob\u00ed protiz\u00e1palovo, pom\u00e1ha zni\u017eova\u0165 krvn\u00fd tlak a zlep\u0161uje \u010dinnos\u0165 nervovej s\u00fastavy, p\u00f4sob\u00ed proti vzniku alergi\u00ed, ke\u010f\u017ee podporuje zdrav\u00fa reakciu na alerg\u00e9ny. Obsahuje tie\u017e fykocyan\u00edn, ktor\u00fd stimuluje tvorbu kme\u0148ov\u00fdch buniek.<\/span><\/p>\n<p><span style=\"color: #000000\">Priaznivo p\u00f4sob\u00ed aj na tr\u00e1venie a podporuje rast dobr\u00fdch bakt\u00e9ri\u00ed v \u010drev\u00e1ch a zlep\u0161uje \u010drevn\u00fa fl\u00f3ru. Spirulina je v\u00fdbornou podporou zdravej v\u00fd\u017eivy a r\u00f4znych (zo\u0161t\u00edh\u013euj\u00facich) di\u00e9t.<\/span><\/p>\n<p><span style=\"color: #000000\">Spirulina je bohat\u00fdm pr\u00edrodn\u00fdm zdrojom drasl\u00edka, ako aj \u017eeleza, v\u00e1pnika, zinku, sod\u00edka, mang\u00e1nu, hor\u010d\u00edka, sel\u00e9nu, j\u00f3du, chr\u00f3mu a dokonca aj s\u00edry. Obsahuje tie\u017e betakarot\u00e9n a elektrolyty. Z vitam\u00ednov s\u00fa najd\u00f4le\u017eitej\u0161ie vitam\u00edn A1, B1, B2, B3, B6, B9, B12, C, D a E.<\/span><\/p>\n<p><span style=\"color: #000000\">Okrem vy\u0161\u0161ie uveden\u00e9ho stoj\u00ed za zmienku aj to, \u017ee spirulina dobre p\u00f4sob\u00ed aj na vlasy a poko\u017eku. Zabra\u0148uje nadmern\u00e9mu vypad\u00e1vaniu vlasov, posil\u0148uje ich a odstra\u0148uje lupiny. Upokojuje poko\u017eku, obnovuje jej elasticitu a spoma\u013euje starnutie. Ple\u0165ov\u00fa masku si priprav\u00edte zo \u0161tvrtiny \u010dajovej ly\u017ei\u010dky spiruliny a nieko\u013ek\u00fdch kvapiek vody, ktor\u00fa nanesiete na vy\u010disten\u00fa ple\u0165 tv\u00e1re a nech\u00e1te p\u00f4sobi\u0165 20 min\u00fat. Potom dobre opl\u00e1chnite a navlh\u010dite kr\u00e9mom. Proces m\u00f4\u017eete opakova\u0165 2-3 kr\u00e1t t\u00fd\u017edenne.<\/span><\/p>\n<h2><span style=\"color: #000000\">Pre\u010do sa spirulina naz\u00fdva superpotravina a pre\u010do je dobr\u00e9 ju konzumova\u0165?<\/span><\/h2>\n<p><span style=\"color: #000000\">Spirulina m\u00e1 unik\u00e1tne zlo\u017eenie, ktor\u00e9 obsahuje vysok\u00e9 mno\u017estvo rastlinn\u00fdch bielkov\u00edn (aj esenci\u00e1lnych bielkov\u00edn a aminokysel\u00edn), vitam\u00ednov, miner\u00e1lov a \u010fal\u0161\u00edch d\u00f4le\u017eit\u00fdch akt\u00edvnych l\u00e1tok. Jeho jedine\u010dn\u00e9 zlo\u017eenie dokonale vy\u017eivuje bunky \u013eudsk\u00e9ho organizmu. Okrem toho podporuje posilnenie imunitn\u00e9ho syst\u00e9mu, zmier\u0148uje prejavy alergi\u00ed, preto\u017ee zni\u017euje sekr\u00e9ciu histam\u00ednu, chr\u00e1ni pred infekciami r\u00f4znymi mikr\u00f3bmi a m\u00e1 probiotick\u00e9 vlastnosti. Odstra\u0148uje \u0165a\u017ek\u00e9 kovy z tela a t\u00fdm detoxikuje.<\/span><\/p>\n<p><span style=\"color: #000000\">Ozna\u010duje sa aj ako superpotravina, preto\u017ee m\u00e1 vysok\u00fd pomer \u00fa\u010dinnosti bielkov\u00edn, ke\u010f\u017ee bielkoviny zo spiruliny s\u00fa \u013eahko str\u00e1vite\u013en\u00e9 a telo ich dok\u00e1\u017ee efekt\u00edvne vyu\u017ei\u0165 vo svojich procesoch.<\/span><\/p>\n<p><span style=\"color: #000000\">Spirulina je modrozelen\u00e1 mikroskopick\u00e1 rastlina, ktor\u00fa je dobr\u00e9 konzumova\u0165, preto\u017ee:<\/span><\/p>\n<p><span style=\"color: #000000\">\ud83d\udc9a obsahuje cel\u00e9 spektrum mikro\u017eiv\u00edn, ktor\u00e9 vy\u017eivuj\u00fa telo aj myse\u013e,<\/span><br \/>\n<span style=\"color: #000000\">\ud83d\udc9a posil\u0148uje imunitn\u00fd syst\u00e9m, ke\u010f\u017ee je siln\u00fdm antioxidantom,<\/span><br \/>\n<span style=\"color: #000000\">\ud83d\udc9a detoxikuje organizmus, ke\u010f\u017ee na seba via\u017ee jedy,<\/span><br \/>\n<span style=\"color: #000000\">\ud83d\udc9a kontroluje chu\u0165 do jedla a pom\u00e1ha kontrolova\u0165 telesn\u00fa hmotnos\u0165,<\/span><br \/>\n<span style=\"color: #000000\">\ud83d\udc9a je bohat\u00fdm zdrojom rastlinn\u00fdch bielkov\u00edn, ke\u010f\u017ee ich obsahuje a\u017e 60-70%.<\/span><\/p>\n<h2><span style=\"color: #000000\">Balenie<\/span><\/h2>\n<p><span style=\"color: #000000\">Nepriepustn\u00e9 vrecko na zips, v ktorom si produkt zachov\u00e1 svoju \u010derstvos\u0165 a v\u00f4\u0148u. Obal chr\u00e1ni pred svetlom a vzduchom, preto\u017ee pozost\u00e1va z nieko\u013ek\u00fdch ochrann\u00fdch vrstiev, ktor\u00e9 zachov\u00e1vaj\u00fa vlastnosti obsahu.<\/span><\/p>\n<p><span style=\"color: #000000\">Obal je ve\u013emi praktick\u00fd a recyklovate\u013en\u00fd.<\/span><\/p>\n<h2><span style=\"color: #000000\">Skladovanie a upozornenia<\/span><\/h2>\n<p><span style=\"color: #000000\">Skladujte na chladnom a suchom mieste. V\u00fd\u017eivov\u00fd doplnok by sa mal skladova\u0165 mimo dosahu det\u00ed!<\/span><\/p>\n<p><span style=\"color: #000000\">Nezab\u00fadajte na pestr\u00fa stravu a zdrav\u00fd \u017eivotn\u00fd \u0161t\u00fdl \u2013 doplnok stravy nem\u00f4\u017ee nahradi\u0165 vyv\u00e1\u017een\u00fa a pestr\u00fa stravu. Neprekra\u010dujte odpor\u00fa\u010dan\u00fa denn\u00fa d\u00e1vku. Tehotn\u00fdm a doj\u010diacim \u017een\u00e1m sa v\u017edy odpor\u00fa\u010da konzultova\u0165 u\u017e\u00edvanie pr\u00edpravku s lek\u00e1rom.<\/span><\/p>\n<p><span style=\"color: #000000\">Spirulina m\u00f4\u017ee obsahova\u0165 siri\u010ditany, ktor\u00e9 s\u00fa prirodzene pr\u00edtomn\u00e9 v riasach.<\/span><\/p>\n<h2><span style=\"color: #000000\">Krajina p\u00f4vodu<\/span><\/h2>\n<p><span style=\"color: #000000\">\u010c\u00edna. <\/span><\/p>\n<p><span style=\"color: #000000\">M\u00e1me ve\u013emi spo\u013eahliv\u00fdch dod\u00e1vate\u013eov, ktor\u00ed n\u00e1m posielaj\u00fa podrobn\u00fa chemick\u00fa anal\u00fdzu produktu pre ka\u017ed\u00fa \u0161ar\u017eu. Za viac ako 10 rokov sme s t\u00fdmto produktom, ani s in\u00fdm produktom od toho ist\u00e9ho dod\u00e1vate\u013ea, nikdy nemali \u017eiadne stiahnutie produktu \u010di in\u00fd probl\u00e9m. <\/span><\/p>\n<p><span style=\"color: #000000\">Tento produkt je <strong>100%<\/strong> certifikovan\u00fd ako ekologick\u00fd.<\/span><\/p>\n","protected":false},"excerpt":{"rendered":"<p>Spiruline, zn\u00e1mej ako pr\u00edrodn\u00e1 superpotravina, sa najlep\u0161ie dar\u00ed vo vod\u00e1ch tepl\u00e9ho tropick\u00e9ho mora bohat\u00fdch na miner\u00e1ly. Spirulina je pln\u00e1 miner\u00e1lov a sol\u00ed z mora, oce\u00e1nov. A obsahuj\u00fa rovnak\u00e9 miner\u00e1ly ako \u013eudsk\u00e1 krv. Riasy teda obsahuj\u00fa pr\u00edrodn\u00e9 vitam\u00edny a miner\u00e1ly, tak\u017ee s\u00fa pre telo \u013eahko str\u00e1vite\u013en\u00e9.<\/p>\n<p>\ud83d\udc9a Posil\u0148uje imunitn\u00fd syst\u00e9m, preto\u017ee je siln\u00fdm antioxidantom.<br \/>\n\ud83d\udc9a Detoxikuje organizmus t\u00fdm, \u017ee via\u017ee tox\u00edny.<br \/>\n\ud83d\udc9a Riadi chu\u0165 do jedla a pom\u00e1ha kontrolova\u0165 hmotnos\u0165.<br \/>\n\ud83d\udc9a Je bohat\u00fdm zdrojom rastlinn\u00fdch bielkov\u00edn.<\/p>\n","protected":false},"featured_media":5945,"comment_status":"open","ping_status":"closed","template":"","meta":{"_acf_changed":false},"product_brand":[],"product_cat":[15,224,222,195,225],"product_tag":[],"class_list":{"0":"post-5944","1":"product","2":"type-product","3":"status-publish","4":"has-post-thumbnail","6":"product_cat-uncategorized","7":"product_cat-ponuka","8":"product_cat-riasy-a-travy","9":"product_cat-superpotraviny","10":"product_cat-vsetky-produkty","12":"first","13":"instock","14":"sale","15":"taxable","16":"shipping-taxable","17":"purchasable","18":"product-type-simple"},"acf":[],"_links":{"self":[{"href":"https:\/\/fengchashop.com\/sk\/wp-json\/wp\/v2\/product\/5944","targetHints":{"allow":["GET"]}}],"collection":[{"href":"https:\/\/fengchashop.com\/sk\/wp-json\/wp\/v2\/product"}],"about":[{"href":"https:\/\/fengchashop.com\/sk\/wp-json\/wp\/v2\/types\/product"}],"replies":[{"embeddable":true,"href":"https:\/\/fengchashop.com\/sk\/wp-json\/wp\/v2\/comments?post=5944"}],"wp:featuredmedia":[{"embeddable":true,"href":"https:\/\/fengchashop.com\/sk\/wp-json\/wp\/v2\/media\/5945"}],"wp:attachment":[{"href":"https:\/\/fengchashop.com\/sk\/wp-json\/wp\/v2\/media?parent=5944"}],"wp:term":[{"taxonomy":"product_brand","embeddable":true,"href":"https:\/\/fengchashop.com\/sk\/wp-json\/wp\/v2\/product_brand?post=5944"},{"taxonomy":"product_cat","embeddable":true,"href":"https:\/\/fengchashop.com\/sk\/wp-json\/wp\/v2\/product_cat?post=5944"},{"taxonomy":"product_tag","embeddable":true,"href":"https:\/\/fengchashop.com\/sk\/wp-json\/wp\/v2\/product_tag?post=5944"}],"curies":[{"name":"wp","href":"https:\/\/api.w.org\/{rel}","templated":true}]}}