{"id":5938,"date":"2022-03-03T18:32:00","date_gmt":"2022-03-03T17:32:00","guid":{"rendered":"https:\/\/fengchashop.com\/sk\/product\/acai-bobule-v-prasku-bio-125-g\/"},"modified":"2026-02-02T13:59:04","modified_gmt":"2026-02-02T12:59:04","slug":"acai-bobule-v-prasku-bio","status":"publish","type":"product","link":"https:\/\/fengchashop.com\/sk\/product\/acai-bobule-v-prasku-bio\/","title":{"rendered":"Acai bobule v pr\u00e1\u0161ku BIO 125 g"},"content":{"rendered":"<h2><span style=\"color: #000000;\">Pr\u00e1\u0161ok z bob\u00fa\u013e Acai (lyofilizovan\u00fd) BIO<\/span><\/h2>\n<p><span style=\"color: #000000;\">Juhoameri\u010dania pou\u017e\u00edvaj\u00fa bobule acai vo svojej kuchyni u\u017e po st\u00e1ro\u010dia a polovica ich tradi\u010dn\u00fdch jed\u00e1l obsahuje aspo\u0148 n\u00e1znak bob\u00fa\u013e acai. Rast\u00fa na vysok\u00fdch palm\u00e1ch v Amaz\u00f3nii a <strong>obsahuj\u00fa mnoho \u017eiv\u00edn prospe\u0161n\u00fdch pre \u010dloveka<\/strong> &#8211; vitam\u00edny, miner\u00e1ly, antioxidanty a fytonutrienty. S\u00fa vynikaj\u00facim zdrojom \u017eeleza a vl\u00e1kniny. Pr\u00e1\u0161ok z bob\u00fa\u013e Acai obsahuje obrovsk\u00e9 mno\u017estvo antioxidantov. Tie sa staraj\u00fa o vo\u013en\u00e9 radik\u00e1ly v \u013eudskom tele a odh\u00e1\u0148aj\u00fa mnoh\u00e9 choroby a pom\u00e1haj\u00fa pri strate nadbyto\u010dn\u00fdch kilogramov.<\/span><\/p>\n<p><strong><span style=\"color: #000000;\">Braz\u00edlske \u010dierne bobule acai obsahuj\u00fa mno\u017estvo lie\u010div\u00fdch l\u00e1tok, ktor\u00e9:<\/span><\/strong><\/p>\n<p><span style=\"color: #000000;\">\ud83d\udc9a napom\u00e1ha tr\u00e1veniu,<\/span><br \/>\n<span style=\"color: #000000;\">\ud83d\udc9a pre\u010dis\u0165uj\u00fa organizmus,<\/span><br \/>\n<span style=\"color: #000000;\">\ud83d\udc9a zvy\u0161uj\u00fa energiu a<\/span><br \/>\n<span style=\"color: #000000;\">\ud83d\udc9a zlep\u0161uj\u00fa sp\u00e1nok.<\/span><\/p>\n<p><span style=\"color: #000000;\">N\u00e1\u0161 pr\u00e1\u0161ok z bob\u00fa\u013e acai poch\u00e1dza z ekologickej produkcie. Maj\u00fa ve\u013emi kompaktn\u00fa \u0161trukt\u00faru, preto ich zara\u010fujeme do pr\u00e9miovej kvality.<\/span><\/p>\n<h2><span style=\"color: #000000;\">Pou\u017eitie a odpor\u00fa\u010dan\u00e9 denn\u00e9 mno\u017estvo<\/span><\/h2>\n<p><span style=\"color: #000000;\">Bobule acai, podobne ako in\u00e9 bobu\u013eovit\u00e9 ovocie, s\u00fa mimoriadne bohat\u00e9 na fytonutrienty &#8211; protil\u00e1tky, ktor\u00e9 n\u00e1s chr\u00e1nia pred po\u0161koden\u00edm buniek, chr\u00e1nia na\u0161e srdce, cievy a mozog a zmier\u0148uj\u00fa z\u00e1paly. Antacin\u00edny im z\u00e1rove\u0148 dod\u00e1vaj\u00fa charakteristick\u00fa \u010dervenofialov\u00fa farbu.<\/span><\/p>\n<p><span style=\"color: #000000;\">Bobule Acai maj\u00fa<strong> jemn\u00fa a pr\u00edjemne sladk\u00fa chu\u0165<\/strong>, v\u010faka ktorej s\u00fa ob\u013e\u00faben\u00fdm doplnkom v\u0161etk\u00fdch druhov ra\u0148ajok. Mo\u017eno ich prida\u0165 do smoothies, jogurtov alebo ka\u0161\u00ed a obohati\u0165 tak ka\u017ed\u00e9 jedlo. Alebo ich jednoducho zmie\u0161ajte s akouko\u013evek tekutinou a vypite.<\/span><\/p>\n<p><span style=\"color: #000000;\">Dobre sa kombinuj\u00fa s in\u00fdm ovoc\u00edm, najm\u00e4 s ban\u00e1nom, dat\u013eami a in\u00fdmi bobu\u013eovit\u00fdmi plodmi.<\/span><\/p>\n<p><span style=\"color: #000000;\">Odpor\u00fa\u010dame u\u017e\u00edva\u0165<strong>1 a\u017e 2 \u010dajov\u00e9 ly\u017ei\u010dky denne<\/strong>, pr\u00edpadne aj viac.<\/span><\/p>\n<p><span style=\"color: #000000;\">Pr\u00e1\u0161ok z bob\u00fa\u013e Acai sa m\u00f4\u017ee pou\u017ei\u0165 aj v dom\u00e1cich pr\u00edpravkoch na starostlivos\u0165 o ple\u0165. Inak m\u00e1 pozit\u00edvny vplyv na vzh\u013ead pleti u\u017e samotn\u00e1 konzum\u00e1cia bob\u00fa\u013e acai.<\/span><\/p>\n<h2><span style=\"color: #000000;\">Balenie:<\/span><\/h2>\n<p><span style=\"color: #000000;\">V nepriepustnom vrec\u00fa\u0161ku na zips, v ktorom si v\u00fdrobok zachov\u00e1va v\u0161etku svoju svie\u017eos\u0165 a ar\u00f3mu. Obal chr\u00e1ni pred svetlom a vzduchom, preto\u017ee je zlo\u017een\u00fd z nieko\u013ek\u00fdch ochrann\u00fdch vrstiev, ktor\u00e9 zachov\u00e1vaj\u00fa vlastnosti obsahu.<\/span><\/p>\n<p><span style=\"color: #000000;\">Obal je ve\u013emi praktick\u00fd a recyklovate\u013en\u00fd.<\/span><\/p>\n<h2><span style=\"color: #000000;\">Skladovanie a upozornenia<\/span><\/h2>\n<p><span style=\"color: #000000;\">Skladujte na chladnom a suchom mieste. Uchov\u00e1vajte mimo dosahu det\u00ed.<\/span><\/p>\n<p><span style=\"color: #000000;\">Pam\u00e4tajte na d\u00f4le\u017eitos\u0165 pestrej stravy a zdrav\u00e9ho \u017eivotn\u00e9ho \u0161t\u00fdlu, doplnok stravy preto nenahr\u00e1dza vyv\u00e1\u017een\u00fa a pestr\u00fa stravu. Odpor\u00fa\u010dan\u00e9 denn\u00e9 mno\u017estvo alebo d\u00e1vka by sa nemali prekra\u010dova\u0165. Tehotn\u00fdm a doj\u010diacim \u017een\u00e1m sa v\u017edy odpor\u00fa\u010da, aby sa pred u\u017e\u00edvan\u00edm poradili s lek\u00e1rom.<\/span><\/p>\n<h2><span style=\"color: #000000;\">Zdroj: Mlieko a mlie\u010dne v\u00fdrobky:<\/span><\/h2>\n<p><span style=\"color: #000000;\">Braz\u00edlia alebo Kolumbia<\/span><\/p>\n","protected":false},"excerpt":{"rendered":"<p align=\"JUSTIFY\">Juhoameri\u010dania pou\u017e\u00edvaj\u00fa bobule acai vo svojej kuchyni u\u017e po st\u00e1ro\u010dia a polovica ich tradi\u010dn\u00fdch jed\u00e1l obsahuje aspo\u0148 n\u00e1znak bob\u00fa\u013e acai. Rast\u00fa na vysok\u00fdch palm\u00e1ch v Amaz\u00f3nii a <strong>obsahuj\u00fa mnoho \u017eiv\u00edn, ktor\u00e9 s\u00fa pre \u010dloveka prospe\u0161n\u00e9<\/strong> &#8211; vitam\u00edny, miner\u00e1ly, antioxidanty a fytonutrienty. S\u00fa vynikaj\u00facim zdrojom \u017eeleza a vl\u00e1kniny. Pr\u00e1\u0161ok z bob\u00fa\u013e Acai obsahuje obrovsk\u00e9 mno\u017estvo antioxidantov.<\/p>\n<p align=\"JUSTIFY\"><span style=\"color: #000000;\">\ud83d\udc9a Posil\u0148uj\u00fa imunitn\u00fd syst\u00e9m.<\/span><br \/>\n<span style=\"color: #000000;\">\ud83d\udc9a Zvy\u0161uj\u00fa hladinu energie.<\/span><br \/>\n<span style=\"color: #000000;\">\ud83d\udc9a Pom\u00e1haj\u00fa pri tr\u00e1ven\u00ed.<\/span><br \/>\n<span style=\"color: #000000;\">\ud83d\udc9a Zlep\u0161uj\u00fa sp\u00e1nok.<\/span><\/p>\n<p align=\"JUSTIFY\">\n","protected":false},"featured_media":5939,"comment_status":"open","ping_status":"closed","template":"","meta":{"_acf_changed":false},"product_brand":[],"product_cat":[15,224,195,225],"product_tag":[],"class_list":{"0":"post-5938","1":"product","2":"type-product","3":"status-publish","4":"has-post-thumbnail","6":"product_cat-uncategorized","7":"product_cat-ponuka","8":"product_cat-superpotraviny","9":"product_cat-vsetky-produkty","11":"first","12":"outofstock","13":"taxable","14":"shipping-taxable","15":"purchasable","16":"product-type-simple"},"acf":[],"_links":{"self":[{"href":"https:\/\/fengchashop.com\/sk\/wp-json\/wp\/v2\/product\/5938","targetHints":{"allow":["GET"]}}],"collection":[{"href":"https:\/\/fengchashop.com\/sk\/wp-json\/wp\/v2\/product"}],"about":[{"href":"https:\/\/fengchashop.com\/sk\/wp-json\/wp\/v2\/types\/product"}],"replies":[{"embeddable":true,"href":"https:\/\/fengchashop.com\/sk\/wp-json\/wp\/v2\/comments?post=5938"}],"wp:featuredmedia":[{"embeddable":true,"href":"https:\/\/fengchashop.com\/sk\/wp-json\/wp\/v2\/media\/5939"}],"wp:attachment":[{"href":"https:\/\/fengchashop.com\/sk\/wp-json\/wp\/v2\/media?parent=5938"}],"wp:term":[{"taxonomy":"product_brand","embeddable":true,"href":"https:\/\/fengchashop.com\/sk\/wp-json\/wp\/v2\/product_brand?post=5938"},{"taxonomy":"product_cat","embeddable":true,"href":"https:\/\/fengchashop.com\/sk\/wp-json\/wp\/v2\/product_cat?post=5938"},{"taxonomy":"product_tag","embeddable":true,"href":"https:\/\/fengchashop.com\/sk\/wp-json\/wp\/v2\/product_tag?post=5938"}],"curies":[{"name":"wp","href":"https:\/\/api.w.org\/{rel}","templated":true}]}}