{"id":5934,"date":"2022-03-03T10:33:34","date_gmt":"2022-03-03T09:33:34","guid":{"rendered":"https:\/\/fengchashop.com\/sk\/product\/mucuna-pruriens-bio-250-g\/"},"modified":"2026-04-18T03:44:15","modified_gmt":"2026-04-18T01:44:15","slug":"mucuna-pruriens-bio-250-g","status":"publish","type":"product","link":"https:\/\/fengchashop.com\/sk\/product\/mucuna-pruriens-bio-250-g\/","title":{"rendered":"Mucuna pruriens BIO 250 g"},"content":{"rendered":"<h2><span style=\"color: #000000\">Mucuna pruriens pr\u00e1\u0161ok BIO<\/span><\/h2>\n<p><span style=\"color: #000000\">Mucuna pruriens je tropick\u00e1 strukovina p\u00f4vodom z Afriky a tropickej \u00c1zie. Rastlina je zn\u00e1ma vysok\u00fdm obsahom l-dopy alebo levodopy, \u010do je metabolick\u00e1 forma dopam\u00ednu. In\u00fdmi slovami, je to prekurzor neurotransmitera naz\u00fdvan\u00e9ho dopam\u00edn. Pr\u00ed\u010dinou sympt\u00f3mov Parkinsonovej choroby je nedostato\u010dn\u00e1 tvorba dopam\u00ednu. To sa \u010dasto zmier\u0148uje pomocou liekov s prekurzormi dopam\u00ednu, preto\u017ee na rozdiel od dopam\u00ednu dok\u00e1\u017ee prejs\u0165 hematoencefalickou bari\u00e9rou a t\u00fdm zmierni\u0165 pr\u00edznaky Parkinsonovej choroby.<\/span><\/p>\n<p><span style=\"color: #000000\">Strukovina je popul\u00e1rna v ajurv\u00e9de u\u017e viac ako 4500 rokov, kde je zn\u00e1ma svojou schopnos\u0165ou v\u00fdrazne zmierni\u0165 neurotoxicitu sp\u00f4soben\u00fa Parkinsonovou chorobou. Niekde sa tie\u017e tradi\u010dne pou\u017e\u00edva ako protijed na u\u0161tipnutie niektor\u00fdmi jedovat\u00fdmi hadmi.<\/span><\/p>\n<p><span style=\"color: #000000\">Mucuna pruriens ovplyv\u0148uje aj \u010fal\u0161iu zauj\u00edmav\u00fa oblas\u0165, ktorou je vplyv na kvalitu spermi\u00ed u inak neplodn\u00fdch mu\u017eov. Doteraj\u0161ie d\u00f4kazy ukazuj\u00fa, \u017ee m\u00f4\u017ee ovplyvni\u0165 motilitu a koncentr\u00e1ciu spermi\u00ed a t\u00fdm zlep\u0161i\u0165 plodnos\u0165. Pom\u00e1ha tie\u017e pri rie\u0161en\u00ed sexu\u00e1lnych probl\u00e9mov \u017eien.<\/span><\/p>\n<h2><span style=\"color: #000000\">Komu sa odpor\u00fa\u010da u\u017e\u00edva\u0165 mucuna pruriens?<\/span><\/h2>\n<p><span style=\"color: #000000\">Ke\u010f\u017ee mucuna pruriens je prirodzen\u00fdm zdrojom l-dopy, m\u00f4\u017eeme ju odporu\u010di\u0165 ka\u017ed\u00e9mu, kto sa zaober\u00e1 Parkinsonovou chorobou. Ako dodato\u010dn\u00e9 alebo po\u010diato\u010dn\u00e9 zmiernenie pr\u00edznakov tohto z\u00e1va\u017en\u00e9ho ochorenia. Samozrejme, v t\u00fdchto pr\u00edpadoch v\u017edy na radu a pod doh\u013eadom lek\u00e1ra.<\/span><\/p>\n<p><span style=\"color: #000000\">M\u00f4\u017ee sa pou\u017ei\u0165 aj na pomoc pri mu\u017eskej neplodnosti, preto\u017ee ovplyv\u0148uje mno\u017estvo a kvalitu spermi\u00ed.<\/span><\/p>\n<p><span style=\"color: #000000\">Je v\u00fdbornou pom\u00f4ckou aj pre endokrinn\u00fd syst\u00e9m, ke\u010f\u017ee pom\u00e1ha obnovi\u0165 hormon\u00e1lnu rovnov\u00e1hu.<\/span><\/p>\n<p><span style=\"color: #000000\">Zlep\u0161uje du\u0161evn\u00fa pohodu a n\u00e1ladu.<\/span><\/p>\n<p><span style=\"color: #000000\">M\u00e1 siln\u00fd antioxida\u010dn\u00fd \u00fa\u010dinok. Spolu s l-dopou podporuje zdravie mozgu a pom\u00e1ha zvy\u0161ova\u0165 hladiny dopam\u00ednu v mozgu, ktor\u00fd je tie\u017e spojen\u00fd s regul\u00e1ciou n\u00e1lady a kogn\u00edciou. Z\u00e1rove\u0148 p\u00f4sob\u00ed na zlep\u0161enie mozgov\u00fdch funkci\u00ed, zvy\u0161uje koncentr\u00e1ciu a intelektu\u00e1lnu kapacitu.<\/span><\/p>\n<p><span style=\"color: #000000\">Ajurv\u00e9dska trad\u00edcia tie\u017e pou\u017e\u00edva zamatov\u00e9 fazule na pozit\u00edvne podporu du\u0161evn\u00e9ho zdravia a na lep\u0161iu reakciu na stres.<\/span><\/p>\n<p><span style=\"color: #000000\">Nieko\u013eko \u0161t\u00fadi\u00ed tie\u017e sk\u00fama mucuno prurensis na zn\u00ed\u017eenie hladiny gluk\u00f3zy v krvi, a t\u00fdm na prevenciu cukrovky.<\/span><\/p>\n<p><span style=\"color: #000000\">Pr\u00edtomnos\u0165 seroton\u00ednu a levodopy zlep\u0161uje cyklus sp\u00e1nku a bdenia a podporuje hlbok\u00fd sp\u00e1nok a relax\u00e1ciu.<\/span><\/p>\n<h2><span style=\"color: #000000\">Skladovanie a upozornenia<\/span><\/h2>\n<p><span style=\"color: #000000\">Skladujte na chladnom a suchom mieste. V\u00fd\u017eivov\u00fd doplnok uchov\u00e1vajte mimo dosahu det\u00ed!<\/span><\/p>\n<p><span style=\"color: #000000\">Nezab\u00fadajte na d\u00f4le\u017eitos\u0165 pestrej stravy a zdrav\u00e9ho \u017eivotn\u00e9ho \u0161t\u00fdlu, v\u00fd\u017eivov\u00fd doplnok preto nie je n\u00e1hradou vyv\u00e1\u017eenej a pestrej stravy. Odpor\u00fa\u010dan\u00e9 denn\u00e9 mno\u017estvo alebo d\u00e1vka sa nesmie prekro\u010di\u0165. Tehotn\u00fdm a doj\u010diacim matk\u00e1m sa neodpor\u00fa\u010da pou\u017e\u00edva\u0165, preto\u017ee m\u00f4\u017ee ma\u0165 negat\u00edvny vplyv na maternicu a plod. Odpor\u00fa\u010dame tie\u017e opatrnos\u0165 pri u\u017e\u00edvan\u00ed liekov na Parkinsonovu chorobu (napr. inhib\u00edtory MAO) \u2013 v tomto pr\u00edpade pr\u00edpravok u\u017e\u00edvajte len pod doh\u013eadom lek\u00e1ra.<\/span><\/p>\n<p><span style=\"color: #000000\">V ojedinel\u00fdch pr\u00edpadoch m\u00f4\u017ee pr\u00edpravok u citliv\u00fdch os\u00f4b vyvola\u0165 nevo\u013enos\u0165, vracanie alebo hna\u010dku. V tomto pr\u00edpade neodpor\u00fa\u010dame pou\u017e\u00edva\u0165.<\/span><\/p>\n<h2><span style=\"color: #000000\">Balenie<\/span><\/h2>\n<p><span style=\"color: #000000\">Nepriepustn\u00e9 vrecko so zipsom, v ktorom si produkt zachov\u00e1va svoju \u010derstvos\u0165 a v\u00f4\u0148u. Obal chr\u00e1ni pred svetlom a vzduchom, ke\u010f\u017ee sa sklad\u00e1 z nieko\u013ek\u00fdch ochrann\u00fdch vrstiev, ktor\u00e9 uchov\u00e1vaj\u00fa vlastnosti obsahu vn\u00fatri.<\/span><br \/>\n<span style=\"color: #000000\">Obal je ve\u013emi praktick\u00fd a recyklovate\u013en\u00fd.<\/span><\/p>\n<h2><span style=\"color: #000000\">P\u00f4vod<\/span><\/h2>\n<p><span style=\"color: #000000\">India<\/span><\/p>\n","protected":false},"excerpt":{"rendered":"<p>Mucuna pruriens je tropick\u00e1 strukovina p\u00f4vodom z Afriky a tropickej \u00c1zie. U n\u00e1s je zn\u00e1my aj pod n\u00e1zvom aksamietnica.<\/p>\n<p>\ud83d\udc9a Je prirodzen\u00fdm zdrojom l-dopa.<br \/>\n\ud83d\udc9a Pom\u00e1ha obnovi\u0165 hormon\u00e1lnu rovnov\u00e1hu.<br \/>\n\ud83d\udc9a Zlep\u0161uje du\u0161evn\u00fa pohodu a n\u00e1ladu.<br \/>\n\ud83d\udc9a M\u00e1 antioxida\u010dn\u00fd \u00fa\u010dinok.<\/p>\n<p align=\"JUSTIFY\">\n","protected":false},"featured_media":5935,"comment_status":"open","ping_status":"closed","template":"","meta":{"_acf_changed":false},"product_brand":[],"product_cat":[15,194,228,224,195,225],"product_tag":[],"class_list":{"0":"post-5934","1":"product","2":"type-product","3":"status-publish","4":"has-post-thumbnail","6":"product_cat-uncategorized","7":"product_cat-ajurveda","8":"product_cat-najpredavanejsie","9":"product_cat-ponuka","10":"product_cat-superpotraviny","11":"product_cat-vsetky-produkty","13":"first","14":"instock","15":"sale","16":"taxable","17":"shipping-taxable","18":"purchasable","19":"product-type-simple"},"acf":[],"_links":{"self":[{"href":"https:\/\/fengchashop.com\/sk\/wp-json\/wp\/v2\/product\/5934","targetHints":{"allow":["GET"]}}],"collection":[{"href":"https:\/\/fengchashop.com\/sk\/wp-json\/wp\/v2\/product"}],"about":[{"href":"https:\/\/fengchashop.com\/sk\/wp-json\/wp\/v2\/types\/product"}],"replies":[{"embeddable":true,"href":"https:\/\/fengchashop.com\/sk\/wp-json\/wp\/v2\/comments?post=5934"}],"wp:featuredmedia":[{"embeddable":true,"href":"https:\/\/fengchashop.com\/sk\/wp-json\/wp\/v2\/media\/5935"}],"wp:attachment":[{"href":"https:\/\/fengchashop.com\/sk\/wp-json\/wp\/v2\/media?parent=5934"}],"wp:term":[{"taxonomy":"product_brand","embeddable":true,"href":"https:\/\/fengchashop.com\/sk\/wp-json\/wp\/v2\/product_brand?post=5934"},{"taxonomy":"product_cat","embeddable":true,"href":"https:\/\/fengchashop.com\/sk\/wp-json\/wp\/v2\/product_cat?post=5934"},{"taxonomy":"product_tag","embeddable":true,"href":"https:\/\/fengchashop.com\/sk\/wp-json\/wp\/v2\/product_tag?post=5934"}],"curies":[{"name":"wp","href":"https:\/\/api.w.org\/{rel}","templated":true}]}}