{"id":5932,"date":"2022-03-03T10:14:54","date_gmt":"2022-03-03T09:14:54","guid":{"rendered":"https:\/\/fengchashop.com\/sk\/product\/pestrec-mariansky-silymarin-prasok-bio-250-g\/"},"modified":"2026-05-03T18:28:48","modified_gmt":"2026-05-03T16:28:48","slug":"pestrec-mariansky-silymarin-prasok-bio","status":"publish","type":"product","link":"https:\/\/fengchashop.com\/sk\/product\/pestrec-mariansky-silymarin-prasok-bio\/","title":{"rendered":"Pestrec mari\u00e1nsky (silymar\u00edn) pr\u00e1\u0161ok BIO 250 g"},"content":{"rendered":"<h2><span style=\"color: #000000\">Pestrec mari\u00e1nsky (silymar\u00edn) pr\u00e1\u0161ok BIO<\/span><\/h2>\n<p><span style=\"color: #000000\">Pestrec mari\u00e1nsky (Silybum marianum) pr\u00e1\u0161ok je z bio produkcie a pr\u00e9miovej kvality.<\/span><\/p>\n<p><span style=\"color: #000000\">Pestrec mari\u00e1nsky sa niekedy naz\u00fdva aj M\u00e1riin bodliak a je to bylina najzn\u00e1mej\u0161ia na lie\u010dbu ochoren\u00ed pe\u010dene. Pestovali ju u\u017e v starovekom Gr\u00e9cku a R\u00edme. Dar\u00ed sa mu v mnoh\u00fdch \u010dastiach Eur\u00f3py a \u00c1zie.<\/span><\/p>\n<p><span style=\"color: #000000\">Bodliak \u0161kvrnit\u00fd m\u00f4\u017ee konzumova\u0165 ka\u017ed\u00fd, kto si chce chr\u00e1ni\u0165 pe\u010de\u0148, nezdravo sa stravuje, p\u00e1li ho z\u00e1ha, in\u00e9 tr\u00e1viace probl\u00e9my alebo je neust\u00e1le v strese. Nezab\u00fadajme, \u017ee v\u0161etko, \u010do zjeme a vypijeme, ide aj cez pe\u010de\u0148. Ako filter vylu\u010duj\u00fa z tela toxick\u00e9 l\u00e1tky.<\/span><\/p>\n<p><span style=\"color: #000000\">Pestrec mari\u00e1nsky predov\u0161etk\u00fdm chr\u00e1ni pe\u010de\u0148 pred jedmi a pom\u00e1ha pri detoxik\u00e1cii. Pom\u00e1ha aj pri po\u0161koden\u00ed pe\u010dene pri lie\u010dbe rakoviny. Hlavnou zlo\u017ekou je silymar\u00edn. To chr\u00e1ni bunkov\u00fa stenu t\u00fdm, \u017ee chr\u00e1ni pred prenikan\u00edm \u0161kodliv\u00fdch l\u00e1tok. Silymar\u00edn tie\u017e regeneruje a stimuluje pe\u010de\u0148ov\u00e9 bunky. P\u00f4sob\u00ed pri po\u0161koden\u00ed pe\u010dene a z\u00e1paloch pe\u010dene, pom\u00e1ha aj pri cirh\u00f3ze pe\u010dene a hepatit\u00edde.<\/span><\/p>\n<p><span style=\"color: #000000\">Pom\u00e1ha aj pri probl\u00e9moch s tr\u00e1ven\u00edm, k\u0155\u010dmi vn\u00fatorn\u00fdch org\u00e1nov, zabra\u0148uje tvorbe \u017el\u010dov\u00fdch kame\u0148ov a ur\u00fdch\u013euje odtok \u017el\u010de.<\/span><\/p>\n<h2><span style=\"color: #000000\">Ako funguje pestrec mari\u00e1nsky?<\/span><\/h2>\n<p><span style=\"color: #000000\">Pe\u010de\u0148 je n\u00e1\u0161 najd\u00f4le\u017eitej\u0161\u00ed org\u00e1n, \u010do sa t\u00fdka o\u010disty a detoxik\u00e1cie organizmu. V modernom svete \u2013 plnom spracovan\u00fdch potrav\u00edn a stresu \u2013 je pe\u010de\u0148 \u010dasto nadmerne tu\u010dn\u00e1, \u010do m\u00e1 okrem in\u00e9ho zl\u00fd vplyv na na\u0161e zdravie. Pe\u010de\u0148 nem\u00f4\u017ee alebo rob\u00ed svoju pr\u00e1cu s \u0165a\u017ekos\u0165ami. \u010co sa prejavuje mal\u00e1tnos\u0165ou, nad\u00favan\u00edm a \u00fanavou. \u010casto sa pozoruje aj nadmern\u00e9 hromadenie tuku okolo p\u00e1sa a nadv\u00e1ha. V opa\u010dnom pr\u00edpade sa stav vyskytuje bez zjavn\u00fdch pr\u00edznakov, ale m\u00f4\u017ee vies\u0165 k v\u00e1\u017enym probl\u00e9mom a chorob\u00e1m.<\/span><\/p>\n<p><span style=\"color: #000000\">Pestrec mari\u00e1nsky preuk\u00e1zate\u013ene pom\u00e1ha chr\u00e1ni\u0165 pe\u010de\u0148 a detoxikova\u0165 organizmus.<\/span><\/p>\n<p><span style=\"color: #000000\">Pestrec mari\u00e1nsky v\u010faka svojej centr\u00e1lnej \u00fa\u010dinnej l\u00e1tke (silymar\u00edn) zni\u017euje oxida\u010dn\u00e9 procesy, preto\u017ee v\u010faka svojmu antioxida\u010dn\u00e9mu p\u00f4sobeniu zvy\u0161uje prirodzen\u00e9 ochrann\u00e9 l\u00e1tky a vychyt\u00e1va vo\u013en\u00e9 radik\u00e1ly.<\/span><\/p>\n<h2><span style=\"color: #000000\">Komu sa odpor\u00fa\u010da u\u017e\u00edva\u0165 pestrec mari\u00e1nsky?<\/span><\/h2>\n<p><span style=\"color: #000000\">Bodliak \u0161kvrnit\u00fd sa odpor\u00fa\u010da najm\u00e4 t\u00fdm, ktor\u00ed maj\u00fa probl\u00e9my s pe\u010de\u0148ou, so stukovaten\u00edm pe\u010dene, nad\u00favan\u00edm a \u0161t\u00edpan\u00edm v oblasti rebier. U\u017e\u00edvanie ostropestreca je tie\u017e v\u00fdborn\u00e1 detoxika\u010dn\u00e1 k\u00fara. Zne\u010distenie \u017eivotn\u00e9ho prostredia, nadv\u00e1ha alebo obezita, konzum\u00e1cia spracovan\u00fdch a mastn\u00fdch jed\u00e1l a alkoholu, nadmerne sedav\u00fd sp\u00f4sob \u017eivota m\u00f4\u017ee vies\u0165 k stukovateniu pe\u010dene. Preto\u017ee stav s pr\u00edznakmi sa m\u00e1lokedy prejavuje resp ak sa probl\u00e9my objavia v u\u017e pokro\u010dilom \u0161t\u00e1diu ochorenia, je d\u00f4le\u017eit\u00e9 dba\u0165 na prevenciu.<\/span><\/p>\n<h2><span style=\"color: #000000\">Skladovanie a upozornenia<\/span><\/h2>\n<p><span style=\"color: #000000\">Skladujte na chladnom a suchom mieste pri teplote do 25 \u00b0C. V\u00fd\u017eivov\u00fd doplnok uchov\u00e1vajte mimo dosahu det\u00ed!<\/span><br \/>\n<span style=\"color: #000000\">Pam\u00e4tajte na d\u00f4le\u017eitos\u0165 pestrej stravy a zdrav\u00e9ho \u017eivotn\u00e9ho \u0161t\u00fdlu, v\u00fd\u017eivov\u00fd doplnok nie je n\u00e1hradou vyv\u00e1\u017eenej a pestrej stravy. Odpor\u00fa\u010dan\u00e9 denn\u00e9 mno\u017estvo alebo d\u00e1vka by sa nemali prekro\u010di\u0165. Tehotn\u00fdm a doj\u010diacim \u017een\u00e1m, ako aj osob\u00e1m s nadmernou \u010dinnos\u0165ou \u0161t\u00edtnej \u017e\u013eazy sa u\u017e\u00edvanie neodpor\u00fa\u010da. Opatrnos\u0165 sa odpor\u00fa\u010da aj pri u\u017e\u00edvan\u00ed niektor\u00fdch liekov na cukrovku.<\/span><\/p>\n<h2><span style=\"color: #000000\">Balenie<\/span><\/h2>\n<p><span style=\"color: #000000\">Nepriepustn\u00e9 vrecko so zipsom, v ktorom si produkt zachov\u00e1va svoju \u010derstvos\u0165 a v\u00f4\u0148u. Obal chr\u00e1ni pred svetlom a vzduchom, ke\u010f\u017ee sa sklad\u00e1 z nieko\u013ek\u00fdch ochrann\u00fdch vrstiev, ktor\u00e9 uchov\u00e1vaj\u00fa vlastnosti obsahu vn\u00fatri.<\/span><br \/>\n<span style=\"color: #000000\">Obal je ve\u013emi praktick\u00fd a recyklovate\u013en\u00fd.<\/span><\/p>\n<h2><span style=\"color: #000000\">P\u00f4vod<\/span><\/h2>\n<p><span style=\"color: #000000\">EU<\/span><\/p>\n","protected":false},"excerpt":{"rendered":"<p align=\"JUSTIFY\">Pestrec mari\u00e1nsky je najzn\u00e1mej\u0161ia bylina na lie\u010dbu ochoren\u00ed pe\u010dene, preto\u017ee:<\/p>\n<p align=\"JUSTIFY\">\ud83d\udc9a Chr\u00e1ni pe\u010de\u0148 pred tox\u00ednmi.<br \/>\n\ud83d\udc9a Pom\u00e1ha pri detoxik\u00e1cii.<br \/>\n\ud83d\udc9a M\u00e1 antioxida\u010dn\u00fd \u00fa\u010dinok.<br \/>\n\ud83d\udc9a Zmiernenie probl\u00e9mov s ochoren\u00edm pe\u010dene.<\/p>\n","protected":false},"featured_media":5933,"comment_status":"open","ping_status":"closed","template":"","meta":{"_acf_changed":false},"product_brand":[],"product_cat":[15,194,224,195,225],"product_tag":[],"class_list":{"0":"post-5932","1":"product","2":"type-product","3":"status-publish","4":"has-post-thumbnail","6":"product_cat-uncategorized","7":"product_cat-ajurveda","8":"product_cat-ponuka","9":"product_cat-superpotraviny","10":"product_cat-vsetky-produkty","12":"first","13":"instock","14":"taxable","15":"shipping-taxable","16":"purchasable","17":"product-type-simple"},"acf":[],"_links":{"self":[{"href":"https:\/\/fengchashop.com\/sk\/wp-json\/wp\/v2\/product\/5932","targetHints":{"allow":["GET"]}}],"collection":[{"href":"https:\/\/fengchashop.com\/sk\/wp-json\/wp\/v2\/product"}],"about":[{"href":"https:\/\/fengchashop.com\/sk\/wp-json\/wp\/v2\/types\/product"}],"replies":[{"embeddable":true,"href":"https:\/\/fengchashop.com\/sk\/wp-json\/wp\/v2\/comments?post=5932"}],"wp:featuredmedia":[{"embeddable":true,"href":"https:\/\/fengchashop.com\/sk\/wp-json\/wp\/v2\/media\/5933"}],"wp:attachment":[{"href":"https:\/\/fengchashop.com\/sk\/wp-json\/wp\/v2\/media?parent=5932"}],"wp:term":[{"taxonomy":"product_brand","embeddable":true,"href":"https:\/\/fengchashop.com\/sk\/wp-json\/wp\/v2\/product_brand?post=5932"},{"taxonomy":"product_cat","embeddable":true,"href":"https:\/\/fengchashop.com\/sk\/wp-json\/wp\/v2\/product_cat?post=5932"},{"taxonomy":"product_tag","embeddable":true,"href":"https:\/\/fengchashop.com\/sk\/wp-json\/wp\/v2\/product_tag?post=5932"}],"curies":[{"name":"wp","href":"https:\/\/api.w.org\/{rel}","templated":true}]}}