{"id":5928,"date":"2022-03-03T09:39:04","date_gmt":"2022-03-03T08:39:04","guid":{"rendered":"https:\/\/fengchashop.com\/sk\/product\/tribulus-terrestris-prasok-bio-250-g\/"},"modified":"2026-04-18T00:56:13","modified_gmt":"2026-04-17T22:56:13","slug":"tribulus-terrestris-prasok-bio","status":"publish","type":"product","link":"https:\/\/fengchashop.com\/sk\/product\/tribulus-terrestris-prasok-bio\/","title":{"rendered":"Tribulus terrestris pr\u00e1\u0161ok BIO 250 g"},"content":{"rendered":"<h2><span style=\"color: #000000\">Tribulus terrestris pr\u00e1\u0161ok z ekologickej produkcie<\/span><\/h2>\n<p><span style=\"color: #000000\">Tribulus terrestris je rastlina, ktor\u00e1 rastie aj u n\u00e1s, hoci je vz\u00e1cnej\u0161ia. Pozn\u00e1me ho pod n\u00e1zvom zub\u00e1\u010d oby\u010dajn\u00fd. Preto\u017ee je to vo svete pomerne roz\u0161\u00edren\u00e1 bylina, je miestami pova\u017eovan\u00e1 za burinu. U n\u00e1s rastie naj\u010dastej\u0161ie pri ceste alebo pri \u017eelezni\u010dnej trati. Je to ni\u017e\u0161ie rast\u00faca rastlina s drobn\u00fdmi \u017elt\u00fdmi kvetmi. Extr\u00e9mne tvrd\u00e9 a pich\u013eav\u00e9 plody rastliny sa pou\u017e\u00edvaj\u00fa na v\u00fdrobu r\u00f4znych doplnkov stravy,<strong> ktor\u00e9 zvy\u0161uj\u00fa sexu\u00e1lnu potenciu a zvy\u0161uj\u00fa hladinu testoster\u00f3nu v tele.<\/strong> Preto m\u00e1 v tradi\u010dnej \u010d\u00ednskej medic\u00edne a ajurv\u00e9de osobitn\u00e9 miesto, ke\u010f\u017ee sa pova\u017euje za <strong>pr\u00edrodn\u00e9 afrodiziakum.<\/strong> Okrem toho m\u00e1 aj \u010fal\u0161ie v\u00fdhody, ktor\u00e9 funguj\u00fa predov\u0161etk\u00fdm v prospech mu\u017eov.<strong> Pou\u017e\u00edva sa pri sexu\u00e1lnych poruch\u00e1ch vr\u00e1tane erektilnej dysfunkcie.<\/strong><\/span><\/p>\n<p><span style=\"color: #000000\">Preto\u017ee zubn\u00e1 pasta zvy\u0161uje hladinu testoster\u00f3nu, \u010dasto ju pou\u017e\u00edvaj\u00fa aj t\u00ed, ktor\u00ed chc\u00fa zv\u00fd\u0161i\u0165 svoj svalov\u00fd tonus, ako s\u00fa kulturisti a \u0161portovci. \u0160portovci prisahaj\u00fa na tribulus kv\u00f4li jeho anabolick\u00e9mu \u00fa\u010dinku. Vysok\u00e9 hladiny horm\u00f3nu testoster\u00f3nu stimuluj\u00fa synt\u00e9zu bielkov\u00edn. \u010co zvy\u0161uje svalov\u00fa hmotu u \u0161portovcov a n\u00e1sledne aj vytrvalos\u0165, energiu a silu.<\/span><\/p>\n<h2><span style=\"color: #000000\">Pre koho m\u00f4\u017ee by\u0165 u\u017e\u00edvanie tribulus terrestris prospe\u0161n\u00e9?<\/span><\/h2>\n<p><span style=\"color: #000000\">Medzi \u00fa\u010dinn\u00e9 l\u00e1tky nach\u00e1dzaj\u00face sa v Tribulus terrestris <strong>patria sapon\u00edny, flavonoidy, alkaloidy, glykozidy a lign\u00ednamidy<\/strong>. Be\u017en\u00fd zub\u00e1\u010d na druhej strane obsahuje <strong>luteiniza\u010dn\u00fd horm\u00f3n,<\/strong> o ktorom sa predpoklad\u00e1, \u017ee stimuluje semenn\u00edky k produkcii horm\u00f3nu testoster\u00f3nu. Reguluje funkciu semenn\u00edkov u mu\u017eov a vaje\u010dn\u00edkov u \u017eien. Preto hr\u00e1 d\u00f4le\u017eit\u00fa \u00falohu v men\u0161trua\u010dnom cykle u \u017eien.<\/span><\/p>\n<p><span style=\"color: #000000\">Mu\u017ei v strednom veku za\u017e\u00edvaj\u00fa podobn\u00e9 hormon\u00e1lne zmeny ako \u017eeny v menopauze. Klesaj\u00faca hladina testoster\u00f3nu nar\u00fa\u0161a rovnov\u00e1hu pohlavn\u00fdch horm\u00f3nov, \u010do mu\u017eom sp\u00f4sobuje podobn\u00e9 probl\u00e9my ako \u017een\u00e1m v menopauze. Tento jav naz\u00fdvame<strong> andropauza<\/strong> alebo mu\u017esk\u00e1 menopauza. Andropauza je \u010dasto zodpovedn\u00e1 za probl\u00e9my, ktor\u00e9 sa vyskytuj\u00fa u mu\u017eov v strednom veku (niekedy po 40. roku \u017eivota). N\u00edzka hladina testoster\u00f3nu m\u00f4\u017ee sp\u00f4sobi\u0165 pokles energie, zv\u00fd\u0161enie cholesterolu a gluk\u00f3zy v krvi, zl\u00fa pam\u00e4\u0165 a koncentr\u00e1ciu, nepokojn\u00fd sp\u00e1nok, vysok\u00fd krvn\u00fd tlak a \u010fal\u0161ie podobn\u00e9 probl\u00e9my, ako je podr\u00e1\u017edenos\u0165, nepokoj a zv\u00fd\u0161en\u00e9 hromadenie tukov\u00fdch vank\u00fa\u0161ikov okolo p\u00e1sa. Pre zdrav\u00e9 srdce a cievy je d\u00f4le\u017eit\u00e1 aj norm\u00e1lna, teda vy\u0161\u0161ia hladina testoster\u00f3nu u mu\u017eov.<\/span><\/p>\n<p><span style=\"color: #000000\">U\u017e\u00edvanie tribulus terrestris je teda prospe\u0161n\u00e9 v nieko\u013ek\u00fdch oblastiach mu\u017esk\u00e9ho zdravia a pohody. Je ur\u010den\u00fd predov\u0161etk\u00fdm \u013eu\u010fom v strednom a vy\u0161\u0161om veku, ktor\u00ed si u\u017e v\u0161\u00edmaj\u00fa d\u00f4sledky poklesu sexu\u00e1lnej sily a sexu\u00e1lnej t\u00fa\u017eby. Je s\u00edce ur\u010den\u00fd sk\u00f4r pre mu\u017eov, ke\u010f\u017ee zvy\u0161uje hladinu mu\u017esk\u00e9ho pohlavn\u00e9ho horm\u00f3nu testoster\u00f3nu, no ako pr\u00edrodn\u00e9 afrodiziakum ho m\u00f4\u017eu vyu\u017ei\u0165 aj \u017eeny. M\u00f4\u017ee tie\u017e zv\u00fd\u0161i\u0165 \u017eensk\u00fa plodnos\u0165, pom\u00f4c\u0165 pri men\u0161trua\u010dn\u00fdch probl\u00e9moch a probl\u00e9moch v menopauze. Ke\u010f\u017ee dok\u00e1\u017ee prispie\u0165 k prirodzenej rovnov\u00e1he \u017eensk\u00e9ho horm\u00f3nu, priaznivo p\u00f4sob\u00ed aj na na\u0161u psychick\u00fa pohodu.<\/span><\/p>\n<h2><span style=\"color: #000000\">Skladovanie a upozornenia<\/span><\/h2>\n<p><span style=\"color: #000000\">Skladujte na chladnom a suchom mieste. V\u00fd\u017eivov\u00fd doplnok uchov\u00e1vajte mimo dosahu det\u00ed!<\/span><br \/>\n<span style=\"color: #000000\">Pam\u00e4tajte na d\u00f4le\u017eitos\u0165 pestrej stravy a zdrav\u00e9ho \u017eivotn\u00e9ho \u0161t\u00fdlu, v\u00fd\u017eivov\u00fd doplnok nie je n\u00e1hradou vyv\u00e1\u017eenej a pestrej stravy. Odpor\u00fa\u010dan\u00e9 denn\u00e9 mno\u017estvo alebo d\u00e1vka by sa nemali prekro\u010di\u0165. Tehotn\u00fdm \u017een\u00e1m, doj\u010diacim matk\u00e1m a osob\u00e1m u\u017e\u00edvaj\u00facim lieky sa v\u017edy odpor\u00fa\u010da, aby sa pred pou\u017eit\u00edm poradili s lek\u00e1rom. Preto\u017ee m\u00f4\u017ee zv\u00e4\u010d\u0161i\u0165 ve\u013ekos\u0165 prostaty, neodpor\u00fa\u010da sa pou\u017e\u00edva\u0165 u mu\u017eov so zv\u00e4\u010d\u0161enou prostatou. Neodpor\u00fa\u010dame ho pou\u017e\u00edva\u0165 ani u \u017eien, ktor\u00e9 mali rakovinu prsn\u00edka alebo p\u00f4rod.<\/span><\/p>\n<h2><span style=\"color: #000000\">Balenie<\/span><\/h2>\n<p><span style=\"color: #000000\">Nepriepustn\u00e9 vrecko so zipsom, v ktorom si produkt zachov\u00e1va svoju \u010derstvos\u0165 a v\u00f4\u0148u. Obal chr\u00e1ni pred svetlom a vzduchom, ke\u010f\u017ee sa sklad\u00e1 z nieko\u013ek\u00fdch ochrann\u00fdch vrstiev, ktor\u00e9 uchov\u00e1vaj\u00fa vlastnosti obsahu vn\u00fatri.<\/span><br \/>\n<span style=\"color: #000000\">Obal je ve\u013emi praktick\u00fd a recyklovate\u013en\u00fd.<\/span><\/p>\n<h2><span style=\"color: #000000\">P\u00f4vod<\/span><\/h2>\n<p><span style=\"color: #000000\">India<\/span><\/p>\n","protected":false},"excerpt":{"rendered":"<p>Tribulus terrestris je rastlina, ktor\u00e1 rastie aj u n\u00e1s, aj ke\u010f je vz\u00e1cnej\u0161ia. Pozn\u00e1me ho pod n\u00e1zvom zub\u00e1\u010d oby\u010dajn\u00fd. U n\u00e1s rastie naj\u010dastej\u0161ie pri ceste alebo pri \u017eelezni\u010dnej trati. Je to ni\u017e\u0161ie rast\u00faca rastlina s drobn\u00fdmi \u017elt\u00fdmi kvetmi. Extr\u00e9mne tvrd\u00e9 a pich\u013eav\u00e9 plody rastliny sa pou\u017e\u00edvaj\u00fa na v\u00fdrobu r\u00f4znych doplnkov stravy, ktor\u00e9 zvy\u0161uj\u00fa sexu\u00e1lnu potenciu a:<\/p>\n<p>\ud83d\udc9a je pr\u00edrodn\u00e9 afrodiziakum,<br \/>\n\ud83d\udc9a zv\u00fd\u0161enie hladiny testoster\u00f3nu v tele,<br \/>\n\ud83d\udc9a zmier\u0148uje pr\u00edznaky andropauzy,<br \/>\n\ud83d\udc9a zni\u017euje probl\u00e9my spojen\u00e9 so sexu\u00e1lnou dysfunkciou.<\/p>\n","protected":false},"featured_media":5929,"comment_status":"open","ping_status":"closed","template":"","meta":{"_acf_changed":false},"product_brand":[],"product_cat":[228,224,195,225],"product_tag":[],"class_list":{"0":"post-5928","1":"product","2":"type-product","3":"status-publish","4":"has-post-thumbnail","6":"product_cat-najpredavanejsie","7":"product_cat-ponuka","8":"product_cat-superpotraviny","9":"product_cat-vsetky-produkty","11":"first","12":"instock","13":"sale","14":"taxable","15":"shipping-taxable","16":"purchasable","17":"product-type-simple"},"acf":[],"_links":{"self":[{"href":"https:\/\/fengchashop.com\/sk\/wp-json\/wp\/v2\/product\/5928","targetHints":{"allow":["GET"]}}],"collection":[{"href":"https:\/\/fengchashop.com\/sk\/wp-json\/wp\/v2\/product"}],"about":[{"href":"https:\/\/fengchashop.com\/sk\/wp-json\/wp\/v2\/types\/product"}],"replies":[{"embeddable":true,"href":"https:\/\/fengchashop.com\/sk\/wp-json\/wp\/v2\/comments?post=5928"}],"wp:featuredmedia":[{"embeddable":true,"href":"https:\/\/fengchashop.com\/sk\/wp-json\/wp\/v2\/media\/5929"}],"wp:attachment":[{"href":"https:\/\/fengchashop.com\/sk\/wp-json\/wp\/v2\/media?parent=5928"}],"wp:term":[{"taxonomy":"product_brand","embeddable":true,"href":"https:\/\/fengchashop.com\/sk\/wp-json\/wp\/v2\/product_brand?post=5928"},{"taxonomy":"product_cat","embeddable":true,"href":"https:\/\/fengchashop.com\/sk\/wp-json\/wp\/v2\/product_cat?post=5928"},{"taxonomy":"product_tag","embeddable":true,"href":"https:\/\/fengchashop.com\/sk\/wp-json\/wp\/v2\/product_tag?post=5928"}],"curies":[{"name":"wp","href":"https:\/\/api.w.org\/{rel}","templated":true}]}}