{"id":5925,"date":"2022-03-03T08:52:04","date_gmt":"2022-03-03T07:52:04","guid":{"rendered":"https:\/\/fengchashop.com\/sk\/product\/moringa-v-prasku-bio-250-g\/"},"modified":"2026-05-03T10:12:05","modified_gmt":"2026-05-03T08:12:05","slug":"moringa-v-prasku-bio-250-g","status":"publish","type":"product","link":"https:\/\/fengchashop.com\/sk\/product\/moringa-v-prasku-bio-250-g\/","title":{"rendered":"Moringa v pr\u00e1\u0161ku BIO 250 g"},"content":{"rendered":"<h2><span style=\"color: #000000\">Moringa pr\u00e1\u0161ok z ekologickej produkcie<\/span><\/h2>\n<p><span style=\"color: #000000\">Moringa je rastlina zn\u00e1ma u\u017e tis\u00edce rokov a s dobr\u00fdm \u00fa\u010dinkom sa pou\u017e\u00edva v tradi\u010dnej medic\u00edne. Pozn\u00e1me minim\u00e1lne 100 r\u00f4znych n\u00e1zvov pre tento inak mal\u00fd, no r\u00fdchlo rast\u00faci tropick\u00fd strom, ktor\u00e9ho listy sa radia <strong>medzi zeleninu s najbohat\u0161ou \u017eivinou.<\/strong><\/span><\/p>\n<p><span style=\"color: #000000\">Moringa bola zaraden\u00e1 medzi zeleninu<strong> v\u010faka vysok\u00e9mu obsahu vl\u00e1kniny a vysokej nutri\u010dnej hodnote<\/strong>, ke\u010f\u017ee 100 gramov moringy obsahuje:<\/span><\/p>\n<p><span style=\"color: #000000\">\ud83d\udc9a rovnak\u00e9 mno\u017estvo bielkov\u00edn ako v jednom vajci,<\/span><br \/>\n<span style=\"color: #000000\">\ud83d\udc9a rovnak\u00e9 mno\u017estvo \u017eeleza ako jeden steak,<\/span><br \/>\n<span style=\"color: #000000\">\ud83d\udc9a rovnak\u00e9 mno\u017estvo vitam\u00ednu C ako jeden pomaran\u010d,<\/span><br \/>\n<span style=\"color: #000000\">\ud83d\udc9a rovnak\u00e9 mno\u017estvo v\u00e1pnika, ak\u00e9 spotrebujeme v jednom poh\u00e1ri mlieka.<\/span><\/p>\n<p><span style=\"color: #000000\">\u010ealej obsahuje vitam\u00edn B3, vitam\u00edn A, hor\u010d\u00edk, antioxidanty, esenci\u00e1lne aminokyseliny, flavonoidy, fenolov\u00e9 kyseliny a \u010fal\u0161ie \u017eiviny, ktor\u00e9 moringu zara\u010fuj\u00fa medzi pr\u00edrodn\u00e9 multivitam\u00ednov\u00e9 doplnky.<\/span><\/p>\n<p><span style=\"color: #000000\">Pre mimoriadne \u0161irok\u00fd z\u00e1ber aktiv\u00edt bol v roku<strong> 2018 vyhl\u00e1sen\u00fd za z\u00e1vod roka<\/strong>. Je to tie\u017e jedna z najviac presk\u00faman\u00fdch rastl\u00edn na svete, u ktorej boli vedecky dok\u00e1zan\u00e9, \u017ee m\u00e1 ur\u010dit\u00e9 \u00fa\u010dinky na \u013eudsk\u00fd organizmus. Medzi nimi ur\u010dite vynikaj\u00fa:<\/span><\/p>\n<p><span style=\"color: #000000\">\ud83d\udc9a antioxida\u010dn\u00e9 a protiz\u00e1palov\u00e9 p\u00f4sobenie,<\/span><br \/>\n<span style=\"color: #000000\">\ud83d\udc9a hormon\u00e1lna regul\u00e1cia,<\/span><br \/>\n<span style=\"color: #000000\">\ud83d\udc9aregul\u00e1cia krvn\u00e9ho cukru, funkcie pankreasu a t\u00fdm aj sekr\u00e9cie inzul\u00ednu,<\/span><br \/>\n<span style=\"color: #000000\">\ud83d\udc9aregul\u00e1cia hormon\u00e1lnej rovnov\u00e1hy,<\/span><br \/>\n<span style=\"color: #000000\">\ud83d\udc9a zlep\u0161uje krvn\u00fd obraz (hemoglob\u00edn), chr\u00e1ni aj srdce a mozog,<\/span><br \/>\n<span style=\"color: #000000\">\ud83d\udc9a podpora funkcie pe\u010dene a tr\u00e1venia,<\/span><br \/>\n<span style=\"color: #000000\">\ud83d\udc9a zlep\u0161enie stavu poko\u017eky,<\/span><br \/>\n<span style=\"color: #000000\">\ud83d\udc9a Stimuluje vylu\u010dovanie horm\u00f3nu \u0161\u0165astia a t\u00fdm zvy\u0161uje n\u00e1ladu.<\/span><\/p>\n<h2><span style=\"color: #000000\">Pre\u010do sa moringa tak d\u00f4razne odpor\u00fa\u010da?<\/span><\/h2>\n<p><span style=\"color: #000000\">Su\u0161en\u00e9 listy moringy sa \u013eahko skladuj\u00fa a pou\u017e\u00edvaj\u00fa. Konzum\u00e1cia 30 gramov moringy denne pokryje potrebu denn\u00e9ho mno\u017estva vitam\u00ednu A, 80 % dennej potreby v\u00e1pnika, 60 % dennej potreby bude tvori\u0165 \u017eelezo a takmer 40 % dennej potreby bielkov\u00edn. Moringa obsahuje vysok\u00fd obsah bielkov\u00edn, vr\u00e1tane v\u0161etk\u00fdch 8 esenci\u00e1lnych aminokysel\u00edn, \u0161irok\u00e9 spektrum vitam\u00ednov a miner\u00e1lov, ve\u013ek\u00e9 mno\u017estvo fytonutrientov a antioxidantov.<\/span><\/p>\n<p><span style=\"color: #000000\">Moringa je zn\u00e1ma t\u00fdm, \u017ee bojuje<strong> proti podv\u00fd\u017eive, zmier\u0148uje z\u00e1paly, stimuluje prietok krvi a predch\u00e1dza infekci\u00e1m.<\/strong> Preto\u017ee obsahuje v\u0161etk\u00fdch 8 esenci\u00e1lnych aminokysel\u00edn (okrem \u010fal\u0161\u00edch 10 aminokysel\u00edn), ide o kompletn\u00fd prote\u00edn, ktor\u00fd je medzi rastlinami skuto\u010dnou vz\u00e1cnos\u0165ou a pokojne sa d\u00e1 prirovna\u0165 <strong>k \u017eivo\u010d\u00ed\u0161nym bielkovin\u00e1m.<\/strong> Ke\u010f\u017ee je rastlinn\u00e9ho p\u00f4vodu, je v\u00fdbornou n\u00e1hradou pre v\u0161etk\u00fdch, ktor\u00ed nejedia m\u00e4so a nedostatok bielkov\u00edn v strave si m\u00f4\u017eu kompenzova\u0165 moringou.<\/span><br \/>\n<span style=\"color: #000000\">Moringa sa star\u00e1 o <strong>pevn\u00e9 a zdrav\u00e9 kosti<\/strong> (na \u00fakor v\u00e1pnika a hor\u010d\u00edka), <strong>vy\u017eivuje poko\u017eku, reguluje krvn\u00fd tlak, stimuluje tr\u00e1venie a imunitn\u00fd syst\u00e9m a pom\u00e1ha zhodi\u0165 prebyto\u010dn\u00e9 kilogramy<\/strong> (vysok\u00fd obsah vl\u00e1kniny, ale n\u00edzky obsah tuku a kal\u00f3ri\u00ed).<\/span><\/p>\n<h2><span style=\"color: #000000\">Skladovanie a upozornenia<\/span><\/h2>\n<p><span style=\"color: #000000\">Skladujte na chladnom a suchom mieste. V\u00fd\u017eivov\u00fd doplnok uchov\u00e1vajte mimo dosahu det\u00ed!<\/span><br \/>\n<span style=\"color: #000000\">Pam\u00e4tajte na d\u00f4le\u017eitos\u0165 pestrej stravy a zdrav\u00e9ho \u017eivotn\u00e9ho \u0161t\u00fdlu, v\u00fd\u017eivov\u00fd doplnok nie je n\u00e1hradou vyv\u00e1\u017eenej a pestrej stravy. Odpor\u00fa\u010dan\u00e9 denn\u00e9 mno\u017estvo alebo d\u00e1vka by sa nemali prekro\u010di\u0165. Tehotn\u00fdm \u017een\u00e1m, doj\u010diacim matk\u00e1m a osob\u00e1m u\u017e\u00edvaj\u00facim lieky sa v\u017edy odpor\u00fa\u010da, aby sa pred pou\u017eit\u00edm poradili s lek\u00e1rom. Inak moringa nem\u00e1 \u017eiadne zn\u00e1me ved\u013eaj\u0161ie \u00fa\u010dinky a je bezpe\u010dn\u00e1 na konzum\u00e1ciu aj po\u010das tehotenstva a doj\u010denia.<\/span><\/p>\n<h2><span style=\"color: #000000\">Balenie<\/span><\/h2>\n<p><span style=\"color: #000000\">Nepriepustn\u00e9 vrecko so zipsom, v ktorom si produkt zachov\u00e1va svoju \u010derstvos\u0165 a v\u00f4\u0148u. Obal chr\u00e1ni pred svetlom a vzduchom, ke\u010f\u017ee sa sklad\u00e1 z nieko\u013ek\u00fdch ochrann\u00fdch vrstiev, ktor\u00e9 uchov\u00e1vaj\u00fa vlastnosti obsahu vn\u00fatri.<\/span><br \/>\n<span style=\"color: #000000\">Obal je ve\u013emi praktick\u00fd a recyklovate\u013en\u00fd.<\/span><\/p>\n<h2><span style=\"color: #000000\">P\u00f4vod<\/span><\/h2>\n<p><span style=\"color: #000000\">Tanz\u00e1nia<\/span><\/p>\n","protected":false},"excerpt":{"rendered":"<p>V tropickom svete rastie mal\u00e1, r\u00fdchlo rast\u00faca moringa, ktorej listy s\u00fa zaraden\u00e9 medzi zeleninu s najbohat\u0161ou \u017eivinou.<br \/>\nMoringa bola zaraden\u00e1 medzi zeleninu v\u010faka vysok\u00e9mu obsahu vl\u00e1kniny a vysokej nutri\u010dnej hodnote, ke\u010f\u017ee 100 gramov moringy obsahuje:<\/p>\n<p>\ud83d\udc9a rovnak\u00e9 mno\u017estvo bielkov\u00edn ako v jednom vajci,<br \/>\n\ud83d\udc9a rovnak\u00e9 mno\u017estvo \u017eeleza ako jeden steak,<br \/>\n\ud83d\udc9a rovnak\u00e9 mno\u017estvo vitam\u00ednu C ako jeden pomaran\u010d a<br \/>\n\ud83d\udc9a rovnak\u00e9 mno\u017estvo v\u00e1pnika, ak\u00e9 spotrebujeme v jednom poh\u00e1ri mlieka.<\/p>\n","protected":false},"featured_media":5926,"comment_status":"open","ping_status":"closed","template":"","meta":{"_acf_changed":false},"product_brand":[],"product_cat":[15,194,224,195,225],"product_tag":[],"class_list":{"0":"post-5925","1":"product","2":"type-product","3":"status-publish","4":"has-post-thumbnail","6":"product_cat-uncategorized","7":"product_cat-ajurveda","8":"product_cat-ponuka","9":"product_cat-superpotraviny","10":"product_cat-vsetky-produkty","12":"first","13":"instock","14":"taxable","15":"shipping-taxable","16":"purchasable","17":"product-type-simple"},"acf":[],"_links":{"self":[{"href":"https:\/\/fengchashop.com\/sk\/wp-json\/wp\/v2\/product\/5925","targetHints":{"allow":["GET"]}}],"collection":[{"href":"https:\/\/fengchashop.com\/sk\/wp-json\/wp\/v2\/product"}],"about":[{"href":"https:\/\/fengchashop.com\/sk\/wp-json\/wp\/v2\/types\/product"}],"replies":[{"embeddable":true,"href":"https:\/\/fengchashop.com\/sk\/wp-json\/wp\/v2\/comments?post=5925"}],"wp:featuredmedia":[{"embeddable":true,"href":"https:\/\/fengchashop.com\/sk\/wp-json\/wp\/v2\/media\/5926"}],"wp:attachment":[{"href":"https:\/\/fengchashop.com\/sk\/wp-json\/wp\/v2\/media?parent=5925"}],"wp:term":[{"taxonomy":"product_brand","embeddable":true,"href":"https:\/\/fengchashop.com\/sk\/wp-json\/wp\/v2\/product_brand?post=5925"},{"taxonomy":"product_cat","embeddable":true,"href":"https:\/\/fengchashop.com\/sk\/wp-json\/wp\/v2\/product_cat?post=5925"},{"taxonomy":"product_tag","embeddable":true,"href":"https:\/\/fengchashop.com\/sk\/wp-json\/wp\/v2\/product_tag?post=5925"}],"curies":[{"name":"wp","href":"https:\/\/api.w.org\/{rel}","templated":true}]}}