{"id":5921,"date":"2022-02-22T16:28:02","date_gmt":"2022-02-22T15:28:02","guid":{"rendered":"https:\/\/fengchashop.com\/sk\/product\/kolagen-msm-vitamin-c-v-prasku-250-g\/"},"modified":"2026-05-03T17:44:25","modified_gmt":"2026-05-03T15:44:25","slug":"kolagen-msm-vitamin-c-v-prasku","status":"publish","type":"product","link":"https:\/\/fengchashop.com\/sk\/product\/kolagen-msm-vitamin-c-v-prasku\/","title":{"rendered":"Kolag\u00e9n + MSM + vitam\u00edn C v pr\u00e1\u0161ku 250 g"},"content":{"rendered":"<h2><span style=\"color: #000000\">Kolag\u00e9n + MSM + vitam\u00edn C v pr\u00e1\u0161ku<\/span><\/h2>\n<p><span style=\"color: #000000\">V z\u00e1ujme v\u00e1\u0161ho zdravia a kr\u00e1sy sme pre v\u00e1s pripravili \u0161peci\u00e1lnu zmes doplnkov stravy, ktor\u00e9 pod\u013ea n\u00e1s sk\u00f4r \u010di nesk\u00f4r potrebuje takmer ka\u017ed\u00fd \u2013 va\u0161e telo n\u00e1m po\u010fakuje a va\u0161a ple\u0165 bude jednoducho \u017eiari\u0165. Je to \u010fal\u0161\u00ed v\u00fdrobok z n\u00e1\u0161ho rozsiahleho radu, ktor\u00fd bol vytvoren\u00fd s oh\u013eadom na potreby modern\u00e9ho \u010dloveka, ktor\u00fd si z pr\u00edrody berie len to najlep\u0161ie.<\/span><\/p>\n<p><span style=\"color: #000000\">Je zn\u00e1me, \u017ee po 25. roku veku za\u010d\u00edna produkcia vlastn\u00e9ho kolag\u00e9nu klesa\u0165 pribli\u017ene o 1 % ro\u010dne. \u00da\u010dinky tohto postupn\u00e9ho \u00fabytku kolag\u00e9nu sa prejavia nesk\u00f4r, preto\u017ee prv\u00e9 vidite\u013en\u00e9 pr\u00edznaky sa m\u00f4\u017eu prejavi\u0165 a\u017e po 10 rokoch, zatia\u013e \u010do zmeny vo vn\u00fatornej \u0161trukt\u00fare kost\u00ed, ko\u017ee, ciev, svalov, vlasov a nechtov sa za\u010dn\u00fa prejavova\u0165 sk\u00f4r. In\u00fdmi slovami, prv\u00e9 vr\u00e1sky, ktor\u00e9 vid\u00edme na tv\u00e1ri, s\u00fa d\u00f4sledkom poklesu produkcie kolag\u00e9nu pred rokmi. Ke\u010f\u017ee je v\u0161ak <strong>kolag\u00e9n zodpovedn\u00fd aj za norm\u00e1lne fungovanie kost\u00ed, ko\u017ee, zubov, ciev, chrupaviek a \u010fasien, nedostatok kolag\u00e9nu prirodzene ovplyv\u0148uje v\u0161etky tieto oblasti<\/strong>. Kolag\u00e9n tie\u017e prispieva <strong>k zdrav\u00fdm \u010drev\u00e1m, ktor\u00e9 s\u00fa \u010dasto k\u013e\u00fa\u010dom k n\u00e1\u0161mu celkov\u00e9mu zdraviu a pohode<\/strong>.<\/span><\/p>\n<p><span style=\"color: #000000\">Hydrolyzovan\u00fd kolag\u00e9n sa odpor\u00fa\u010da po 30. roku \u017eivota ako doplnok inak zdravej a vyv\u00e1\u017eenej stravy a akt\u00edvneho \u017eivotn\u00e9ho \u0161t\u00fdlu. Pre zdrav\u00fd vzh\u013ead va\u0161ej poko\u017eky, vlasov a nechtov, rovnako ako pre zdrav\u00e9 a siln\u00e9 kosti, zuby a k\u013aby sme preto vyvinuli vylep\u0161en\u00fa zmes, ktor\u00e1 obsahuje nielen kolag\u00e9n, ale aj pr\u00eddavok MSM alebo organick\u00e9 kyseliny s\u00edrovej, zn\u00e1mej tie\u017e ako miner\u00e1l kr\u00e1sy, ktor\u00fd m\u00e1 tie\u017e pozit\u00edvny vplyv na na\u0161u poko\u017eku, vlasy, nechty, k\u013aby a kosti. Je stavebn\u00fdm kame\u0148om na\u0161ich buniek a \u00faplne prirodzenou, \u010dloveku vlastnou zlo\u017ekou, ktorej produkcia s vekom taktie\u017e kles\u00e1. Preto\u017ee vitam\u00edn C je taktie\u017e ve\u013emi d\u00f4le\u017eit\u00fd pre fungovanie MSM a pre v\u00e4\u010d\u0161inu procesov v na\u0161om tele \u2013 najm\u00e4 ako antioxidant, ktor\u00fd okrem in\u00e9ho umo\u017e\u0148uje lep\u0161ie vstreb\u00e1vanie vitam\u00ednov a miner\u00e1lov, pridali sme tento nenahradite\u013en\u00fd vitam\u00edn do zmesi. Vitam\u00edn C je v na\u0161ich zmesiach nevyhnutn\u00fd aj preto, \u017ee tvorba n\u00e1\u0161ho vlastn\u00e9ho kolag\u00e9nu je na jeho dostato\u010dnom mno\u017estve ve\u013emi z\u00e1visl\u00e1. Je potrebn\u00e9 poznamena\u0165, \u017ee najvy\u0161\u0161iu denn\u00fa potrebu vitam\u00ednu C maj\u00fa najm\u00e4 faj\u010diari, fyzicky akt\u00edvni \u013eudia a \u0161portovci, ale t\u00fato zv\u00fd\u0161en\u00fa potrebu zvy\u010dajne nemo\u017eno dosiahnu\u0165 oby\u010dajnou stravou, preto sa odpor\u00fa\u010da ako doplnok stravy a prebytok vitam\u00ednu C telo jednoducho vyl\u00fa\u010di.<\/span><\/p>\n<p><span style=\"color: #000000\">Pravideln\u00e9 pou\u017e\u00edvanie tejto super zmesi prin\u00e1\u0161a mnoho v\u00fdhod pre na\u0161u vn\u00fatorn\u00fa aj vonkaj\u0161iu kr\u00e1su:<\/span><\/p>\n<p><span style=\"color: #000000\">\ud83d\udc9a zlep\u0161uje <strong>stav poko\u017eky, vlasov a nechtov<\/strong>;<\/span><br \/>\n<span style=\"color: #000000\">\ud83d\udc9a zlep\u0161uje <strong>funkciu \u010driev;<\/strong><\/span><br \/>\n<span style=\"color: #000000\">\ud83d\udc9a zlep\u0161uje <strong>svalov\u00fa hmotu<\/strong>;<\/span><br \/>\n<span style=\"color: #000000\">\ud83d\udc9a zvy\u0161uje sa <strong>hydrat\u00e1cia organizmu<\/strong>;<\/span><br \/>\n<span style=\"color: #000000\">\ud83d\udc9a <strong>ple\u0165 u\u017e nie je such\u00e1, stav poko\u017eky sa zlep\u0161uje, vyrovn\u00e1va sa jej pH, je pru\u017en\u00e1 a r\u00fdchlej\u0161ie sa regeneruje<\/strong>;<\/span><br \/>\n<span style=\"color: #000000\">\ud83d\udc9a m\u00e1 \u00fa\u010dinky<strong> proti starnutiu;<\/strong><\/span><br \/>\n<span style=\"color: #000000\">\ud83d\udc9a na\u0161e <strong>kosti, zuby a k\u013aby s\u00fa silnej\u0161ie<\/strong>;<\/span><br \/>\n<span style=\"color: #000000\">\ud83d\udc9a zlep\u0161uje sa tvorba<strong> vlastn\u00e9ho kolag\u00e9nu;<\/strong><\/span><br \/>\n<span style=\"color: #000000\">\ud83d\udc9a bunky s\u00fa <strong>chr\u00e1nen\u00e9 pred oxida\u010dn\u00fdm stresom;<\/strong><\/span><br \/>\n<span style=\"color: #000000\">\ud83d\udc9a Zlep\u0161uje sa f<strong>yzick\u00e1 \u00fanava a vy\u010derpanie<\/strong>;<\/span><br \/>\n<span style=\"color: #000000\">\ud83d\udc9a zdrav\u00fd <strong>imunitn\u00fd syst\u00e9m a hormon\u00e1lnu rovnov\u00e1hu<\/strong>;<\/span><br \/>\n<span style=\"color: #000000\">\ud83d\udc9a bunky a <strong>tkaniv\u00e1 sa r\u00fdchlej\u0161ie regeneruj\u00fa.<\/strong><\/span><\/p>\n<h2><span style=\"color: #000000\">Balenie<\/span><\/h2>\n<p><span style=\"color: #000000\">Nepriedu\u0161n\u00e9 vrecko na zips, v ktorom si v\u00fdrobok uchov\u00e1 v\u0161etku \u010derstvos\u0165 a v\u00f4\u0148u. Obal chr\u00e1ni pred svetlom a vzduchom a sklad\u00e1 sa z nieko\u013ek\u00fdch ochrann\u00fdch vrstiev, ktor\u00e9 zachov\u00e1vaj\u00fa vlastnosti obsahu.<\/span><\/p>\n<p><span style=\"color: #000000\">Obal je ve\u013emi praktick\u00fd a recyklovate\u013en\u00fd.<\/span><\/p>\n<h2><span style=\"color: #000000\">Skladovanie<\/span><\/h2>\n<p><span style=\"color: #000000\">Skladujte na suchom, tmavom a chladnom mieste. Uistite sa, \u017ee je vrecko pevne uzavret\u00e9.<\/span><\/p>\n<h2><span style=\"color: #000000\">P\u00f4vod<\/span><\/h2>\n<p><span style=\"color: #000000\">EU<\/span><\/p>\n","protected":false},"excerpt":{"rendered":"<p>Kolag\u00e9n, MSM a vitam\u00edn C pre kr\u00e1su a pohodu. \u0160peci\u00e1lna zmes, za ktor\u00fa n\u00e1m na\u0161e telo po\u010fakuje a na\u0161a ple\u0165 bude jednoducho \u017eiari\u0165. Pravideln\u00fd pr\u00edjem zmesi kolag\u00e9nu, MSM a vitam\u00ednu C prin\u00e1\u0161a mnoho v\u00fdhod pre na\u0161u vn\u00fatorn\u00fa aj vonkaj\u0161iu kr\u00e1su:<\/p>\n<p>\ud83d\udc9a Zlep\u0161enie stavu poko\u017eky, vlasov a nechtov.<br \/>\n\ud83d\udc9a Zv\u00fd\u0161enie hydrat\u00e1cie organizmu.<br \/>\n\ud83d\udc9a Kosti, zuby a k\u013aby s\u00fa pevnej\u0161ie.<br \/>\n\ud83d\udc9a Zlep\u0161enie produkcie v\u00e1\u0161ho vlastn\u00e9ho kolag\u00e9nu.<\/p>\n","protected":false},"featured_media":5922,"comment_status":"open","ping_status":"closed","template":"","meta":{"_acf_changed":false},"product_brand":[],"product_cat":[15,203,224,195,225],"product_tag":[],"class_list":{"0":"post-5921","1":"product","2":"type-product","3":"status-publish","4":"has-post-thumbnail","6":"product_cat-uncategorized","7":"product_cat-mineraly-vitaminy","8":"product_cat-ponuka","9":"product_cat-superpotraviny","10":"product_cat-vsetky-produkty","12":"first","13":"instock","14":"sale","15":"taxable","16":"shipping-taxable","17":"purchasable","18":"product-type-simple"},"acf":[],"_links":{"self":[{"href":"https:\/\/fengchashop.com\/sk\/wp-json\/wp\/v2\/product\/5921","targetHints":{"allow":["GET"]}}],"collection":[{"href":"https:\/\/fengchashop.com\/sk\/wp-json\/wp\/v2\/product"}],"about":[{"href":"https:\/\/fengchashop.com\/sk\/wp-json\/wp\/v2\/types\/product"}],"replies":[{"embeddable":true,"href":"https:\/\/fengchashop.com\/sk\/wp-json\/wp\/v2\/comments?post=5921"}],"wp:featuredmedia":[{"embeddable":true,"href":"https:\/\/fengchashop.com\/sk\/wp-json\/wp\/v2\/media\/5922"}],"wp:attachment":[{"href":"https:\/\/fengchashop.com\/sk\/wp-json\/wp\/v2\/media?parent=5921"}],"wp:term":[{"taxonomy":"product_brand","embeddable":true,"href":"https:\/\/fengchashop.com\/sk\/wp-json\/wp\/v2\/product_brand?post=5921"},{"taxonomy":"product_cat","embeddable":true,"href":"https:\/\/fengchashop.com\/sk\/wp-json\/wp\/v2\/product_cat?post=5921"},{"taxonomy":"product_tag","embeddable":true,"href":"https:\/\/fengchashop.com\/sk\/wp-json\/wp\/v2\/product_tag?post=5921"}],"curies":[{"name":"wp","href":"https:\/\/api.w.org\/{rel}","templated":true}]}}