{"id":5918,"date":"2022-02-22T18:24:09","date_gmt":"2022-02-22T17:24:09","guid":{"rendered":"https:\/\/fengchashop.com\/sk\/product\/msm-prasok-500-g\/"},"modified":"2026-05-03T09:40:45","modified_gmt":"2026-05-03T07:40:45","slug":"msm-prasok","status":"publish","type":"product","link":"https:\/\/fengchashop.com\/sk\/product\/msm-prasok\/","title":{"rendered":"MSM pr\u00e1\u0161ok 500 g"},"content":{"rendered":"<div class=\"wpb-content-wrapper\"><p>[vc_row][vc_column][vc_column_text css=&#8220;&#8220;]<\/p>\n<h2><span style=\"color: #000000\">MSM pr\u00e1\u0161ok<\/span><\/h2>\n<p><span style=\"color: #000000\">MSM je metylsulfonylmet\u00e1n resp organick\u00e1 s\u00edra v nutri\u010dnej forme, ktor\u00e1 sa nach\u00e1dza ako stavebn\u00fd prvok buniek \u013eudsk\u00e9ho tela. MSM vznik\u00e1 odumieran\u00edm a rozkladom fytoplankt\u00f3nu v oce\u00e1noch a sie\u0165 sa vyparuje do atmosf\u00e9ry a hromad\u00ed sa v oblakoch. Potom sa vracia na zem vo forme zr\u00e1\u017eok a st\u00e1va sa potravou pre v\u0161etky suchozemsk\u00e9 organizmy. MSM je vysoko koncentrovan\u00fd hlavne v rastlin\u00e1ch, ktor\u00e9 s\u00fa vystaven\u00e9 siln\u00fdm da\u017e\u010fom.<\/span><\/p>\n<p><span style=\"color: #000000\">\u010eal\u0161\u00edm d\u00f4le\u017eit\u00fdm faktom je, \u017ee MSM je popri kysl\u00edku, vode a soli \u0161tvrt\u00fdm najpotrebnej\u0161\u00edm prvkom v \u013eudskej strave, ke\u010f\u017ee s\u00edra je nevyhnutn\u00e1 pre regener\u00e1ciu a v\u00fd\u017eivu zdrav\u00fdch buniek.<\/span><\/p>\n<p><span style=\"color: #000000\">MSM sa tie\u017e naz\u00fdva miner\u00e1l kr\u00e1sy, preto\u017ee m\u00e1 priazniv\u00fd vplyv na:<\/span><\/p>\n<p><span style=\"color: #000000\">\ud83d\udc9a <strong>obnovuje a podporuje pru\u017enos\u0165 buniek, <\/strong>\u010do u\u013eah\u010duje bunkov\u00fd metabolizmus,<\/span><br \/>\n<span style=\"color: #000000\">\ud83d\udc9a <strong>regener\u00e1cia po\u0161koden\u00fdch buniek a tkan\u00edv,<\/strong><\/span><br \/>\n<span style=\"color: #000000\">\ud83d\udc9a nastolenie vhodn\u00e9ho <strong>pH poko\u017eky,<\/strong><\/span><br \/>\n<span style=\"color: #000000\">\ud83d\udc9a <strong>zmiernite opuchy, k\u0155\u010de a bolesti.<\/strong><\/span><\/p>\n<p><span style=\"color: #000000\">MSM je nepostr\u00e1date\u013en\u00fdm stavebn\u00fdm kame\u0148om buniek tela, ktor\u00fdch s vekom za\u010d\u00edna by\u0165 nedostatok.<\/span><\/p>\n<p><span style=\"color: #000000\">Organick\u00e1 s\u00edra je pr\u00edtomn\u00e1 vo v\u0161etk\u00fdch \u017eiv\u00fdch veciach na Zemi. Je d\u00f4le\u017eitou zlo\u017ekou hlavne kerat\u00ednu, kolag\u00e9nu, elast\u00ednu a chrupavky a podie\u013ea sa na tvorbe \u010derven\u00fdch krviniek, svalov, poko\u017eky a vlasov. Preto\u017ee ovplyv\u0148uje najm\u00e4 vzh\u013ead poko\u017eky, vlasov a nechtov, stal sa zn\u00e1mym ako miner\u00e1l kr\u00e1sy. MSM je jednou z hlavn\u00fdch zlo\u017eiek aminokysel\u00edn, ktor\u00e9 tvoria prote\u00ednov\u00e9 prote\u00edny, a preto ovplyv\u0148uje mnoh\u00e9 procesy v \u013eudskom tele: od p\u00f4sobenia <strong>enz\u00fdmov, imunitnej a hormon\u00e1lnej rovnov\u00e1hy a\u017e po zdrav\u00e9 v\u00e4zy, \u0161\u013eachy a k\u013aby.<\/strong><\/span><\/p>\n<p><span style=\"color: #000000\">Ko\u017ea je n\u00e1\u0161 najv\u00e4\u010d\u0161\u00ed org\u00e1n a je do zna\u010dnej miery odrazom n\u00e1\u0161ho sp\u00f4sobu \u017eivota. Je toho ve\u013ea, \u010do m\u00f4\u017eeme urobi\u0165 pre poko\u017eku, ktor\u00e1 n\u00e1s v skuto\u010dnosti chr\u00e1ni pred vonkaj\u0161\u00edm svetom spr\u00e1vnou stravou a spr\u00e1vnym v\u00fdberom doplnkov v\u00fd\u017eivy. MSM v\u00e1m pom\u00f4\u017ee obnovi\u0165 va\u0161u poko\u017eku, vlasy, kosti, k\u013aby a svaly.<\/span><\/p>\n<p><span style=\"color: #000000\">Ak chcete <strong>omladi\u0165 svoje telo<\/strong>, obnovi\u0165 rovnov\u00e1hu a omladi\u0165 svoj vzh\u013ead, MSM je tou spr\u00e1vnou vo\u013ebou. V\u010faka MSM bud\u00fa va\u0161e <strong>bunky op\u00e4\u0165 leskl\u00e9, omladen\u00e9 a pln\u00e9.<\/strong><\/span><\/p>\n<p><span style=\"color: #000000\">A ke\u010f\u017ee ho m\u00e1me v priebehu rokov nedostatok a MSM je d\u00f4le\u017eitou zlo\u017ekou kerat\u00ednu, kolag\u00e9nu, elast\u00ednu a chrupavky a podie\u013ea sa na tvorbe <strong>\u010derven\u00fdch krviniek, svalov, poko\u017eky a vlasov,<\/strong> m\u00e1 zmysel zv\u00e1\u017ei\u0165 pridanie MSM vo forme doplnku stravy.<\/span><\/p>\n<p><span style=\"color: #000000\">Na\u0161e MSM poch\u00e1dza <strong>z borov\u00edc<\/strong>.<\/span><\/p>\n<p><span style=\"color: #000000\">Proces z\u00edskania je<strong> dvojit\u00e1 centrifug\u00e1cia a nakoniec v\u00e1kuov\u00e9 su\u0161enie<\/strong>. \u017diadny destila\u010dn\u00fd proces.<\/span><\/p>\n<p><span style=\"color: #000000\">Garantovan\u00e1 <strong>\u010distota n\u00e1\u0161ho MSM je 99,00 %<\/strong>.<\/span><\/p>\n<h2><span style=\"color: #000000\">Je dobr\u00e9 vedie\u0165<\/span><\/h2>\n<p><span style=\"color: #000000\">Pr\u00edpravok je vhodn\u00fd aj pre zvierat\u00e1. \u00da\u010dinok MSM je podobn\u00fd \u00fa\u010dinku na \u010dloveka. O vhodnosti u\u017e\u00edvania a odpor\u00fa\u010danom dennom mno\u017estve sa pora\u010fte so svoj\u00edm veterin\u00e1rom.<\/span><\/p>\n<h2><span style=\"color: #000000\">Balenie<\/span><\/h2>\n<p><span style=\"color: #000000\">Nepriepustn\u00e9 vrecko so zipsom, v ktorom si produkt zachov\u00e1va svoju \u010derstvos\u0165 a v\u00f4\u0148u. Obal chr\u00e1ni pred svetlom a vzduchom, ke\u010f\u017ee sa sklad\u00e1 z nieko\u013ek\u00fdch ochrann\u00fdch vrstiev, ktor\u00e9 uchov\u00e1vaj\u00fa vlastnosti obsahu vn\u00fatri.<\/span><br \/>\n<span style=\"color: #000000\">Obal je ve\u013emi praktick\u00fd a recyklovate\u013en\u00fd.<\/span><\/p>\n<h2><span style=\"color: #000000\">Skladovanie a upozornenia<\/span><\/h2>\n<p><span style=\"color: #000000\">Skladujte na chladnom a suchom mieste pri teplote do 25 \u00b0C. V\u00fd\u017eivov\u00fd doplnok uchov\u00e1vajte mimo dosahu det\u00ed!<\/span><\/p>\n<p><span style=\"color: #000000\">Pam\u00e4tajte na d\u00f4le\u017eitos\u0165 pestrej stravy a zdrav\u00e9ho \u017eivotn\u00e9ho \u0161t\u00fdlu, v\u00fd\u017eivov\u00fd doplnok nie je n\u00e1hradou vyv\u00e1\u017eenej a pestrej stravy. Odpor\u00fa\u010dan\u00e9 denn\u00e9 mno\u017estvo alebo d\u00e1vka by sa nemali prekro\u010di\u0165. Tehotn\u00fdm a doj\u010diacim \u017een\u00e1m sa odpor\u00fa\u010da, aby sa v\u017edy pred pou\u017eit\u00edm poradili s lek\u00e1rom. Pri u\u017e\u00edvan\u00ed liekov, najm\u00e4 liekov na riedenie krvi, sa odpor\u00fa\u010da opatrnos\u0165, preto\u017ee MSM riedi krv.<\/span><\/p>\n<h2><span style=\"color: #000000\">P\u00f4vod<\/span><\/h2>\n<p>Mimo E\u00da[\/vc_column_text][\/vc_column][\/vc_row]<\/p>\n<\/div>","protected":false},"excerpt":{"rendered":"<p>MSM je metylsulfylmet\u00e1n alebo organick\u00e1 s\u00edra v nutri\u010dnej forme, ktor\u00e1 sa nach\u00e1dza ako stavebn\u00fd kame\u0148 buniek v\u0161ade v \u013eudskom tele. Na\u0161e MSM poch\u00e1dza <strong>z borov\u00edc<\/strong>. Proces z\u00edskania je <strong>dvojit\u00e1 centrifug\u00e1cia a nakoniec v\u00e1kuov\u00e9 su\u0161enie<\/strong>. \u017diadny destila\u010dn\u00fd proces. Garantovan\u00e1 <strong>\u010distota n\u00e1\u0161ho MSM je 99,00 %<\/strong>.<\/p>\n<p>\ud83d\udc9a Obnovuje a podporuje pru\u017enos\u0165 buniek, \u010do u\u013eah\u010duje bunkov\u00fd metabolizmus.<br \/>\n\ud83d\udc9a Pom\u00e1ha regenerova\u0165 po\u0161koden\u00e9 bunky a tkaniv\u00e1.<br \/>\n\ud83d\udc9a Zmier\u0148uje bolesti k\u013abov a svalov.<br \/>\n\ud83d\udc9a Pom\u00e1ha r\u00fdchlo hoji\u0165 rany a redukuje jazvy.<\/p>\n","protected":false},"featured_media":5919,"comment_status":"open","ping_status":"closed","template":"","meta":{"_acf_changed":false},"product_brand":[],"product_cat":[15,203,224,195,225],"product_tag":[],"class_list":{"0":"post-5918","1":"product","2":"type-product","3":"status-publish","4":"has-post-thumbnail","6":"product_cat-uncategorized","7":"product_cat-mineraly-vitaminy","8":"product_cat-ponuka","9":"product_cat-superpotraviny","10":"product_cat-vsetky-produkty","12":"first","13":"instock","14":"sale","15":"taxable","16":"shipping-taxable","17":"purchasable","18":"product-type-simple"},"acf":[],"_links":{"self":[{"href":"https:\/\/fengchashop.com\/sk\/wp-json\/wp\/v2\/product\/5918","targetHints":{"allow":["GET"]}}],"collection":[{"href":"https:\/\/fengchashop.com\/sk\/wp-json\/wp\/v2\/product"}],"about":[{"href":"https:\/\/fengchashop.com\/sk\/wp-json\/wp\/v2\/types\/product"}],"replies":[{"embeddable":true,"href":"https:\/\/fengchashop.com\/sk\/wp-json\/wp\/v2\/comments?post=5918"}],"wp:featuredmedia":[{"embeddable":true,"href":"https:\/\/fengchashop.com\/sk\/wp-json\/wp\/v2\/media\/5919"}],"wp:attachment":[{"href":"https:\/\/fengchashop.com\/sk\/wp-json\/wp\/v2\/media?parent=5918"}],"wp:term":[{"taxonomy":"product_brand","embeddable":true,"href":"https:\/\/fengchashop.com\/sk\/wp-json\/wp\/v2\/product_brand?post=5918"},{"taxonomy":"product_cat","embeddable":true,"href":"https:\/\/fengchashop.com\/sk\/wp-json\/wp\/v2\/product_cat?post=5918"},{"taxonomy":"product_tag","embeddable":true,"href":"https:\/\/fengchashop.com\/sk\/wp-json\/wp\/v2\/product_tag?post=5918"}],"curies":[{"name":"wp","href":"https:\/\/api.w.org\/{rel}","templated":true}]}}