{"id":5911,"date":"2022-02-22T09:44:00","date_gmt":"2022-02-22T08:44:00","guid":{"rendered":"https:\/\/fengchashop.com\/sk\/product\/onca-mix-bio-125-g-prasok-z-liecivych-hub\/"},"modified":"2026-04-16T21:13:30","modified_gmt":"2026-04-16T19:13:30","slug":"onca-mix-bio-prasok-z-liecivych-hub","status":"publish","type":"product","link":"https:\/\/fengchashop.com\/sk\/product\/onca-mix-bio-prasok-z-liecivych-hub\/","title":{"rendered":"Onca mix BIO 125 g pr\u00e1\u0161ok z lie\u010div\u00fdch h\u00fab"},"content":{"rendered":"<h2><span style=\"color: #000000\">Onca mix BIO pr\u00e1\u0161ok z lie\u010div\u00fdch h\u00fab<\/span><\/h2>\n<p><span style=\"color: #000000\">Zmes lie\u010div\u00fdch h\u00fab Onca mix je ur\u010den\u00e1 na podporu <strong>agres\u00edvnej konven\u010dnej lie\u010dby a postupov a na pomoc pri v\u00e1\u017enej\u0161\u00edch chronick\u00fdch ochoreniach<\/strong>. Onca mix pon\u00faka naj\u0161ir\u0161ie spektrum vyv\u00e1\u017een\u00e9ho p\u00f4sobenia v\u010faka stovk\u00e1m r\u00f4znych akt\u00edvnych zlo\u017eiek, ktor\u00e9 obsahuje. Zmes Onca pozost\u00e1va zo \u0161tyroch druhov h\u00fab: Ganoderma lucidum (Reishi), Lentinula edodes (Shiitake), Coriolus a Agaricus blazei.<\/span><\/p>\n<p><span style=\"color: #000000\">Toto \u0161irok\u00e9 spektrum druhov h\u00fab dosahuje \u0161irokospektr\u00e1lne p\u00f4sobenie a zr\u00fdchlen\u00e9 prevent\u00edvne p\u00f4sobenie proti celkov\u00e9mu oslabeniu.<\/span><\/p>\n<p><span style=\"color: #000000\">Pou\u017eitie v\u00fdrobku je pomerne jednoduch\u00e9 a nevy\u017eaduje si \u017eiadnu pr\u00edpravu ani zru\u010dnos\u0165. Huby sa rozomel\u00fa na jemn\u00fd pr\u00e1\u0161ok, ktor\u00fd neobsahuje \u017eiadne \u010dastice. V\u00fdrobok je preto pripraven\u00fd na pou\u017eitie. Jednoducho d\u00e1vkujte priamo z obalu do svojho ob\u013e\u00faben\u00e9ho n\u00e1poja, premie\u0161ajte a spotrebujte.<\/span><\/p>\n<h2><span style=\"color: #000000\">Pre\u010do pou\u017e\u00edva\u0165 na\u0161u zmes Onca?<\/span><\/h2>\n<p><span style=\"color: #000000\">Zmes bola starostlivo zostaven\u00e1 na z\u00e1klade pozorovan\u00ed a poznatkov u\u017e\u00edvate\u013eov zmesi a lie\u010div\u00fdch h\u00fab vo v\u0161eobecnosti. A hoci lie\u010div\u00e9 huby maj\u00fa ve\u013emi zlo\u017eit\u00e9 mechanizmy \u00fa\u010dinku, ktor\u00e9 veda zatia\u013e nedok\u00e1zala vysvetli\u0165, vieme, \u017ee maj\u00fa priazniv\u00fd vplyv na n\u00e1\u0161 imunitn\u00fd syst\u00e9m, na na\u0161u pohodu a na prirodzen\u00e9 procesy, ktor\u00e9 v na\u0161om organizme prebiehaj\u00fa ka\u017ed\u00fd de\u0148. Imunitn\u00fd syst\u00e9m je zodpovedn\u00fd za boj proti cudz\u00edm teles\u00e1m v na\u0161om tele. \u010ci u\u017e ide o jednoduch\u00fd v\u00edrus, ktor\u00fd sp\u00f4sobuje prechladnutie, alebo o s\u00fabor buniek, ktor\u00e9 predstavuj\u00fa rakovinu. Preto je zdrav\u00fd a siln\u00fd imunitn\u00fd syst\u00e9m tak\u00fd d\u00f4le\u017eit\u00fd. Rovnako d\u00f4le\u017eit\u00e9 s\u00fa antioxidanty, ktor\u00e9 n\u00e1s chr\u00e1nia pred oxida\u010dn\u00fdm stresom, ktor\u00fd sp\u00f4sobuje mnoh\u00e9 choroby a pred\u010dasn\u00e9 starnutie.<\/span><\/p>\n<p><span style=\"color: #000000\">V\u00fdroba na\u0161ich lie\u010div\u00fdch h\u00fab je pr\u00edsne kontrolovan\u00e1, bez pou\u017eitia chemik\u00e1li\u00ed a pestic\u00eddov a <strong>100 % ekologick\u00e1<\/strong>. V\u0161etky huby sa pestuj\u00fa v Slovinsku.<\/span><\/p>\n<h2><span style=\"color: #000000\">Pre koho je liek Onca mix ur\u010den\u00fd a ak\u00e9 s\u00fa jeho \u00fa\u010dinky?<\/span><\/h2>\n<p><span style=\"color: #000000\">Onca mix je prim\u00e1rne ur\u010den\u00fd ako podporn\u00e1 lie\u010dba pre chronick\u00fdch pacientov, ktor\u00ed s\u00fa lie\u010den\u00ed met\u00f3dou tradi\u010dnej medic\u00edny. Je ur\u010den\u00fd pre pacientov, ktor\u00ed sa lie\u010dia na z\u00e1va\u017enej\u0161ie ochorenia a ktor\u00fdch lie\u010dba je agres\u00edvna. Je ur\u010den\u00fd aj pre t\u00fdch, ktor\u00ed chc\u00fa vysk\u00fa\u0161a\u0165 p\u00f4sobenie lie\u010div\u00fdch h\u00fab a podpori\u0165 lie\u010denie prirodzen\u00fdm sp\u00f4sobom. Je to aj vynikaj\u00faci pr\u00edrodn\u00fd doplnok stravy, preto\u017ee huby maj\u00fa vysok\u00fa v\u00fd\u017eivov\u00fa hodnotu &#8211; cenn\u00e9 \u017eiviny, stopov\u00e9 miner\u00e1ly, vitam\u00edny, makro\u017eiviny, vl\u00e1kninu a bielkoviny. Lie\u010div\u00e9 huby maj\u00fa bohat\u00fa hist\u00f3riu v \u010d\u00ednskej medic\u00edne a lie\u010dite\u013estve a \u010dlovek sa \u010doraz \u010dastej\u0161ie obracia k pr\u00edrode, aby z\u00edskal zdravie. Pred konzum\u00e1ciou lie\u010div\u00fdch h\u00fab v priebehu lie\u010dby je v\u017edy vhodn\u00e9 poradi\u0165 sa s odborn\u00edkom alebo v\u0161eobecn\u00fdm lek\u00e1rom.<\/span><\/p>\n<h2><span style=\"color: #000000\">Balenie<\/span><\/h2>\n<p><span style=\"color: #000000\">Nepriepustn\u00e9 vrecko na zips, v ktorom si v\u00fdrobok zachov\u00e1 v\u0161etku svoju \u010derstvos\u0165 a v\u00f4\u0148u. Obal chr\u00e1ni v\u00fdrobok pred svetlom a vzduchom, preto\u017ee sa sklad\u00e1 z nieko\u013ek\u00fdch ochrann\u00fdch vrstiev, ktor\u00e9 zachov\u00e1vaj\u00fa vlastnosti obsahu.<\/span><\/p>\n<p><span style=\"color: #000000\">Obal je ve\u013emi praktick\u00fd a recyklovate\u013en\u00fd.<\/span><\/p>\n<h2><span style=\"color: #000000\">Skladovanie a varovania<\/span><\/h2>\n<p><span style=\"color: #000000\">Skladujte na chladnom a suchom mieste. Potravinov\u00fd doplnok uchov\u00e1vajte mimo dosahu det\u00ed!<\/span><\/p>\n<p><span style=\"color: #000000\">Nezab\u00fadajte na d\u00f4le\u017eitos\u0165 pestrej stravy a zdrav\u00e9ho \u017eivotn\u00e9ho \u0161t\u00fdlu, doplnok stravy preto nenahr\u00e1dza vyv\u00e1\u017een\u00fa a pestr\u00fa stravu. Odpor\u00fa\u010dan\u00e9 denn\u00e9 mno\u017estvo alebo d\u00e1vka by sa nemali prekro\u010di\u0165. Tehotn\u00fdm a doj\u010diacim \u017een\u00e1m sa v\u017edy odpor\u00fa\u010da, aby sa pred pou\u017eit\u00edm poradili s lek\u00e1rom.<\/span><\/p>\n<h2><span style=\"color: #000000\">Je dobr\u00e9 vedie\u0165<\/span><\/h2>\n<p><span style=\"color: #000000\">V\u00fdrobok je vhodn\u00fd aj pre zvierat\u00e1. Vo v\u00e4\u010d\u0161ine pr\u00edpadov sa lie\u010div\u00e9 huby ukazuj\u00fa ako mimoriadne \u00fa\u010dinn\u00e9 pri posil\u0148ovan\u00ed imunitn\u00e9ho syst\u00e9mu, odstra\u0148ovan\u00ed alergi\u00ed a ko\u017en\u00fdch ochoren\u00ed, ako aj v\u00edrusov\u00fdch a bakteri\u00e1lnych infekci\u00ed. Pred pou\u017eit\u00edm sa pora\u010fte so svoj\u00edm veterin\u00e1rnym lek\u00e1rom o vhodnosti u\u017e\u00edvania a odpor\u00fa\u010danom dennom mno\u017estve.<\/span><\/p>\n<h2><span style=\"color: #000000\">P\u00f4vod<\/span><\/h2>\n<p><span style=\"color: #000000\">Slovinsko<\/span><\/p>\n","protected":false},"excerpt":{"rendered":"<p>Zmes lie\u010div\u00fdch h\u00fab Onca je ur\u010den\u00e1 na podporu agres\u00edvnej konven\u010dnej lie\u010dby a postupov a na pomoc pri v\u00e1\u017enej\u0161\u00edch chronick\u00fdch ochoreniach. Onca mix pon\u00faka naj\u0161ir\u0161ie spektrum vyv\u00e1\u017een\u00e9ho \u00fa\u010dinku v\u010faka stovk\u00e1m r\u00f4znych akt\u00edvnych zlo\u017eiek, ktor\u00e9 obsahuje.<\/p>\n<p>\ud83d\udc9a Posil\u0148uje imunitn\u00fd syst\u00e9m.<br \/>\n\ud83d\udc9a M\u00e1 priazniv\u00fd vplyv na na\u0161u pohodu.<br \/>\n\ud83d\udc9a P\u00f4sob\u00ed protiz\u00e1palovo.<br \/>\n\ud83d\udc9a Antioxidant.<\/p>\n","protected":false},"featured_media":4294,"comment_status":"open","ping_status":"closed","template":"","meta":{"_acf_changed":false},"product_brand":[],"product_cat":[15,229,224,225],"product_tag":[],"class_list":{"0":"post-5911","1":"product","2":"type-product","3":"status-publish","4":"has-post-thumbnail","6":"product_cat-uncategorized","7":"product_cat-liecive-huby","8":"product_cat-ponuka","9":"product_cat-vsetky-produkty","11":"first","12":"instock","13":"sale","14":"taxable","15":"shipping-taxable","16":"purchasable","17":"product-type-simple"},"acf":[],"_links":{"self":[{"href":"https:\/\/fengchashop.com\/sk\/wp-json\/wp\/v2\/product\/5911","targetHints":{"allow":["GET"]}}],"collection":[{"href":"https:\/\/fengchashop.com\/sk\/wp-json\/wp\/v2\/product"}],"about":[{"href":"https:\/\/fengchashop.com\/sk\/wp-json\/wp\/v2\/types\/product"}],"replies":[{"embeddable":true,"href":"https:\/\/fengchashop.com\/sk\/wp-json\/wp\/v2\/comments?post=5911"}],"wp:featuredmedia":[{"embeddable":true,"href":"https:\/\/fengchashop.com\/sk\/wp-json\/wp\/v2\/media\/4294"}],"wp:attachment":[{"href":"https:\/\/fengchashop.com\/sk\/wp-json\/wp\/v2\/media?parent=5911"}],"wp:term":[{"taxonomy":"product_brand","embeddable":true,"href":"https:\/\/fengchashop.com\/sk\/wp-json\/wp\/v2\/product_brand?post=5911"},{"taxonomy":"product_cat","embeddable":true,"href":"https:\/\/fengchashop.com\/sk\/wp-json\/wp\/v2\/product_cat?post=5911"},{"taxonomy":"product_tag","embeddable":true,"href":"https:\/\/fengchashop.com\/sk\/wp-json\/wp\/v2\/product_tag?post=5911"}],"curies":[{"name":"wp","href":"https:\/\/api.w.org\/{rel}","templated":true}]}}