{"id":5909,"date":"2022-02-22T09:22:38","date_gmt":"2022-02-22T08:22:38","guid":{"rendered":"https:\/\/fengchashop.com\/sk\/product\/judasovo-ucho-auricularia-auricula-bio-125-g\/"},"modified":"2026-04-17T01:20:05","modified_gmt":"2026-04-16T23:20:05","slug":"judasovo-ucho-auricularia-auricula-bio","status":"publish","type":"product","link":"https:\/\/fengchashop.com\/sk\/product\/judasovo-ucho-auricularia-auricula-bio\/","title":{"rendered":"Jud\u00e1\u0161ovo ucho (Auricularia auricula) BIO 125 g"},"content":{"rendered":"<h2><span style=\"color: #000000\">Auricularia auricula BIO pr\u00e1\u0161ok<\/span><\/h2>\n<p><span style=\"color: #000000\">Auricularia auricula nadob\u00fada st\u00e1le v\u00e4\u010d\u0161\u00ed v\u00fdznam ako doplnok stravy, preto\u017ee je \u0161tvrtou najprodukovanej\u0161ou potravinou na svete. Je tie\u017e zn\u00e1my ako bazov\u00fd kvet. Pou\u017e\u00edva sa aj v orient\u00e1lnej kuchyni. Na lie\u010debn\u00e9 \u00fa\u010dely sa odpor\u00fa\u010da <strong>pri r\u00f4znych z\u00e1paloch<\/strong>. Vedeck\u00fd v\u00fdskum preuk\u00e1zal aj priazniv\u00e9 \u00fa\u010dinky na kardiovaskul\u00e1rny syst\u00e9m, zni\u017eovanie hladiny LDL cholesterolu a prevenciu vzniku krvn\u00fdch zrazen\u00edn. Zistenia poukazuj\u00fa aj na <strong>antiv\u00edrusov\u00e9, antibakteri\u00e1lne a antiparazit\u00e1rne \u00fa\u010dinky<\/strong>.<\/span><\/p>\n<p><span style=\"color: #000000\">Ak ste tehotn\u00e1, doj\u010d\u00edte alebo pl\u00e1nujete otehotnie\u0165, neodpor\u00fa\u010dame Auricularia auricula u\u017e\u00edva\u0165, preto\u017ee zni\u017euje plodnos\u0165.<\/span><\/p>\n<p><span style=\"color: #000000\">Produkcia na\u0161ej huby Auricularia auricula je pr\u00edsne kontrolovan\u00e1, bez pou\u017eitia chemik\u00e1li\u00ed a pestic\u00eddov a <strong>100% ekologick\u00e1<\/strong>. Kvalitu h\u00fab pravidelne kontroluj\u00fa nez\u00e1visl\u00e9 laborat\u00f3ri\u00e1 v Slovinsku a USA.<\/span><\/p>\n<h2><span style=\"color: #000000\">\u010co obsahuje a pre koho je ur\u010den\u00e1?<\/span><\/h2>\n<p><span style=\"color: #000000\">Auricularia auricula sa sklad\u00e1 z radu <strong>polysacharidov, vitam\u00ednov, miner\u00e1lnych sol\u00ed a \u010fal\u0161\u00edch antioxidantov<\/strong>. Konzum\u00e1cia Auricularia auricula m\u00f4\u017ee pom\u00f4c\u0165 pri:<\/span><\/p>\n<p><span style=\"color: #000000\">\ud83d\udc9a boles\u0165 v krku a o\u010diach,<\/span><br \/>\n<span style=\"color: #000000\">\ud83d\udc9a prevencia vzniku krvn\u00fdch zrazen\u00edn,<\/span><br \/>\n<span style=\"color: #000000\">\ud83d\udc9a kardiovaskul\u00e1rne probl\u00e9my a stavy,<\/span><br \/>\n<span style=\"color: #000000\">\ud83d\udc9a zn\u00ed\u017eenie hladiny celkov\u00e9ho a zl\u00e9ho cholesterolu v krvi,<\/span><br \/>\n<span style=\"color: #000000\">\ud83d\udc9a in\u00e9 z\u00e1palov\u00e9 stavy.<\/span><\/p>\n<p><span style=\"color: #000000\">U\u017e\u00edvanie h\u00fab sa odpor\u00fa\u010da najm\u00e4 \u013eu\u010fom, ktor\u00ed trpia <strong>\u010dast\u00fdmi z\u00e1palmi<\/strong>, najm\u00e4 krku a o\u010d\u00ed.<\/span><\/p>\n<p><span style=\"color: #000000\">V\u0161etky prvky v hube s\u00fa pr\u00edtomn\u00e9 vo ve\u013ekom mno\u017estve a maj\u00fa ve\u013emi pozit\u00edvny vplyv na n\u00e1\u0161 organizmus.<\/span><\/p>\n<p><span style=\"color: #000000\">A \u010do je nesmierne d\u00f4le\u017eit\u00e9, je to, \u017ee Auricularia auricula je <strong>100% pr\u00edrodn\u00fd produkt<\/strong>, ktor\u00fd n\u00e1m m\u00f4\u017ee pom\u00f4c\u0165 prirodzen\u00fdm sp\u00f4sobom. Zlep\u0161uje pr\u00edznaky na\u0161ich probl\u00e9mov a m\u00e1 pozit\u00edvny vplyv na na\u0161u celkov\u00fa pohodu.<\/span><\/p>\n<h2><span style=\"color: #000000\">Pre\u010do huby?<\/span><\/h2>\n<p><span style=\"color: #000000\">Huby s\u00fa ve\u013emi zauj\u00edmav\u00e9. Nie s\u00fa to ani rastliny, ani \u017eivo\u010d\u00edchy, ale s\u00fa to <strong>ur\u010dite neuverite\u013en\u00e9 organizmy<\/strong>, ktor\u00e9 dok\u00e1zali pre\u017ei\u0165 vlastne takmer od po\u010diatku sveta. Vyvinuli si \u0161peci\u00e1lnu strat\u00e9giu pre\u017eitia, ktor\u00e1 im vydr\u017eala a\u017e dodnes. A tieto v\u00fdhody m\u00f4\u017eeme vyu\u017e\u00edva\u0165 aj my \u013eudia konzum\u00e1ciou lie\u010div\u00fdch h\u00fab. Prin\u00e1\u0161aj\u00fa n\u00e1m rovnov\u00e1hu na fyzickej \u00farovni a chr\u00e1nia n\u00e1s pred mnoh\u00fdmi chorobami. M\u00f4\u017eu by\u0165 <strong>prevent\u00edvnym<\/strong> alebo <strong>podporn\u00fdm lie\u010debn\u00fdm<\/strong> prostriedkom pri mnoh\u00fdch (modern\u00fdch) ochoreniach, \u010di u\u017e konven\u010dn\u00fdch alebo inak netradi\u010dn\u00fdch. Tradi\u010dne sa hub\u00e1m pripisuj\u00fa \u00fa\u010dinky v pr\u00edpadoch rakoviny, autoimunitn\u00fdch ochoren\u00ed a alergi\u00ed. S\u00fa tie\u017e dobr\u00e9 pre zdrav\u00fa a siln\u00fa reakciu imunitn\u00e9ho syst\u00e9mu. Zdravotn\u00edcky v\u00fdskum uskuto\u010dnen\u00fd v posledn\u00fdch desa\u0165ro\u010diach, ke\u010f sa huby stali predmetom z\u00e1ujmu z\u00e1padn\u00e9ho sveta, v\u0161ak potvrdil mnoh\u00e9 ich lie\u010div\u00e9 \u00fa\u010dinky.<\/span><\/p>\n<p><span style=\"color: #000000\">Ke\u010f\u017ee niektor\u00e9 pr\u00edrodn\u00e9 \u00fa\u010dinn\u00e9 l\u00e1tky s\u00fa pre n\u00e1s nestr\u00e1vite\u013en\u00e9 alebo \u0165a\u017eko str\u00e1vite\u013en\u00e9, je ve\u013emi d\u00f4le\u017eit\u00e9 konzumova\u0165 len tie najlep\u0161ie hubov\u00e9 pr\u00e1\u0161ky. Huby sa musia spr\u00e1vne pestova\u0165, su\u0161i\u0165 a pripravova\u0165. Musia by\u0165 rozomlet\u00e9 na jemn\u00fd pr\u00e1\u0161ok bez k\u00faskov. Farba pr\u00e1\u0161ku je svetlej\u0161ia, ale inak z\u00e1vis\u00ed aj od druhu konzumovanej huby. Ke\u010f\u017ee huby s\u00fa tak\u00e9 \u00fa\u010dinn\u00e9 pr\u00e1ve preto, \u017ee maj\u00fa schopnos\u0165 absorbova\u0165 v\u0161etko &#8211; dobr\u00e9 aj zl\u00e9 &#8211; z prostredia, je d\u00f4le\u017eit\u00e9 pou\u017e\u00edva\u0165 ekologicky pestovan\u00e9 huby.<\/span><\/p>\n<h2><span style=\"color: #000000\">Balenie<\/span><\/h2>\n<p><span style=\"color: #000000\">Nepriepustn\u00e9 vrecko na zips, v ktorom si v\u00fdrobok zachov\u00e1 v\u0161etku svoju \u010derstvos\u0165 a v\u00f4\u0148u. Obal chr\u00e1ni v\u00fdrobok pred svetlom a vzduchom, preto\u017ee sa sklad\u00e1 z nieko\u013ek\u00fdch ochrann\u00fdch vrstiev, ktor\u00e9 zachov\u00e1vaj\u00fa vlastnosti obsahu.<\/span><\/p>\n<p><span style=\"color: #000000\">Obal je ve\u013emi praktick\u00fd a recyklovate\u013en\u00fd.<\/span><\/p>\n<h2><span style=\"color: #000000\">Skladovanie a varovania<\/span><\/h2>\n<p><span style=\"color: #000000\">Skladujte na chladnom a suchom mieste. Potravinov\u00fd doplnok uchov\u00e1vajte mimo dosahu det\u00ed!<\/span><\/p>\n<p><span style=\"color: #000000\">Nezab\u00fadajte na d\u00f4le\u017eitos\u0165 pestrej stravy a zdrav\u00e9ho \u017eivotn\u00e9ho \u0161t\u00fdlu, doplnok stravy preto nenahr\u00e1dza vyv\u00e1\u017een\u00fa a pestr\u00fa stravu. Odpor\u00fa\u010dan\u00e9 denn\u00e9 mno\u017estvo alebo d\u00e1vka by sa nemali prekro\u010di\u0165. Tehotn\u00fdm a doj\u010diacim \u017een\u00e1m sa v\u017edy odpor\u00fa\u010da, aby sa pred pou\u017eit\u00edm poradili s lek\u00e1rom.<\/span><\/p>\n<h2><span style=\"color: #000000\">Je dobr\u00e9 vedie\u0165<\/span><\/h2>\n<p><span style=\"color: #000000\">V\u00fdrobok je vhodn\u00fd aj pre zvierat\u00e1. Vo v\u00e4\u010d\u0161ine pr\u00edpadov sa lie\u010div\u00e9 huby ukazuj\u00fa ako mimoriadne \u00fa\u010dinn\u00e9 pri posil\u0148ovan\u00ed imunitn\u00e9ho syst\u00e9mu, odstra\u0148ovan\u00ed alergi\u00ed a ko\u017en\u00fdch ochoren\u00ed, ako aj v\u00edrusov\u00fdch a bakteri\u00e1lnych infekci\u00ed. Pred pou\u017eit\u00edm sa pora\u010fte so svoj\u00edm veterin\u00e1rnym lek\u00e1rom o vhodnosti u\u017e\u00edvania a odpor\u00fa\u010danom dennom mno\u017estve.<\/span><\/p>\n<h2><span style=\"color: #000000\">P\u00f4vod<\/span><\/h2>\n<p><span style=\"color: #000000\">Slovinsko<\/span><\/p>\n","protected":false},"excerpt":{"rendered":"<p>Auricularia auricula \u2013 Jud\u00e1\u0161ovo ucho sa presadzuje ako doplnok stravy, je \u0161tvrtou najzberanej\u0161ou rastlinou na svete. Pou\u017e\u00edva sa aj v orient\u00e1lnej kuchyni. Na lie\u010debn\u00e9 \u00fa\u010dely sa odpor\u00fa\u010da pri r\u00f4znych z\u00e1paloch, preto\u017ee:<\/p>\n<p>\ud83d\udc9a je protiz\u00e1palov\u00fd,<br \/>\n\ud83d\udc9a m\u00e1 priazniv\u00fd vplyv na kardiovaskul\u00e1rny syst\u00e9m,<br \/>\n\ud83d\udc9a zni\u017euje hladinu cholesterolu v krvi,<br \/>\n\ud83d\udc9a m\u00e1 antioxida\u010dn\u00e9 \u00fa\u010dinky.<\/p>\n","protected":false},"featured_media":5910,"comment_status":"open","ping_status":"closed","template":"","meta":{"_acf_changed":false},"product_brand":[],"product_cat":[15,229,224,225],"product_tag":[],"class_list":{"0":"post-5909","1":"product","2":"type-product","3":"status-publish","4":"has-post-thumbnail","6":"product_cat-uncategorized","7":"product_cat-liecive-huby","8":"product_cat-ponuka","9":"product_cat-vsetky-produkty","11":"first","12":"instock","13":"taxable","14":"shipping-taxable","15":"purchasable","16":"product-type-simple"},"acf":[],"_links":{"self":[{"href":"https:\/\/fengchashop.com\/sk\/wp-json\/wp\/v2\/product\/5909","targetHints":{"allow":["GET"]}}],"collection":[{"href":"https:\/\/fengchashop.com\/sk\/wp-json\/wp\/v2\/product"}],"about":[{"href":"https:\/\/fengchashop.com\/sk\/wp-json\/wp\/v2\/types\/product"}],"replies":[{"embeddable":true,"href":"https:\/\/fengchashop.com\/sk\/wp-json\/wp\/v2\/comments?post=5909"}],"wp:featuredmedia":[{"embeddable":true,"href":"https:\/\/fengchashop.com\/sk\/wp-json\/wp\/v2\/media\/5910"}],"wp:attachment":[{"href":"https:\/\/fengchashop.com\/sk\/wp-json\/wp\/v2\/media?parent=5909"}],"wp:term":[{"taxonomy":"product_brand","embeddable":true,"href":"https:\/\/fengchashop.com\/sk\/wp-json\/wp\/v2\/product_brand?post=5909"},{"taxonomy":"product_cat","embeddable":true,"href":"https:\/\/fengchashop.com\/sk\/wp-json\/wp\/v2\/product_cat?post=5909"},{"taxonomy":"product_tag","embeddable":true,"href":"https:\/\/fengchashop.com\/sk\/wp-json\/wp\/v2\/product_tag?post=5909"}],"curies":[{"name":"wp","href":"https:\/\/api.w.org\/{rel}","templated":true}]}}