{"id":5900,"date":"2022-02-22T11:26:11","date_gmt":"2022-02-22T10:26:11","guid":{"rendered":"https:\/\/fengchashop.com\/sk\/product\/maca-crna-v-prahu-bio-250-g\/"},"modified":"2026-05-03T14:11:24","modified_gmt":"2026-05-03T12:11:24","slug":"mac-cierna-bio-prasok","status":"publish","type":"product","link":"https:\/\/fengchashop.com\/sk\/product\/mac-cierna-bio-prasok\/","title":{"rendered":"Maca \u010dierna BIO pr\u00e1\u0161ok 250 g"},"content":{"rendered":"<h2><span style=\"color: #000000\">Maca \u010dierna BIO pr\u00e1\u0161ok<\/span><\/h2>\n<p><span style=\"color: #000000\">Maca je kore\u0148ovit\u00e1 rastlina, ktorej sa dar\u00ed na peru\u00e1nskych a andsk\u00fdch vyso\u010din\u00e1ch, kde je vystaven\u00e1 extr\u00e9mnym poveternostn\u00fdm podmienkam a ve\u013ek\u00fdm teplotn\u00fdm rozdielom medzi d\u0148om a nocou. Naz\u00fdva sa aj <strong>peru\u00e1nsky \u017een\u0161en<\/strong>. Ke\u010f\u017ee je z h\u013eadiska pre\u017eitia prakticky neporazite\u013en\u00fd, star\u00ed Inkovia vyu\u017e\u00edvali jeho \u00fa\u010dinn\u00e9 vlastnosti, ktor\u00e9 s\u00fa obzvl\u00e1\u0161\u0165 dobr\u00e9 pre <strong>mu\u017esk\u00fa sexu\u00e1lnu<\/strong> potenciu a maj\u00fa priazniv\u00fd vplyv na celkov\u00e9 zdravie. Pr\u00e1ve preto sa pova\u017euje za mimoriadne cenn\u00fa superpotravinu.<\/span><\/p>\n<p><span style=\"color: #000000\">Lie\u010divou \u010das\u0165ou mu\u0161k\u00e1tu je h\u013euza, ktor\u00e1 obsahuje mno\u017estvo <strong>vitam\u00ednov, miner\u00e1lov a aminokysel\u00edn<\/strong>. V\u010faka svojim vlastnostiam podobn\u00fdm horm\u00f3nom reguluje hladinu estrog\u00e9nu a progester\u00f3nu alebo testoster\u00f3nu, ktor\u00e9 maj\u00fa priazniv\u00fd vplyv na na\u0161u pohodu a dod\u00e1vaj\u00fa n\u00e1m silu a v\u00fddr\u017e. V\u010faka obsahu d\u00f4le\u017eit\u00fdch vitam\u00ednov, ako s\u00fa vitam\u00edny B1, B12, C a E, ako aj mastn\u00fdch kysel\u00edn, miner\u00e1lov a aminokysel\u00edn (vr\u00e1tane 7 esenci\u00e1lnych \u2013 t\u00fdch, ktor\u00e9 na\u0161e telo potrebuje), je maca jednou z naj\u00fa\u010dinnej\u0161\u00edch, naj\u017eiadanej\u0161\u00edch a najodpor\u00fa\u010danej\u0161\u00edch pr\u00edrodn\u00fdch superpotrav\u00edn s tis\u00edcro\u010dnou trad\u00edciou.<\/span><\/p>\n<p><span style=\"color: #000000\">Je to a<strong>daptog\u00e9nna bylina, ktor\u00e1 zvy\u0161uje energiu, v\u00fddr\u017e, vitalitu a fyzick\u00fa silu<\/strong>. Pom\u00e1ha n\u00e1m \u013eah\u0161ie reagova\u0165 na stres a prisp\u00f4sobova\u0165 sa zmen\u00e1m. Najviac sa mu dar\u00ed v And\u00e1ch v strednom Peru, v drsn\u00fdch podmienkach a vo ve\u013emi vysok\u00fdch nadmorsk\u00fdch v\u00fd\u0161kach \u2013 nad 4000 metrov. Je to kr\u00ed\u017eovit\u00e1 zelenina ako brokolica, karfiol, repa, kapusta, kel a re\u010fkovka. Najjedlej\u0161ou \u010das\u0165ou rastliny je kore\u0148 alebo h\u013euza. Dod\u00e1va sa v nieko\u013ek\u00fdch farb\u00e1ch, od bielej po \u010diernu. Najob\u013e\u00fabenej\u0161ie farby s\u00fa <strong>\u017elt\u00e1, \u010derven\u00e1 a \u010dierna<\/strong>. Oby\u010dajn\u00e1 \u017elt\u00e1 maca sa pou\u017e\u00edva na ka\u017edodenn\u00fa a dlhodob\u00fa konzum\u00e1ciu. \u010cerven\u00e1 a \u010dierna maca sa pova\u017euj\u00fa za posv\u00e4tn\u00e9 odrody a pou\u017e\u00edvaj\u00fa sa pri chronick\u00fdch lie\u010debn\u00fdch probl\u00e9moch. \u017dlt\u00e1 maca je neutr\u00e1lna. \u010cerven\u00e1 je pova\u017eovan\u00e1 za vn\u00fatorn\u00fa \u017eensk\u00fa energiu. <strong>\u010cierna<\/strong> je pova\u017eovan\u00e1 za <strong>vonkaj\u0161iu mu\u017esk\u00fa energiu<\/strong>. Miestni \u0161amani si d\u00e1vaj\u00fa z\u00e1le\u017ea\u0165 na druhu alebo pomere macy, ktor\u00fa by mal \u010dlovek s probl\u00e9mami konzumova\u0165.<\/span><\/p>\n<p><span style=\"color: #000000\">M\u00e1 ve\u013emi sladk\u00fa chu\u0165 a \u0161irok\u00e9 vyu\u017eitie.<\/span><\/p>\n<p><span style=\"color: #000000\">\u010cierna maca tvor\u00ed len asi 10 % svetovej produkcie v\u0161etk\u00fdch druhov maca. Je vysoko cenen\u00fd aj pre svoje lie\u010div\u00e9 vyu\u017eitie.<\/span><\/p>\n<h2><span style=\"color: #000000\">Pre\u010do si vybra\u0165 \u010diernu maco?<\/span><\/h2>\n<p><span style=\"color: #000000\">\u010cierna maca sa pova\u017euje za pr\u00edrodn\u00fa viagru. M\u00e1 v\u00fdznamn\u00fd vplyv na po\u010det a pohyblivos\u0165 spermi\u00ed. Preto ho ocenia najm\u00e4 p\u00e1ry, ktor\u00e9 nem\u00f4\u017eu otehotnie\u0165. Dod\u00e1va silu, zlep\u0161uje n\u00e1ladu, zah\u00e1\u0148a stres a \u00fazkos\u0165, zlep\u0161uje pam\u00e4\u0165 a koncentr\u00e1ciu, p\u00f4sob\u00ed ako pr\u00edrodn\u00e9 antidepres\u00edvum a zlep\u0161uje sp\u00e1nok.<\/span><\/p>\n<p><span style=\"color: #000000\">Na\u0161a maca poch\u00e1dza z vysokohorsk\u00fdch ekologick\u00fdch fariem v Peru a je <strong>100 % ekologick\u00e1<\/strong>. Ka\u017ed\u00e1 d\u00e1vka sa analyzuje a certifikuje.<\/span><\/p>\n<h2><span style=\"color: #000000\">Ukladanie a varovania<\/span><\/h2>\n<p><span style=\"color: #000000\">Skladujte na chladnom a suchom mieste pri teplote do 25 \u00b0C. Doplnok stravy uchov\u00e1vajte mimo dosahu det\u00ed!<\/span><\/p>\n<p><span style=\"color: #000000\">Nezab\u00fadajte na d\u00f4le\u017eitos\u0165 pestrej stravy a zdrav\u00e9ho \u017eivotn\u00e9ho \u0161t\u00fdlu, doplnok stravy preto nenahr\u00e1dza vyv\u00e1\u017een\u00fa a pestr\u00fa stravu. Odpor\u00fa\u010dan\u00e9 denn\u00e9 mno\u017estvo alebo d\u00e1vka by sa nemali prekro\u010di\u0165. Tehotn\u00fdm a doj\u010diacim \u017een\u00e1m sa v\u017edy odpor\u00fa\u010da, aby sa pred pou\u017eit\u00edm poradili s lek\u00e1rom.<\/span><\/p>\n<h2><span style=\"color: #000000\">Balenie<\/span><\/h2>\n<p><span style=\"color: #000000\">Nepriepustn\u00e9 vrecko na zips, v ktorom si v\u00fdrobok zachov\u00e1 v\u0161etku svoju \u010derstvos\u0165 a v\u00f4\u0148u. Obal chr\u00e1ni pred svetlom a vzduchom, preto\u017ee sa sklad\u00e1 z nieko\u013ek\u00fdch ochrann\u00fdch vrstiev, ktor\u00e9 zachov\u00e1vaj\u00fa vlastnosti obsahu.<\/span><\/p>\n<p><span style=\"color: #000000\">Obal je ve\u013emi praktick\u00fd a recyklovate\u013en\u00fd.<\/span><\/p>\n<h2><span style=\"color: #000000\">P\u00f4vod prim\u00e1rnych ingredienci\u00ed<\/span><\/h2>\n<p><span style=\"color: #000000\">Peru<\/span><\/p>\n<h2><span style=\"color: #000000\">P\u00f4vod produktu<\/span><\/h2>\n<p><span style=\"color: #000000\">Slovinsko<\/span><\/p>\n","protected":false},"excerpt":{"rendered":"<p align=\"JUSTIFY\">Maca je kore\u0148ov\u00e1 rastlina, ktorej sa dar\u00ed v <strong>peru\u00e1nskych And\u00e1ch<\/strong>, kde je vystaven\u00e1 extr\u00e9mnym poveternostn\u00fdm podmienkam a ve\u013ek\u00fdm teplotn\u00fdm rozdielom medzi d\u0148om a nocou. Lie\u010divou \u010das\u0165ou maca je h\u013euza, ktor\u00e1 obsahuje <strong>mno\u017estvo vitam\u00ednov, miner\u00e1lov a aminokysel\u00edn<\/strong>. Maca, ktor\u00e1 obsahuje d\u00f4le\u017eit\u00e9 vitam\u00edny ako vitam\u00edn B1, B12, C a E, ako aj mastn\u00e9 kyseliny, miner\u00e1ly a aminokyseliny, je jednou z naj\u00fa\u010dinnej\u0161\u00edch, naj\u017eiadanej\u0161\u00edch a najodpor\u00fa\u010danej\u0161\u00edch pr\u00edrodn\u00fdch superpotrav\u00edn s trad\u00edciou, ktor\u00e1 siaha tis\u00edce rokov do minulosti.<\/p>\n<p align=\"JUSTIFY\">\ud83d\udc9a Pre mu\u017esk\u00fa energiu.<br \/>\n\ud83d\udc9a Pre maxim\u00e1lne zdravie a vitalitu.<br \/>\n\ud83d\udc9a Zlep\u0161uje n\u00e1ladu, zah\u00e1\u0148a stres a \u00fazkos\u0165.<br \/>\n\ud83d\udc9a Zvy\u0161uje vitalitu a silu.<\/p>\n","protected":false},"featured_media":5901,"comment_status":"open","ping_status":"closed","template":"","meta":{"_acf_changed":false},"product_brand":[],"product_cat":[15,195],"product_tag":[],"class_list":{"0":"post-5900","1":"product","2":"type-product","3":"status-publish","4":"has-post-thumbnail","6":"product_cat-uncategorized","7":"product_cat-superpotraviny","9":"first","10":"instock","11":"sale","12":"taxable","13":"shipping-taxable","14":"purchasable","15":"product-type-simple"},"acf":[],"_links":{"self":[{"href":"https:\/\/fengchashop.com\/sk\/wp-json\/wp\/v2\/product\/5900","targetHints":{"allow":["GET"]}}],"collection":[{"href":"https:\/\/fengchashop.com\/sk\/wp-json\/wp\/v2\/product"}],"about":[{"href":"https:\/\/fengchashop.com\/sk\/wp-json\/wp\/v2\/types\/product"}],"replies":[{"embeddable":true,"href":"https:\/\/fengchashop.com\/sk\/wp-json\/wp\/v2\/comments?post=5900"}],"wp:featuredmedia":[{"embeddable":true,"href":"https:\/\/fengchashop.com\/sk\/wp-json\/wp\/v2\/media\/5901"}],"wp:attachment":[{"href":"https:\/\/fengchashop.com\/sk\/wp-json\/wp\/v2\/media?parent=5900"}],"wp:term":[{"taxonomy":"product_brand","embeddable":true,"href":"https:\/\/fengchashop.com\/sk\/wp-json\/wp\/v2\/product_brand?post=5900"},{"taxonomy":"product_cat","embeddable":true,"href":"https:\/\/fengchashop.com\/sk\/wp-json\/wp\/v2\/product_cat?post=5900"},{"taxonomy":"product_tag","embeddable":true,"href":"https:\/\/fengchashop.com\/sk\/wp-json\/wp\/v2\/product_tag?post=5900"}],"curies":[{"name":"wp","href":"https:\/\/api.w.org\/{rel}","templated":true}]}}