{"id":5898,"date":"2022-02-22T10:17:16","date_gmt":"2022-02-22T09:17:16","guid":{"rendered":"https:\/\/fengchashop.com\/sk\/product\/polyporus-umbellatus-divoky-trudnik-klobuckaty-bio-125-g\/"},"modified":"2026-05-03T18:28:48","modified_gmt":"2026-05-03T16:28:48","slug":"polyporus-umbellatus-divoky-trudnik-klobuckaty-bio","status":"publish","type":"product","link":"https:\/\/fengchashop.com\/sk\/product\/polyporus-umbellatus-divoky-trudnik-klobuckaty-bio\/","title":{"rendered":"Polyporus umbellatus divok\u00fd (tr\u00fadnik klob\u00fa\u010dkat\u00fd) BIO 125 g"},"content":{"rendered":"<h2><span style=\"color: #000000\">Polyporus umbellatus divok\u00fd BIO pr\u00e1\u0161ok<\/span><\/h2>\n<p><span style=\"color: #000000\">Polyporus umbellatus je jedl\u00e1, ale chr\u00e1nen\u00e1 huba, ktor\u00e1 sa svoj\u00edm vzh\u013eadom podob\u00e1 karfiolu. Zatia\u013e \u010do nadzemn\u00e1 \u010das\u0165 (trosnjake) sa pou\u017e\u00edva v kulin\u00e1rstve, podzemn\u00e1 \u010das\u0165 (sklerotium) je lie\u010div\u00e1. Je to ve\u013emi sk\u00faman\u00e1 lie\u010div\u00e1 huba, preto\u017ee <strong>obsahuje mnoho bioakt\u00edvnych l\u00e1tok<\/strong>, ktor\u00e9 maj\u00fa preuk\u00e1zan\u00fa protin\u00e1dorov\u00fa a protirakovinov\u00fa aktivitu. Preto sa \u010dasto vyskytuje ako zlo\u017eka r\u00f4znych liekov a potravinov\u00fdch doplnkov. Rozvetven\u00fd pun\u010d je <strong>tie\u017e vynikaj\u00facim zdrojom antioxidantov<\/strong>, ktor\u00e9 odstra\u0148uj\u00fa vo\u013en\u00e9 radik\u00e1ly, \u010d\u00edm <strong>zlep\u0161uj\u00fa imunitn\u00fd syst\u00e9m a maj\u00fa antimikrobi\u00e1lne vlastnosti<\/strong>. Na lie\u010debn\u00e9 \u00fa\u010dely sa v tradi\u010dnej \u010d\u00ednskej medic\u00edne pou\u017e\u00edva najm\u00e4 ako diuretikum na prevenciu alebo lie\u010dbu probl\u00e9mov s\u00favisiacich s poruchou funkcie obli\u010diek a pe\u010dene, hromaden\u00edm vody, opuchmi, ako aj pri hna\u010dke, \u017elta\u010dke a na lie\u010dbu vagin\u00e1lneho v\u00fdtoku a bolestiv\u00e9ho mo\u010denia. V T\u010cM sa tie\u017e pova\u017euje za pr\u00edrodn\u00e9 antibiotikum. Jeho diuretick\u00fd \u00fa\u010dinok a priazniv\u00e9 \u00fa\u010dinky na obli\u010dky a pe\u010de\u0148 potvrdili aj vedci. Stimuluje tie\u017e imunitn\u00fd syst\u00e9m a je v\u00fdborn\u00fdm podporn\u00fdm prostriedkom pri chemoterapii v lie\u010dbe rakoviny.<\/span><\/p>\n<p><span style=\"color: #000000\">V\u00fdroba na\u0161ich h\u00fab Polyporus umbellatus je pr\u00edsne kontrolovan\u00e1, bez pou\u017eitia chemik\u00e1li\u00ed alebo pestic\u00eddov a <strong>100 % ekologick\u00e1<\/strong>.\u00a0<\/span><\/p>\n<h2><span style=\"color: #000000\">\u010co obsahuje a pre koho je ur\u010den\u00e1?<\/span><\/h2>\n<p><span style=\"color: #000000\">Okrem typick\u00fdch polysacharidov, vitam\u00ednov, miner\u00e1lnych sol\u00ed a \u010fal\u0161\u00edch antioxidantov obsahuje rozvetven\u00e1 huba aj fytosteroly, titerpenoidy, manitol a podobn\u00e9 farmakologicky \u00fa\u010dinn\u00e9 l\u00e1tky, ktor\u00e9 jej dod\u00e1vaj\u00fa mimoriadne lie\u010div\u00e9 \u00fa\u010dinky bez ne\u017eiaducich ved\u013eaj\u0161\u00edch \u00fa\u010dinkov.<\/span><\/p>\n<p><span style=\"color: #000000\"><strong>Polyporus umbellatus pom\u00e1ha:<\/strong><\/span><\/p>\n<p><span style=\"color: #000000\">\ud83d\udc9a pri probl\u00e9moch s obli\u010dkami a pe\u010de\u0148ou,<\/span><br \/>\n<span style=\"color: #000000\">\ud83d\udc9a pri vagin\u00e1lnom v\u00fdtoku,<\/span><br \/>\n<span style=\"color: #000000\">\ud83d\udc9a proti n\u00e1dorov\u00fdm ochoreniam,<\/span><br \/>\n<span style=\"color: #000000\">\ud83d\udc9a stimuluje a posil\u0148uje imunitn\u00fd syst\u00e9m,<\/span><br \/>\n<span style=\"color: #000000\">\ud83d\udc9a a zmier\u0148uje \u00fa\u010dinky chemoterapie, a t\u00fdm zlep\u0161uje \u017eivot pacientov s rakovinou.<\/span><\/p>\n<p><span style=\"color: #000000\">V\u0161etky prvky v hub\u00e1ch s\u00fa pr\u00edtomn\u00e9 vo ve\u013ekom mno\u017estve a maj\u00fa ve\u013emi pozit\u00edvny vplyv na n\u00e1\u0161 organizmus.<\/span><\/p>\n<p><span style=\"color: #000000\">A \u010do je mimoriadne d\u00f4le\u017eit\u00e9, Polyporus umbellatus je <strong>100 % pr\u00edrodn\u00fd produkt<\/strong>, ktor\u00fd n\u00e1m m\u00f4\u017ee pom\u00f4c\u0165 prirodzen\u00fdm sp\u00f4sobom. Zlep\u0161uje pr\u00edznaky na\u0161ich probl\u00e9mov a m\u00e1 pozit\u00edvny vplyv na na\u0161u celkov\u00fa pohodu.<\/span><\/p>\n<h2><span style=\"color: #000000\">Pre\u010do huby?<\/span><\/h2>\n<p><span style=\"color: #000000\">Huby s\u00fa ve\u013emi zauj\u00edmav\u00e9. Nie s\u00fa to ani rastliny, ani \u017eivo\u010d\u00edchy, ale s\u00fa to ur\u010dite <strong>\u00fa\u017easn\u00e9 organizmy<\/strong>, ktor\u00e9 dok\u00e1zali pre\u017ei\u0165 takmer od po\u010diatku sveta. Vyvinuli si \u0161peci\u00e1lnu strat\u00e9giu pre\u017eitia, ktor\u00e1 im vydr\u017eala a\u017e dodnes. A tieto v\u00fdhody m\u00f4\u017eeme vyu\u017e\u00edva\u0165 aj my \u013eudia konzum\u00e1ciou lie\u010div\u00fdch h\u00fab. Prin\u00e1\u0161aj\u00fa n\u00e1m rovnov\u00e1hu na fyzickej \u00farovni a chr\u00e1nia n\u00e1s pred mnoh\u00fdmi chorobami. M\u00f4\u017eu by\u0165 <strong>prevent\u00edvnym<\/strong> alebo <strong>podporn\u00fdm lie\u010debn\u00fdm<\/strong> prostriedkom pri mnoh\u00fdch (modern\u00fdch) ochoreniach, \u010di u\u017e konven\u010dn\u00fdch alebo inak netradi\u010dn\u00fdch. Tradi\u010dne sa hub\u00e1m pripisuj\u00fa \u00fa\u010dinky v pr\u00edpadoch rakoviny, autoimunitn\u00fdch ochoren\u00ed a alergi\u00ed. S\u00fa tie\u017e dobr\u00e9 pre zdrav\u00fa a siln\u00fa reakciu imunitn\u00e9ho syst\u00e9mu. Zdravotn\u00edcky v\u00fdskum uskuto\u010dnen\u00fd v posledn\u00fdch desa\u0165ro\u010diach, ke\u010f sa huby stali predmetom z\u00e1ujmu z\u00e1padn\u00e9ho sveta, v\u0161ak potvrdil mnoh\u00e9 ich lie\u010div\u00e9 \u00fa\u010dinky.<\/span><\/p>\n<p><span style=\"color: #000000\">Ke\u010f\u017ee niektor\u00e9 pr\u00edrodn\u00e9 \u00fa\u010dinn\u00e9 l\u00e1tky s\u00fa pre n\u00e1s nestr\u00e1vite\u013en\u00e9 alebo \u0165a\u017eko str\u00e1vite\u013en\u00e9, je ve\u013emi d\u00f4le\u017eit\u00e9 konzumova\u0165 len tie najlep\u0161ie hubov\u00e9 pr\u00e1\u0161ky. Huby sa musia spr\u00e1vne pestova\u0165, su\u0161i\u0165 a pripravova\u0165. Musia by\u0165 rozomlet\u00e9 na jemn\u00fd pr\u00e1\u0161ok bez k\u00faskov. Farba pr\u00e1\u0161ku je svetlej\u0161ia, ale inak z\u00e1vis\u00ed aj od druhu konzumovanej huby. Ke\u010f\u017ee huby s\u00fa tak\u00e9 \u00fa\u010dinn\u00e9 pr\u00e1ve preto, \u017ee maj\u00fa schopnos\u0165 absorbova\u0165 v\u0161etko &#8211; dobr\u00e9 aj zl\u00e9 &#8211; z prostredia, je d\u00f4le\u017eit\u00e9 pou\u017e\u00edva\u0165 ekologicky pestovan\u00e9 huby.<\/span><\/p>\n<h2><span style=\"color: #000000\">Balenie<\/span><\/h2>\n<p><span style=\"color: #000000\">Nepriepustn\u00e9 vrecko na zips, v ktorom si v\u00fdrobok zachov\u00e1 v\u0161etku svoju \u010derstvos\u0165 a v\u00f4\u0148u. Obal chr\u00e1ni v\u00fdrobok pred svetlom a vzduchom, preto\u017ee sa sklad\u00e1 z nieko\u013ek\u00fdch ochrann\u00fdch vrstiev, ktor\u00e9 zachov\u00e1vaj\u00fa vlastnosti obsahu.<\/span><\/p>\n<p><span style=\"color: #000000\">Obal je ve\u013emi praktick\u00fd a recyklovate\u013en\u00fd.<\/span><\/p>\n<h2><span style=\"color: #000000\">Skladovanie a varovania<\/span><\/h2>\n<p><span style=\"color: #000000\">Skladujte na chladnom a suchom mieste. Potravinov\u00fd doplnok uchov\u00e1vajte mimo dosahu det\u00ed!<\/span><\/p>\n<p><span style=\"color: #000000\">Nezab\u00fadajte na d\u00f4le\u017eitos\u0165 pestrej stravy a zdrav\u00e9ho \u017eivotn\u00e9ho \u0161t\u00fdlu, doplnok stravy preto nenahr\u00e1dza vyv\u00e1\u017een\u00fa a pestr\u00fa stravu. Odpor\u00fa\u010dan\u00e9 denn\u00e9 mno\u017estvo alebo d\u00e1vka by sa nemali prekro\u010di\u0165. Tehotn\u00fdm a doj\u010diacim \u017een\u00e1m sa v\u017edy odpor\u00fa\u010da, aby sa pred pou\u017eit\u00edm poradili s lek\u00e1rom.<\/span><\/p>\n<h2><span style=\"color: #000000\">Je dobr\u00e9 vedie\u0165<\/span><\/h2>\n<p><span style=\"color: #000000\">V\u00fdrobok je vhodn\u00fd aj pre zvierat\u00e1. Vo v\u00e4\u010d\u0161ine pr\u00edpadov sa lie\u010div\u00e9 huby ukazuj\u00fa ako mimoriadne \u00fa\u010dinn\u00e9 pri posil\u0148ovan\u00ed imunitn\u00e9ho syst\u00e9mu, odstra\u0148ovan\u00ed alergi\u00ed a ko\u017en\u00fdch ochoren\u00ed, ako aj v\u00edrusov\u00fdch a bakteri\u00e1lnych infekci\u00ed. Pred pou\u017eit\u00edm sa pora\u010fte so svoj\u00edm veterin\u00e1rnym lek\u00e1rom o vhodnosti u\u017e\u00edvania a odpor\u00fa\u010danom dennom mno\u017estve.<\/span><\/p>\n<h2><span style=\"color: #000000\">P\u00f4vod<\/span><\/h2>\n<div id=\"wrapper\" class=\"open\">\n<div class=\"page-wrapper-inner\">\n<div class=\"custom-container-sirina-dodatno\">\n<p><span style=\"color: #000000\">\u010c\u00edna.<\/span><\/p>\n<p><span style=\"color: #000000\">M\u00e1me ve\u013emi spo\u013eahliv\u00fdch dod\u00e1vate\u013eov, ktor\u00ed n\u00e1m posielaj\u00fa podrobn\u00fa chemick\u00fa anal\u00fdzu produktu pre ka\u017ed\u00fa \u0161ar\u017eu. Za viac ako 10 rokov sme s t\u00fdmto produktom, ani s in\u00fdm produktom od toho ist\u00e9ho dod\u00e1vate\u013ea, nikdy nemali \u017eiadne stiahnutie produktu \u010di in\u00fd probl\u00e9m.<\/span><\/p>\n<p><span style=\"color: #000000\">Tento produkt je\u00a0<strong>100%<\/strong> certifiko0van\u00fd ako ekologick\u00fd.<\/span><\/p>\n<\/div>\n<\/div>\n<\/div>\n","protected":false},"excerpt":{"rendered":"<p>Polyporus umbellatus je jedl\u00e1, ale chr\u00e1nen\u00e1 huba, ktor\u00e1 sa svoj\u00edm vzh\u013eadom podob\u00e1 karfiolu. Zatia\u013e \u010do nadzemn\u00e1 \u010das\u0165 (trosnjake) sa pou\u017e\u00edva v kulin\u00e1rstve, podzemn\u00e1 \u010das\u0165 (sklerotium) je lie\u010div\u00e1. Je to ve\u013emi sk\u00faman\u00e1 lie\u010div\u00e1 huba, preto\u017ee obsahuje mnoho bioakt\u00edvnych l\u00e1tok, ktor\u00e9 maj\u00fa preuk\u00e1zan\u00fa protin\u00e1dorov\u00fa a protirakovinov\u00fa aktivitu.<\/p>\n<p>\ud83d\udc9a Vynikaj\u00faci zdroj antioxidantov.<br \/>\n\ud83d\udc9a Stimuluje a posil\u0148uje imunitn\u00fd syst\u00e9m.<br \/>\n\ud83d\udc9a Pom\u00e1ha pri probl\u00e9moch s obli\u010dkami a pe\u010de\u0148ou.<br \/>\n\ud83d\udc9a M\u00e1 protin\u00e1dorov\u00e9 vlastnosti.<\/p>\n","protected":false},"featured_media":5899,"comment_status":"open","ping_status":"closed","template":"","meta":{"_acf_changed":false},"product_brand":[],"product_cat":[15,229,224,225],"product_tag":[],"class_list":{"0":"post-5898","1":"product","2":"type-product","3":"status-publish","4":"has-post-thumbnail","6":"product_cat-uncategorized","7":"product_cat-liecive-huby","8":"product_cat-ponuka","9":"product_cat-vsetky-produkty","11":"first","12":"instock","13":"taxable","14":"shipping-taxable","15":"purchasable","16":"product-type-simple"},"acf":[],"_links":{"self":[{"href":"https:\/\/fengchashop.com\/sk\/wp-json\/wp\/v2\/product\/5898","targetHints":{"allow":["GET"]}}],"collection":[{"href":"https:\/\/fengchashop.com\/sk\/wp-json\/wp\/v2\/product"}],"about":[{"href":"https:\/\/fengchashop.com\/sk\/wp-json\/wp\/v2\/types\/product"}],"replies":[{"embeddable":true,"href":"https:\/\/fengchashop.com\/sk\/wp-json\/wp\/v2\/comments?post=5898"}],"wp:featuredmedia":[{"embeddable":true,"href":"https:\/\/fengchashop.com\/sk\/wp-json\/wp\/v2\/media\/5899"}],"wp:attachment":[{"href":"https:\/\/fengchashop.com\/sk\/wp-json\/wp\/v2\/media?parent=5898"}],"wp:term":[{"taxonomy":"product_brand","embeddable":true,"href":"https:\/\/fengchashop.com\/sk\/wp-json\/wp\/v2\/product_brand?post=5898"},{"taxonomy":"product_cat","embeddable":true,"href":"https:\/\/fengchashop.com\/sk\/wp-json\/wp\/v2\/product_cat?post=5898"},{"taxonomy":"product_tag","embeddable":true,"href":"https:\/\/fengchashop.com\/sk\/wp-json\/wp\/v2\/product_tag?post=5898"}],"curies":[{"name":"wp","href":"https:\/\/api.w.org\/{rel}","templated":true}]}}