{"id":5896,"date":"2022-02-22T09:57:12","date_gmt":"2022-02-22T08:57:12","guid":{"rendered":"https:\/\/fengchashop.com\/sk\/product\/agaricus-blazei-bio-125-g\/"},"modified":"2026-04-12T11:29:43","modified_gmt":"2026-04-12T09:29:43","slug":"agaricus-blazei-bio","status":"publish","type":"product","link":"https:\/\/fengchashop.com\/sk\/product\/agaricus-blazei-bio\/","title":{"rendered":"Agaricus blazei BIO 125 g"},"content":{"rendered":"<h2><span style=\"color: #000000\">Agaricus blazei BIO<\/span><\/h2>\n<p><span style=\"color: #000000\">Agaricus blazei <strong>je jedn\u00fdm z najnov\u0161\u00edch objavov v oblasti lie\u010div\u00fdch h\u00fab a z\u00edskava si \u010doraz v\u00e4\u010d\u0161iu popularitu na celom svete<\/strong>. T\u00e1to huba poch\u00e1dza z Braz\u00edlie, a preto sa \u010dasto ozna\u010duje ako braz\u00edlsky kukm\u00e1k. Pou\u017e\u00edva sa aj v Japonsku a \u010fal\u0161\u00edch \u00e1zijsk\u00fdch krajin\u00e1ch, kde sa lie\u010div\u00e9 huby pou\u017e\u00edvaj\u00fa na lie\u010debn\u00e9 \u00fa\u010dely u\u017e tis\u00edcky rokov.<\/span><\/p>\n<p><span style=\"color: #000000\">Agaricus blazei vo forme pr\u00e1\u0161ku obsahuje mnoho \u017eiv\u00edn a jeho pozit\u00edvne \u00fa\u010dinky boli vedecky dok\u00e1zan\u00e9. \u0160t\u00fadie v r\u00f4znych krajin\u00e1ch sveta zistili mnoh\u00e9 priazniv\u00e9 \u00fa\u010dinky spojen\u00e9 s pravidelnou konzum\u00e1ciou tejto huby. <strong>Posil\u0148uje najm\u00e4 imunitn\u00fd syst\u00e9m a m\u00e1 prevent\u00edvne, protiz\u00e1palov\u00e9 a antiv\u00edrusov\u00e9 vlastnosti<\/strong>.<\/span><\/p>\n<p><span style=\"color: #000000\">Je trochu menej zn\u00e1ma a patr\u00ed medzi nov\u0161ie huby v sortimente lie\u010div\u00fdch h\u00fab, ale r\u00fdchlo si z\u00edskava popularitu v\u010faka mnoh\u00fdm lie\u010div\u00fdm vlastnostiam.<\/span><\/p>\n<p><span style=\"color: #000000\">V\u00fdroba na\u0161ich h\u00fab Agaricus blazei je pr\u00edsne kontrolovan\u00e1, bez pou\u017eitia chemik\u00e1li\u00ed alebo pestic\u00eddov a <strong>100 % ekologick\u00e1<\/strong>. Kvalitu h\u00fab pravidelne kontroluj\u00fa nez\u00e1visl\u00e9 laborat\u00f3ri\u00e1 v Slovinsku a USA.<\/span><\/p>\n<h2><span style=\"color: #000000\">\u010co obsahuje a pre koho je ur\u010den\u00e1?<\/span><\/h2>\n<p><span style=\"color: #000000\">Agaricus blazei sa sklad\u00e1 <strong>z r\u00f4znych polysacharidov, vitam\u00ednov, miner\u00e1lnych sol\u00ed a \u010fal\u0161\u00edch antioxidantov<\/strong>. V\u0161etky prvky v hub\u00e1ch s\u00fa pr\u00edtomn\u00e9 vo ve\u013ekom mno\u017estve a maj\u00fa ve\u013emi pozit\u00edvny vplyv na n\u00e1\u0161 organizmus.<\/span><\/p>\n<p><span style=\"color: #000000\"><strong>Vybran\u00e9 pozit\u00edvne lie\u010div\u00e9 \u00fa\u010dinky, ktor\u00e9 mo\u017eno dosiahnu\u0165 u\u017e\u00edvan\u00edm pr\u00e1\u0161ku z huby Agaricus blazei, s\u00fa tieto<\/strong>:<\/span><\/p>\n<p><span style=\"color: #000000\">\ud83d\udc9a p\u00f4sob\u00ed protin\u00e1dorovo a imunostimula\u010dne, a preto sa pou\u017e\u00edva v podpornej lie\u010dbe pri konven\u010dnej lie\u010dbe rakoviny,<\/span><br \/>\n<span style=\"color: #000000\">\ud83d\udc9a m\u00e1 antiv\u00edrusov\u00e9 a protiz\u00e1palov\u00e9 vlastnosti,<\/span><br \/>\n<span style=\"color: #000000\">\ud83d\udc9a m\u00e1 priazniv\u00fd vplyv na pe\u010de\u0148,<\/span><br \/>\n<span style=\"color: #000000\">\ud83d\udc9a pom\u00e1ha lie\u010di\u0165 ko\u017en\u00e9 probl\u00e9my,<\/span><br \/>\n<span style=\"color: #000000\">\ud83d\udc9a zlep\u0161uje funkciu \u010driev,<\/span><br \/>\n<span style=\"color: #000000\">\ud83d\udc9a p\u00f4sob\u00ed proti cukrovke, art\u00e9rioskler\u00f3ze, vysok\u00e9mu cholesterolu a alergi\u00e1m,<\/span><br \/>\n<span style=\"color: #000000\">\ud83d\udc9a sa pou\u017e\u00edva na zn\u00ed\u017eenie stresu,<\/span><br \/>\n<span style=\"color: #000000\">\ud83d\udc9a na lie\u010dbu hepatit\u00eddy, dermatit\u00eddy, osteopor\u00f3zy, kardiovaskul\u00e1rnych ochoren\u00ed, gastrointestin\u00e1lnych ochoren\u00ed at\u010f.<\/span><\/p>\n<p>&nbsp;<\/p>\n<p><span style=\"color: #000000\">Agaricus blazei sa \u010dasto uv\u00e1dza na zozname h\u00fab odpor\u00fa\u010dan\u00fdch na konzum\u00e1ciu po\u010das konven\u010dnej lie\u010dby rakoviny, preto\u017ee zmier\u0148uje ved\u013eaj\u0161ie \u00fa\u010dinky chemoterapie a r\u00e1dioterapie. Okrem toho m\u00f4\u017ee by\u0165 s\u00e1m o sebe protin\u00e1dorov\u00fd a protin\u00e1dorov\u00fd. Zlep\u0161uje \u017eivot pacientov s rakovinou.<\/span><\/p>\n<p><span style=\"color: #000000\">Mimoriadne d\u00f4le\u017eit\u00e9 je, \u017ee Agaricus blazei je <strong>100 % pr\u00edrodn\u00fd produkt<\/strong>, ktor\u00fd n\u00e1m m\u00f4\u017ee pom\u00f4c\u0165 prirodzen\u00fdm sp\u00f4sobom. Zlep\u0161uje pr\u00edznaky na\u0161ich probl\u00e9mov a m\u00e1 pozit\u00edvny vplyv na na\u0161u celkov\u00fa pohodu.<\/span><\/p>\n<h2><span style=\"color: #000000\">Pre\u010do huby?<\/span><\/h2>\n<p><span style=\"color: #000000\">Huby s\u00fa ve\u013emi zauj\u00edmav\u00e9. Nie s\u00fa to ani rastliny, ani \u017eivo\u010d\u00edchy, ale s\u00fa to <strong>ur\u010dite neuverite\u013en\u00e9 organizmy<\/strong>, ktor\u00e9 dok\u00e1zali pre\u017ei\u0165 vlastne takmer od po\u010diatku sveta. Vyvinuli si \u0161peci\u00e1lnu strat\u00e9giu pre\u017eitia, ktor\u00e1 im vydr\u017eala a\u017e dodnes. A tieto v\u00fdhody m\u00f4\u017eeme vyu\u017e\u00edva\u0165 aj my \u013eudia konzum\u00e1ciou lie\u010div\u00fdch h\u00fab. Prin\u00e1\u0161aj\u00fa n\u00e1m rovnov\u00e1hu na fyzickej \u00farovni a chr\u00e1nia n\u00e1s pred mnoh\u00fdmi chorobami. M\u00f4\u017eu by\u0165 <strong>prevent\u00edvnym<\/strong> alebo <strong>podporn\u00fdm lie\u010debn\u00fdm<\/strong> prostriedkom pri mnoh\u00fdch (modern\u00fdch) ochoreniach, \u010di u\u017e konven\u010dn\u00fdch alebo inak netradi\u010dn\u00fdch. Tradi\u010dne sa hub\u00e1m pripisuj\u00fa \u00fa\u010dinky v pr\u00edpadoch rakoviny, autoimunitn\u00fdch ochoren\u00ed a alergi\u00ed. S\u00fa tie\u017e dobr\u00e9 pre zdrav\u00fa a siln\u00fa reakciu imunitn\u00e9ho syst\u00e9mu. Zdravotn\u00edcky v\u00fdskum uskuto\u010dnen\u00fd v posledn\u00fdch desa\u0165ro\u010diach, ke\u010f sa huby stali predmetom z\u00e1ujmu z\u00e1padn\u00e9ho sveta, v\u0161ak potvrdil mnoh\u00e9 ich lie\u010div\u00e9 \u00fa\u010dinky.<\/span><\/p>\n<p><span style=\"color: #000000\">Ke\u010f\u017ee niektor\u00e9 pr\u00edrodn\u00e9 \u00fa\u010dinn\u00e9 l\u00e1tky s\u00fa pre n\u00e1s nestr\u00e1vite\u013en\u00e9 alebo \u0165a\u017eko str\u00e1vite\u013en\u00e9, je ve\u013emi d\u00f4le\u017eit\u00e9 konzumova\u0165 len tie najlep\u0161ie hubov\u00e9 pr\u00e1\u0161ky. Huby sa musia spr\u00e1vne pestova\u0165, su\u0161i\u0165 a pripravova\u0165. Musia by\u0165 rozomlet\u00e9 na jemn\u00fd pr\u00e1\u0161ok bez k\u00faskov. Farba pr\u00e1\u0161ku je svetlej\u0161ia, ale inak z\u00e1vis\u00ed aj od druhu konzumovanej huby. Ke\u010f\u017ee huby s\u00fa tak\u00e9 \u00fa\u010dinn\u00e9 pr\u00e1ve preto, \u017ee maj\u00fa schopnos\u0165 absorbova\u0165 v\u0161etko &#8211; dobr\u00e9 aj zl\u00e9 &#8211; z prostredia, je d\u00f4le\u017eit\u00e9 pou\u017e\u00edva\u0165 ekologicky pestovan\u00e9 huby.<\/span><\/p>\n<h2><span style=\"color: #000000\">Balenie<\/span><\/h2>\n<p><span style=\"color: #000000\">Nepriepustn\u00e9 vrecko na zips, v ktorom si v\u00fdrobok zachov\u00e1 v\u0161etku svoju \u010derstvos\u0165 a v\u00f4\u0148u. Obal chr\u00e1ni v\u00fdrobok pred svetlom a vzduchom, preto\u017ee sa sklad\u00e1 z nieko\u013ek\u00fdch ochrann\u00fdch vrstiev, ktor\u00e9 zachov\u00e1vaj\u00fa vlastnosti obsahu.<\/span><\/p>\n<p><span style=\"color: #000000\">Obal je ve\u013emi praktick\u00fd a recyklovate\u013en\u00fd.<\/span><\/p>\n<h2><span style=\"color: #000000\">Skladovanie a varovania<\/span><\/h2>\n<p><span style=\"color: #000000\">Skladujte na chladnom a suchom mieste. Potravinov\u00fd doplnok uchov\u00e1vajte mimo dosahu det\u00ed!<\/span><\/p>\n<p><span style=\"color: #000000\">Nezab\u00fadajte na d\u00f4le\u017eitos\u0165 pestrej stravy a zdrav\u00e9ho \u017eivotn\u00e9ho \u0161t\u00fdlu, doplnok stravy preto nenahr\u00e1dza vyv\u00e1\u017een\u00fa a pestr\u00fa stravu. Odpor\u00fa\u010dan\u00e9 denn\u00e9 mno\u017estvo alebo d\u00e1vka by sa nemali prekro\u010di\u0165. Tehotn\u00fdm a doj\u010diacim \u017een\u00e1m sa v\u017edy odpor\u00fa\u010da, aby sa pred pou\u017eit\u00edm poradili s lek\u00e1rom.<\/span><\/p>\n<h2><span style=\"color: #000000\">Je dobr\u00e9 vedie\u0165<\/span><\/h2>\n<p><span style=\"color: #000000\">V\u00fdrobok je vhodn\u00fd aj pre zvierat\u00e1. Vo v\u00e4\u010d\u0161ine pr\u00edpadov sa lie\u010div\u00e9 huby ukazuj\u00fa ako mimoriadne \u00fa\u010dinn\u00e9 pri posil\u0148ovan\u00ed imunitn\u00e9ho syst\u00e9mu, odstra\u0148ovan\u00ed alergi\u00ed a ko\u017en\u00fdch ochoren\u00ed, ako aj v\u00edrusov\u00fdch a bakteri\u00e1lnych infekci\u00ed. Pred pou\u017eit\u00edm sa pora\u010fte so svoj\u00edm veterin\u00e1rnym lek\u00e1rom o vhodnosti u\u017e\u00edvania a odpor\u00fa\u010danom dennom mno\u017estve.<\/span><\/p>\n<h2><span style=\"color: #000000\">P\u00f4vod<\/span><\/h2>\n<p><span style=\"color: #000000\">Slovinsko<\/span><\/p>\n","protected":false},"excerpt":{"rendered":"<p>Agaricus blazei je jedn\u00fdm z najnov\u0161\u00edch objavov v oblasti lie\u010div\u00fdch h\u00fab a jeho v\u00fdznam celosvetovo rastie. T\u00e1to huba poch\u00e1dza z Braz\u00edlie, a preto sa \u010dasto ozna\u010duje ako braz\u00edlsky kukm\u00e1k. Pou\u017e\u00edva sa aj v Japonsku a \u010fal\u0161\u00edch \u00e1zijsk\u00fdch krajin\u00e1ch, kde sa lie\u010div\u00e9 huby pou\u017e\u00edvaj\u00fa na lie\u010debn\u00e9 \u00fa\u010dely u\u017e tis\u00edcro\u010dia:<\/p>\n<p>\ud83d\udc9a je to protin\u00e1dorov\u00fd a imunostimula\u010dn\u00fd prostriedok,<br \/>\n\ud83d\udc9a m\u00e1 priazniv\u00fd vplyv na pe\u010de\u0148,<br \/>\n\ud83d\udc9a m\u00e1 antiv\u00edrusov\u00e9 a protiz\u00e1palov\u00e9 vlastnosti,<br \/>\n\ud83d\udc9a reguluje hladinu cukru v krvi.<\/p>\n","protected":false},"featured_media":5897,"comment_status":"open","ping_status":"closed","template":"","meta":{"_acf_changed":false},"product_brand":[],"product_cat":[15,229,224,225],"product_tag":[],"class_list":{"0":"post-5896","1":"product","2":"type-product","3":"status-publish","4":"has-post-thumbnail","6":"product_cat-uncategorized","7":"product_cat-liecive-huby","8":"product_cat-ponuka","9":"product_cat-vsetky-produkty","11":"first","12":"instock","13":"taxable","14":"shipping-taxable","15":"purchasable","16":"product-type-simple"},"acf":[],"_links":{"self":[{"href":"https:\/\/fengchashop.com\/sk\/wp-json\/wp\/v2\/product\/5896","targetHints":{"allow":["GET"]}}],"collection":[{"href":"https:\/\/fengchashop.com\/sk\/wp-json\/wp\/v2\/product"}],"about":[{"href":"https:\/\/fengchashop.com\/sk\/wp-json\/wp\/v2\/types\/product"}],"replies":[{"embeddable":true,"href":"https:\/\/fengchashop.com\/sk\/wp-json\/wp\/v2\/comments?post=5896"}],"wp:featuredmedia":[{"embeddable":true,"href":"https:\/\/fengchashop.com\/sk\/wp-json\/wp\/v2\/media\/5897"}],"wp:attachment":[{"href":"https:\/\/fengchashop.com\/sk\/wp-json\/wp\/v2\/media?parent=5896"}],"wp:term":[{"taxonomy":"product_brand","embeddable":true,"href":"https:\/\/fengchashop.com\/sk\/wp-json\/wp\/v2\/product_brand?post=5896"},{"taxonomy":"product_cat","embeddable":true,"href":"https:\/\/fengchashop.com\/sk\/wp-json\/wp\/v2\/product_cat?post=5896"},{"taxonomy":"product_tag","embeddable":true,"href":"https:\/\/fengchashop.com\/sk\/wp-json\/wp\/v2\/product_tag?post=5896"}],"curies":[{"name":"wp","href":"https:\/\/api.w.org\/{rel}","templated":true}]}}