{"id":5888,"date":"2022-02-11T22:23:40","date_gmt":"2022-02-11T21:23:40","guid":{"rendered":"https:\/\/fengchashop.com\/sk\/product\/sibirsky-zensen-v-prasku-bio-250-g\/"},"modified":"2026-04-17T17:52:17","modified_gmt":"2026-04-17T15:52:17","slug":"sibirsky-zensen-v-prasku-bio","status":"publish","type":"product","link":"https:\/\/fengchashop.com\/sk\/product\/sibirsky-zensen-v-prasku-bio\/","title":{"rendered":"Sib\u00edrsky \u017een\u0161en v pr\u00e1\u0161ku BIO 250 g"},"content":{"rendered":"<h2><span style=\"color: #000000\">Sib\u00edrsky \u017een\u0161en v pr\u00e1\u0161ku z ekologickej produkcie<\/span><\/h2>\n<p><span style=\"color: #000000\">Sib\u00edrsky \u017een\u0161en rastie najm\u00e4 v severnej \u010c\u00edne a na Sib\u00edri (oblas\u0165 v Rusku). N\u00e1jdete ho aj v K\u00f3rei a v Japonsku. Je to trvalka, ktor\u00e1 zvy\u010dajne rastie v chladnej\u0161om podneb\u00ed. M\u00e1 drevnat\u00fd hlavn\u00fd kore\u0148 a rastie vo vysokohorsk\u00fdch oblastiach, ale aj na slne\u010dn\u00fdch chr\u00e1nen\u00fdch miestach v \u00fadol\u00ed. Je zn\u00e1my aj ako sib\u00edrsky \u017een\u0161en alebo eleuterokok (Eleutherococcus senticosus).<\/span><\/p>\n<p><span style=\"color: #000000\">Kore\u0148 \u017een\u0161enu je jednou z<strong> najd\u00f4le\u017eitej\u0161\u00edch rastl\u00edn<\/strong> v tradi\u010dnom \u010d\u00ednskom a ruskom bylink\u00e1rstve, kde sa ako v\u00fd\u017eivov\u00fd doplnok pou\u017e\u00edva u\u017e st\u00e1ro\u010dia, ak nie tis\u00edcro\u010dia. V \u010c\u00edne je dobre zn\u00e1me, \u017ee \u017een\u0161en prospieva n\u00e1\u0161mu zdraviu z h\u013eadiska <strong>dlhovekosti<\/strong> (brzd\u00ed proces starnutia),<strong> posil\u0148uje imunitn\u00fd syst\u00e9m, p\u00f4sob\u00ed proti \u00fanave a proti stresu a zlep\u0161uje sexu\u00e1lnu potenciu<\/strong>.<\/span><\/p>\n<p><span style=\"color: #000000\">\u00da\u010dinn\u00e9 l\u00e1tky \u017een\u0161enu, naz\u00fdvan\u00e9 eleuterozidy (obsahuje 7 r\u00f4znych typov), p\u00f4sobia podobne ako steroidy. \u017den\u0161en je aj<strong> adaptog\u00e9nna bylina<\/strong>. S\u00fa to rastliny, ktor\u00e9 pom\u00e1haj\u00fa telu prisp\u00f4sobi\u0165 sa r\u00f4znym negat\u00edvnym faktorom z okolit\u00e9ho prostredia. M\u00e1 schopnos\u0165 regulova\u0165 a riadi\u0165 \u017e\u013eazov\u00fd a hormon\u00e1lny syst\u00e9m, nervov\u00fd a kardiovaskul\u00e1rny syst\u00e9m a svaly. Adaptog\u00e9ny \u00fa\u010dinne pom\u00e1haj\u00fa telu vyrovna\u0165 sa s fyzick\u00fdm, chemick\u00fdm a biologick\u00fdm stresom.\u00a0<\/span><\/p>\n<p><span style=\"color: #000000\">N\u00e1\u0161 sib\u00edrsky \u017een\u0161en <strong>poch\u00e1dza z ekologick\u00e9ho po\u013enohospod\u00e1rstva a neobsahuje \u017eiadne plniv\u00e1 ani adit\u00edva<\/strong>. Po zbere sa korene \u017een\u0161enu vysu\u0161ia a potom sa jemne rozomel\u00fa na pr\u00e1\u0161ok.<\/span><br \/>\n<span style=\"color: #000000\">Sib\u00edrsky \u017een\u0161en (eleutherozid) by sa nemal zamie\u0148a\u0165 so zn\u00e1mej\u0161\u00edm \u00e1zijsk\u00fdm \u017een\u0161enom (ginsenozid), hoci maj\u00fa podobn\u00e9 adaptog\u00e9nne vlastnosti.<\/span><\/p>\n<h2><span style=\"color: #000000\">Pre\u010do ho pou\u017e\u00edvame?<\/span><\/h2>\n<p><span style=\"color: #000000\">\u017den\u0161en m\u00f4\u017ee pom\u00f4c\u0165 <strong>prekona\u0165 stres, vytvori\u0165 dobr\u00fa energiu v tele aj celkov\u00fa vitalitu<\/strong>. Ke\u010f\u017ee obsahuje komplexn\u00e9 polysacharidy, \u010dasto sa sp\u00e1ja s posil\u0148ovan\u00edm imunitn\u00e9ho syst\u00e9mu. V\u00fdskumn\u00edci zistili, \u017ee \u00fa\u010dinok \u017een\u0161enu sa e\u0161te viac<strong> zosil\u0148uje<\/strong> v kombin\u00e1cii s in\u00fdmi tradi\u010dn\u00fdmi \u010d\u00ednskymi bylinami. \u017den\u0161en p\u00f4sob\u00ed aj<strong> protiz\u00e1palovo a proti vo\u013en\u00fdm radik\u00e1lom, zlep\u0161uje krvn\u00fd obeh a zni\u017euje krvn\u00fd tlak<\/strong>.\u00a0Stimuluje hypof\u00fdzu a<strong> zvy\u0161uje libido<\/strong>.<\/span><br \/>\n<span style=\"color: #000000\">Je mimoriadne ob\u013e\u00faben\u00fd medzi \u0161portovcami, preto\u017ee zvy\u0161uje vytrvalos\u0165 a zni\u017euje \u00fanavu, pri\u010dom napom\u00e1ha r\u00fdchlej\u0161ej regener\u00e1cii.<\/span><br \/>\n<span style=\"color: #000000\">Pom\u00e1ha aj zlep\u0161ova\u0165 ment\u00e1lne a kognit\u00edvne funkcie mozgu. Preto ovplyv\u0148uje u\u010denie, pam\u00e4\u0165 a zbieranie vedomost\u00ed. To v\u0161etko znamen\u00e1, \u017ee m\u00f4\u017ee ma\u0165 priamy vplyv na potla\u010denie<strong> zhor\u0161ovania stavu mozgu<\/strong>.\u00a0V\u010faka tomu tie\u017e zlep\u0161uje sp\u00e1nok a zah\u00e1\u0148a depresiu.<\/span><br \/>\n<span style=\"color: #000000\">Tradi\u010dne sa pou\u017e\u00edva aj pri prechladnut\u00ed a chr\u00edpke, preto\u017ee niektor\u00e9 \u0161t\u00fadie zistili, \u017ee m\u00f4\u017ee pom\u00f4c\u0165 v boji proti v\u00edrusom, ktor\u00e9 tieto ochorenia sp\u00f4sobuj\u00fa. <\/span><br \/>\n<span style=\"color: #000000\">M\u00f4\u017ee tie\u017e pom\u00f4c\u0165 zmierni\u0165 typick\u00e9 probl\u00e9my, ktor\u00e9 \u017eeny zvy\u010dajne za\u017e\u00edvaj\u00fa pri prechode do menopauzy, a z\u00e1rove\u0148 poskytn\u00fa\u0165 ochranu pred \u00fabytkom kostnej hmoty (osteopor\u00f3za), ktor\u00fd sa v tomto obdob\u00ed \u010dasto zhor\u0161uje v d\u00f4sledku hormon\u00e1lnych zmien.<\/span><\/p>\n<h2><span style=\"color: #000000\">Skladovanie a upozornenia<\/span><\/h2>\n<p><span style=\"color: #000000\">Skladujte na chladnom a suchom mieste. V\u00fd\u017eivov\u00fd doplnok uchov\u00e1vajte mimo dosahu det\u00ed!<\/span><br \/>\n<span style=\"color: #000000\">Pam\u00e4tajte na d\u00f4le\u017eitos\u0165 pestrej stravy a zdrav\u00e9ho \u017eivotn\u00e9ho \u0161t\u00fdlu, v\u00fd\u017eivov\u00fd doplnok nie je n\u00e1hradou vyv\u00e1\u017eenej a pestrej stravy. Odpor\u00fa\u010dan\u00e9 denn\u00e9 mno\u017estvo alebo d\u00e1vka by sa nemali prekro\u010di\u0165. Tehotn\u00fdm \u017een\u00e1m, doj\u010diacim matk\u00e1m a osob\u00e1m u\u017e\u00edvaj\u00facim lieky sa v\u017edy odpor\u00fa\u010da, aby sa pred pou\u017eit\u00edm poradili s lek\u00e1rom.<\/span><\/p>\n<h2><span style=\"color: #000000\">Balenie<\/span><\/h2>\n<p><span style=\"color: #000000\">Nepriepustn\u00e9 vrecko so zipsom, v ktorom si produkt zachov\u00e1va svoju \u010derstvos\u0165 a v\u00f4\u0148u. Obal chr\u00e1ni pred svetlom a vzduchom, ke\u010f\u017ee sa sklad\u00e1 z nieko\u013ek\u00fdch ochrann\u00fdch vrstiev, ktor\u00e9 uchov\u00e1vaj\u00fa vlastnosti obsahu vn\u00fatri.<\/span><br \/>\n<span style=\"color: #000000\">Obal je ve\u013emi praktick\u00fd a recyklovate\u013en\u00fd.<\/span><\/p>\n<h2><span style=\"color: #000000\">P\u00f4vod<\/span><\/h2>\n<p><span style=\"color: #000000\">\u010c\u00edna. M\u00e1me ve\u013emi spo\u013eahliv\u00fdch dod\u00e1vate\u013eov, ktor\u00ed n\u00e1m posielaj\u00fa podrobn\u00fa chemick\u00fa anal\u00fdzu produktu pre ka\u017ed\u00fa \u0161ar\u017eu. Za viac ako 10 rokov sme s t\u00fdmto produktom, ani s in\u00fdm produktom od toho ist\u00e9ho dod\u00e1vate\u013ea, nikdy nemali \u017eiadne stiahnutie produktu \u010di in\u00fd probl\u00e9m. Tento produkt je 100% certifikovan\u00fd ako ekologick\u00fd.<\/span><\/p>\n","protected":false},"excerpt":{"rendered":"<p align=\"JUSTIFY\">Kore\u0148 \u017een\u0161enu je jednou z najd\u00f4le\u017eitej\u0161\u00edch rastl\u00edn v tradi\u010dnom \u010d\u00ednskom a ruskom bylink\u00e1rstve, kde sa ako v\u00fd\u017eivov\u00fd doplnok pou\u017e\u00edva u\u017e st\u00e1ro\u010dia, ak nie tis\u00edcro\u010dia.V \u010c\u00edne je dobre zn\u00e1me, \u017ee \u017een\u0161en prospieva n\u00e1\u0161mu zdraviu z h\u013eadiska:<\/p>\n<p align=\"JUSTIFY\">\ud83d\udc9a dlhovekosti (brzd\u00ed proces starnutia),<br \/>\n\ud83d\udc9a posil\u0148uje imunitn\u00fd syst\u00e9m,<br \/>\n\ud83d\udc9a p\u00f4sob\u00ed proti \u00fanave,<br \/>\n\ud83d\udc9a proti stresu,<br \/>\n\ud83d\udc9a zlep\u0161uje sexu\u00e1lnu potenciu.<\/p>\n","protected":false},"featured_media":5889,"comment_status":"open","ping_status":"closed","template":"","meta":{"_acf_changed":false},"product_brand":[],"product_cat":[224,195,225],"product_tag":[],"class_list":{"0":"post-5888","1":"product","2":"type-product","3":"status-publish","4":"has-post-thumbnail","6":"product_cat-ponuka","7":"product_cat-superpotraviny","8":"product_cat-vsetky-produkty","10":"first","11":"instock","12":"sale","13":"taxable","14":"shipping-taxable","15":"purchasable","16":"product-type-simple"},"acf":[],"_links":{"self":[{"href":"https:\/\/fengchashop.com\/sk\/wp-json\/wp\/v2\/product\/5888","targetHints":{"allow":["GET"]}}],"collection":[{"href":"https:\/\/fengchashop.com\/sk\/wp-json\/wp\/v2\/product"}],"about":[{"href":"https:\/\/fengchashop.com\/sk\/wp-json\/wp\/v2\/types\/product"}],"replies":[{"embeddable":true,"href":"https:\/\/fengchashop.com\/sk\/wp-json\/wp\/v2\/comments?post=5888"}],"wp:featuredmedia":[{"embeddable":true,"href":"https:\/\/fengchashop.com\/sk\/wp-json\/wp\/v2\/media\/5889"}],"wp:attachment":[{"href":"https:\/\/fengchashop.com\/sk\/wp-json\/wp\/v2\/media?parent=5888"}],"wp:term":[{"taxonomy":"product_brand","embeddable":true,"href":"https:\/\/fengchashop.com\/sk\/wp-json\/wp\/v2\/product_brand?post=5888"},{"taxonomy":"product_cat","embeddable":true,"href":"https:\/\/fengchashop.com\/sk\/wp-json\/wp\/v2\/product_cat?post=5888"},{"taxonomy":"product_tag","embeddable":true,"href":"https:\/\/fengchashop.com\/sk\/wp-json\/wp\/v2\/product_tag?post=5888"}],"curies":[{"name":"wp","href":"https:\/\/api.w.org\/{rel}","templated":true}]}}