{"id":5884,"date":"2022-02-11T22:07:41","date_gmt":"2022-02-11T21:07:41","guid":{"rendered":"https:\/\/fengchashop.com\/sk\/product\/psyllium-alebo-indicky-bodliak-bio-prasok-99-cisty-250-g\/"},"modified":"2026-05-03T09:32:54","modified_gmt":"2026-05-03T07:32:54","slug":"psyllium-alebo-indicky-bodliak-bio-prasok-99-cisty","status":"publish","type":"product","link":"https:\/\/fengchashop.com\/sk\/product\/psyllium-alebo-indicky-bodliak-bio-prasok-99-cisty\/","title":{"rendered":"Psyllium alebo indick\u00fd bodliak BIO pr\u00e1\u0161ok 99% \u010dist\u00fd 250 g"},"content":{"rendered":"<h2><span style=\"color: #000000\">Psyllium alebo indick\u00fd bodliak BIO pr\u00e1\u0161ok 99% \u010dist\u00fd<\/span><\/h2>\n<p><span style=\"color: #000000\">Psyllium alebo ispaghula s\u00fa \u0161upky semien rastliny naz\u00fdvanej skorocel. Psyllium sa pou\u017e\u00edva ako potravinov\u00fd doplnok pri gastrointestin\u00e1lnych probl\u00e9moch, ktor\u00e9 sa prejavuj\u00fa najm\u00e4 v \u010drev\u00e1ch. Mimoriadne vysok\u00fd obsah vl\u00e1kniny<strong> pom\u00e1ha pri z\u00e1pche, odstra\u0148uje nad\u00favanie a dod\u00e1va pocit s\u00fdtosti<\/strong>. 99% \u010distota znamen\u00e1 vysoko pre\u010disten\u00fd produkt a tie\u017e v\u00e4\u010d\u0161\u00ed objem. Stru\u010dne povedan\u00e9, je to <strong>pr\u00e9miov\u00e9 psyllium<\/strong>.<\/span><br \/>\n<span style=\"color: #000000\">Ka\u017ed\u00fd m\u00f4\u017ee potvrdi\u0165, \u017ee na\u0161e celkov\u00e9 zdravie a pohoda do ve\u013ekej miery z\u00e1vis\u00ed od fungovania a zdravia na\u0161ich \u010driev, ale d\u00f4le\u017eitos\u0165 zdrav\u00fdch \u010driev ako k\u013e\u00fa\u010dov\u00e9ho org\u00e1nu n\u00e1\u0161ho tela si za\u010dneme uvedomova\u0165 a\u017e vtedy, ke\u010f za\u010dneme ma\u0165 probl\u00e9my so z\u00e1pchou, hna\u010dkou, nad\u00favan\u00edm alebo in\u00fdmi v\u00e1\u017enej\u0161\u00edmi zdravotn\u00fdmi probl\u00e9mami.<\/span><br \/>\n<span style=\"color: #000000\">Z toho d\u00f4vodu je<strong> pravideln\u00fd pr\u00edjem vl\u00e1kniny<\/strong> nevyhnutn\u00fd na u\u013eah\u010denie vypr\u00e1zd\u0148ovania. D\u00f4le\u017eit\u00fa \u00falohu pri tom zohr\u00e1va psyllium, preto\u017ee \u0161upky semien pri kontakte s vodou r\u00fdchlo napu\u010dnej\u00fa a vytvoria g\u00e9l, ktor\u00fd stimuluje s\u0165ahovanie \u010driev, a t\u00fdm umo\u017e\u0148uje pravideln\u00fa stolicu. To prirodzene \u010dist\u00ed \u010drev\u00e1 a udr\u017eiava ich bez prek\u00e1\u017eok, ktor\u00e9 by inak mohli sp\u00f4sobi\u0165 z\u00e1pal alebo rast zl\u00fdch bakt\u00e9ri\u00ed, ktor\u00e9 m\u00f4\u017eu napadn\u00fa\u0165 na\u0161e telo.<\/span><\/p>\n<p><span style=\"color: #000000\">T\u00e1to forma psyllia je:<\/span><br \/>\n<span style=\"color: #000000\">\ud83d\udc9a <strong>99%<\/strong> \u010dist\u00e1<\/span><br \/>\n<span style=\"color: #000000\">\ud83d\udc9a<strong> \u013eah\u0161ie str\u00e1vite\u013en\u00e1 <\/strong><\/span><br \/>\n<span style=\"color: #000000\">\ud83d\udc9a pr\u00e9miovej <strong>kvality <\/strong><\/span><br \/>\n<span style=\"color: #000000\">\ud83d\udc9a <strong>certifikovane ekologick\u00e1<\/strong><\/span><\/p>\n<h2><span style=\"color: #000000\">Ako psyllium funguje a pri ak\u00fdch probl\u00e9moch pom\u00e1ha?<\/span><\/h2>\n<p><span style=\"color: #000000\">Ke\u010f\u017ee m\u00e1 naozaj pozoruhodn\u00e9 vlastnosti, odpor\u00fa\u010da sa v\u0161etk\u00fdm, ktor\u00ed sa radi staraj\u00fa o svoje zdravie a celkov\u00fa pohodu, a odpor\u00fa\u010da sa najm\u00e4 pre:<\/span><br \/>\n<span style=\"color: #000000\">\ud83d\udc9a Pre t\u00fdch, ktor\u00ed maj\u00fa \u010dast\u00fa a opakuj\u00facu sa <strong>z\u00e1pchu a nad\u00favanie<\/strong>. <\/span><br \/>\n<span style=\"color: #000000\">\ud83d\udc9a Pre lep\u0161iu celkov\u00fa pohodu a prevenciu \u00fanavy. <\/span><br \/>\n<span style=\"color: #000000\">\ud83d\udc9a Ako <strong>pomocn\u00edk pri chudnut\u00ed<\/strong> n\u00e1m dod\u00e1va pocit s\u00fdtosti a ve\u013emi dobre p\u00f4sob\u00ed aj na n\u00e1\u0161 metabolizmus, ktor\u00fd stimuluje prirodzen\u00fdm sp\u00f4sobom. <\/span><br \/>\n<span style=\"color: #000000\">\ud83d\udc9a Pre v\u0161etk\u00fdch, ktor\u00ed chc\u00fa pr\u00edrodn\u00e9 preh\u00e1\u0148adlo bez v\u0161eobecn\u00fdch ne\u017eiad\u00facich \u00fa\u010dinkov, ako je plynatos\u0165 a nad\u00favanie. <\/span><br \/>\n<span style=\"color: #000000\">\ud83d\udc9a Pod lek\u00e1rskym doh\u013eadom sa m\u00f4\u017ee pou\u017e\u00edva\u0165 aj pri probl\u00e9moch s<strong> vysok\u00fdm cholesterolom<\/strong>, cukrovke, hemoroidoch, podr\u00e1\u017edenom \u010dreve, Crohnovej chorobe at\u010f. <\/span><br \/>\n<span style=\"color: #000000\">\ud83d\udc9a Vhodn\u00e9 pre veg\u00e1nov a vegetari\u00e1nov. <\/span><br \/>\n<span style=\"color: #000000\">\ud83d\udc9a Je bezlepkov\u00e1. <\/span><br \/>\n<span style=\"color: #000000\">\ud83d\udc9a Univerz\u00e1lne u\u017eito\u010dn\u00e9 pri pe\u010den\u00ed a varen\u00ed.<\/span><\/p>\n<h2><span style=\"color: #000000\">Balenie<\/span><\/h2>\n<p><span style=\"color: #000000\">Nepriepustn\u00e9 vrecko alebo \u0161katu\u013eka so zipsom, v ktorom si produkt zachov\u00e1va svoju \u010derstvos\u0165 a chu\u0165. Obal chr\u00e1ni pred svetlom a vzduchom. Pozost\u00e1va z nieko\u013ek\u00fdch vrstiev ochrany, ktor\u00e9 zachov\u00e1vaj\u00fa vlastnosti produktu.<\/span><\/p>\n<p><span style=\"color: #000000\">Obal je ve\u013emi praktick\u00fd a recyklovate\u013en\u00fd.<\/span><\/p>\n<h2><span style=\"color: #000000\">P\u00f4vod<\/span><\/h2>\n<p><span style=\"color: #000000\">India<\/span><\/p>\n","protected":false},"excerpt":{"rendered":"<p align=\"JUSTIFY\">Psyllium alebo ispaghula s\u00fa \u0161upky semien rastliny naz\u00fdvanej skorocel. Psyllium sa pou\u017e\u00edva ako potravinov\u00fd doplnok pri gastrointestin\u00e1lnych probl\u00e9moch, ktor\u00e9 sa prejavuj\u00fa najm\u00e4 v \u010drev\u00e1ch. Ke\u010f\u017ee m\u00e1 naozaj pozoruhodn\u00e9 vlastnosti, odpor\u00fa\u010da sa v\u0161etk\u00fdm, ktor\u00ed sa radi staraj\u00fa o svoje zdravie a celkov\u00fa pohodu.<\/p>\n<p align=\"JUSTIFY\">\ud83d\udc9a Pom\u00e1ha pri z\u00e1pche.<br \/>\n\ud83d\udc9a Odstra\u0148uje nad\u00favanie.<br \/>\n\ud83d\udc9a Dod\u00e1va pocit s\u00fdtosti.<br \/>\n\ud83d\udc9a Pomocn\u00edk pri chudnut\u00ed.<\/p>\n","protected":false},"featured_media":5885,"comment_status":"open","ping_status":"closed","template":"","meta":{"_acf_changed":false},"product_brand":[],"product_cat":[15,194,224,195,225],"product_tag":[],"class_list":{"0":"post-5884","1":"product","2":"type-product","3":"status-publish","4":"has-post-thumbnail","6":"product_cat-uncategorized","7":"product_cat-ajurveda","8":"product_cat-ponuka","9":"product_cat-superpotraviny","10":"product_cat-vsetky-produkty","12":"first","13":"instock","14":"sale","15":"taxable","16":"shipping-taxable","17":"purchasable","18":"product-type-simple"},"acf":[],"_links":{"self":[{"href":"https:\/\/fengchashop.com\/sk\/wp-json\/wp\/v2\/product\/5884","targetHints":{"allow":["GET"]}}],"collection":[{"href":"https:\/\/fengchashop.com\/sk\/wp-json\/wp\/v2\/product"}],"about":[{"href":"https:\/\/fengchashop.com\/sk\/wp-json\/wp\/v2\/types\/product"}],"replies":[{"embeddable":true,"href":"https:\/\/fengchashop.com\/sk\/wp-json\/wp\/v2\/comments?post=5884"}],"wp:featuredmedia":[{"embeddable":true,"href":"https:\/\/fengchashop.com\/sk\/wp-json\/wp\/v2\/media\/5885"}],"wp:attachment":[{"href":"https:\/\/fengchashop.com\/sk\/wp-json\/wp\/v2\/media?parent=5884"}],"wp:term":[{"taxonomy":"product_brand","embeddable":true,"href":"https:\/\/fengchashop.com\/sk\/wp-json\/wp\/v2\/product_brand?post=5884"},{"taxonomy":"product_cat","embeddable":true,"href":"https:\/\/fengchashop.com\/sk\/wp-json\/wp\/v2\/product_cat?post=5884"},{"taxonomy":"product_tag","embeddable":true,"href":"https:\/\/fengchashop.com\/sk\/wp-json\/wp\/v2\/product_tag?post=5884"}],"curies":[{"name":"wp","href":"https:\/\/api.w.org\/{rel}","templated":true}]}}