{"id":5882,"date":"2022-02-11T21:55:28","date_gmt":"2022-02-11T20:55:28","guid":{"rendered":"https:\/\/fengchashop.com\/sk\/product\/maca-v-tabletach-bio-125-g\/"},"modified":"2026-04-14T17:59:48","modified_gmt":"2026-04-14T15:59:48","slug":"mac-v-tabletach-bio","status":"publish","type":"product","link":"https:\/\/fengchashop.com\/sk\/product\/mac-v-tabletach-bio\/","title":{"rendered":"Maca v tablet\u00e1ch BIO 125 g"},"content":{"rendered":"<h2><span style=\"color: #000000\">Maca v tablet\u00e1ch BIO<\/span><\/h2>\n<p><span style=\"color: #000000\">Maca je rastlina, ktor\u00e1 sa v posledn\u00fdch rokoch stala jedn\u00fdm z pilierov v\u00fd\u017eivov\u00fdch doplnkov, a v\u010faka svojej popularite sa dostala do mnoh\u00fdch dom\u00e1cnost\u00ed. Naz\u00fdva sa aj <strong>peru\u00e1nsky \u017een\u0161en<\/strong>. A hoci sa tradi\u010dne pou\u017e\u00edva na zv\u00fd\u0161enie plodnosti a sexu\u00e1lneho apet\u00edtu, odstr\u00e1nenie vy\u010derpania a posilnenie fyzickej sily, konzum\u00e1cia rastliny maca n\u00e1m m\u00f4\u017ee prinies\u0165 ove\u013ea viac.<\/span><br \/>\n<span style=\"color: #000000\">Je to adaptog\u00e9nna bylina, ktor\u00e1<strong> zvy\u0161uje energiu, v\u00fddr\u017e, vitalitu aj fyzick\u00fa silu.<\/strong> Pom\u00e1ha n\u00e1m reagova\u0165 na stres a \u013eah\u0161ie sa prisp\u00f4sobi\u0165 zmen\u00e1m. Dar\u00ed sa jej najm\u00e4 v And\u00e1ch v centr\u00e1lnom Peru, v drsn\u00fdch podmienkach a vo ve\u013emi vysok\u00fdch nadmorsk\u00fdch v\u00fd\u0161kach \u2013 nad 4 000 metrov. Je to kapustovit\u00e1 zelenina ako brokolica, karfiol, repa, kapusta, kel a re\u010fkovka. Najjedlej\u0161ou \u010das\u0165ou rastliny je kore\u0148 alebo h\u013euza. Existuje v nieko\u013ek\u00fdch farb\u00e1ch, od bielej po \u010diernu. Najob\u013e\u00fabenej\u0161ie s\u00fa<strong> \u017elt\u00e1, \u010derven\u00e1 a \u010dierna<\/strong>. Be\u017en\u00e1 \u017elt\u00e1 maca sa pou\u017e\u00edva na ka\u017edodenn\u00fa a dlhodob\u00fa konzum\u00e1ciu. \u010cerven\u00e1 a \u010dierna maca sa pova\u017euj\u00fa za posv\u00e4tn\u00e9 odrody a pou\u017e\u00edvaj\u00fa sa pri chronick\u00fdch terapeutick\u00fdch probl\u00e9moch.<\/span><br \/>\n<span style=\"color: #000000\">Maca sa naj\u010dastej\u0161ie konzumuje vo forme pr\u00e1\u0161ku. Maca tablety sa \u013eah\u0161ie pou\u017e\u00edvaj\u00fa a \u013eah\u0161ie d\u00e1vkuj\u00fa. Na\u0161e maca tablety s\u00fa vyroben\u00e9 ekologicky.<\/span><\/p>\n<h2><span style=\"color: #000000\">S ak\u00fdmi probl\u00e9mami pom\u00e1ha alebo komu ju odpor\u00fa\u010dame?<\/span><\/h2>\n<p><span style=\"color: #000000\">Maca je adaptog\u00e9nna rastlina, \u010do znamen\u00e1, \u017ee sa ur\u010dit\u00fdm sp\u00f4sobom prisp\u00f4sobuje potreb\u00e1m jednotlivca. Adaptog\u00e9ny posil\u0148uj\u00fa org\u00e1nov\u00e9 syst\u00e9my (d\u00fdchac\u00ed, tr\u00e1viaci, mo\u010dov\u00fd at\u010f.) bez toho, aby nadmerne stimulovali alebo inak zasahovali do ich funkci\u00ed. Odpor\u00fa\u010dame ju \u013eu\u010fom, ktor\u00ed potrebuj\u00fa pomoc s:<\/span><br \/>\n<span style=\"color: #000000\">\ud83d\udc9a prekon\u00e1vanie probl\u00e9mov s <strong>v\u00fdkyvmi n\u00e1lad<\/strong>, <\/span><br \/>\n<span style=\"color: #000000\">\ud83d\udc9a neplodnos\u0165 a <strong>menopauz\u00e1lne probl\u00e9my<\/strong>, <\/span><br \/>\n<span style=\"color: #000000\">\ud83d\udc9a dosiahnutie v\u00e4\u010d\u0161ieho<strong> du\u0161evn\u00e9ho a fyzick\u00e9ho v\u00fdkonu<\/strong>, <\/span><br \/>\n<span style=\"color: #000000\">\ud83d\udc9a zv\u00fd\u0161enie <strong>sexu\u00e1lnej potencie<\/strong> a <\/span><br \/>\n<span style=\"color: #000000\">\ud83d\udc9a na mnoh\u00e9 in\u00e9 zdravotn\u00e9 probl\u00e9my.<\/span><\/p>\n<h2><span style=\"color: #000000\">Ak\u00e9 s\u00fa k\u013e\u00fa\u010dov\u00e9 vlastnosti, ktor\u00e9 n\u00e1m maca pon\u00faka?<\/span><\/h2>\n<p><span style=\"color: #000000\">\ud83d\udc9a <strong>Je ve\u013emi v\u00fd\u017eivn\u00e1<\/strong><\/span><br \/>\n<span style=\"color: #000000\">Maca je vynikaj\u00facim zdrojom viacer\u00fdch d\u00f4le\u017eit\u00fdch vitam\u00ednov a miner\u00e1lov, ako s\u00fa vitam\u00edn C, A, E, B2, B6, B12, me\u010f, hor\u010d\u00edk, sel\u00e9n, v\u00e1pnik, drasl\u00edk, sod\u00edk, fosfor, mang\u00e1n a \u017eelezo. Je dobr\u00fdm zdrojom sacharidov, aminokysel\u00edn a tukov a m\u00e1 vysok\u00fd obsah vl\u00e1kniny a \u010fal\u0161\u00edch fytonutrientov. Obsahuje tie\u017e r\u00f4zne rastlinn\u00e9 zl\u00fa\u010deniny, ako s\u00fa glukozinol\u00e1ty, polyfenoly a fytosteroly, ktor\u00e9 br\u00e1nia vstreb\u00e1vaniu cholesterolu a m\u00f4\u017eu dokonca zn\u00ed\u017ei\u0165 jeho hladinu v krvi.<\/span><br \/>\n<span style=\"color: #000000\"> \ud83d\udc9a <\/span><strong><span style=\"color: #000000\">Zvy\u0161uje libido<\/span><\/strong><br \/>\n<span style=\"color: #000000\">Zvy\u0161uje sexu\u00e1lny apet\u00edt u mu\u017eov aj u \u017eien. Je to pr\u00edrodn\u00e9 afrodiziakum. Eliminuje erektiln\u00fa dysfunkciu. Maca je \u00fa\u010dinn\u00e1 pri zlep\u0161ovan\u00ed sexu\u00e1lnej t\u00fa\u017eby a toto tvrdenie je podlo\u017een\u00e9 r\u00f4znymi \u0161t\u00fadiami. \u0160t\u00fadia z roku 2010, ktor\u00e1 zah\u0155\u0148ala \u0161tyri klinick\u00e9 \u0161t\u00fadie s celkov\u00fdm po\u010dtom \u00fa\u010dastn\u00edkov 131, uk\u00e1zala, \u017ee maca zlep\u0161uje sexu\u00e1lnu t\u00fa\u017ebu po najmenej \u0161iestich t\u00fd\u017ed\u0148och konzum\u00e1cie. In\u00e1 \u0161t\u00fadia zistila, \u017ee maca zni\u017euje sexu\u00e1lnu dysfunkciu sp\u00f4soben\u00fa liekmi pou\u017e\u00edvan\u00fdmi pri lie\u010dbe depresie.<\/span><br \/>\n<span style=\"color: #000000\"> \ud83d\udc9a <\/span><strong><span style=\"color: #000000\">Zvy\u0161uje plodnos\u0165<\/span><\/strong><br \/>\n<span style=\"color: #000000\">Maca zvy\u0161uje plodnos\u0165 u mu\u017eov aj u \u017eien. Preh\u013ead piatich mal\u00fdch \u0161t\u00fadi\u00ed uk\u00e1zal, \u017ee maca zvy\u0161uje produkciu spermi\u00ed a zlep\u0161uje kvalitu spermi\u00ed u neplodn\u00fdch, no inak zdrav\u00fdch mu\u017eov. Po 4 mesiacoch u\u017e\u00edvania byliny maca sa zv\u00fd\u0161il objem, po\u010det a pohyb spermi\u00ed. U \u017eien upravuje men\u0161trua\u010dn\u00fd cyklus a zmier\u0148uje pr\u00edznaky PMS aj men\u0161trua\u010dn\u00e9 bolesti.<\/span><br \/>\n<span style=\"color: #000000\">\ud83d\udc9a<strong> Zmen\u0161uje ve\u013ekos\u0165 prostaty<\/strong><\/span><br \/>\n<span style=\"color: #000000\">Niektor\u00e9 \u0161t\u00fadie uk\u00e1zali, \u017ee \u010derven\u00e1 maca zmen\u0161uje ve\u013ekos\u0165 prostaty, ke\u010f\u017ee obsahuje ve\u013ek\u00e9 mno\u017estvo glukozinol\u00e1tov. S\u00fa tie\u017e spojen\u00e9 s ni\u017e\u0161\u00edm rizikom rakoviny prostaty a zdrav\u0161ou prostatou.<\/span><br \/>\n<span style=\"color: #000000\"> \ud83d\udc9a <\/span><strong><span style=\"color: #000000\">Hormon\u00e1lna rovnov\u00e1ha<\/span><\/strong><br \/>\n<span style=\"color: #000000\">Podporuje endokrinn\u00fd syst\u00e9m, ktor\u00fd, okrem in\u00e9ho, pren\u00e1\u0161a kysl\u00edk v tele.\u00a0Stimuluje spr\u00e1vnu funkciu \u017eliaz (hypotalamus, hypof\u00fdza, nadobli\u010dky, \u0161t\u00edtna \u017e\u013eaza), \u010d\u00edm stimuluje produkciu horm\u00f3nov (progester\u00f3n, testoster\u00f3n, DHEA) a reguluje tak fungovanie cel\u00e9ho hormon\u00e1lneho syst\u00e9mu. Spr\u00e1vne fungovanie endokrinn\u00e9ho syst\u00e9mu s\u00favis\u00ed aj so spr\u00e1vnym fungovan\u00edm imunitn\u00e9ho syst\u00e9mu. Ak je rovnov\u00e1ha kdeko\u013evek v endokrinnom syst\u00e9me naru\u0161en\u00e1, zdatnos\u0165 n\u00e1\u0161ho obrann\u00e9ho mechanizmu sa zni\u017euje.<\/span><br \/>\n<span style=\"color: #000000\"> \ud83d\udc9a <\/span><span style=\"color: #000000\"><strong>Zmier\u0148uje pr\u00edznaky menopauzy a andropauzy (mu\u017eskej menopauzy)<\/strong><\/span><br \/>\n<span style=\"color: #000000\">Prirodzen\u00fd pokles estrog\u00e9nu, ku ktor\u00e9mu doch\u00e1dza po\u010das menopauzy, m\u00f4\u017ee sp\u00f4sobi\u0165 cel\u00fd rad nepr\u00edjemn\u00fdch pr\u00edznakov, ako s\u00fa n\u00e1valy hor\u00fa\u010davy, vagin\u00e1lna suchos\u0165, zmeny n\u00e1lad, probl\u00e9my so sp\u00e1nkom a podr\u00e1\u017edenos\u0165. Jedna \u0161t\u00fadia \u017eien v menopauze uk\u00e1zala, \u017ee maca pom\u00e1ha zmier\u0148ova\u0165 pr\u00edznaky menopauzy vr\u00e1tane n\u00e1valov hor\u00fa\u010davy a probl\u00e9mov so sp\u00e1nkom. Maca pom\u00e1ha aj chr\u00e1ni\u0165 zdravie kost\u00ed a zni\u017euje riziko osteopor\u00f3zy. Spoma\u013euje proces starnutia.<\/span><br \/>\n<span style=\"color: #000000\"> \ud83d\udc9a <\/span><strong><span style=\"color: #000000\">Zlep\u0161uje n\u00e1ladu<\/span><\/strong><br \/>\n<span style=\"color: #000000\">Viacer\u00e9 \u0161t\u00fadie u\u017e preuk\u00e1zali, \u017ee maca m\u00f4\u017ee zlep\u0161i\u0165 n\u00e1ladu a du\u0161evn\u00fa pohodu, preto\u017ee obsahuje flavonoidy. Tie\u017e zni\u017euje \u00fazkos\u0165 a pr\u00edznaky depresie, najm\u00e4 u \u017eien v menopauze. Pom\u00e1ha zni\u017eova\u0165 stres a nervov\u00e9 nap\u00e4tie t\u00fdm, \u017ee zvy\u0161uje mno\u017estvo kysl\u00edka v krvi.<\/span><br \/>\n<span style=\"color: #000000\"> \ud83d\udc9a <\/span><strong><span style=\"color: #000000\">Zvy\u0161uje energiu a \u0161portov\u00fd v\u00fdkon<\/span><\/strong><br \/>\n<span style=\"color: #000000\">Macu pou\u017e\u00edvaj\u00fa aj \u0161portovci. Pom\u00e1ha n\u00e1m nabra\u0165 svalov\u00fa hmotu, zv\u00fd\u0161i\u0165 silu, energiu, vytrvalos\u0165 a zlep\u0161i\u0165 v\u00fdkon pri cvi\u010den\u00ed. Konzum\u00e1cia rastliny maca m\u00f4\u017ee zlep\u0161i\u0165 v\u00fdkon pri cvi\u010den\u00ed, najm\u00e4 po\u010das vytrvalostn\u00e9ho tr\u00e9ningu. Pom\u00e1ha pri chronickej \u00fanave. Zvy\u0161uje vitalitu tela a du\u0161evn\u00fa aj fyzick\u00fa energiu.<\/span><br \/>\n<span style=\"color: #000000\"> \ud83d\udc9a <\/span><strong><span style=\"color: #000000\">Dobr\u00e1 na u\u010denie a pam\u00e4\u0165<\/span><\/strong><br \/>\n<span style=\"color: #000000\">Maca m\u00f4\u017ee zlep\u0161i\u0165 funkciu mozgu a m\u00e1 priazniv\u00e9 \u00fa\u010dinky na u\u010denie, koncentr\u00e1ciu a pam\u00e4\u0165. P\u00f4vodn\u00ed obyvatelia Peru ju tradi\u010dne pou\u017e\u00edvaj\u00fa na zlep\u0161enie \u0161kolsk\u00fdch v\u00fdsledkov det\u00ed. V tomto pr\u00edpade sa ako naj\u00fa\u010dinnej\u0161ia uk\u00e1zala \u010dierna maca.<\/span><\/p>\n<h2><span style=\"color: #000000\">Skladovanie a upozornenia<\/span><\/h2>\n<p><span style=\"color: #000000\">Skladujte na chladnom a suchom mieste pri teplote do 25 \u00b0C. V\u00fd\u017eivov\u00fd doplnok uchov\u00e1vajte mimo dosahu det\u00ed!<\/span><br \/>\n<span style=\"color: #000000\">Pam\u00e4tajte na d\u00f4le\u017eitos\u0165 pestrej stravy a zdrav\u00e9ho \u017eivotn\u00e9ho \u0161t\u00fdlu, v\u00fd\u017eivov\u00fd doplnok nie je n\u00e1hradou vyv\u00e1\u017eenej a pestrej stravy. Odpor\u00fa\u010dan\u00e9 denn\u00e9 mno\u017estvo alebo d\u00e1vka by sa nemali prekro\u010di\u0165. Tehotn\u00fdm a doj\u010diacim \u017een\u00e1m sa odpor\u00fa\u010da, aby sa v\u017edy pred pou\u017eit\u00edm poradili s lek\u00e1rom.<\/span><\/p>\n<h2><span style=\"color: #000000\">Balenie<\/span><\/h2>\n<p><span style=\"color: #000000\">Nepriepustn\u00e9 vrecko so zipsom, v ktorom si produkt zachov\u00e1va svoju \u010derstvos\u0165 a v\u00f4\u0148u. Obal chr\u00e1ni pred svetlom a vzduchom, ke\u010f\u017ee sa sklad\u00e1 z nieko\u013ek\u00fdch ochrann\u00fdch vrstiev, ktor\u00e9 uchov\u00e1vaj\u00fa vlastnosti obsahu vn\u00fatri.<\/span><br \/>\n<span style=\"color: #000000\">Obal je ve\u013emi praktick\u00fd a recyklovate\u013en\u00fd.<\/span><\/p>\n<h2><span style=\"color: #000000\">P\u00f4vod<\/span><\/h2>\n<p><span style=\"color: #000000\">Peru<\/span><\/p>\n","protected":false},"excerpt":{"rendered":"<p align=\"JUSTIFY\">Naz\u00fdva sa aj peru\u00e1nsky \u017een\u0161en. A hoci sa tradi\u010dne pou\u017e\u00edva na zv\u00fd\u0161enie plodnosti a sexu\u00e1lneho apet\u00edtu, odstr\u00e1nenie vy\u010derpania a posilnenie fyzickej sily, konzum\u00e1cia rastliny maca n\u00e1m m\u00f4\u017ee prinies\u0165 ove\u013ea viac. Je to adaptog\u00e9nna bylina, ktor\u00e1 zvy\u0161uje energiu, v\u00fddr\u017e, vitalitu aj fyzick\u00fa silu. Odpor\u00fa\u010dame ju \u013eu\u010fom, ktor\u00ed potrebuj\u00fa pomoc s:<\/p>\n<p align=\"JUSTIFY\">\ud83d\udc9a prekon\u00e1vanie probl\u00e9mov s v\u00fdkyvmi n\u00e1lad,<br \/>\n\ud83d\udc9a <span style=\"color: #000000\">neplodnos\u0165 a menopauz\u00e1lne probl\u00e9my<\/span>,<br \/>\n\ud83d\udc9a dosiahnutie v\u00e4\u010d\u0161ieho du\u0161evn\u00e9ho a fyzick\u00e9ho v\u00fdkonu,<br \/>\n\ud83d\udc9a zv\u00fd\u0161enie sexu\u00e1lnej potencie,<br \/>\n\ud83d\udc9a na mnoh\u00e9 in\u00e9 zdravotn\u00e9 probl\u00e9my.<\/p>\n","protected":false},"featured_media":5883,"comment_status":"open","ping_status":"closed","template":"","meta":{"_acf_changed":false},"product_brand":[],"product_cat":[15,224,195,225],"product_tag":[],"class_list":{"0":"post-5882","1":"product","2":"type-product","3":"status-publish","4":"has-post-thumbnail","6":"product_cat-uncategorized","7":"product_cat-ponuka","8":"product_cat-superpotraviny","9":"product_cat-vsetky-produkty","11":"first","12":"instock","13":"sale","14":"taxable","15":"shipping-taxable","16":"purchasable","17":"product-type-simple"},"acf":[],"_links":{"self":[{"href":"https:\/\/fengchashop.com\/sk\/wp-json\/wp\/v2\/product\/5882","targetHints":{"allow":["GET"]}}],"collection":[{"href":"https:\/\/fengchashop.com\/sk\/wp-json\/wp\/v2\/product"}],"about":[{"href":"https:\/\/fengchashop.com\/sk\/wp-json\/wp\/v2\/types\/product"}],"replies":[{"embeddable":true,"href":"https:\/\/fengchashop.com\/sk\/wp-json\/wp\/v2\/comments?post=5882"}],"wp:featuredmedia":[{"embeddable":true,"href":"https:\/\/fengchashop.com\/sk\/wp-json\/wp\/v2\/media\/5883"}],"wp:attachment":[{"href":"https:\/\/fengchashop.com\/sk\/wp-json\/wp\/v2\/media?parent=5882"}],"wp:term":[{"taxonomy":"product_brand","embeddable":true,"href":"https:\/\/fengchashop.com\/sk\/wp-json\/wp\/v2\/product_brand?post=5882"},{"taxonomy":"product_cat","embeddable":true,"href":"https:\/\/fengchashop.com\/sk\/wp-json\/wp\/v2\/product_cat?post=5882"},{"taxonomy":"product_tag","embeddable":true,"href":"https:\/\/fengchashop.com\/sk\/wp-json\/wp\/v2\/product_tag?post=5882"}],"curies":[{"name":"wp","href":"https:\/\/api.w.org\/{rel}","templated":true}]}}