{"id":5880,"date":"2022-02-11T21:47:17","date_gmt":"2022-02-11T20:47:17","guid":{"rendered":"https:\/\/fengchashop.com\/sk\/product\/asvaganda-v-tabletach-bio-125-g\/"},"modified":"2026-04-18T03:55:43","modified_gmt":"2026-04-18T01:55:43","slug":"ashwaganda-v-tabletach-bio","status":"publish","type":"product","link":"https:\/\/fengchashop.com\/sk\/product\/ashwaganda-v-tabletach-bio\/","title":{"rendered":"Ashwaganda v tablet\u00e1ch BIO 125 g"},"content":{"rendered":"<h2><span style=\"color: #000000\">A\u0161vaganda (vit\u00e1nia snod\u00e1rna) v tablet\u00e1ch BIO<\/span><\/h2>\n<p><span style=\"color: #000000\">V ajurv\u00e9de je a\u0161vaganda z\u00e1kladnou bylinou a jednou z najuzn\u00e1vanej\u0161\u00edch rastl\u00edn, zn\u00e1mou aj ako<strong> indick\u00fd \u017een\u0161en<\/strong>, preto\u017ee sa v ajurv\u00e9de pou\u017e\u00edva podobne ako \u017een\u0161en v tradi\u010dnej \u010d\u00ednskej medic\u00edne. U\u017e tis\u00edcro\u010dia sa pou\u017e\u00edva na lie\u010debn\u00e9 \u00fa\u010dely, preto\u017ee m\u00e1 <strong>pozit\u00edvny vplyv na na\u0161u celkov\u00fa pohodu<\/strong> a dod\u00e1va n\u00e1m energiu.\u00a0Pova\u017euje sa za superpotravinu, ktor\u00e1 n\u00e1m pom\u00e1ha obnovova\u0165 hormon\u00e1lnu rovnov\u00e1hu. Ovplyv\u0148uje horm\u00f3ny a reproduk\u010dn\u00e9 org\u00e1ny. Obnovuje nadobli\u010dky a \u0161t\u00edtnu \u017e\u013eazu. Ke\u010f\u017ee je adaptog\u00e9nna, v ajurv\u00e9de sa pou\u017e\u00edva pri hyper- a hypoakt\u00edvnej \u0161t\u00edtnej \u017e\u013eaze.\u00a0<\/span><br \/>\n<span style=\"color: #000000\">A\u0161vaganda tablety sa vyr\u00e1baj\u00fa ekologicky. Tablety s\u00fa mimoriadne praktick\u00e9 na pou\u017e\u00edvanie a umo\u017e\u0148uj\u00fa stabiln\u00fd denn\u00fd pr\u00edjem.<\/span><\/p>\n<h2><span style=\"color: #000000\">Ak\u00e9 m\u00f4\u017eu by\u0165 v\u00fdhody u\u017e\u00edvania a\u0161vagandy ?<\/span><\/h2>\n<p><span style=\"color: #000000\">Predpoklad\u00e1 sa, \u017ee a\u0161vaganda m\u00e1 pozit\u00edvny vplyv na:<\/span><br \/>\n<span style=\"color: #000000\">\ud83d\udc9a zv\u00fd\u0161enie <strong>mozgovej kapacity<\/strong>, <\/span><br \/>\n<span style=\"color: #000000\"><strong>\ud83d\udc9a n\u00e1rast energie a v\u00fddr\u017ee<\/strong>, <\/span><br \/>\n<span style=\"color: #000000\">\ud83d\udc9a prekon\u00e1vanie ka\u017edodenn\u00e9ho <strong>stresu<\/strong> a zmiernenie pr\u00edznakov \u00fazkosti a depresie, <\/span><br \/>\n<span style=\"color: #000000\">\ud83d\udc9a zlep\u0161enie nespavosti, <\/span><br \/>\n<span style=\"color: #000000\">\ud83d\udc9a zmiernenie <strong>bolesti a z\u00e1palu<\/strong>, <\/span><br \/>\n<span style=\"color: #000000\">\ud83d\udc9a zv\u00fd\u0161enie <strong>sexu\u00e1lnej t\u00fa\u017eby<\/strong> a plodnosti u oboch pohlav\u00ed, <\/span><br \/>\n<span style=\"color: #000000\">\ud83d\udc9a spomalenie procesu <strong>starnutia organizmu<\/strong>. <\/span><br \/>\n<span style=\"color: #000000\">\u00a0<\/span><br \/>\n<span style=\"color: #000000\">Kore\u0148 rastliny obsahuje v\u00e4\u010d\u0161inu akt\u00edvnych l\u00e1tok, ktor\u00e9 maj\u00fa pozit\u00edvny vplyv na r\u00f4zne zdravotn\u00e9 probl\u00e9my. M\u00f4\u017ee sa prehltn\u00fa\u0165 alebo aplikova\u0165 na ko\u017eu alebo na postihnut\u00e9 miesto. Je ve\u013emi v\u0161estrann\u00fd, a preto je cenen\u00fd v troch r\u00f4znych tradi\u010dn\u00fdch medic\u00ednach.<\/span><br \/>\n<span style=\"color: #000000\">Zn\u00e1my je aj ako indick\u00fd \u017een\u0161en, preto\u017ee je ve\u013emi dobr\u00fd pri zvy\u0161ovan\u00ed schopnosti myslie\u0165 alebo mozgov\u00fdch funkci\u00ed (podobne ako \u017een\u0161en). M\u00e1 vynikaj\u00faci \u00fa\u010dinok na cel\u00fd nervov\u00fd syst\u00e9m, preto sa \u010dasto pou\u017e\u00edva na prekonanie stresu, \u00fazkost\u00ed a depresie. V poslednom \u010dase je predmetom mnoh\u00fdch v\u00fdskumov, vr\u00e1tane s\u00favislost\u00ed s lie\u010dbou Alzheimerovej choroby a demencie.<\/span><\/p>\n<h2><span style=\"color: #000000\">Komu sa odpor\u00fa\u010da u\u017e\u00edva\u0165 a\u0161vagandu?<\/span><\/h2>\n<p><span style=\"color: #000000\">Hoci sa a\u0161vaganda pova\u017euje za liek s ve\u013emi \u0161irok\u00fdm spektrom \u00fa\u010dinku, odpor\u00fa\u010da sa ju u\u017e\u00edva\u0165 najm\u00e4 t\u00fdm, ktor\u00ed chc\u00fa prirodzen\u00fdm sp\u00f4sobom pom\u00f4c\u0165 so situ\u00e1ciami, ako je <strong>stres<\/strong>, nedostatok sexu\u00e1lnej t\u00fa\u017eby \u010di probl\u00e9my v <strong>menopauze<\/strong>. M\u00f4\u017ee sa tie\u017e konzumova\u0165 na <strong>zlep\u0161enie pam\u00e4ti, koncentr\u00e1cie a v\u00fdkonnosti<\/strong>, krvn\u00e9ho obrazu, ako aj na pomoc pri chudnut\u00ed a na zv\u00fd\u0161enie odolnosti vo\u010di prechladnutiu a in\u00fdm infekci\u00e1m. Pou\u017e\u00edva sa aj na zmiernenie v\u0161etk\u00fdch druhov <strong>reumatick\u00fdch ochoren\u00ed<\/strong> a z\u00e1palov k\u013abov v\u010faka jej v\u00fdrazn\u00e9mu protiz\u00e1palov\u00e9mu \u00fa\u010dinku. Pom\u00e1ha aj udr\u017eiava\u0165 svalov\u00fd tonus a udr\u017eiava k\u013aby pru\u017en\u00e9. Hoci je a\u0161vaganda bezpe\u010dn\u00e1 potravina a m\u00f4\u017ee sa pou\u017e\u00edva\u0165 ako alternat\u00edva v pr\u00edpade v\u00e1\u017enych zdravotn\u00fdch \u0165a\u017ekost\u00ed, pred jej pou\u017eit\u00edm sa odpor\u00fa\u010da poradi\u0165 sa s lek\u00e1rom.<\/span><\/p>\n<h2><span style=\"color: #000000\">Skladovanie a upozornenia<\/span><\/h2>\n<p><span style=\"color: #000000\">Skladujte na chladnom a suchom mieste pri teplote do 25 \u00b0C. V\u00fd\u017eivov\u00fd doplnok uchov\u00e1vajte mimo dosahu det\u00ed!<\/span><br \/>\n<span style=\"color: #000000\">Pam\u00e4tajte na d\u00f4le\u017eitos\u0165 pestrej stravy a zdrav\u00e9ho \u017eivotn\u00e9ho \u0161t\u00fdlu, v\u00fd\u017eivov\u00fd doplnok nie je n\u00e1hradou vyv\u00e1\u017eenej a pestrej stravy. Odpor\u00fa\u010dan\u00e9 denn\u00e9 mno\u017estvo alebo d\u00e1vka by sa nemali prekro\u010di\u0165. Tehotn\u00fdm a doj\u010diacim \u017een\u00e1m, ako aj osob\u00e1m s nadmernou \u010dinnos\u0165ou \u0161t\u00edtnej \u017e\u013eazy sa u\u017e\u00edvanie neodpor\u00fa\u010da.<\/span><\/p>\n<h2><span style=\"color: #000000\">Balenie<\/span><\/h2>\n<p><span style=\"color: #000000\">Nepriepustn\u00e9 vrecko so zipsom, v ktorom si produkt zachov\u00e1va svoju \u010derstvos\u0165 a v\u00f4\u0148u. Obal chr\u00e1ni pred svetlom a vzduchom, ke\u010f\u017ee sa sklad\u00e1 z nieko\u013ek\u00fdch ochrann\u00fdch vrstiev, ktor\u00e9 uchov\u00e1vaj\u00fa vlastnosti obsahu vn\u00fatri.<\/span><br \/>\n<span style=\"color: #000000\">Obal je ve\u013emi praktick\u00fd a recyklovate\u013en\u00fd.<\/span><\/p>\n<h2><span style=\"color: #000000\">P\u00f4vod<\/span><\/h2>\n<p><span style=\"color: #000000\">India<\/span><\/p>\n","protected":false},"excerpt":{"rendered":"<p align=\"JUSTIFY\">V ajurv\u00e9de je a\u0161vaganda z\u00e1kladnou bylinou a jednou z najuzn\u00e1vanej\u0161\u00edch rastl\u00edn, zn\u00e1mou aj ako indick\u00fd \u017een\u0161en, preto\u017ee sa v ajurv\u00e9de pou\u017e\u00edva podobne ako \u017een\u0161en v tradi\u010dnej \u010d\u00ednskej medic\u00edne. U\u017e tis\u00edcro\u010dia sa pou\u017e\u00edva na lie\u010debn\u00e9 \u00fa\u010dely, preto\u017ee m\u00e1 pozit\u00edvny vplyv na na\u0161u celkov\u00fa pohodu a dod\u00e1va n\u00e1m energiu. Predpoklad\u00e1 sa, \u017ee a\u0161vaganda m\u00e1 pozit\u00edvny vplyv na:<\/p>\n<p align=\"JUSTIFY\">\ud83d\udc9a zv\u00fd\u0161enie mozgovej kapacity,<br \/>\n\ud83d\udc9a n\u00e1rast energie a v\u00fddr\u017ee,<br \/>\n\ud83d\udc9a prekon\u00e1vanie ka\u017edodenn\u00e9ho stresu,<br \/>\n\ud83d\udc9a <span style=\"color: #000000\">zlep\u0161enie nespavosti<\/span>.<\/p>\n","protected":false},"featured_media":5881,"comment_status":"open","ping_status":"closed","template":"","meta":{"_acf_changed":false},"product_brand":[],"product_cat":[15,194,224,195,225],"product_tag":[],"class_list":{"0":"post-5880","1":"product","2":"type-product","3":"status-publish","4":"has-post-thumbnail","6":"product_cat-uncategorized","7":"product_cat-ajurveda","8":"product_cat-ponuka","9":"product_cat-superpotraviny","10":"product_cat-vsetky-produkty","12":"first","13":"instock","14":"sale","15":"taxable","16":"shipping-taxable","17":"purchasable","18":"product-type-simple"},"acf":[],"_links":{"self":[{"href":"https:\/\/fengchashop.com\/sk\/wp-json\/wp\/v2\/product\/5880","targetHints":{"allow":["GET"]}}],"collection":[{"href":"https:\/\/fengchashop.com\/sk\/wp-json\/wp\/v2\/product"}],"about":[{"href":"https:\/\/fengchashop.com\/sk\/wp-json\/wp\/v2\/types\/product"}],"replies":[{"embeddable":true,"href":"https:\/\/fengchashop.com\/sk\/wp-json\/wp\/v2\/comments?post=5880"}],"wp:featuredmedia":[{"embeddable":true,"href":"https:\/\/fengchashop.com\/sk\/wp-json\/wp\/v2\/media\/5881"}],"wp:attachment":[{"href":"https:\/\/fengchashop.com\/sk\/wp-json\/wp\/v2\/media?parent=5880"}],"wp:term":[{"taxonomy":"product_brand","embeddable":true,"href":"https:\/\/fengchashop.com\/sk\/wp-json\/wp\/v2\/product_brand?post=5880"},{"taxonomy":"product_cat","embeddable":true,"href":"https:\/\/fengchashop.com\/sk\/wp-json\/wp\/v2\/product_cat?post=5880"},{"taxonomy":"product_tag","embeddable":true,"href":"https:\/\/fengchashop.com\/sk\/wp-json\/wp\/v2\/product_tag?post=5880"}],"curies":[{"name":"wp","href":"https:\/\/api.w.org\/{rel}","templated":true}]}}