{"id":5876,"date":"2022-02-11T21:27:43","date_gmt":"2022-02-11T20:27:43","guid":{"rendered":"https:\/\/fengchashop.com\/sk\/product\/triphala-v-prahu-bio-250-g\/"},"modified":"2026-05-03T00:23:35","modified_gmt":"2026-05-02T22:23:35","slug":"triphala-prasok-bio","status":"publish","type":"product","link":"https:\/\/fengchashop.com\/sk\/product\/triphala-prasok-bio\/","title":{"rendered":"Triphala pr\u00e1\u0161ok BIO 250 g"},"content":{"rendered":"<h2><span style=\"color: #000000\">Triphala pr\u00e1\u0161ok bio<\/span><\/h2>\n<p><span style=\"color: #000000\">Triphala je starod\u00e1vna, ve\u013emi uzn\u00e1van\u00e1 ajurv\u00e9dska bylinn\u00e1 zmes troch druhov super ovocia z oblasti Indie: amalaki (Emblica officinalis) &#8211; tu zn\u00e1me aj ako amla, bibhitaki (Terminalia belerica) a haritaki (Terminalia chebula). U\u017e viac ako 5000 rokov sa pou\u017e\u00edva najm\u00e4 na \u010distenie a detoxik\u00e1ciu cel\u00e9ho organizmu.<\/span><\/p>\n<p><span style=\"color: #000000\">Triphala priaznivo p\u00f4sob\u00ed na na\u0161e tr\u00e1venie, ur\u00fdch\u013euje ho a stimuluje vstreb\u00e1vanie vitam\u00ednov a miner\u00e1lov.<\/span><\/p>\n<p><span style=\"color: #000000\">Je d\u00f4le\u017eit\u00e9 pou\u017e\u00edva\u0165 organick\u00e9 bylinn\u00e9 produkty, preto\u017ee len tak je mo\u017en\u00e9 kontrolova\u0165 a predch\u00e1dza\u0165 zav\u00e1dzaniu pestic\u00eddov a \u0165a\u017ek\u00fdch kovov do tela.<\/span><\/p>\n<p><span style=\"color: #000000\">Na\u0161a triphala je pr\u00e9miovej kvality a ekologicky pestovan\u00e1.<\/span><\/p>\n<p><span style=\"color: #000000\">Triphala je z\u00e1kladom ajurv\u00e9dskej medic\u00edny, preto\u017ee m\u00e1 mnoho efekt\u00edvnych lie\u010div\u00fdch vlastnost\u00ed:<\/span><\/p>\n<p><span style=\"color: #000000\">\ud83d\udc9a priaznivo p\u00f4sob\u00ed na tr\u00e1viaci syst\u00e9m a p\u00f4sob\u00ed ako mierne preh\u00e1\u0148adlo, ktor\u00e9 nepo\u0161kodzuje \u010drevn\u00fa sliznicu,<\/span><br \/>\n<span style=\"color: #000000\">\ud83d\udc9a pom\u00e1ha pri nad\u00favan\u00ed a plynatosti, ako aj pri hemoroidoch,<\/span><br \/>\n<span style=\"color: #000000\">\ud83d\udc9a odstra\u0148uje prebyto\u010dn\u00fd tuk z tela,<\/span><br \/>\n<span style=\"color: #000000\">\ud83d\udc9a priaznivo p\u00f4sob\u00ed na funkciu pe\u010dene,<\/span><br \/>\n<span style=\"color: #000000\">\ud83d\udc9a s vysok\u00fdm obsahom vitam\u00ednu C \u00fa\u010dinne posil\u0148uje imunitn\u00fd syst\u00e9m,<\/span><br \/>\n<span style=\"color: #000000\">\ud83d\udc9a vy\u017eivuje a posil\u0148uje d\u00fdchacie cesty a zmier\u0148uje vyka\u0161liavanie pri ka\u0161li s hlienom,<\/span><br \/>\n<span style=\"color: #000000\">\ud83d\udc9a m\u00e1 preuk\u00e1zan\u00e9 protiz\u00e1palov\u00e9 a antiv\u00edrusov\u00e9 vlastnosti,<\/span><br \/>\n<span style=\"color: #000000\">\ud83d\udc9a omladzuje telo.<\/span><\/p>\n<h2><span style=\"color: #000000\">Vedeli ste, \u017ee sa triphala star\u00e1 o vn\u00fatorn\u00e9 org\u00e1ny ako matka o svoje deti?<\/span><\/h2>\n<p><span style=\"color: #000000\">Triphala je vysoko v\u00fd\u017eivn\u00e1 jemn\u00e1 zmes s vysok\u00fdm obsahom vitam\u00ednu C, bioflavanoidov a omega-3 linolov\u00fdch mastn\u00fdch kysel\u00edn. Je v\u00fdnimo\u010dn\u00fdm zdrojom bielkov\u00edn, olejov aj antioxidantov, ktor\u00e9 spolu s antimikrobi\u00e1lnymi a antibakteri\u00e1lnymi vlastnos\u0165ami prispievaj\u00fa k zv\u00fd\u0161enej imunite organizmu. M\u00e1 dobr\u00fd laxat\u00edvny \u00fa\u010dinok, tak\u017ee je vhodn\u00e1 na pre\u010distenie \u010driev a \u010drevn\u00fdch stien a pom\u00e1ha zni\u017eova\u0165 nadv\u00e1hu. \u00da\u010dinne detoxikuje.<\/span><br \/>\n<span style=\"color: #000000\">V\u0161etky tri druhy ovocia v recepte triphaly vy\u017eivuj\u00fa, posil\u0148uj\u00fa, \u010distia a h\u013abkovo obnovuj\u00fa a omladzuj\u00fa cel\u00e9 telo.\u00a0 Pravideln\u00e1 konzum\u00e1cia triphaly zni\u017euje \u00fanavu a vy\u010derpanie a je v\u00fdbornou podporou imunitn\u00e9ho syst\u00e9mu.<\/span><\/p>\n<h2><span style=\"color: #000000\">Skladovanie a upozornenia<\/span><\/h2>\n<p><span style=\"color: #000000\">Skladujte na suchom a chladnom mieste. V\u00fd\u017eivov\u00fd doplnok by mal by\u0165 mimo dosahu det\u00ed!<\/span><\/p>\n<p><span style=\"color: #000000\">Nezab\u00fadajte na d\u00f4le\u017eitos\u0165 pestrej stravy a zdrav\u00e9ho \u017eivotn\u00e9ho \u0161t\u00fdlu, v\u00fd\u017eivov\u00fd doplnok preto nie je n\u00e1hradou vyv\u00e1\u017eenej a pestrej stravy. Odpor\u00fa\u010dan\u00e9 denn\u00e9 mno\u017estvo alebo d\u00e1vka sa nesmie prekro\u010di\u0165. Tehotn\u00e9 \u017eeny, doj\u010diace matky a \u013eudia u\u017e\u00edvaj\u00faci lieky by sa mali pred pou\u017eit\u00edm v\u017edy poradi\u0165 s lek\u00e1rom. Nevhodn\u00e9 pre deti.<\/span><\/p>\n<h2><span style=\"color: #000000\">Balenie<\/span><\/h2>\n<p><span style=\"color: #000000\">Nepriepustn\u00e9 vrecko alebo \u0161katu\u013eka so zipsom, v ktorom si produkt zachov\u00e1va svoju \u010derstvos\u0165 a chu\u0165. Obal chr\u00e1ni pred svetlom a vzduchom. Pozost\u00e1va z nieko\u013ek\u00fdch vrstiev ochrany, ktor\u00e9 zachov\u00e1vaj\u00fa vlastnosti produktu.<\/span><\/p>\n<p><span style=\"color: #000000\">Obal je ve\u013emi praktick\u00fd a recyklovate\u013en\u00fd.<\/span><\/p>\n<h2><span style=\"color: #000000\">P\u00f4vod<\/span><\/h2>\n<p><span style=\"color: #000000\">India<\/span><\/p>\n","protected":false},"excerpt":{"rendered":"<p>Triphala je starobyl\u00e1, vysoko uzn\u00e1van\u00e1 ajurv\u00e9dska bylinn\u00e1 zmes troch superplodov z regi\u00f3nu Indie: amalaki, bibhitaki a haritaki. Pou\u017e\u00edva sa u\u017e viac ako 5000 rokov, a to najm\u00e4 na o\u010distu a detoxik\u00e1ciu cel\u00e9ho tela. Triphala je z\u00e1kladom ajurv\u00e9dskej medic\u00edny, preto\u017ee m\u00e1 mnoho efekt\u00edvnych lie\u010div\u00fdch vlastnost\u00ed:<\/p>\n<p align=\"JUSTIFY\">\ud83d\udc9a m\u00e1 priazniv\u00fd \u00fa\u010dinok na tr\u00e1viaci syst\u00e9m,<br \/>\n\ud83d\udc9a odstra\u0148uje z tela nadbyto\u010dn\u00fd tuk,<br \/>\n\ud83d\udc9a s vysok\u00fdm obsahom vitam\u00ednu C \u00fa\u010dinne posil\u0148uje imunitn\u00fd syst\u00e9m,<br \/>\n\ud83d\udc9a vy\u017eivuje a posil\u0148uje d\u00fdchacie cesty,<br \/>\n\ud83d\udc9a omladzuje telo.<\/p>\n","protected":false},"featured_media":5877,"comment_status":"open","ping_status":"closed","template":"","meta":{"_acf_changed":false},"product_brand":[],"product_cat":[15,194,224,195,225],"product_tag":[],"class_list":{"0":"post-5876","1":"product","2":"type-product","3":"status-publish","4":"has-post-thumbnail","6":"product_cat-uncategorized","7":"product_cat-ajurveda","8":"product_cat-ponuka","9":"product_cat-superpotraviny","10":"product_cat-vsetky-produkty","12":"first","13":"instock","14":"sale","15":"taxable","16":"shipping-taxable","17":"purchasable","18":"product-type-simple"},"acf":[],"_links":{"self":[{"href":"https:\/\/fengchashop.com\/sk\/wp-json\/wp\/v2\/product\/5876","targetHints":{"allow":["GET"]}}],"collection":[{"href":"https:\/\/fengchashop.com\/sk\/wp-json\/wp\/v2\/product"}],"about":[{"href":"https:\/\/fengchashop.com\/sk\/wp-json\/wp\/v2\/types\/product"}],"replies":[{"embeddable":true,"href":"https:\/\/fengchashop.com\/sk\/wp-json\/wp\/v2\/comments?post=5876"}],"wp:featuredmedia":[{"embeddable":true,"href":"https:\/\/fengchashop.com\/sk\/wp-json\/wp\/v2\/media\/5877"}],"wp:attachment":[{"href":"https:\/\/fengchashop.com\/sk\/wp-json\/wp\/v2\/media?parent=5876"}],"wp:term":[{"taxonomy":"product_brand","embeddable":true,"href":"https:\/\/fengchashop.com\/sk\/wp-json\/wp\/v2\/product_brand?post=5876"},{"taxonomy":"product_cat","embeddable":true,"href":"https:\/\/fengchashop.com\/sk\/wp-json\/wp\/v2\/product_cat?post=5876"},{"taxonomy":"product_tag","embeddable":true,"href":"https:\/\/fengchashop.com\/sk\/wp-json\/wp\/v2\/product_tag?post=5876"}],"curies":[{"name":"wp","href":"https:\/\/api.w.org\/{rel}","templated":true}]}}