{"id":5869,"date":"2022-02-11T20:48:52","date_gmt":"2022-02-11T19:48:52","guid":{"rendered":"https:\/\/fengchashop.com\/sk\/product\/dulse-bio-125-g\/"},"modified":"2026-04-17T13:23:07","modified_gmt":"2026-04-17T11:23:07","slug":"dulse-bio","status":"publish","type":"product","link":"https:\/\/fengchashop.com\/sk\/product\/dulse-bio\/","title":{"rendered":"Dulse BIO 125 g"},"content":{"rendered":"<h2><span style=\"color: #333333\">\u010cerven\u00e9 morsk\u00e9 riasy dulse bio<\/span><\/h2>\n<p><span style=\"color: #333333\">Dulse je \u010derven\u00e1 morsk\u00e1 riasa zn\u00e1ma aj ako<strong> \u010derven\u00e1 palmaria<\/strong> alebo <strong>Palmaria palmata<\/strong> a patr\u00ed do skupiny \u010derven\u00fdch rias alebo Rodophycophyta. Medzi \u010derven\u00e9 morsk\u00e9 riasy patr\u00ed riasa <strong>nori<\/strong> a pravdepodobne zn\u00e1mej\u0161\u00ed agar agar, ktor\u00fd sa pou\u017e\u00edva aj ako \u017eel\u00edruj\u00faca l\u00e1tka vo vegetari\u00e1nskej a veg\u00e1nskej strave.<\/span><br \/>\n<span style=\"color: #333333\">Riasy s\u00fa d\u00f4le\u017eit\u00fdm <strong>zdrojom j\u00f3du,<\/strong> ktor\u00fd sa v tele neuklad\u00e1, a preto je potrebn\u00e9 ho konzumova\u0165 pravidelne (preto je v\u00e4\u010d\u0161ina kuchynskej soli jodidovan\u00e1), preto\u017ee je zodpovedn\u00fd za spr\u00e1vne fungovanie \u0161t\u00edtnej \u017e\u013eazy a jeho nedostatok m\u00f4\u017ee vies\u0165 k r\u00f4znym ochoreniam (od priberania a \u00fanavy a\u017e po ple\u0161atos\u0165 a hypotyre\u00f3zu). Pri probl\u00e9moch so \u0161t\u00edtnou \u017e\u013eazou a in\u00fdch probl\u00e9moch je v\u017edy vhodn\u00e9 poradi\u0165 sa pred u\u017e\u00edvan\u00edm s lek\u00e1rom. \u00a0<\/span><br \/>\n<span style=\"color: #333333\">Tradi\u010dne sa \u010derven\u00e1 morsk\u00e1 riasa dulse pou\u017e\u00edva aj na zmiernenie probl\u00e9mov s <strong>vysok\u00fdm krvn\u00fdm tlakom,<\/strong> na prevenciu <strong>zrakov\u00fdch por\u00fach<\/strong> v\u010faka obsahu vitam\u00ednu A, na podporu <strong>imunitn\u00e9ho syst\u00e9mu<\/strong> a na zmiernenie probl\u00e9mov s n\u00edzkou<strong> kostnou hmotou<\/strong> a spojivov\u00fdm tkanivom v\u010faka jej obsahu miner\u00e1lov, ako je v\u00e1pnik a hor\u010d\u00edk. V\u010faka obsahu komplexn\u00e9ho sacharidu fukoidanu m\u00e1 aj protiz\u00e1palov\u00e9 a antiv\u00edrusov\u00e9 vlastnosti.<\/span><br \/>\n<span style=\"color: #333333\">Riasy sa vysu\u0161ia a rozomel\u00fa na vlo\u010dky. Maj\u00fa vynikaj\u00facu kvalitu, ke\u010f\u017ee rast\u00fa vo vo\u013enej pr\u00edrode, s\u00fa certifikovan\u00e9 ako ekologick\u00e9 a zbieraj\u00fa sa ru\u010dne v Atlantickom oce\u00e1ne.<\/span><\/p>\n<h2><span style=\"color: #333333\">\u010co morsk\u00e1 riasa dulse obsahuje?<\/span><\/h2>\n<p><span style=\"color: #333333\">\ud83d\udc9a Vitam\u00edny: A, C a E \u2013 d\u00f4le\u017eit\u00e9 antioxidanty, ktor\u00e9 n\u00e1s chr\u00e1nia pred vo\u013en\u00fdmi radik\u00e1lmi, a vitam\u00edny skupiny B (B1, B2, B3, B6, B12), ktor\u00e9 preuk\u00e1zate\u013ene zmier\u0148uj\u00fa stres a udr\u017eiavaj\u00fa hladinu energie. <\/span><br \/>\n<span style=\"color: #333333\">\ud83d\udc9a Miner\u00e1ly a stopov\u00e9 prvky: v\u00e1pnik, \u017eelezo, mang\u00e1n, zinok, hor\u010d\u00edk, j\u00f3d, drasl\u00edk, fosfor. <\/span><br \/>\n<span style=\"color: #333333\">\ud83d\udc9a M\u00e1 aj vysok\u00fd obsah bielkov\u00edn, aminokysel\u00edn, vl\u00e1kniny a omega-3 nenas\u00fdten\u00fdch mastn\u00fdch kysel\u00edn, ktor\u00e9 zohr\u00e1vaj\u00fa d\u00f4le\u017eit\u00fa \u00falohu v na\u0161om kardiovaskul\u00e1rnom zdrav\u00ed a potl\u00e1\u010daj\u00fa z\u00e1paly. <\/span><br \/>\n<span style=\"color: #333333\">\ud83d\udc9a V skuto\u010dnosti obsahuje takmer <strong>v\u0161etky stopov\u00e9 prvky potrebn\u00e9<\/strong> pre \u013eudsk\u00e9 telo.<\/span><\/p>\n<h2><span style=\"color: #333333\">Balenie<\/span><\/h2>\n<p><span style=\"color: #333333\">Nepriepustn\u00e9 vrecko so zipsom, v ktorom si produkt zachov\u00e1va svoju \u010derstvos\u0165 a v\u00f4\u0148u. Obal chr\u00e1ni pred svetlom a vzduchom, ke\u010f\u017ee sa sklad\u00e1 z nieko\u013ek\u00fdch ochrann\u00fdch vrstiev, ktor\u00e9 uchov\u00e1vaj\u00fa vlastnosti obsahu vn\u00fatri.<\/span><br \/>\n<span style=\"color: #333333\">Obal je ve\u013emi praktick\u00fd a recyklovate\u013en\u00fd.<\/span><\/p>\n<h2><span style=\"color: #333333\">P\u00f4vod<\/span><\/h2>\n<p><span style=\"color: #333333\">\u00cdrsko<\/span><\/p>\n","protected":false},"excerpt":{"rendered":"<p align=\"JUSTIFY\">Dulse je \u010derven\u00e1 morsk\u00e1 riasa zn\u00e1ma aj ako \u010derven\u00e1 palmaria alebo Palmaria palmata a patr\u00ed do skupiny \u010derven\u00fdch rias alebo Rodophycophyta.<\/p>\n<p align=\"JUSTIFY\">\ud83d\udc9a Na zmiernenie probl\u00e9mov s vysok\u00fdm krvn\u00fdm tlakom.<br \/>\n\ud83d\udc9a Na prevenciu zrakov\u00fdch por\u00fach v\u010faka obsahu vitam\u00ednu A.<br \/>\n\ud83d\udc9a Na podporu imunitn\u00e9ho syst\u00e9mu.<br \/>\n\ud83d\udc9a Na zmiernenie probl\u00e9mov s n\u00edzkou kostnou hmotou a spojivov\u00fdm tkanivom v\u010faka jej obsahu miner\u00e1lov.<\/p>\n","protected":false},"featured_media":5870,"comment_status":"open","ping_status":"closed","template":"","meta":{"_acf_changed":false},"product_brand":[],"product_cat":[15,228,224,222,195,225],"product_tag":[],"class_list":{"0":"post-5869","1":"product","2":"type-product","3":"status-publish","4":"has-post-thumbnail","6":"product_cat-uncategorized","7":"product_cat-najpredavanejsie","8":"product_cat-ponuka","9":"product_cat-riasy-a-travy","10":"product_cat-superpotraviny","11":"product_cat-vsetky-produkty","13":"first","14":"instock","15":"sale","16":"taxable","17":"shipping-taxable","18":"purchasable","19":"product-type-simple"},"acf":[],"_links":{"self":[{"href":"https:\/\/fengchashop.com\/sk\/wp-json\/wp\/v2\/product\/5869","targetHints":{"allow":["GET"]}}],"collection":[{"href":"https:\/\/fengchashop.com\/sk\/wp-json\/wp\/v2\/product"}],"about":[{"href":"https:\/\/fengchashop.com\/sk\/wp-json\/wp\/v2\/types\/product"}],"replies":[{"embeddable":true,"href":"https:\/\/fengchashop.com\/sk\/wp-json\/wp\/v2\/comments?post=5869"}],"wp:featuredmedia":[{"embeddable":true,"href":"https:\/\/fengchashop.com\/sk\/wp-json\/wp\/v2\/media\/5870"}],"wp:attachment":[{"href":"https:\/\/fengchashop.com\/sk\/wp-json\/wp\/v2\/media?parent=5869"}],"wp:term":[{"taxonomy":"product_brand","embeddable":true,"href":"https:\/\/fengchashop.com\/sk\/wp-json\/wp\/v2\/product_brand?post=5869"},{"taxonomy":"product_cat","embeddable":true,"href":"https:\/\/fengchashop.com\/sk\/wp-json\/wp\/v2\/product_cat?post=5869"},{"taxonomy":"product_tag","embeddable":true,"href":"https:\/\/fengchashop.com\/sk\/wp-json\/wp\/v2\/product_tag?post=5869"}],"curies":[{"name":"wp","href":"https:\/\/api.w.org\/{rel}","templated":true}]}}