{"id":5865,"date":"2022-02-11T20:17:52","date_gmt":"2022-02-11T19:17:52","guid":{"rendered":"https:\/\/fengchashop.com\/sk\/product\/uhlicitan-vapenaty-500-g\/"},"modified":"2026-04-29T10:23:22","modified_gmt":"2026-04-29T08:23:22","slug":"uhlicitan-vapenaty","status":"publish","type":"product","link":"https:\/\/fengchashop.com\/sk\/product\/uhlicitan-vapenaty\/","title":{"rendered":"Uhli\u010ditan v\u00e1penat\u00fd 500 g"},"content":{"rendered":"<h2><span style=\"color: #000000\">Uhli\u010ditan v\u00e1penat\u00fd<\/span><\/h2>\n<p><span style=\"color: #000000\">V\u00e1pnik je jedn\u00fdm z n<strong>ajhojnej\u0161ie zast\u00fapen\u00fdch miner\u00e1lov v na\u0161om tele<\/strong>. Hoci sa v\u00e1pnik sp\u00e1ja najm\u00e4 s kos\u0165ami, v \u013eudskom tele m\u00e1 mnoho \u010fal\u0161\u00edch d\u00f4le\u017eit\u00fdch funkci\u00ed. V\u00e1pnik je vlastne s\u00fa\u010das\u0165ou kostn\u00e9ho tkaniva a v d\u00f4sledku toho ovplyv\u0148uje tvrdos\u0165 kost\u00ed. Preto je konzum\u00e1cia potrav\u00edn bohat\u00fdch na v\u00e1pnik ve\u013emi d\u00f4le\u017eit\u00e1 v detstve, ke\u010f rastieme. Ve\u013emi d\u00f4le\u017eit\u00e1 je aj po\u010das menopauzy, ke\u010f naru\u0161en\u00e1 hormon\u00e1lna rovnov\u00e1ha \u010dasto ovplyv\u0148uje vstreb\u00e1vanie v\u00e1pnika, \u010d\u00edm sa zni\u017euje hustota kost\u00ed. To ist\u00e9 plat\u00ed pre viac-menej v\u00e4\u010d\u0161inu star\u0161\u00edch dospel\u00fdch. V\u00e1pnik zohr\u00e1va d\u00f4le\u017eit\u00fa \u00falohu aj v tehotenstve.<\/span><br \/>\n<span style=\"color: #000000\"><strong>V\u00e1pnik prispieva<\/strong> k norm\u00e1lnej funkcii buniek a svalov, k zdraviu kost\u00ed a zubov, k norm\u00e1lnemu fungovaniu tr\u00e1viacich enz\u00fdmov, k spr\u00e1vnej zr\u00e1\u017eanlivosti krvi, k prenosu nervov\u00fdch impulzov aj k norm\u00e1lnemu uvo\u013e\u0148ovaniu energie po\u010das metabolick\u00fdch procesov. <strong>Nedostatok v\u00e1pnika<\/strong> \u010dasto <strong>vedie k osteopor\u00f3ze<\/strong>, \u010fal\u0161iemu mimoriadne roz\u0161\u00edren\u00e9mu ochoreniu modernej doby.<\/span><br \/>\n<span style=\"color: #000000\">V\u00e1pnik vo forme uhli\u010ditanu v\u00e1penat\u00e9ho je <strong>prirodzenou a bezpe\u010dnou formou v\u00e1pnika<\/strong> ako potravinov\u00e9ho doplnku. Dobre sa vstreb\u00e1va a m\u00e1 optim\u00e1lnu v\u00fd\u0165a\u017enos\u0165.<\/span><br \/>\n<span style=\"color: #000000\">V\u00e1pnik je potrebn\u00e9 telu pravidelne dod\u00e1va\u0165, najm\u00e4 v obdob\u00ed zr\u00fdchlen\u00e9ho rastu a tehotenstva. Najlep\u0161ie to dosiahnete konzum\u00e1ciou pestrej a vyv\u00e1\u017eenej stravy, ktor\u00e1 je prirodzene bohat\u00e1 na v\u00e1pnik. \u00a0Doplnky stravy v\u0161ak odpor\u00fa\u010dame u\u017e\u00edva\u0165 najm\u00e4 t\u00fdm, ktor\u00ed konzumuj\u00fa mlie\u010dne v\u00fdrobky len ve\u013emi m\u00e1lo alebo v\u00f4bec. Odpor\u00fa\u010da sa aj \u017een\u00e1m v menopauze a v\u0161etk\u00fdm star\u0161\u00edm dospel\u00fdm \u013eu\u010fom.<\/span><br \/>\n<span style=\"color: #000000\">Potravinov\u00fd doplnok je vysokokvalitn\u00fd a dosahuje koncentr\u00e1ciu element\u00e1rneho v\u00e1pnika a\u017e 40 %.<\/span><\/p>\n<h2><span style=\"color: #000000\">Pre\u010do si vybra\u0165 uhli\u010ditan v\u00e1penat\u00fd?<\/span><\/h2>\n<p><span style=\"color: #000000\">Existuje <strong>nieko\u013eko typov<\/strong> alebo foriem v\u00e1pnikov\u00fdch doplnkov. Naz\u00fdvaj\u00fa sa v\u00e1penat\u00e9 soli. M\u00f4\u017ee to by\u0165 glukon\u00e1t v\u00e1penat\u00fd, uhli\u010ditan v\u00e1penat\u00fd, citr\u00e1t v\u00e1penat\u00fd at\u010f. Napr\u00edklad citr\u00e1t v\u00e1penat\u00fd je vynikaj\u00faci pre t\u00fdch, ktor\u00ed maj\u00fa probl\u00e9my s pr\u00edli\u0161 mal\u00fdm mno\u017estvom \u017eal\u00fado\u010dnej kyseliny alebo u\u017e\u00edvaj\u00fa inhib\u00edtory \u017eal\u00fado\u010dnej kyseliny, preto\u017ee na svoje dobr\u00e9 a spr\u00e1vne vstreb\u00e1vanie nepotrebuje kyselinu. Uhli\u010ditan v\u00e1penat\u00fd je tou najbe\u017enej\u0161ou formou v\u00e1pnika v potravinov\u00fdch doplnkoch a preuk\u00e1zalo sa, \u017ee je bezpe\u010dn\u00fd a dobre sa vstreb\u00e1va. Star\u0161\u00edm \u013eu\u010fom sa odpor\u00fa\u010da u\u017e\u00edva\u0165 ho bezprostredne po jedle a mlad\u0161\u00edm \u013eu\u010fom hodinu pred jedlom alebo dve hodiny po jedle.<\/span><\/p>\n<h2><span style=\"color: #000000\">Ak\u00fd vplyv m\u00e1 pr\u00edjem v\u00e1pnika na na\u0161e telo?<\/span><\/h2>\n<p><span style=\"color: #000000\">Vitam\u00edn D zohr\u00e1va d\u00f4le\u017eit\u00fa \u00falohu aj pri spr\u00e1vnom vstreb\u00e1van\u00ed a norm\u00e1lnej hladine v\u00e1pnika v krvi. Odpor\u00fa\u010dan\u00e9 denn\u00e9 hodnoty \u200bmo\u017eno dosiahnu\u0165 najm\u00e4 v lete, ke\u010f sa na\u0161a poko\u017eka vystavuje slne\u010dn\u00fdm l\u00fa\u010dom. V\u00e1pnik potom pom\u00e1ha:<\/span><br \/>\n<span style=\"color: #000000\">\ud83d\udc9a udr\u017eiava\u0165 <strong>zdrav\u00e9 zuby a kosti<\/strong>,<\/span><br \/>\n<span style=\"color: #000000\">\ud83d\udc9a spr\u00e1vne <strong>zr\u00e1\u017eanie krvi,<\/strong><\/span><br \/>\n<span style=\"color: #000000\">\ud83d\udc9a uvo\u013e\u0148ovanie energie po\u010das metabolick\u00fdch procesov,<\/span><br \/>\n<span style=\"color: #000000\">\ud83d\udc9a norm\u00e1lny<strong> prenos nervov\u00fdch impulzov a funkcia svalov a tr\u00e1viacich enz\u00fdmov<\/strong>,<\/span><br \/>\n<span style=\"color: #000000\">\ud83d\udc9a delenie a \u0161pecializ\u00e1cia buniek.<\/span><\/p>\n<h2><span style=\"color: #000000\">Ak\u00e9 s\u00fa v\u00fdhody n\u00e1\u0161ho uhli\u010ditanu v\u00e1penat\u00e9ho?<\/span><\/h2>\n<p><span style=\"color: #000000\">Pr\u00e1\u0161ok uhli\u010ditanu v\u00e1penat\u00e9ho na\u0161ej vlastnej zna\u010dky sa \u0165a\u017e\u00ed pr\u00edrodne. Obsahuje ve\u013emi \u010dist\u00fd pr\u00e1\u0161ok a vysok\u00fa koncentr\u00e1ciu element\u00e1rneho v\u00e1pnika. Z\u00e1rove\u0148 neobsahuje \u017eiadne ne\u017eiad\u00face pr\u00edsady, ako je cukor, lepok, s\u00f3ja at\u010f.<\/span><\/p>\n<h2><span style=\"color: #000000\">Balenie<\/span><\/h2>\n<p><span style=\"color: #000000\">Nepriepustn\u00e9 vrecko so zipsom, v ktorom si produkt zachov\u00e1va svoju \u010derstvos\u0165 a v\u00f4\u0148u. Obal chr\u00e1ni pred svetlom a vzduchom, ke\u010f\u017ee sa sklad\u00e1 z nieko\u013ek\u00fdch ochrann\u00fdch vrstiev, ktor\u00e9 uchov\u00e1vaj\u00fa vlastnosti obsahu vn\u00fatri.<\/span><br \/>\n<span style=\"color: #000000\">Obal je ve\u013emi praktick\u00fd a recyklovate\u013en\u00fd.<\/span><\/p>\n<h2><span style=\"color: #000000\">Skladovanie a upozornenia<\/span><\/h2>\n<p><span style=\"color: #000000\">Skladujte na chladnom a suchom mieste pri teplote do 25 \u00b0C. V\u00fd\u017eivov\u00fd doplnok uchov\u00e1vajte mimo dosahu det\u00ed!<\/span><br \/>\n<span style=\"color: #000000\">Ak s\u00fa\u010dasne u\u017e\u00edvate aj antibiotik\u00e1 alebo ak\u00e9ko\u013evek in\u00e9 lieky, pora\u010fte sa so svoj\u00edm lek\u00e1rom.<\/span><br \/>\n<span style=\"color: #000000\">Pam\u00e4tajte na d\u00f4le\u017eitos\u0165 pestrej stravy a zdrav\u00e9ho \u017eivotn\u00e9ho \u0161t\u00fdlu, v\u00fd\u017eivov\u00fd doplnok nie je n\u00e1hradou vyv\u00e1\u017eenej a pestrej stravy. Odpor\u00fa\u010dan\u00e9 denn\u00e9 mno\u017estvo alebo d\u00e1vka by sa nemali prekro\u010di\u0165. Tehotn\u00fdm a doj\u010diacim \u017een\u00e1m sa odpor\u00fa\u010da, aby sa v\u017edy pred pou\u017eit\u00edm poradili s lek\u00e1rom. Nevhodn\u00e9 pre deti.<\/span><\/p>\n","protected":false},"excerpt":{"rendered":"<p align=\"JUSTIFY\">V\u00e1pnik je jedn\u00fdm z najhojnej\u0161ie zast\u00fapen\u00fdch miner\u00e1lov v na\u0161om tele. Hoci sa v\u00e1pnik sp\u00e1ja najm\u00e4 s kos\u0165ami, v \u013eudskom tele m\u00e1 mnoho \u010fal\u0161\u00edch d\u00f4le\u017eit\u00fdch funkci\u00ed. V\u00e1pnik je vlastne s\u00fa\u010das\u0165ou kostn\u00e9ho tkaniva a v d\u00f4sledku toho ovplyv\u0148uje tvrdos\u0165 kost\u00ed. V\u00e1pnik potom pom\u00e1ha:<\/p>\n<p>\ud83d\udc9a udr\u017eiava\u0165 zdrav\u00e9 zuby a kosti,<br \/>\n\ud83d\udc9a spr\u00e1vne zr\u00e1\u017eanie krvi,<br \/>\n\ud83d\udc9a uvo\u013e\u0148ovanie energie po\u010das metabolick\u00fdch procesov,<br \/>\n\ud83d\udc9a norm\u00e1lny prenos nervov\u00fdch impulzov a funkcia svalov a tr\u00e1viacich enz\u00fdmov,<br \/>\n\ud83d\udc9a delenie a \u0161pecializ\u00e1cia buniek.<\/p>\n","protected":false},"featured_media":5866,"comment_status":"open","ping_status":"closed","template":"","meta":{"_acf_changed":false},"product_brand":[],"product_cat":[15,203,224,225],"product_tag":[],"class_list":{"0":"post-5865","1":"product","2":"type-product","3":"status-publish","4":"has-post-thumbnail","6":"product_cat-uncategorized","7":"product_cat-mineraly-vitaminy","8":"product_cat-ponuka","9":"product_cat-vsetky-produkty","11":"first","12":"instock","13":"sale","14":"taxable","15":"shipping-taxable","16":"purchasable","17":"product-type-simple"},"acf":[],"_links":{"self":[{"href":"https:\/\/fengchashop.com\/sk\/wp-json\/wp\/v2\/product\/5865","targetHints":{"allow":["GET"]}}],"collection":[{"href":"https:\/\/fengchashop.com\/sk\/wp-json\/wp\/v2\/product"}],"about":[{"href":"https:\/\/fengchashop.com\/sk\/wp-json\/wp\/v2\/types\/product"}],"replies":[{"embeddable":true,"href":"https:\/\/fengchashop.com\/sk\/wp-json\/wp\/v2\/comments?post=5865"}],"wp:featuredmedia":[{"embeddable":true,"href":"https:\/\/fengchashop.com\/sk\/wp-json\/wp\/v2\/media\/5866"}],"wp:attachment":[{"href":"https:\/\/fengchashop.com\/sk\/wp-json\/wp\/v2\/media?parent=5865"}],"wp:term":[{"taxonomy":"product_brand","embeddable":true,"href":"https:\/\/fengchashop.com\/sk\/wp-json\/wp\/v2\/product_brand?post=5865"},{"taxonomy":"product_cat","embeddable":true,"href":"https:\/\/fengchashop.com\/sk\/wp-json\/wp\/v2\/product_cat?post=5865"},{"taxonomy":"product_tag","embeddable":true,"href":"https:\/\/fengchashop.com\/sk\/wp-json\/wp\/v2\/product_tag?post=5865"}],"curies":[{"name":"wp","href":"https:\/\/api.w.org\/{rel}","templated":true}]}}