{"id":5863,"date":"2022-02-11T19:51:31","date_gmt":"2022-02-11T18:51:31","guid":{"rendered":"https:\/\/fengchashop.com\/sk\/product\/elixir-mix-bio-125-g\/"},"modified":"2026-04-16T09:18:47","modified_gmt":"2026-04-16T07:18:47","slug":"elixir-mix-bio","status":"publish","type":"product","link":"https:\/\/fengchashop.com\/sk\/product\/elixir-mix-bio\/","title":{"rendered":"Elixir mix BIO 125 g pr\u00e1\u0161ok z lie\u010div\u00fdch h\u00fab"},"content":{"rendered":"<h2><span style=\"color: #000000\">Elixir mix BIO pr\u00e1\u0161ok z lie\u010div\u00fdch h\u00fab<\/span><\/h2>\n<p><span style=\"color: #000000\">Zmes lie\u010div\u00fdch h\u00fab Elixir mix sa pou\u017e\u00edva na podporu<strong> imunitnej stimul\u00e1cie, zdrav\u00e9ho srdca a krvn\u00e9ho obehu, na zv\u00fd\u0161enie energie, proti stresu, proti rakovine a proti starnutiu. Vzh\u013eadom na tieto d\u00f4le\u017eit\u00e9 a v\u0161estrann\u00e9 \u00fa\u010dinky zmes odpor\u00fa\u010dame u\u017e\u00edva\u0165 ka\u017ed\u00e9mu, kto chce splni\u0165 <\/strong>podmienky pre<strong> dlh\u00fd a zdrav\u00fd \u017eivot.<\/strong> T\u00e1to zmes pon\u00faka naj\u0161ir\u0161ie spektrum vyv\u00e1\u017een\u00fdch \u00fa\u010dinkov v\u010faka stovk\u00e1m r\u00f4znych akt\u00edvnych l\u00e1tok, ktor\u00e9 obsahuje. Pozost\u00e1va z troch druhov h\u00fab: Ganoderma lucidum, zn\u00e1mej aj ako reishi, Cordyceps a Inonotus obliquus, zn\u00e1mej aj ako \u010daga.<\/span><br \/>\n<span style=\"color: #000000\">Zmes Elixir mix pon\u00faka naj\u0161ir\u0161ie spektrum vyv\u00e1\u017een\u00fdch \u00fa\u010dinkov v\u010faka stovk\u00e1m r\u00f4znych \u00fa\u010dinn\u00fdch l\u00e1tok, ktor\u00e9 obsahuje.<\/span><br \/>\n<span style=\"color: #000000\">Toto \u0161irok\u00e9 spektrum druhov h\u00fab m\u00e1 za n\u00e1sledok \u0161irokospektr\u00e1lne p\u00f4sobenie a zr\u00fdchlen\u00e9 prevent\u00edvne p\u00f4sobenie proti celkov\u00e9mu oslabeniu.<\/span><br \/>\n<span style=\"color: #000000\">Pou\u017e\u00edvanie produktu je \u00faplne jednoduch\u00e9 a nevy\u017eaduje si \u017eiadnu pr\u00edpravu ani zru\u010dnosti. Huby s\u00fa rozomlet\u00e9 na jemn\u00fd pr\u00e1\u0161ok bez \u010diasto\u010diek. Produkt je pripraven\u00fd na pou\u017eitie. Jednoducho ho nad\u00e1vkujte priamo z balenia do svojho ob\u013e\u00faben\u00e9ho n\u00e1poja, premie\u0161ajte a skonzumujte.<\/span><\/p>\n<h2><span style=\"color: #000000\">Pre\u010do u\u017e\u00edva\u0165 n\u00e1\u0161 Elixir mix?<\/span><\/h2>\n<p><span style=\"color: #000000\">Ako u\u017e n\u00e1zov napoved\u00e1, t\u00e1to zmes je elix\u00edrom zdravia, mladosti a pohody. Je zalo\u017een\u00fd na starostlivo pripravenej recept\u00fare, ktor\u00e1 vych\u00e1dza z pozorovan\u00ed a poznatkov u\u017e\u00edvate\u013eov tejto zmesi a lie\u010div\u00fdch h\u00fab vo v\u0161eobecnosti. Pri pr\u00edprave tejto \u0161peci\u00e1lnej zmesi boli zoh\u013eadnen\u00e9 aj v\u00fdsledky \u0161irok\u00e9ho spektra n\u00e1rodn\u00fdch a medzin\u00e1rodn\u00fdch v\u00fdskumov. A hoci maj\u00fa lie\u010div\u00e9 huby ve\u013emi zlo\u017eit\u00e9 mechanizmy \u00fa\u010dinku, ktor\u00e9 veda zatia\u013e nedok\u00e1zala vysvetli\u0165, vieme, \u017ee maj\u00fa priazniv\u00fd<strong> vplyv na n\u00e1\u0161 imunitn\u00fd syst\u00e9m, na\u0161u pohodu a prirodzen\u00e9 procesy, ktor\u00e9 v na\u0161om tele prebiehaj\u00fa ka\u017ed\u00fd de\u0148<\/strong>. Imunitn\u00fd syst\u00e9m je zodpovedn\u00fd za boj proti cudz\u00edm teles\u00e1m v na\u0161om tele. \u010ci u\u017e ide o jednoduch\u00fd v\u00edrus, ktor\u00fd sp\u00f4sobuje prechladnutie, alebo o s\u00fabor buniek, ktor\u00e9 predstavuj\u00fa rakovinu. Preto je zdrav\u00fd a siln\u00fd imunitn\u00fd syst\u00e9m tak d\u00f4le\u017eit\u00fd.\u00a0<strong>Antioxidanty<\/strong> s\u00fa rovnako d\u00f4le\u017eit\u00e9 na na\u0161u ochranu pred oxida\u010dn\u00fdm stresom, ktor\u00fd sp\u00f4sobuje mnoh\u00e9 choroby a pred\u010dasn\u00e9 starnutie. Zmes obsahuje aj hubu \u010daga, ktor\u00e1 sa pova\u017euje za adaptog\u00e9nnu. <strong>Adaptog\u00e9nne<\/strong> rastliny prisp\u00f4sobuj\u00fa svoje akt\u00edvne l\u00e1tky potreb\u00e1m organizmu. Dod\u00e1vaj\u00fa n\u00e1m energiu a zni\u017euj\u00fa stres.<\/span><br \/>\n<span style=\"color: #000000\">V\u00fdroba na\u0161ich lie\u010div\u00fdch h\u00fab je pr\u00edsne kontrolovan\u00e1, bez pou\u017eitia chemik\u00e1li\u00ed alebo pestic\u00eddov a 100% ekologick\u00e1. V\u0161etky huby sa pestuj\u00fa v Slovinsku.\u00a0<\/span><\/p>\n<h2><span style=\"color: #000000\">Pre koho je Elixir mix ur\u010den\u00fd a ak\u00e9 s\u00fa jeho \u00fa\u010dinky?<\/span><\/h2>\n<p><span style=\"color: #000000\">Elixir mix je vlastne ur\u010den\u00fd pre ka\u017ed\u00e9ho, kto chce z<strong>lep\u0161i\u0165 svoju celkov\u00fa pohodu zv\u00fd\u0161en\u00edm odolnosti vo\u010di chorob\u00e1m, zv\u00fd\u0161en\u00edm fyzickej energie, zn\u00ed\u017een\u00edm vplyvu stresu a zabr\u00e1nen\u00edm pred\u010dasn\u00e9mu starnutiu organizmu<\/strong>. Je ur\u010den\u00fd aj pre t\u00fdch, ktor\u00ed chc\u00fa vysk\u00fa\u0161a\u0165 lie\u010div\u00e9 huby a prirodzene posilni\u0165 svoj organizmus. Je to tie\u017e vynikaj\u00faci <strong>pr\u00edrodn\u00fd v\u00fd\u017eivov\u00fd doplnok<\/strong>, preto\u017ee huby maj\u00fa vysok\u00fa v\u00fd\u017eivov\u00fa hodnotu \u2013 cenn\u00e9 \u017eiviny, stopov\u00e9 miner\u00e1ly, vitam\u00edny, makrominer\u00e1ly, vl\u00e1kninu a bielkoviny. Lie\u010div\u00e9 huby maj\u00fa bohat\u00fa hist\u00f3riu v \u010d\u00ednskej medic\u00edne a lie\u010dite\u013estve a \u013eudia sa \u010doraz \u010dastej\u0161ie vracaj\u00fa k pr\u00edrode, ke\u010f chc\u00fa zlep\u0161i\u0165 svoje zdravie.<\/span><br \/>\n<span style=\"color: #000000\">N\u00e1\u0161 Elixir mix je skuto\u010dn\u00fdm elix\u00edrom zdravia, pohody a dobrej energie. Jeho pozit\u00edvne \u00fa\u010dinky na organizmus s\u00fa nasledovn\u00e9:<\/span><br \/>\n<span style=\"color: #000000\">\ud83d\udc9a stimuluje<strong> imunitn\u00fd syst\u00e9m<\/strong>, <\/span><br \/>\n<span style=\"color: #000000\">\ud83d\udc9a p\u00f4sob\u00ed proti rakovinov\u00fdm bunk\u00e1m,\u00a0\u00a0\u00a0 <\/span><br \/>\n<span style=\"color: #000000\">\ud83d\udc9a p\u00f4sob\u00ed v prospech <strong>zdrav\u00e9ho kardiovaskul\u00e1rneho syst\u00e9mu<\/strong>, <\/span><br \/>\n<span style=\"color: #000000\">\ud83d\udc9a reguluje <strong>krvn\u00fd tlak<\/strong>, <\/span><br \/>\n<span style=\"color: #000000\">\ud83d\udc9a zlep\u0161uje<strong> fyzick\u00fa kond\u00edciu<\/strong>, <\/span><br \/>\n<span style=\"color: #000000\">\ud83d\udc9a zvy\u0161uje<strong> fyzick\u00fa energiu<\/strong>, <\/span><br \/>\n<span style=\"color: #000000\">\ud83d\udc9a je <strong>antistresov\u00fd<\/strong>, <\/span><br \/>\n<span style=\"color: #000000\">\ud83d\udc9a zlep\u0161uje <strong>ment\u00e1lne schopnosti<\/strong>, <\/span><br \/>\n<span style=\"color: #000000\">\ud83d\udc9a p\u00f4sob\u00ed na telo v boji<strong> proti starnutiu<\/strong>, <\/span><br \/>\n<span style=\"color: #000000\">\ud83d\udc9a reguluje<strong> funkciu svalov a nervov<\/strong>, <\/span><br \/>\n<span style=\"color: #000000\">\ud83d\udc9a<strong> ako siln\u00fd antioxidant<\/strong> eliminuje vo\u013en\u00e9 radik\u00e1ly.<\/span><\/p>\n<h2><span style=\"color: #000000\">Balenie<\/span><\/h2>\n<p><span style=\"color: #000000\">Nepriepustn\u00e9 vrecko so zipsom, v ktorom si produkt zachov\u00e1va svoju \u010derstvos\u0165 a v\u00f4\u0148u. Obal chr\u00e1ni pred svetlom a vzduchom, ke\u010f\u017ee sa sklad\u00e1 z nieko\u013ek\u00fdch ochrann\u00fdch vrstiev, ktor\u00e9 uchov\u00e1vaj\u00fa vlastnosti obsahu vn\u00fatri.<\/span><br \/>\n<span style=\"color: #000000\">Obal je ve\u013emi praktick\u00fd a recyklovate\u013en\u00fd.<\/span><\/p>\n<h2><span style=\"color: #000000\">Skladovanie a upozornenia<\/span><\/h2>\n<p><span style=\"color: #000000\">Skladujte na chladnom a suchom mieste. V\u00fd\u017eivov\u00fd doplnok uchov\u00e1vajte mimo dosahu det\u00ed!<\/span><br \/>\n<span style=\"color: #000000\">Pam\u00e4tajte na d\u00f4le\u017eitos\u0165 pestrej stravy a zdrav\u00e9ho \u017eivotn\u00e9ho \u0161t\u00fdlu, v\u00fd\u017eivov\u00fd doplnok nie je n\u00e1hradou vyv\u00e1\u017eenej a pestrej stravy. Odpor\u00fa\u010dan\u00e9 denn\u00e9 mno\u017estvo alebo d\u00e1vka by sa nemali prekro\u010di\u0165. Tehotn\u00fdm a doj\u010diacim \u017een\u00e1m sa odpor\u00fa\u010da, aby sa v\u017edy pred pou\u017eit\u00edm poradili s lek\u00e1rom.<\/span><\/p>\n<h2><span style=\"color: #000000\">Je dobr\u00e9 vedie\u0165<\/span><\/h2>\n<p><span style=\"color: #000000\">Produkt je vhodn\u00fd aj pre zvierat\u00e1. Vo v\u00e4\u010d\u0161ine pr\u00edpadov sa lie\u010div\u00e9 huby ukazuj\u00fa ako mimoriadne \u00fa\u010dinn\u00e9 pri posil\u0148ovan\u00ed imunitn\u00e9ho syst\u00e9mu, lie\u010dbe alergi\u00ed a ko\u017en\u00fdch ochoren\u00ed, ako aj v\u00edrusov\u00fdch a bakteri\u00e1lnych infekci\u00ed. Elixir mix m\u00e1 vplyv aj na celkov\u00fa pohodu zvierat. Pred pou\u017eit\u00edm sa pora\u010fte so svoj\u00edm veterin\u00e1rom, aby ur\u010dil vhodnos\u0165 pod\u00e1vania a odpor\u00fa\u010dan\u00e9 denn\u00e9 mno\u017estvo.<\/span><\/p>\n<h2><span style=\"color: #000000\">P\u00f4vod<\/span><\/h2>\n<p><span style=\"color: #000000\">Slovinsko<\/span><\/p>\n","protected":false},"excerpt":{"rendered":"<p align=\"JUSTIFY\">Elixir mix je vlastne ur\u010den\u00fd pre ka\u017ed\u00e9ho, kto chce zlep\u0161i\u0165 svoju celkov\u00fa pohodu zv\u00fd\u0161en\u00edm odolnosti vo\u010di chorob\u00e1m, zv\u00fd\u0161en\u00edm fyzickej energie, zn\u00ed\u017een\u00edm vplyvu stresu a zabr\u00e1nen\u00edm pred\u010dasn\u00e9mu starnutiu organizmu. Je ur\u010den\u00fd aj pre t\u00fdch, ktor\u00ed chc\u00fa vysk\u00fa\u0161a\u0165 lie\u010div\u00e9 huby a prirodzene posilni\u0165 svoj organizmus. Je to tie\u017e vynikaj\u00faci pr\u00edrodn\u00fd v\u00fd\u017eivov\u00fd doplnok, preto\u017ee huby maj\u00fa vysok\u00fa v\u00fd\u017eivov\u00fa hodnotu \u2013 cenn\u00e9 \u017eiviny, stopov\u00e9 miner\u00e1ly, vitam\u00edny, makrominer\u00e1ly, vl\u00e1kninu a bielkoviny.<\/p>\n<p>\ud83d\udc9a Stimuluje imunitn\u00fd syst\u00e9m.<br \/>\n\ud83d\udc9a P\u00f4sob\u00ed proti rakovinov\u00fdm bunk\u00e1m.<br \/>\n\ud83d\udc9a P\u00f4sob\u00ed v prospech zdrav\u00e9ho kardiovaskul\u00e1rneho syst\u00e9mu.<br \/>\n\ud83d\udc9a Zlep\u0161uje fyzick\u00fa kond\u00edciu.<br \/>\n\ud83d\udc9a Zvy\u0161uje fyzick\u00fa energiu.<br \/>\n\ud83d\udc9a Je antistresov\u00fd.<\/p>\n","protected":false},"featured_media":5864,"comment_status":"open","ping_status":"closed","template":"","meta":{"_acf_changed":false},"product_brand":[],"product_cat":[15,229,224,225],"product_tag":[],"class_list":{"0":"post-5863","1":"product","2":"type-product","3":"status-publish","4":"has-post-thumbnail","6":"product_cat-uncategorized","7":"product_cat-liecive-huby","8":"product_cat-ponuka","9":"product_cat-vsetky-produkty","11":"first","12":"instock","13":"sale","14":"taxable","15":"shipping-taxable","16":"purchasable","17":"product-type-simple"},"acf":[],"_links":{"self":[{"href":"https:\/\/fengchashop.com\/sk\/wp-json\/wp\/v2\/product\/5863","targetHints":{"allow":["GET"]}}],"collection":[{"href":"https:\/\/fengchashop.com\/sk\/wp-json\/wp\/v2\/product"}],"about":[{"href":"https:\/\/fengchashop.com\/sk\/wp-json\/wp\/v2\/types\/product"}],"replies":[{"embeddable":true,"href":"https:\/\/fengchashop.com\/sk\/wp-json\/wp\/v2\/comments?post=5863"}],"wp:featuredmedia":[{"embeddable":true,"href":"https:\/\/fengchashop.com\/sk\/wp-json\/wp\/v2\/media\/5864"}],"wp:attachment":[{"href":"https:\/\/fengchashop.com\/sk\/wp-json\/wp\/v2\/media?parent=5863"}],"wp:term":[{"taxonomy":"product_brand","embeddable":true,"href":"https:\/\/fengchashop.com\/sk\/wp-json\/wp\/v2\/product_brand?post=5863"},{"taxonomy":"product_cat","embeddable":true,"href":"https:\/\/fengchashop.com\/sk\/wp-json\/wp\/v2\/product_cat?post=5863"},{"taxonomy":"product_tag","embeddable":true,"href":"https:\/\/fengchashop.com\/sk\/wp-json\/wp\/v2\/product_tag?post=5863"}],"curies":[{"name":"wp","href":"https:\/\/api.w.org\/{rel}","templated":true}]}}