{"id":5856,"date":"2022-02-11T19:46:11","date_gmt":"2022-02-11T18:46:11","guid":{"rendered":"https:\/\/fengchashop.com\/sk\/product\/cardio-mix-bio-125-g\/"},"modified":"2026-04-18T03:49:59","modified_gmt":"2026-04-18T01:49:59","slug":"cardio-mix-bio","status":"publish","type":"product","link":"https:\/\/fengchashop.com\/sk\/product\/cardio-mix-bio\/","title":{"rendered":"Cardio mix BIO 125 g pr\u00e1\u0161ok z lie\u010div\u00fdch h\u00fab"},"content":{"rendered":"<h2><span style=\"color: #000000\">Cardio mix BIO pr\u00e1\u0161ok z lie\u010div\u00fdch h\u00fab<\/span><\/h2>\n<p><span style=\"color: #000000\">Cardio mix sa pou\u017e\u00edva ako podpora na <strong>zlep\u0161enie srdcovej \u010dinnosti, krvn\u00e9ho obehu a najd\u00f4le\u017eitej\u0161\u00edch krvn\u00fdch hodn\u00f4t<\/strong>.<\/span><br \/>\n<span style=\"color: #000000\">V skuto\u010dnosti ide o zmes, ktor\u00e1 pom\u00e1ha alebo zabezpe\u010duje v\u0161etky podmienky, ktor\u00e9 musia by\u0165 splnen\u00e9 pre ide\u00e1lne fungovanie<strong> srdcov\u00e9ho syst\u00e9mu<\/strong>.<\/span><br \/>\n<span style=\"color: #000000\">Zmes pozost\u00e1va z piatich druhov h\u00fab, a to Lentinula edodes, Auricularia auricula, Ganoderma lucidum, Grifola frondosa a Cordyceps. Pod\u013ea v\u00e4\u010d\u0161iny celosvetov\u00fdch \u0161t\u00fadi\u00ed patria tieto huby k naj\u00fa\u010dinnej\u0161\u00edm v prevencii vzniku kardiovaskul\u00e1rnych ochoren\u00ed.<\/span><br \/>\n<span style=\"color: #000000\">Cardio Mix pon\u00faka to naj\u0161ir\u0161ie spektrum vyv\u00e1\u017een\u00fdch \u00fa\u010dinkov v\u010faka stovk\u00e1m r\u00f4znych farmakologick\u00fdch \u00fa\u010dinn\u00fdch l\u00e1tok, ktor\u00e9 obsahuje.<\/span><br \/>\n<span style=\"color: #000000\">Toto \u0161irok\u00e9 spektrum druhov h\u00fab m\u00e1 za n\u00e1sledok \u0161irokospektr\u00e1lne p\u00f4sobenie a zr\u00fdchlen\u00e9 prevent\u00edvne p\u00f4sobenie proti celkov\u00e9mu oslabeniu.<\/span><br \/>\n<span style=\"color: #000000\">Pou\u017e\u00edvanie produktu je <strong>\u00faplne jednoduch\u00e9<\/strong> a nevy\u017eaduje si \u017eiadnu pr\u00edpravu ani zru\u010dnosti. Huby s\u00fa rozomlet\u00e9 na jemn\u00fd pr\u00e1\u0161ok bez \u010diasto\u010diek. Produkt je pripraven\u00fd na pou\u017eitie. Jednoducho ho nad\u00e1vkujte priamo z balenia do svojho ob\u013e\u00faben\u00e9ho n\u00e1poja, premie\u0161ajte a skonzumujte.<\/span><\/p>\n<h2><span style=\"color: #000000\">Pre\u010do pou\u017e\u00edva\u0165 n\u00e1\u0161 Cardio Mix a ak\u00e9 s\u00fa jeho \u00fa\u010dinky?<\/span><\/h2>\n<p><span style=\"color: #000000\">Recept\u00fara zmesi bola starostlivo pripraven\u00e1 na z\u00e1klade pozorovan\u00ed a poznatkov pravideln\u00fdch u\u017e\u00edvate\u013eov zmesi a lie\u010div\u00fdch h\u00fab v\u0161eobecne. Pri pr\u00edprave tejto \u0161peci\u00e1lnej zmesi boli zoh\u013eadnen\u00e9 v\u00fdsledky \u0161irok\u00e9ho spektra n\u00e1rodn\u00fdch aj medzin\u00e1rodn\u00fdch v\u00fdskumov. A hoci lie\u010div\u00e9 huby maj\u00fa ve\u013emi zlo\u017eit\u00e9 \u00fa\u010dinn\u00e9 mechanizmy, ktor\u00e9 veda zatia\u013e nedok\u00e1zala vysvetli\u0165, vieme, \u017ee maj\u00fa priazniv\u00fd vplyv na n\u00e1\u0161 imunitn\u00fd syst\u00e9m a organizmus.\u00a0 \u00a0<\/span><br \/>\n<span style=\"color: #000000\">Pozit\u00edvne \u00fa\u010dinky zmesi Cardio Mix, ktor\u00e9 maj\u00fa ozdravn\u00fd \u00fa\u010dinok na organizmus, s\u00fa nasledovn\u00e9:<\/span><br \/>\n<span style=\"color: #000000\">\ud83d\udc9a reguluje<strong> krvn\u00fd tlak<\/strong>, <\/span><br \/>\n<span style=\"color: #000000\">\ud83d\udc9a zni\u017euje<strong> hladinu cholesterolu<\/strong>, <\/span><br \/>\n<span style=\"color: #000000\">\ud83d\udc9a zni\u017euje <strong>hladinu triglyceridov<\/strong>, <\/span><br \/>\n<span style=\"color: #000000\">\ud83d\udc9a predch\u00e1dza<strong> ischemickej chorobe srdca<\/strong>, <\/span><br \/>\n<span style=\"color: #000000\">\ud83d\udc9a zni\u017euje hladinu <strong>cukru<\/strong> v krvi a br\u00e1ni vzniku cukrovky, <\/span><br \/>\n<span style=\"color: #000000\">\ud83d\udc9a br\u00e1ni tvorbe <strong>krvn\u00fdch zrazen\u00edn<\/strong>, <\/span><br \/>\n<span style=\"color: #000000\">\ud83d\udc9a zr\u00fdch\u013euje <strong>prietok krvi<\/strong>, <\/span><br \/>\n<span style=\"color: #000000\">\ud83d\udc9a stimuluje imunitn\u00fd syst\u00e9m, <\/span><br \/>\n<span style=\"color: #000000\">\ud83d\udc9a p\u00f4sob\u00ed proti rakovinov\u00fdm bunk\u00e1m,\u00a0 \u00a0 <\/span><br \/>\n<span style=\"color: #000000\">\ud83d\udc9a p\u00f4sob\u00ed <strong>proti stresu<\/strong>, <\/span><br \/>\n<span style=\"color: #000000\">\ud83d\udc9a zlep\u0161uje <strong>ment\u00e1lne schopnosti<\/strong>, <\/span><br \/>\n<span style=\"color: #000000\">\ud83d\udc9a ako siln\u00fd antioxidant eliminuje vo\u013en\u00e9 radik\u00e1ly a br\u00e1ni oxida\u010dn\u00e9mu stresu. <\/span><br \/>\n<span style=\"color: #000000\">\u00a0<\/span><br \/>\n<span style=\"color: #000000\">V\u00fdroba na\u0161ich lie\u010div\u00fdch h\u00fab je pr\u00edsne kontrolovan\u00e1, bez pou\u017eitia chemik\u00e1li\u00ed alebo pestic\u00eddov a 100% ekologick\u00e1. V\u0161etky huby sa pestuj\u00fa v Slovinsku.<\/span><\/p>\n<h2><span style=\"color: #000000\">Pre koho je Cardio Mix ur\u010den\u00fd?<\/span><\/h2>\n<p><span style=\"color: #000000\">Cardio mix je vlastne pre ka\u017ed\u00e9ho, kto chce svojmu kardiovaskul\u00e1rnemu syst\u00e9mu poskytn\u00fa\u0165 \u010do najlep\u0161ie podmienky pre dlhodob\u00e9 zdravie srdca a ciev. V\u010faka tomu p\u00f4sob\u00ed aj na na\u0161e celkov\u00e9 zdravie a pohodu a siln\u00fd imunitn\u00fd syst\u00e9m. Je ur\u010den\u00fd aj pre t\u00fdch, ktor\u00ed chc\u00fa vysk\u00fa\u0161a\u0165 p\u00f4sobenie lie\u010div\u00fdch h\u00fab a posilni\u0165 svoj organizmus prirodzen\u00fdm sp\u00f4sobom. Je to tie\u017e vynikaj\u00faci pr\u00edrodn\u00fd v\u00fd\u017eivov\u00fd doplnok, preto\u017ee huby maj\u00fa vysok\u00fa v\u00fd\u017eivov\u00fa hodnotu \u2013 cenn\u00e9 \u017eiviny, stopov\u00e9 miner\u00e1ly, vitam\u00edny, makro\u017eiviny, vl\u00e1kninu a bielkoviny. Lie\u010div\u00e9 huby maj\u00fa bohat\u00fa hist\u00f3riu v \u010d\u00ednskej medic\u00edne a lie\u010dite\u013estve a \u013eudia sa \u010doraz \u010dastej\u0161ie vracaj\u00fa k pr\u00edrode, ke\u010f chc\u00fa zlep\u0161i\u0165 svoje zdravie. <\/span><br \/>\n<span style=\"color: #000000\">Vzh\u013eadom na obsah huby Auricularia auricula sa neodpor\u00fa\u010da u\u017e\u00edva\u0165 zmes po\u010das tehotenstva a doj\u010denia.<\/span><\/p>\n<h2><span style=\"color: #000000\">Balenie<\/span><\/h2>\n<p><span style=\"color: #000000\">Nepriepustn\u00e9 vrecko so zipsom, v ktorom si produkt zachov\u00e1va svoju \u010derstvos\u0165 a v\u00f4\u0148u. Obal chr\u00e1ni pred svetlom a vzduchom, ke\u010f\u017ee sa sklad\u00e1 z nieko\u013ek\u00fdch ochrann\u00fdch vrstiev, ktor\u00e9 uchov\u00e1vaj\u00fa vlastnosti obsahu vn\u00fatri.<\/span><br \/>\n<span style=\"color: #000000\">Obal je ve\u013emi praktick\u00fd a recyklovate\u013en\u00fd.<\/span><\/p>\n<h2><span style=\"color: #000000\">Skladovanie a upozornenia<\/span><\/h2>\n<p><span style=\"color: #000000\">Skladujte na chladnom a suchom mieste. V\u00fd\u017eivov\u00fd doplnok uchov\u00e1vajte mimo dosahu det\u00ed!<\/span><br \/>\n<span style=\"color: #000000\">Pam\u00e4tajte na d\u00f4le\u017eitos\u0165 pestrej stravy a zdrav\u00e9ho \u017eivotn\u00e9ho \u0161t\u00fdlu, v\u00fd\u017eivov\u00fd doplnok nie je n\u00e1hradou vyv\u00e1\u017eenej a pestrej stravy. Odpor\u00fa\u010dan\u00e9 denn\u00e9 mno\u017estvo alebo d\u00e1vka by sa nemali prekro\u010di\u0165.\u00a0<\/span><\/p>\n<h2><span style=\"color: #000000\">Je dobr\u00e9 vedie\u0165<\/span><\/h2>\n<p><span style=\"color: #000000\">Produkt je vhodn\u00fd aj pre zvierat\u00e1. Vo v\u00e4\u010d\u0161ine pr\u00edpadov sa lie\u010div\u00e9 huby ukazuj\u00fa ako mimoriadne \u00fa\u010dinn\u00e9 pri posil\u0148ovan\u00ed imunitn\u00e9ho syst\u00e9mu, lie\u010dbe alergi\u00ed a ko\u017en\u00fdch ochoren\u00ed, ako aj v\u00edrusov\u00fdch a bakteri\u00e1lnych infekci\u00ed. Cardio Mix ovplyv\u0148uje aj spr\u00e1vne fungovanie srdcov\u00e9ho syst\u00e9mu. Pred pou\u017eit\u00edm sa pora\u010fte so svoj\u00edm veterin\u00e1rom, aby ur\u010dil vhodnos\u0165 pod\u00e1vania a odpor\u00fa\u010dan\u00e9 denn\u00e9 mno\u017estvo.<\/span><\/p>\n<h2><span style=\"color: #000000\">P\u00f4vod<\/span><\/h2>\n<p><span style=\"color: #000000\">Slovinsko<\/span><\/p>\n","protected":false},"excerpt":{"rendered":"<p align=\"JUSTIFY\">Cardio mix sa pou\u017e\u00edva ako podpora na zlep\u0161enie srdcovej \u010dinnosti, krvn\u00e9ho obehu a najd\u00f4le\u017eitej\u0161\u00edch krvn\u00fdch hodn\u00f4t. V skuto\u010dnosti ide o zmes, ktor\u00e1 pom\u00e1ha alebo zabezpe\u010duje v\u0161etky podmienky, ktor\u00e9 musia by\u0165 splnen\u00e9 pre ide\u00e1lne fungovanie srdcov\u00e9ho syst\u00e9mu.<\/p>\n<p>\ud83d\udc9a Stimuluje imunitn\u00fd syst\u00e9m.<br \/>\n\ud83d\udc9a Reguluje krvn\u00fd tlak.<br \/>\n\ud83d\udc9a Zni\u017euje hladinu cholesterolu.<br \/>\n\ud83d\udc9a Zni\u017euje hladinu triglyceridov.<\/p>\n","protected":false},"featured_media":5857,"comment_status":"open","ping_status":"closed","template":"","meta":{"_acf_changed":false},"product_brand":[],"product_cat":[15,229],"product_tag":[],"class_list":{"0":"post-5856","1":"product","2":"type-product","3":"status-publish","4":"has-post-thumbnail","6":"product_cat-uncategorized","7":"product_cat-liecive-huby","9":"first","10":"instock","11":"sale","12":"taxable","13":"shipping-taxable","14":"purchasable","15":"product-type-simple"},"acf":[],"_links":{"self":[{"href":"https:\/\/fengchashop.com\/sk\/wp-json\/wp\/v2\/product\/5856","targetHints":{"allow":["GET"]}}],"collection":[{"href":"https:\/\/fengchashop.com\/sk\/wp-json\/wp\/v2\/product"}],"about":[{"href":"https:\/\/fengchashop.com\/sk\/wp-json\/wp\/v2\/types\/product"}],"replies":[{"embeddable":true,"href":"https:\/\/fengchashop.com\/sk\/wp-json\/wp\/v2\/comments?post=5856"}],"wp:featuredmedia":[{"embeddable":true,"href":"https:\/\/fengchashop.com\/sk\/wp-json\/wp\/v2\/media\/5857"}],"wp:attachment":[{"href":"https:\/\/fengchashop.com\/sk\/wp-json\/wp\/v2\/media?parent=5856"}],"wp:term":[{"taxonomy":"product_brand","embeddable":true,"href":"https:\/\/fengchashop.com\/sk\/wp-json\/wp\/v2\/product_brand?post=5856"},{"taxonomy":"product_cat","embeddable":true,"href":"https:\/\/fengchashop.com\/sk\/wp-json\/wp\/v2\/product_cat?post=5856"},{"taxonomy":"product_tag","embeddable":true,"href":"https:\/\/fengchashop.com\/sk\/wp-json\/wp\/v2\/product_tag?post=5856"}],"curies":[{"name":"wp","href":"https:\/\/api.w.org\/{rel}","templated":true}]}}