{"id":5852,"date":"2022-02-11T19:13:33","date_gmt":"2022-02-11T18:13:33","guid":{"rendered":"https:\/\/fengchashop.com\/sk\/product\/trametes-versicolor-coriolus-bio-eu-125-g\/"},"modified":"2026-04-18T01:56:19","modified_gmt":"2026-04-17T23:56:19","slug":"trametes-versicolor-coriolus-bio-eu","status":"publish","type":"product","link":"https:\/\/fengchashop.com\/sk\/product\/trametes-versicolor-coriolus-bio-eu\/","title":{"rendered":"Trametes versicolor (Coriolus) BIO E\u00da 125 g"},"content":{"rendered":"<h2>Coriolus bio<\/h2>\n<p><span style=\"color: #000000\">Coriolus, alebo <strong>tr\u00fadnikovec pestr\u00fd<\/strong>, je zn\u00e1ma lie\u010div\u00e1 huba, ktor\u00e1 sa v tradi\u010dnej \u010d\u00ednskej medic\u00edne pou\u017e\u00edva u\u017e st\u00e1ro\u010dia. Spolu s lesklok\u00f4rovkou, cordycepsom a niektor\u00fdmi \u010fal\u0161\u00edmi hubami patr\u00ed medzi <strong>najzn\u00e1mej\u0161ie lie\u010div\u00e9 huby<\/strong> v na\u0161ej krajine. Jeho farmakologick\u00e9 akt\u00edvne zlo\u017eky s\u00fa <strong>predmetom mnoh\u00fdch klinick\u00fdch \u0161t\u00fadi\u00ed<\/strong>. Tr\u00fadnikovec pestr\u00fd je roz\u0161\u00edren\u00e1 a be\u017en\u00e1 drevokazn\u00e1 huba, ktor\u00e1 rastie na rozkladaj\u00facom sa dreve po celom svete. <\/span><\/p>\n<p><span style=\"color: #000000\">V\u00fdroba na\u0161ej lie\u010divej huby tr\u00fadnikovec pestr\u00fd je pr\u00edsne kontrolovan\u00e1, bez pou\u017eitia chemik\u00e1li\u00ed alebo pestic\u00eddov a<strong> 100% ekologick\u00e1<\/strong>. Kvalitu h\u00fab pravidelne kontroluj\u00fa nez\u00e1visl\u00e9 laborat\u00f3ri\u00e1 v Slovinsku a USA.<\/span><\/p>\n<p><span style=\"color: #000000\">Tr\u00fadnikovec pestr\u00fd sa sklad\u00e1 z r\u00f4znych polysacharidov, vitam\u00ednov, miner\u00e1lnych sol\u00ed a antioxidantov. Obsahuje aj \u0161irok\u00fa \u0161k\u00e1lu fenolov\u00fdch a flavonoidn\u00fdch antioxidantov, o ktor\u00fdch sa predpoklad\u00e1, \u017ee maj\u00fa na na\u0161e telo mnoho priazniv\u00fdch \u00fa\u010dinkov. Dva d\u00f4le\u017eit\u00e9 <strong>polysacharidovo-prote\u00ednov\u00e9 komplexy \u2013 PKS<\/strong> (krest\u00edn alebo polysacharid K) a<strong> PSP<\/strong> (polysacharidov\u00fd peptid), ktor\u00e9 hubu tvoria \u2013 s\u00fa st\u00e1le predmetom mnoh\u00fdch v\u00fdskumov zameran\u00fdch.<\/span><\/p>\n<h2><span style=\"color: #000000\">Balenie<\/span><\/h2>\n<p><span style=\"color: #000000\">Nepriepustn\u00e9 vrecko so zipsom, v ktorom si produkt zachov\u00e1va svoju \u010derstvos\u0165 a v\u00f4\u0148u. Obal chr\u00e1ni pred svetlom a vzduchom, ke\u010f\u017ee sa sklad\u00e1 z nieko\u013ek\u00fdch ochrann\u00fdch vrstiev, ktor\u00e9 uchov\u00e1vaj\u00fa vlastnosti obsahu vn\u00fatri.<\/span><br \/>\n<span style=\"color: #000000\">Obal je ve\u013emi praktick\u00fd a recyklovate\u013en\u00fd.<\/span><\/p>\n<h2><span style=\"color: #000000\">P\u00f4vod<\/span><\/h2>\n<p>E\u00da<\/p>\n","protected":false},"excerpt":{"rendered":"<p align=\"JUSTIFY\">Coriolus, alebo tr\u00fadnikovec pestr\u00fd, je zn\u00e1ma lie\u010div\u00e1 huba, ktor\u00e1 sa v tradi\u010dnej \u010d\u00ednskej medic\u00edne pou\u017e\u00edva u\u017e st\u00e1ro\u010dia. Spolu s lesklok\u00f4rovkou, cordycepsom a niektor\u00fdmi \u010fal\u0161\u00edmi hubami patr\u00ed medzi najzn\u00e1mej\u0161ie lie\u010div\u00e9 huby v na\u0161ej krajine.<\/p>\n<p>\ud83d\udc9a Pr\u00e9miov\u00e1 kvalita.<br \/>\n\ud83d\udc9a Pr\u00edrodn\u00fd produkt.<br \/>\n\ud83d\udc9a Mimoriadne \u00fa\u010dinn\u00fd.<br \/>\n\ud83d\udc9a Skvel\u00e1 cena.<\/p>\n","protected":false},"featured_media":5853,"comment_status":"open","ping_status":"closed","template":"","meta":{"_acf_changed":false},"product_brand":[],"product_cat":[15,229,228,224,225],"product_tag":[],"class_list":{"0":"post-5852","1":"product","2":"type-product","3":"status-publish","4":"has-post-thumbnail","6":"product_cat-uncategorized","7":"product_cat-liecive-huby","8":"product_cat-najpredavanejsie","9":"product_cat-ponuka","10":"product_cat-vsetky-produkty","12":"first","13":"instock","14":"taxable","15":"shipping-taxable","16":"purchasable","17":"product-type-simple"},"acf":[],"_links":{"self":[{"href":"https:\/\/fengchashop.com\/sk\/wp-json\/wp\/v2\/product\/5852","targetHints":{"allow":["GET"]}}],"collection":[{"href":"https:\/\/fengchashop.com\/sk\/wp-json\/wp\/v2\/product"}],"about":[{"href":"https:\/\/fengchashop.com\/sk\/wp-json\/wp\/v2\/types\/product"}],"replies":[{"embeddable":true,"href":"https:\/\/fengchashop.com\/sk\/wp-json\/wp\/v2\/comments?post=5852"}],"wp:featuredmedia":[{"embeddable":true,"href":"https:\/\/fengchashop.com\/sk\/wp-json\/wp\/v2\/media\/5853"}],"wp:attachment":[{"href":"https:\/\/fengchashop.com\/sk\/wp-json\/wp\/v2\/media?parent=5852"}],"wp:term":[{"taxonomy":"product_brand","embeddable":true,"href":"https:\/\/fengchashop.com\/sk\/wp-json\/wp\/v2\/product_brand?post=5852"},{"taxonomy":"product_cat","embeddable":true,"href":"https:\/\/fengchashop.com\/sk\/wp-json\/wp\/v2\/product_cat?post=5852"},{"taxonomy":"product_tag","embeddable":true,"href":"https:\/\/fengchashop.com\/sk\/wp-json\/wp\/v2\/product_tag?post=5852"}],"curies":[{"name":"wp","href":"https:\/\/api.w.org\/{rel}","templated":true}]}}