{"id":5850,"date":"2022-02-11T19:06:19","date_gmt":"2022-02-11T18:06:19","guid":{"rendered":"https:\/\/fengchashop.com\/sk\/product\/maitake-bio-125-g\/"},"modified":"2026-04-21T14:47:40","modified_gmt":"2026-04-21T12:47:40","slug":"maitake-bio","status":"publish","type":"product","link":"https:\/\/fengchashop.com\/sk\/product\/maitake-bio\/","title":{"rendered":"Maitake (Trsovnica lupe\u0148ovit\u00e1) BIO 125 g"},"content":{"rendered":"<h2><span style=\"color: #000000\">Maitake (Trsovnica lupe\u0148ovit\u00e1) BIO<\/span><\/h2>\n<p><span style=\"color: #000000\">Trsovnica lupe\u0148ovit\u00e1, alebo<strong> kriakov\u00fd hr\u00edb<\/strong>, je ve\u013emi ve\u013ek\u00e1 jedl\u00e1 huba, ktor\u00e1 sa v Japonsku pou\u017e\u00edva <strong>najm\u00e4 v kulin\u00e1rstve<\/strong>. M\u00e1 pr\u00edjemn\u00fa \u0161trukt\u00faru a chu\u0165. Pou\u017e\u00edva sa aj ako potravinov\u00fd doplnok v tradi\u010dnej \u010d\u00ednskej medic\u00edne. Huby maitake sa pou\u017e\u00edvaj\u00fa na <strong>zlep\u0161enie celkov\u00e9ho zdravia a fyzickej vitality<\/strong>. P\u00f4sob\u00ed tak, \u017ee balansuje organizmus, posil\u0148uje imunitn\u00fd syst\u00e9m a zlep\u0161uje hladiny v krvi. Jej popularita v poslednom \u010dase rastie najm\u00e4 v\u010faka jej potenci\u00e1lu ako pomocn\u00edka pri lie\u010dbe r\u00f4znych druhov rakoviny, ako aj v\u010faka jej mnoh\u00fdm \u010fal\u0161\u00edm priazniv\u00fdm \u00fa\u010dinkom.<\/span><br \/>\n<span style=\"color: #000000\">V\u00fdroba na\u0161ej lie\u010divej huby maitake je pr\u00edsne kontrolovan\u00e1, bez pou\u017eitia chemik\u00e1li\u00ed alebo pestic\u00eddov a <strong>100% ekologick\u00e1<\/strong>. Kvalitu h\u00fab pravidelne kontroluj\u00fa nez\u00e1visl\u00e9 laborat\u00f3ri\u00e1 v Slovinsku a USA.<\/span><\/p>\n<h2><span style=\"color: #000000\">\u010co obsahuje a pre koho je ur\u010den\u00e1?<\/span><\/h2>\n<p><span style=\"color: #000000\">Maitake je bohat\u00e1 na miner\u00e1lne l\u00e1tky (drasl\u00edk, v\u00e1pnik, hor\u010d\u00edk at\u010f.), vitam\u00edny (B2, D2, niac\u00edn), vl\u00e1kninu, bielkoviny, aminokyseliny, polysacharidy (napr. \u03b2-gluk\u00e1nov\u00e9 bielkoviny) a \u010fal\u0161ie antioxidanty (napr. prebiotick\u00fa trehal\u00f3zu). Zdrojom lie\u010div\u00fdch \u00fa\u010dinkov huby s\u00fa okrem r\u00f4znych polysacharidov aj \u03b2-D-gluk\u00e1n a ergosterol (provitam\u00edn D2). Pravideln\u00e9 u\u017e\u00edvanie h\u00fab pom\u00e1ha udr\u017eiava\u0165 na\u0161u fyzick\u00fa vitalitu a pom\u00e1ha aj pri chronickej \u00fanave a m\u00e1 pozoruhodn\u00e9 antioxida\u010dn\u00e9 vlastnosti. Podobne ako lesklok\u00f4rovka oby\u010dajn\u00e1, aj maitake mo\u017eno zaradi\u0165 medzi huby, ktor\u00e9 m\u00f4\u017eu ma\u0165<strong> v\u010faka svojim \u00fa\u010dinn\u00fdm l\u00e1tkam pozit\u00edvny vplyv na na\u0161u celkov\u00fa pohodu a imunitn\u00fd syst\u00e9m<\/strong>.\u00a0 Maitake sa preto pou\u017e\u00edva na zlep\u0161enie celkov\u00e9ho zdravia a fyzickej vitality a na prevenciu chronickej \u00fanavy.<\/span><br \/>\n<span style=\"color: #000000\">\u010eal\u0161ie pozit\u00edvne lie\u010div\u00e9 \u00fa\u010dinky, ktor\u00e9 t\u00e1to mimoriadne ob\u013e\u00faben\u00e1 huba e\u0161te m\u00e1, n\u00e1jdete na nasleduj\u00facich riadkoch:<\/span><br \/>\n<span style=\"color: #000000\">\ud83d\udc9a posil\u0148uje imunitn\u00fd syst\u00e9m a zlep\u0161uje celkov\u00fa pohodu, <\/span><br \/>\n<span style=\"color: #000000\">\ud83d\udc9a je to <strong>antioxidant<\/strong>, <\/span><br \/>\n<span style=\"color: #000000\">\ud83d\udc9a pom\u00e1ha pri<strong> chronickej \u00fanave<\/strong>, <\/span><br \/>\n<span style=\"color: #000000\">\ud83d\udc9a m\u00f4\u017ee n\u00e1m pom\u00f4c\u0165 lep\u0161ie <strong>zn\u00e1\u0161a\u0165 ved\u013eaj\u0161ie \u00fa\u010dinky chemoterapie a r\u00e1dioterapie<\/strong>, <\/span><br \/>\n<span style=\"color: #000000\">\ud83d\udc9a m\u00e1 pozit\u00edvny vplyv na kosti a podporuje lie\u010dbu <strong>osteopor\u00f3zy<\/strong>, <\/span><br \/>\n<span style=\"color: #000000\">\ud83d\udc9a reguluje hladinu cholesterolu, zni\u017euje krvn\u00fd tlak a br\u00e1ni vzniku cukrovky, pri\u010dom sa zistilo, \u017ee u pacientov s <strong>cukrovkou 2. typu<\/strong> zni\u017euje hladinu cukru v krvi, <\/span><br \/>\n<span style=\"color: #000000\">\ud83d\udc9a je antiv\u00edrusov\u00e1 a antimikrobi\u00e1lna, <\/span><br \/>\n<span style=\"color: #000000\">\ud83d\udc9a br\u00e1ni rastu a \u0161\u00edreniu n\u00e1dorov a metast\u00e1z, <\/span><br \/>\n<span style=\"color: #000000\">\ud83d\udc9a pom\u00e1ha regulova\u0165 hmotnos\u0165, <\/span><br \/>\n<span style=\"color: #000000\">\ud83d\udc9a je \u00fa\u010dinn\u00e1 aj pri lie\u010dbe chronickej hepatit\u00eddy B, HIV a <strong>Candida albicans<\/strong>. <\/span><br \/>\n<span style=\"color: #000000\">\u00a0<\/span><br \/>\n<span style=\"color: #000000\">V\u0161etky prvky s\u00fa v hub\u00e1ch pr\u00edtomn\u00e9 vo ve\u013ek\u00fdch mno\u017estv\u00e1ch a maj\u00fa ve\u013emi pozit\u00edvny vplyv na n\u00e1\u0161 organizmus.<\/span><br \/>\n<span style=\"color: #000000\">Vo forme pr\u00e1\u0161ku obsahuje mnoho \u017eiv\u00edn a jej priazniv\u00e9 \u00fa\u010dinky boli vedecky dok\u00e1zan\u00e9. \u0160t\u00fadie v r\u00f4znych krajin\u00e1ch po celom svete zistili mno\u017estvo priazniv\u00fdch \u00fa\u010dinkov spojen\u00fdch s pravidelnou konzum\u00e1ciou h\u00fab maitake.<\/span><br \/>\n<span style=\"color: #000000\">A mimoriadne d\u00f4le\u017eit\u00e9 je, \u017ee maitake je 100% pr\u00edrodn\u00fd produkt, ktor\u00fd n\u00e1m m\u00f4\u017ee pom\u00f4c\u0165 prirodzen\u00fdm sp\u00f4sobom. Zmier\u0148uje pr\u00edznaky na\u0161ich ochoren\u00ed a m\u00e1 pozit\u00edvny vplyv na na\u0161u celkov\u00fa pohodu. Je preto ur\u010den\u00e1 pre ka\u017ed\u00e9ho, kto by chcel ak\u00fdmko\u013evek sp\u00f4sobom vyu\u017e\u00edva\u0165 jej v\u00fdhody. Od zlep\u0161enia funkcie imunitn\u00e9ho syst\u00e9mu, pomoci pri raste kandidy, pomoci pri lie\u010dbe rakoviny, na v\u0161eobecn\u00fa pohodu at\u010f.\u00a0Ke\u010f\u017ee s\u00fa huby tak\u00e9 \u00fa\u010dinn\u00e9 pr\u00e1ve preto, \u017ee maj\u00fa schopnos\u0165 absorbova\u0165 v\u0161etko \u2013 dobr\u00e9 aj zl\u00e9 \u2013 z okolit\u00e9ho prostredia, je d\u00f4le\u017eit\u00e9 pou\u017e\u00edva\u0165 bio huby.<\/span><\/p>\n<h2><span style=\"color: #000000\">Pre\u010do huby?<\/span><\/h2>\n<p><span style=\"color: #000000\">Huby s\u00fa ve\u013emi zauj\u00edmav\u00e9. Nie s\u00fa to ani rastliny, ani \u017eivo\u010d\u00edchy, ale ur\u010dite s\u00fa to <strong>\u00fa\u017easn\u00e9 organizmy<\/strong>, ktor\u00e9 dok\u00e1zali pre\u017ei\u0165 takmer od po\u010diatku sveta. Vyvinuli si \u0161pecifick\u00fa strat\u00e9giu pre\u017eitia, ktor\u00fa si zachovali dodnes. No tieto v\u00fdhody m\u00f4\u017eu vyu\u017e\u00edva\u0165 aj \u013eudia, a to konzum\u00e1ciou lie\u010div\u00fdch h\u00fab. Prin\u00e1\u0161aj\u00fa n\u00e1m rovnov\u00e1hu na fyzickej \u00farovni a chr\u00e1nia n\u00e1s pred mnoh\u00fdmi chorobami. M\u00f4\u017eu p\u00f4sobi\u0165<strong> prevent\u00edvne<\/strong>, ale m\u00f4\u017eu by\u0165 aj<strong> podpornou lie\u010dbou<\/strong> popri konven\u010dnej alebo inej nekonven\u010dnej lie\u010dbe mnoh\u00fdch (modern\u00fdch) ochoren\u00ed. Tradi\u010dne sa hub\u00e1m pripisuj\u00fa \u00fa\u010dinky v pr\u00edpadoch rakoviny, autoimunitn\u00fdch ochoren\u00ed aj alergi\u00ed. S\u00fa tie\u017e oso\u017en\u00e9 pre zdrav\u00fa a siln\u00fa imunitn\u00fa odpove\u010f. Lek\u00e1rsky v\u00fdskum uskuto\u010dnen\u00fd v posledn\u00fdch desa\u0165ro\u010diach, ke\u010f sa huby stali predmetom z\u00e1ujmu z\u00e1padn\u00e9ho sveta, v\u0161ak potvrdil mnoh\u00e9 ich lie\u010div\u00e9 \u00fa\u010dinky.<\/span><br \/>\n<span style=\"color: #000000\">Ke\u010f\u017ee niektor\u00e9 pr\u00edrodn\u00e9 akt\u00edvne zlo\u017eky s\u00fa pre n\u00e1s nestr\u00e1vite\u013en\u00e9 alebo \u0165a\u017eko str\u00e1vite\u013en\u00e9, je ve\u013emi d\u00f4le\u017eit\u00e9 konzumova\u0165 len tie najlep\u0161ie hubov\u00e9 pr\u00e1\u0161ky. Huby sa musia spr\u00e1vne pestova\u0165, su\u0161i\u0165 a pripravova\u0165. Musia sa rozomlie\u0165 na jemn\u00fd pr\u00e1\u0161ok bez hrudiek. Farba pr\u00e1\u0161ku je svetlej\u0161ia, ale z\u00e1vis\u00ed aj od druhu huby, ktor\u00fa u\u017e\u00edvate.<\/span><\/p>\n<h2><span style=\"color: #000000\">Balenie<\/span><\/h2>\n<p><span style=\"color: #000000\">Nepriepustn\u00e9 vrecko so zipsom, v ktorom si produkt zachov\u00e1va svoju \u010derstvos\u0165 a v\u00f4\u0148u. Obal chr\u00e1ni pred svetlom a vzduchom, ke\u010f\u017ee sa sklad\u00e1 z nieko\u013ek\u00fdch ochrann\u00fdch vrstiev, ktor\u00e9 uchov\u00e1vaj\u00fa vlastnosti obsahu vn\u00fatri.<\/span><br \/>\n<span style=\"color: #000000\">Obal je ve\u013emi praktick\u00fd a recyklovate\u013en\u00fd.<\/span><\/p>\n<h2><span style=\"color: #000000\">Skladovanie a upozornenia<\/span><\/h2>\n<p><span style=\"color: #000000\">Skladujte na chladnom a suchom mieste. V\u00fd\u017eivov\u00fd doplnok uchov\u00e1vajte mimo dosahu det\u00ed!<\/span><br \/>\n<span style=\"color: #000000\">Pam\u00e4tajte na d\u00f4le\u017eitos\u0165 pestrej stravy a zdrav\u00e9ho \u017eivotn\u00e9ho \u0161t\u00fdlu, v\u00fd\u017eivov\u00fd doplnok nie je n\u00e1hradou vyv\u00e1\u017eenej a pestrej stravy. Odpor\u00fa\u010dan\u00e9 denn\u00e9 mno\u017estvo alebo d\u00e1vka by sa nemali prekro\u010di\u0165. Tehotn\u00fdm a doj\u010diacim \u017een\u00e1m sa odpor\u00fa\u010da, aby sa v\u017edy pred pou\u017eit\u00edm poradili s lek\u00e1rom.<\/span><\/p>\n<h2><span style=\"color: #000000\">Je dobr\u00e9 vedie\u0165<\/span><\/h2>\n<p><span style=\"color: #000000\">Produkt je vhodn\u00fd aj pre zvierat\u00e1. Vo v\u00e4\u010d\u0161ine pr\u00edpadov sa lie\u010div\u00e9 huby ukazuj\u00fa ako mimoriadne \u00fa\u010dinn\u00e9 pri posil\u0148ovan\u00ed imunitn\u00e9ho syst\u00e9mu, lie\u010dbe alergi\u00ed a ko\u017en\u00fdch ochoren\u00ed, ako aj v\u00edrusov\u00fdch a bakteri\u00e1lnych infekci\u00ed. Pred pou\u017eit\u00edm sa pora\u010fte so svoj\u00edm veterin\u00e1rom, aby ur\u010dil vhodnos\u0165 pod\u00e1vania a odpor\u00fa\u010dan\u00e9 denn\u00e9 mno\u017estvo.<\/span><\/p>\n<h2><span style=\"color: #000000\">P\u00f4vod<\/span><\/h2>\n<p><span style=\"color: #000000\">Slovinsko<\/span><\/p>\n","protected":false},"excerpt":{"rendered":"<p align=\"JUSTIFY\">Trsovnica lupe\u0148ovit\u00e1, alebo kriakov\u00fd hr\u00edb, je ve\u013emi ve\u013ek\u00e1 jedl\u00e1 huba, ktor\u00e1 sa v Japonsku pou\u017e\u00edva najm\u00e4 v kulin\u00e1rstve. M\u00e1 pr\u00edjemn\u00fa \u0161trukt\u00faru a chu\u0165. Pou\u017e\u00edva sa aj ako potravinov\u00fd doplnok v tradi\u010dnej \u010d\u00ednskej medic\u00edne. Huby maitake sa pou\u017e\u00edvaj\u00fa na zlep\u0161enie celkov\u00e9ho zdravia a fyzickej vitality.<\/p>\n<p>\ud83d\udc9a Posil\u0148uje imunitn\u00fd syst\u00e9m.<br \/>\n\ud83d\udc9a Zlep\u0161uje celkov\u00fa pohodu.<br \/>\n\ud83d\udc9a Je to antioxidant.<br \/>\n\ud83d\udc9a Pom\u00e1ha pri chronickej \u00fanave.<\/p>\n","protected":false},"featured_media":5851,"comment_status":"open","ping_status":"closed","template":"","meta":{"_acf_changed":false},"product_brand":[],"product_cat":[15,229,224,225],"product_tag":[],"class_list":{"0":"post-5850","1":"product","2":"type-product","3":"status-publish","4":"has-post-thumbnail","6":"product_cat-uncategorized","7":"product_cat-liecive-huby","8":"product_cat-ponuka","9":"product_cat-vsetky-produkty","11":"first","12":"instock","13":"taxable","14":"shipping-taxable","15":"purchasable","16":"product-type-simple"},"acf":[],"_links":{"self":[{"href":"https:\/\/fengchashop.com\/sk\/wp-json\/wp\/v2\/product\/5850","targetHints":{"allow":["GET"]}}],"collection":[{"href":"https:\/\/fengchashop.com\/sk\/wp-json\/wp\/v2\/product"}],"about":[{"href":"https:\/\/fengchashop.com\/sk\/wp-json\/wp\/v2\/types\/product"}],"replies":[{"embeddable":true,"href":"https:\/\/fengchashop.com\/sk\/wp-json\/wp\/v2\/comments?post=5850"}],"wp:featuredmedia":[{"embeddable":true,"href":"https:\/\/fengchashop.com\/sk\/wp-json\/wp\/v2\/media\/5851"}],"wp:attachment":[{"href":"https:\/\/fengchashop.com\/sk\/wp-json\/wp\/v2\/media?parent=5850"}],"wp:term":[{"taxonomy":"product_brand","embeddable":true,"href":"https:\/\/fengchashop.com\/sk\/wp-json\/wp\/v2\/product_brand?post=5850"},{"taxonomy":"product_cat","embeddable":true,"href":"https:\/\/fengchashop.com\/sk\/wp-json\/wp\/v2\/product_cat?post=5850"},{"taxonomy":"product_tag","embeddable":true,"href":"https:\/\/fengchashop.com\/sk\/wp-json\/wp\/v2\/product_tag?post=5850"}],"curies":[{"name":"wp","href":"https:\/\/api.w.org\/{rel}","templated":true}]}}