{"id":5846,"date":"2022-02-11T18:42:21","date_gmt":"2022-02-11T17:42:21","guid":{"rendered":"https:\/\/fengchashop.com\/sk\/product\/hericium-erinaceus-koralovec-jezaty-bio-eu-povod-125-g\/"},"modified":"2026-04-16T21:13:28","modified_gmt":"2026-04-16T19:13:28","slug":"hericium-erinaceus-koralovec-jezaty-bio-eu-povod","status":"publish","type":"product","link":"https:\/\/fengchashop.com\/sk\/product\/hericium-erinaceus-koralovec-jezaty-bio-eu-povod\/","title":{"rendered":"Hericium erinaceus (kor\u00e1lovec je\u017eat\u00fd) BIO E\u00da p\u00f4vod 125 g"},"content":{"rendered":"<h2><span style=\"color: #000000\">Hericium erinaceus (kor\u00e1lovec je\u017eat\u00fd)<\/span><\/h2>\n<p><span style=\"color: #000000\"><strong>Hericium erinaceus<\/strong>, alebo<strong> kor\u00e1lovec je\u017eat\u00fd<\/strong>, je mimoriadne chutn\u00e1 a vysoko cenen\u00e1 jedl\u00e1 a lie\u010div\u00e1 huba. Rastie na dreve spadnut\u00fdch stromov najm\u00e4 na severnej pologuli (Eur\u00f3pa, v\u00fdchodn\u00e1 \u00c1zia, Severn\u00e1 Amerika). M\u00e1 charakteristick\u00fd tvar a \u0161trukt\u00faru pripom\u00ednaj\u00facu bradu alebo leviu hrivu. V tradi\u010dnej medic\u00edne je vysoko cenen\u00fd pre svoje \u00fa\u010dinky a naz\u00fdvaj\u00fa ho \u201e<strong>pr\u00edrodn\u00e1 potrava pre neur\u00f3ny<\/strong>\u201c. Preto je vhodn\u00fd aj na <strong>oslaben\u00e9 nervov\u00e9 syst\u00e9my<\/strong>. Pravideln\u00e9 u\u017e\u00edvanie m\u00e1 priazniv\u00fd vplyv na nervov\u00fd syst\u00e9m, pom\u00e1ha pri prevencii a lie\u010dbe demencie a skler\u00f3zy multiplex. Jeho pozit\u00edvne vlastnosti sa prejavuj\u00fa aj v p\u00f4soben\u00ed proti dvom \u010doraz \u010dastej\u0161\u00edm modern\u00fdm chorob\u00e1m \u2013 depresii a \u00fazkosti.\u00a0<\/span><br \/>\n<span style=\"color: #000000\">Kor\u00e1lovec je\u017eat\u00fd m\u00e1 v tradi\u010dnej \u010d\u00ednskej medic\u00edne<strong> dlh\u00fa trad\u00edciu<\/strong> a je vysoko<strong> cenenou hubou<\/strong>.<\/span><br \/>\n<span style=\"color: #000000\">Vo forme pr\u00e1\u0161ku obsahuje Hericium erinaceus mnoho \u017eiv\u00edn. A v tejto forme ich na\u0161e telo dok\u00e1\u017ee vyu\u017ei\u0165. Jeho \u00fa\u010dinky boli aj<strong> vedecky dok\u00e1zan\u00e9<\/strong>.\u00a0<\/span><br \/>\n<span style=\"color: #000000\">V\u00fdroba n\u00e1\u0161ho kor\u00e1lovca je\u017eat\u00e9ho je pr\u00edsne kontrolovan\u00e1, bez pou\u017eitia chemik\u00e1li\u00ed alebo pestic\u00eddov a 100% ekologick\u00e1. Kvalitu h\u00fab pravidelne kontroluj\u00fa nez\u00e1visl\u00e9 laborat\u00f3ri\u00e1 v Slovinsku a USA.<\/span><br \/>\n<span style=\"color: #000000\">Medzi mnoh\u00e9 pozit\u00edvne \u00fa\u010dinky tejto huby patr\u00ed:<\/span><br \/>\n<span style=\"color: #000000\">\ud83d\udc9a je to antioxidant, <\/span><br \/>\n<span style=\"color: #000000\">\ud83d\udc9a pom\u00e1ha pri depresii a \u00fazkosti, <\/span><br \/>\n<span style=\"color: #000000\">\ud83d\udc9a zlep\u0161uje sp\u00e1nok, <\/span><br \/>\n<span style=\"color: #000000\">\ud83d\udc9a zlep\u0161uje pam\u00e4\u0165ov\u00e9 funkcie, <\/span><br \/>\n<span style=\"color: #000000\">\ud83d\udc9a stimuluje imunitn\u00fd syst\u00e9m, <\/span><br \/>\n<span style=\"color: #000000\">\ud83d\udc9a priaznivo p\u00f4sob\u00ed na cel\u00fd nervov\u00fd syst\u00e9m a podporuje jeho regener\u00e1ciu, <\/span><br \/>\n<span style=\"color: #000000\">\ud83d\udc9a pom\u00e1ha a predch\u00e1dza kardiovaskul\u00e1rnym ochoreniam, <\/span><br \/>\n<span style=\"color: #000000\">\ud83d\udc9a je antibakteri\u00e1lna.<\/span><\/p>\n<h2><span style=\"color: #000000\">\u010co obsahuje a pre koho je ur\u010den\u00e1?<\/span><\/h2>\n<p><span style=\"color: #000000\">Medzi \u00fa\u010dinn\u00e9 zlo\u017eky huby Hericium erinaceus patria <strong>beta-gluk\u00e1ny<\/strong>, ktor\u00e9 s\u00fa typick\u00e9 pre huby. Takzvan\u00fd HEP3 je jedn\u00fdm z farmakologicky zauj\u00edmavej\u0161\u00edch 1-3D-beta-gluk\u00e1nov. V hub\u00e1ch sa nach\u00e1dzaj\u00fa aj<strong> polysacharidy a polypeptidy<\/strong>, ako aj <strong>fytosteroly<\/strong> ako beta sitosterol a ergosterol, esenci\u00e1lne miner\u00e1ly a<strong> stopov\u00e9 prvky<\/strong> (Zn, Fe, Se, Ge at\u010f.), <strong>niac\u00edn, biot\u00edn a vitam\u00edn D<\/strong>.<\/span><br \/>\n<span style=\"color: #000000\">V\u010faka svojmu vysokokvalitn\u00e9mu zlo\u017eeniu aminokysel\u00edn m\u00e1 kor\u00e1lovec je\u017eat\u00fd<strong> najvy\u0161\u0161iu biologick\u00fa hodnotu<\/strong> v porovnan\u00ed s ostatn\u00fdmi jedl\u00fdmi hubami (biela huba, hliva ustricov\u00e1 a huba shiitake), a preto je <strong>vhodnou n\u00e1hradou m\u00e4sa<\/strong> vo vegetari\u00e1nskej strave.<\/span><br \/>\n<span style=\"color: #000000\">V\u0161etky prvky s\u00fa v hub\u00e1ch pr\u00edtomn\u00e9 vo ve\u013ek\u00fdch mno\u017estv\u00e1ch a maj\u00fa ve\u013emi pozit\u00edvny vplyv na n\u00e1\u0161 organizmus. U\u017e\u00edvanie kor\u00e1lovca je\u017eat\u00e9ho sa odpor\u00fa\u010da najm\u00e4 t\u00fdm, ktor\u00ed potrebuj\u00fa podpori\u0165 nervov\u00fd syst\u00e9m a funkciu mozgu. Pod\u013ea vedeck\u00fdch zisten\u00ed je v\u00fdborn\u00fd aj pri pr\u00edznakoch depresie a \u00fazkosti. \u010casto sa pou\u017e\u00edva aj na posilnenie imunitn\u00e9ho syst\u00e9mu.\u00a0<\/span><br \/>\n<span style=\"color: #000000\">A mimoriadne d\u00f4le\u017eit\u00e9 je, \u017ee hericium erinaceus je <strong>100% pr\u00edrodn\u00fd produkt<\/strong>, ktor\u00fd n\u00e1m m\u00f4\u017ee pom\u00f4c\u0165 prirodzen\u00fdm sp\u00f4sobom. Zmier\u0148uje pr\u00edznaky na\u0161ich ochoren\u00ed a m\u00e1 pozit\u00edvny vplyv na na\u0161u celkov\u00fa pohodu.<\/span><\/p>\n<h2><span style=\"color: #000000\">Pre\u010do huby?<\/span><\/h2>\n<p><span style=\"color: #000000\">Huby s\u00fa ve\u013emi zauj\u00edmav\u00e9. Nie s\u00fa to ani rastliny, ani \u017eivo\u010d\u00edchy, ale ur\u010dite s\u00fa to <strong>\u00fa\u017easn\u00e9 organizmy<\/strong>, ktor\u00e9 dok\u00e1zali pre\u017ei\u0165 takmer od po\u010diatku sveta. Vyvinuli si \u0161pecifick\u00fa strat\u00e9giu pre\u017eitia, ktor\u00fa si zachovali dodnes. No tieto v\u00fdhody m\u00f4\u017eu vyu\u017e\u00edva\u0165 aj \u013eudia, a to konzum\u00e1ciou lie\u010div\u00fdch h\u00fab. Prin\u00e1\u0161aj\u00fa n\u00e1m rovnov\u00e1hu na fyzickej \u00farovni a chr\u00e1nia n\u00e1s pred mnoh\u00fdmi chorobami. M\u00f4\u017eu p\u00f4sobi\u0165 <strong>prevent\u00edvne<\/strong>, ale m\u00f4\u017eu by\u0165 aj <strong>podpornou lie\u010dbou<\/strong> popri konven\u010dnej alebo inej nekonven\u010dnej lie\u010dbe mnoh\u00fdch (modern\u00fdch) ochoren\u00ed. Tradi\u010dne sa hub\u00e1m pripisuj\u00fa \u00fa\u010dinky v pr\u00edpadoch rakoviny, autoimunitn\u00fdch ochoren\u00ed aj alergi\u00ed. S\u00fa tie\u017e oso\u017en\u00e9 pre zdrav\u00fa a siln\u00fa imunitn\u00fa odpove\u010f. Lek\u00e1rsky v\u00fdskum uskuto\u010dnen\u00fd v posledn\u00fdch desa\u0165ro\u010diach, ke\u010f sa huby stali predmetom z\u00e1ujmu z\u00e1padn\u00e9ho sveta, v\u0161ak potvrdil mnoh\u00e9 ich lie\u010div\u00e9 \u00fa\u010dinky.<\/span><br \/>\n<span style=\"color: #000000\">Ke\u010f\u017ee niektor\u00e9 pr\u00edrodn\u00e9 akt\u00edvne zlo\u017eky s\u00fa pre n\u00e1s nestr\u00e1vite\u013en\u00e9 alebo \u0165a\u017eko str\u00e1vite\u013en\u00e9, je ve\u013emi d\u00f4le\u017eit\u00e9 konzumova\u0165 len tie najlep\u0161ie hubov\u00e9 pr\u00e1\u0161ky. Huby sa musia spr\u00e1vne pestova\u0165, su\u0161i\u0165 a pripravova\u0165. Musia sa rozomlie\u0165 na jemn\u00fd pr\u00e1\u0161ok bez hrudiek. Farba pr\u00e1\u0161ku je svetlej\u0161ia, ale z\u00e1vis\u00ed aj od druhu huby, ktor\u00fa u\u017e\u00edvate.\u00a0Ke\u010f\u017ee s\u00fa huby tak\u00e9 \u00fa\u010dinn\u00e9 pr\u00e1ve preto, \u017ee maj\u00fa schopnos\u0165 absorbova\u0165 v\u0161etko \u2013 dobr\u00e9 aj zl\u00e9 \u2013 z okolit\u00e9ho prostredia, je d\u00f4le\u017eit\u00e9 <strong>pou\u017e\u00edva\u0165 bio huby<\/strong>.<\/span><\/p>\n<h2><span style=\"color: #000000\">Balenie<\/span><\/h2>\n<p><span style=\"color: #000000\">Nepriepustn\u00e9 vrecko so zipsom, v ktorom si produkt zachov\u00e1va svoju \u010derstvos\u0165 a v\u00f4\u0148u. Obal chr\u00e1ni pred svetlom a vzduchom, ke\u010f\u017ee sa sklad\u00e1 z nieko\u013ek\u00fdch ochrann\u00fdch vrstiev, ktor\u00e9 uchov\u00e1vaj\u00fa vlastnosti obsahu vn\u00fatri.<\/span><br \/>\n<span style=\"color: #000000\">Obal je ve\u013emi praktick\u00fd a recyklovate\u013en\u00fd.<\/span><\/p>\n<h2><span style=\"color: #000000\">Skladovanie a upozornenia<\/span><\/h2>\n<p><span style=\"color: #000000\">Skladujte na chladnom a suchom mieste. V\u00fd\u017eivov\u00fd doplnok uchov\u00e1vajte mimo dosahu det\u00ed!<\/span><br \/>\n<span style=\"color: #000000\">Pam\u00e4tajte na d\u00f4le\u017eitos\u0165 pestrej stravy a zdrav\u00e9ho \u017eivotn\u00e9ho \u0161t\u00fdlu, v\u00fd\u017eivov\u00fd doplnok nie je n\u00e1hradou vyv\u00e1\u017eenej a pestrej stravy. Odpor\u00fa\u010dan\u00e9 denn\u00e9 mno\u017estvo alebo d\u00e1vka by sa nemali prekro\u010di\u0165. Tehotn\u00fdm a doj\u010diacim \u017een\u00e1m sa odpor\u00fa\u010da, aby sa v\u017edy pred pou\u017eit\u00edm poradili s lek\u00e1rom.<\/span><\/p>\n<h2><span style=\"color: #000000\">Je dobr\u00e9 vedie\u0165<\/span><\/h2>\n<p><span style=\"color: #000000\">Produkt je vhodn\u00fd aj pre zvierat\u00e1. Vo v\u00e4\u010d\u0161ine pr\u00edpadov sa lie\u010div\u00e9 huby ukazuj\u00fa ako mimoriadne \u00fa\u010dinn\u00e9 pri posil\u0148ovan\u00ed imunitn\u00e9ho syst\u00e9mu, lie\u010dbe alergi\u00ed a ko\u017en\u00fdch ochoren\u00ed, ako aj v\u00edrusov\u00fdch a bakteri\u00e1lnych infekci\u00ed. Pred pou\u017eit\u00edm sa pora\u010fte so svoj\u00edm veterin\u00e1rom, aby ur\u010dil vhodnos\u0165 pod\u00e1vania a odpor\u00fa\u010dan\u00e9 denn\u00e9 mno\u017estvo.<\/span><\/p>\n<h2><span style=\"color: #000000\">P\u00f4vod<\/span><\/h2>\n<p>\u010c\u00edna.<\/p>\n<p>M\u00e1me ve\u013emi spo\u013eahliv\u00fdch dod\u00e1vate\u013eov, ktor\u00ed n\u00e1m posielaj\u00fa podrobn\u00fa chemick\u00fa anal\u00fdzu produktu pre ka\u017ed\u00fa \u0161ar\u017eu. Za viac ako 10 rokov sme s t\u00fdmto produktom, ani s in\u00fdm produktom od toho ist\u00e9ho dod\u00e1vate\u013ea, nikdy nemali \u017eiadne stiahnutie produktu \u010di in\u00fd probl\u00e9m.<\/p>\n<p>Tento produkt je 100% certifikovan\u00fd ako ekologick\u00fd.<\/p>\n","protected":false},"excerpt":{"rendered":"<p align=\"JUSTIFY\">Hericium erinaceus, alebo kor\u00e1lovec je\u017eat\u00fd, je mimoriadne chutn\u00e1 a vysoko cenen\u00e1 jedl\u00e1 a lie\u010div\u00e1 huba. V tradi\u010dnej medic\u00edne je vysoko cenen\u00fd pre svoje \u00fa\u010dinky a naz\u00fdvaj\u00fa ho \u201epr\u00edrodn\u00e1 potrava pre neur\u00f3ny\u201c. Preto je vhodn\u00fd aj na oslaben\u00e9 nervov\u00e9 syst\u00e9my.<\/p>\n<p>\ud83d\udc9a Je to antioxidant.<br \/>\n\ud83d\udc9a Pom\u00e1ha pri depresii a \u00fazkosti.<br \/>\n\ud83d\udc9a Zlep\u0161uje pam\u00e4\u0165ov\u00e9 funkcie.<br \/>\n\ud83d\udc9a Stimuluje imunitn\u00fd syst\u00e9m.<br \/>\n\ud83d\udc9a Priaznivo p\u00f4sob\u00ed na cel\u00fd nervov\u00fd syst\u00e9m.<\/p>\n","protected":false},"featured_media":5847,"comment_status":"open","ping_status":"closed","template":"","meta":{"_acf_changed":false},"product_brand":[],"product_cat":[15,229,228,224,225],"product_tag":[],"class_list":{"0":"post-5846","1":"product","2":"type-product","3":"status-publish","4":"has-post-thumbnail","6":"product_cat-uncategorized","7":"product_cat-liecive-huby","8":"product_cat-najpredavanejsie","9":"product_cat-ponuka","10":"product_cat-vsetky-produkty","12":"first","13":"instock","14":"sale","15":"taxable","16":"shipping-taxable","17":"purchasable","18":"product-type-simple"},"acf":[],"_links":{"self":[{"href":"https:\/\/fengchashop.com\/sk\/wp-json\/wp\/v2\/product\/5846","targetHints":{"allow":["GET"]}}],"collection":[{"href":"https:\/\/fengchashop.com\/sk\/wp-json\/wp\/v2\/product"}],"about":[{"href":"https:\/\/fengchashop.com\/sk\/wp-json\/wp\/v2\/types\/product"}],"replies":[{"embeddable":true,"href":"https:\/\/fengchashop.com\/sk\/wp-json\/wp\/v2\/comments?post=5846"}],"wp:featuredmedia":[{"embeddable":true,"href":"https:\/\/fengchashop.com\/sk\/wp-json\/wp\/v2\/media\/5847"}],"wp:attachment":[{"href":"https:\/\/fengchashop.com\/sk\/wp-json\/wp\/v2\/media?parent=5846"}],"wp:term":[{"taxonomy":"product_brand","embeddable":true,"href":"https:\/\/fengchashop.com\/sk\/wp-json\/wp\/v2\/product_brand?post=5846"},{"taxonomy":"product_cat","embeddable":true,"href":"https:\/\/fengchashop.com\/sk\/wp-json\/wp\/v2\/product_cat?post=5846"},{"taxonomy":"product_tag","embeddable":true,"href":"https:\/\/fengchashop.com\/sk\/wp-json\/wp\/v2\/product_tag?post=5846"}],"curies":[{"name":"wp","href":"https:\/\/api.w.org\/{rel}","templated":true}]}}