{"id":9748,"date":"2026-02-02T22:59:32","date_gmt":"2026-02-02T21:59:32","guid":{"rendered":"https:\/\/fengchashop.com\/si\/?post_type=product&#038;p=9748"},"modified":"2026-04-26T08:38:58","modified_gmt":"2026-04-26T06:38:58","slug":"zapper-vecfrekvencna-rocna-naprava","status":"publish","type":"product","link":"https:\/\/fengchashop.com\/si\/izdelek\/zapper-vecfrekvencna-rocna-naprava\/","title":{"rendered":"ZAPPER \u2013 ve\u010dfrekven\u010dna ro\u010dna naprava"},"content":{"rendered":"<h2><span style=\"color: #000000\">Ime<\/span><\/h2>\n<p style=\"text-align: justify\"><span style=\"color: #000000\">ZAPPER \u2013 ve\u010dfrekven\u010dna ro\u010dna naprava po konceptu dr. Hulde Clark<\/span><\/p>\n<h2 data-start=\"101\" data-end=\"117\"><span style=\"color: #000000\">Opis izdelka<\/span><\/h2>\n<p data-start=\"119\" data-end=\"425\"><span style=\"color: #000000\">Zapper je ve\u010dfrekven\u010dna, ro\u010dna elektronska naprava, zasnovana po konceptu dr. Hulde Clark, namenjena enostavni in zanesljivi doma\u010di uporabi. Deluje z oddajanjem pulzirajo\u010dega elektri\u010dnega signala ter samodejno uporablja <strong data-start=\"339\" data-end=\"390\">26 frekvenc v razponu od pribli\u017eno 10 do 41 kHz<\/strong>, ki se med delovanjem izmenjujejo.<\/span><\/p>\n<p data-start=\"427\" data-end=\"706\"><span style=\"color: #000000\">Upravlja se z enim gumbom in deluje v <strong data-start=\"465\" data-end=\"496\">samodejnem 7-minutnem ciklu<\/strong> z avtomatskim izklopom. Svetlobni in zvo\u010dni signali omogo\u010dajo nadzor pravilnega delovanja. Opremljen je z <strong data-start=\"603\" data-end=\"664\">odstranljivima ro\u010dnima elektrodama iz poliranega medenine<\/strong> ter omogo\u010da nastavitev izhodne napetosti.<\/span><\/p>\n<p data-start=\"708\" data-end=\"905\"><span style=\"color: #000000\">Naprava deluje na standardno 9 V baterijo (prilo\u017eena), je kompaktna, prenosna in primerna za uporabo doma ali na poti. Izdelana je v skladu z <strong data-start=\"850\" data-end=\"874\">GMP in ISO standardi<\/strong> ter ima <strong data-start=\"883\" data-end=\"904\">5-letno garancijo<\/strong>.<\/span><\/p>\n<h2><span style=\"color: #000000\">Glavne prednosti<\/span><\/h2>\n<ul>\n<li data-start=\"1900\" data-end=\"1956\"><span style=\"color: #000000\">Ve\u010dfrekven\u010dno delovanje s <strong data-start=\"1926\" data-end=\"1956\">26 samodejnimi frekvencami<\/strong><\/span><\/li>\n<li data-start=\"1959\" data-end=\"2020\"><span style=\"color: #000000\">Samodejni <strong data-start=\"1969\" data-end=\"1990\">7-minutni program<\/strong> za enostavno in varno uporabo<\/span><\/li>\n<li data-start=\"2023\" data-end=\"2079\"><span style=\"color: #000000\">Nastavljiva izhodna napetost (od pribli\u017eno 2 % do 100 %)<\/span><\/li>\n<li data-start=\"2082\" data-end=\"2117\"><span style=\"color: #000000\">Vizualni in zvo\u010dni nadzor delovanja<\/span><\/li>\n<li data-start=\"2120\" data-end=\"2167\"><span style=\"color: #000000\">Samodejni izklop in za\u0161\u010dita pred kratkim stikom<\/span><\/li>\n<li data-start=\"2170\" data-end=\"2221\"><span style=\"color: #000000\">Odstranljive ro\u010dne elektrode iz poliranega medenine<\/span><\/li>\n<li data-start=\"2224\" data-end=\"2267\"><span style=\"color: #000000\">Kompaktna, prenosna in enostavna za uporabo<\/span><\/li>\n<li data-start=\"2270\" data-end=\"2306\"><span style=\"color: #000000\">Delovanje na standardno 9 V baterijo<\/span><\/li>\n<li data-start=\"2309\" data-end=\"2354\"><span style=\"color: #000000\">Visoka kakovost izdelave, testirano delovanje<\/span><\/li>\n<li data-start=\"2357\" data-end=\"2374\"><span style=\"color: #000000\">5-letna garancija<\/span><\/li>\n<\/ul>\n<h2><span style=\"color: #000000\">Izgled in funkcionalnost<\/span><\/h2>\n<p data-start=\"2410\" data-end=\"2711\"><span style=\"color: #000000\">Zapper je zasnovan minimalisti\u010dno in funkcionalno. Ohi\u0161je je izdelano iz trpe\u017ene sinteti\u010dne plastike, ki \u0161\u010diti elektroniko in omogo\u010da dolgo \u017eivljenjsko dobo naprave. Njegova kompaktna velikost omogo\u010da enostavno shranjevanje in prena\u0161anje, zato je primeren tako za doma\u010do uporabo kot tudi za potovanja.<\/span><\/p>\n<p data-start=\"2713\" data-end=\"2946\"><span style=\"color: #000000\">Ro\u010dne elektrode iz poliranega medenine so ergonomsko oblikovane in prijetne na otip. Zaradi naravnih lastnosti materiala imajo tudi antibakterijske lastnosti. Elektrode so snemljive in jih je mogo\u010de po potrebi o\u010distiti ali zamenjati.<\/span><\/p>\n<p data-start=\"2948\" data-end=\"3197\"><span style=\"color: #000000\">Naprava se samodejno vklopi \u0161ele, ko uporabnik pravilno dr\u017ei obe elektrodi, kar dodatno prispeva k varnosti in zanesljivosti uporabe. V primeru slabega stika, suhe ko\u017ee ali po\u0161kodbe kabla naprava tega ne za\u017eene, temve\u010d uporabnika opozori s signalom.<\/span><\/p>\n<h2 data-start=\"3204\" data-end=\"3228\"><span style=\"color: #000000\">Pomembno opozorilo<\/span><\/h2>\n<p data-start=\"3229\" data-end=\"3467\"><span style=\"color: #000000\">Zapper ni medicinski pripomo\u010dek in ni namenjen diagnosticiranju, zdravljenju ali prepre\u010devanju bolezni. Uporaba je na lastno odgovornost. Nose\u010dnice ter osebe s sr\u010dnim spodbujevalnikom ali podobnimi napravami zapperja ne smejo uporabljati.<\/span><\/p>\n","protected":false},"excerpt":{"rendered":"<p>Zapper je namenjen <strong data-start=\"19\" data-end=\"118\">enostavni in redni doma\u010di uporabi ve\u010dfrekven\u010dne elektronske naprave po konceptu dr. Hulde Clark<\/strong>.<\/p>\n<p>\ud83d\udc9a Ve\u010dfrekven\u010dno delovanje s <strong data-start=\"1926\" data-end=\"1956\">26 samodejnimi frekvencami<\/strong><\/p>\n<p>\ud83d\udc9a Samodejni <strong data-start=\"1969\" data-end=\"1990\">7-minutni program<\/strong> za enostavno in varno uporabo<\/p>\n<p>\ud83d\udc9a Nastavljiva izhodna napetost (od pribli\u017eno 2 % do 100 %)<\/p>\n<p>\ud83d\udc9a Vizualni in zvo\u010dni nadzor delovanja<\/p>\n<p>\ud83d\udc9a Samodejni izklop in za\u0161\u010dita pred kratkim stikom<\/p>\n<p>\ud83d\udc9a Odstranljive ro\u010dne elektrode iz poliranega medenine<\/p>\n<p>\ud83d\udc9a Kompaktna, prenosna in enostavna za uporabo<\/p>\n<p>\ud83d\udc9a Delovanje na standardno 9 V baterijo<\/p>\n<p>\ud83d\udc9a Visoka kakovost izdelave, testirano delovanje<\/p>\n<p>&nbsp;<\/p>\n","protected":false},"featured_media":9815,"comment_status":"open","ping_status":"closed","template":"","meta":{"_acf_changed":false},"product_brand":[],"product_cat":[219,208,216],"product_tag":[],"class_list":{"0":"post-9748","1":"product","2":"type-product","3":"status-publish","4":"has-post-thumbnail","6":"product_cat-novo","7":"product_cat-ostalo","8":"product_cat-vsi-izdelki","10":"first","11":"instock","12":"taxable","13":"shipping-taxable","14":"purchasable","15":"product-type-simple"},"acf":[],"_links":{"self":[{"href":"https:\/\/fengchashop.com\/si\/wp-json\/wp\/v2\/product\/9748","targetHints":{"allow":["GET"]}}],"collection":[{"href":"https:\/\/fengchashop.com\/si\/wp-json\/wp\/v2\/product"}],"about":[{"href":"https:\/\/fengchashop.com\/si\/wp-json\/wp\/v2\/types\/product"}],"replies":[{"embeddable":true,"href":"https:\/\/fengchashop.com\/si\/wp-json\/wp\/v2\/comments?post=9748"}],"wp:featuredmedia":[{"embeddable":true,"href":"https:\/\/fengchashop.com\/si\/wp-json\/wp\/v2\/media\/9815"}],"wp:attachment":[{"href":"https:\/\/fengchashop.com\/si\/wp-json\/wp\/v2\/media?parent=9748"}],"wp:term":[{"taxonomy":"product_brand","embeddable":true,"href":"https:\/\/fengchashop.com\/si\/wp-json\/wp\/v2\/product_brand?post=9748"},{"taxonomy":"product_cat","embeddable":true,"href":"https:\/\/fengchashop.com\/si\/wp-json\/wp\/v2\/product_cat?post=9748"},{"taxonomy":"product_tag","embeddable":true,"href":"https:\/\/fengchashop.com\/si\/wp-json\/wp\/v2\/product_tag?post=9748"}],"curies":[{"name":"wp","href":"https:\/\/api.w.org\/{rel}","templated":true}]}}