{"id":9417,"date":"2026-01-13T17:09:26","date_gmt":"2026-01-13T16:09:26","guid":{"rendered":"https:\/\/fengchashop.com\/si\/?post_type=product&#038;p=9417"},"modified":"2026-04-29T22:28:20","modified_gmt":"2026-04-29T20:28:20","slug":"ganoderma-lucidum-reishi-bio","status":"publish","type":"product","link":"https:\/\/fengchashop.com\/si\/izdelek\/ganoderma-lucidum-reishi-bio\/","title":{"rendered":"Ganoderma lucidum (Reishi) BIO 125 g"},"content":{"rendered":"<h2>Ganoderma lucidum (Reishi) BIO<\/h2>\n<p>Ganoderma lucidum, imenovana tudi<strong> goba nesmrtnosti,<\/strong> se v tradicionalni kitajski kulturi uporablja \u017ee vsaj nekaj tiso\u010dletji. Znano je, da<strong> izbolj\u0161uje splo\u0161no po\u010dutje.<\/strong> Poleg tega ima \u0161e \u0161tevilne druge pozitivne u\u010dinke. Med drugim lahko neuravnote\u017eeno telo spremeni v zdravo, saj pripomore k ohranjanju dobre telesne kondicije, hkrati pa ohranja vitalno ravnovesje na\u0161ega telesa.<\/p>\n<p>V tradicionalni kitajski kulturi se <strong>uporablja \u017ee vsaj 4000 let.<\/strong> V zahodnem svetu pa je posebno zanimanje vzbudila \u0161ele pred kratkim. V Aziji velja Ganoderma za gobo, ki<strong> spodbuja dolgo \u017eivljenje in krepi zdravje<\/strong>.<\/p>\n<p>Pridelava na\u0161e Ganoderme lucidum je strogo nadzorovana, brez uporabe kemikalij ali pesticidov in <strong>100 % ekolo\u0161ka<\/strong>. Kakovost gob pa je redno nadzorovana s strani neodvisnih laboratorijev v Sloveniji in ZDA.<\/p>\n<h2>Kaj vsebuje in komu je namenjena?<\/h2>\n<p>Ganoderma lucidum je sestavljena <strong>iz kompleksnih polisaharidov, triterpenoidov, vitaminov<\/strong> (A, B2, B3, B6, folna kislina &#8230;) in<strong> bioaktivnih mineralov<\/strong> (germanij, \u017eelezo, magnezij, cink, baker, mangan &#8230;). Je tudi naravni vir beta-glukana. Vsi ti elementi so v gobi prisotni v velikih koli\u010dinah in imajo zato izredno pozitiven u\u010dinek na na\u0161e telo.<\/p>\n<p>Reishi je ena najbolj preverjenih zdravilnih gob. Njene u\u010dinkovine pa so bile tudi<strong> znanstveno dokazane.<\/strong> Tudi na\u0161e zdravilne gobe so redno preu\u010devane v raziskavah v sodelovanju s slovenskimi in tujimi raziskovalnimi in\u0161titucijami.<\/p>\n<p>V obliki prahu vsebuje Ganoderma lucidum veliko hranilnih snovi. \u0160tudije iz razli\u010dnih dr\u017eavah po svetu so ugotovile \u0161tevilne koristne u\u010dinke, ki so povezani z rednim u\u017eivanjem Ganoderme lucidum. U\u017eivanje Ganoderme zato priporo\u010damo pravzaprav kar vsem.<\/p>\n<h2>Zakaj ravno gobe?<\/h2>\n<p>Gobe so zelo zanimive. Niso ne rastline ne \u017eivali, kar pa so, so zagotovo neverjetni organizmi, ki so uspeli pre\u017eiveti pravzaprav skoraj od za\u010detka sveta. Razvile so posebno strategijo pre\u017eivetja, ki jih ohranja vse do danes. Njihove posebnosti lahko izkoristimo tudi ljudje, ko jih vklju\u010dimo v svojo prehrano. Prina\u0161ajo nam uravnote\u017eenost na telesni ravni, prispevajo k splo\u0161nemu dobremu po\u010dutju in nas \u0161\u010ditijo pred \u0161tevilnimi te\u017eavami.<\/p>\n<p>Ker so dolo\u010dene naravne u\u010dinkovine za nas neprebavljive ali te\u017eko prebavljive, je zelo pomembno, da u\u017eivamo samo najbolj\u0161e gobe v prahu. Gobe morajo biti pravilno vzrejene, posu\u0161ene in pripravljene. Zmlete morajo biti v fin prah brez ko\u0161\u010dkov. Barva prahu je svetlej\u0161a, sicer pa je odvisna tudi od vrste gobe, ki jo jemljemo. Ker so gobe tako u\u010dinkovite ravno zato, ker imajo sposobnost absorpcije vsega &#8211; dobrega in slabega iz okolja, je pomembno, da posegamo po ekolo\u0161ko pridelanih.<\/p>\n<h2>Pakiranje<\/h2>\n<p>Nepredu\u0161na vre\u010dka z zadrgo, kjer izdelek ohrani vso sve\u017eino in aromo. Embala\u017ea \u0161\u010diti pred svetlobo in zrakom, saj je sestavljena iz ve\u010d slojev za\u0161\u010dite, ki ohranjajo lastnosti vsebine.<\/p>\n<p>Embala\u017ea je zelo prakti\u010dna in omogo\u010da recikliranje.<\/p>\n<h2>Shranjevanje in opozorila<\/h2>\n<p>Shranjujte v suhem in hladnem prostoru. Prehransko dopolnilo naj bo nedosegljivo otrokom!<\/p>\n<p>Ne pozabite na pomembnost raznolike prehrane in zdravega na\u010dina \u017eivljenja, prehransko dopolnilo zato ni nadomestilo za uravnote\u017eeno in raznovrstno prehrano. Priporo\u010dene dnevne koli\u010dine oziroma odmerka se ne sme prekora\u010diti. Nose\u010dnicam in doje\u010dim materam pred uporabo vedno svetujemo posvet z zdravnikom.<\/p>\n<h2>Dobro je vedeti<\/h2>\n<p>Izdelek je primeren tudi za \u017eivali. V ve\u010dini primerov se medicinske gobe izka\u017eejo kot izredno u\u010dinkovite pri krepitvi imunskega sistema, odpravljanju alergij in obolenj ko\u017ee ter virusnih in bakterijskih oku\u017eb. O smiselnosti jemanja in priporo\u010deni dnevni koli\u010dini se pred uporabo posvetujte z veterinarjem.<\/p>\n<h2>Poreklo<\/h2>\n<p style=\"text-align: justify\"><span style=\"color: #000000\">Kitajska<\/span><\/p>\n<p><span style=\"color: #000000\">Imamo zelo zanesljive dobavitelje, ki nam za vsako serijo po\u0161ljejo podrobno kemijsko analizo \u017eivila. V ve\u010d kot desetih letih nismo imeli \u0161e nobenega odpoklica ali kakr\u0161ne koli druge te\u017eave s tem artiklom, pa tudi z drugimi artikli istega dobavitelja ne.<\/span><\/p>\n<p><span style=\"color: #000000\">Artikel ima 100 % ekolo\u0161ki certifikat.<\/span><\/p>\n","protected":false},"excerpt":{"rendered":"<p align=\"JUSTIFY\">Prehransko dopolnilo. Ganoderma lucidum, imenovana tudi <strong>goba nesmrtnosti<\/strong>, se v tradicionalni kitajski kulturi uporablja \u017ee vsaj nekaj tiso\u010dletji.<\/p>\n","protected":false},"featured_media":4084,"comment_status":"open","ping_status":"closed","template":"","meta":{"_acf_changed":false},"product_brand":[],"product_cat":[15,198,218,216],"product_tag":[],"class_list":{"0":"post-9417","1":"product","2":"type-product","3":"status-publish","4":"has-post-thumbnail","6":"product_cat-uncategorized","7":"product_cat-medicinske-gobe","8":"product_cat-najbolj-prodajano","9":"product_cat-vsi-izdelki","11":"first","12":"instock","13":"taxable","14":"shipping-taxable","15":"purchasable","16":"product-type-simple"},"acf":[],"_links":{"self":[{"href":"https:\/\/fengchashop.com\/si\/wp-json\/wp\/v2\/product\/9417","targetHints":{"allow":["GET"]}}],"collection":[{"href":"https:\/\/fengchashop.com\/si\/wp-json\/wp\/v2\/product"}],"about":[{"href":"https:\/\/fengchashop.com\/si\/wp-json\/wp\/v2\/types\/product"}],"replies":[{"embeddable":true,"href":"https:\/\/fengchashop.com\/si\/wp-json\/wp\/v2\/comments?post=9417"}],"wp:featuredmedia":[{"embeddable":true,"href":"https:\/\/fengchashop.com\/si\/wp-json\/wp\/v2\/media\/4084"}],"wp:attachment":[{"href":"https:\/\/fengchashop.com\/si\/wp-json\/wp\/v2\/media?parent=9417"}],"wp:term":[{"taxonomy":"product_brand","embeddable":true,"href":"https:\/\/fengchashop.com\/si\/wp-json\/wp\/v2\/product_brand?post=9417"},{"taxonomy":"product_cat","embeddable":true,"href":"https:\/\/fengchashop.com\/si\/wp-json\/wp\/v2\/product_cat?post=9417"},{"taxonomy":"product_tag","embeddable":true,"href":"https:\/\/fengchashop.com\/si\/wp-json\/wp\/v2\/product_tag?post=9417"}],"curies":[{"name":"wp","href":"https:\/\/api.w.org\/{rel}","templated":true}]}}