{"id":8957,"date":"2025-12-18T12:23:01","date_gmt":"2025-12-18T11:23:01","guid":{"rendered":"https:\/\/fengchashop.com\/si\/?post_type=product&#038;p=8957"},"modified":"2026-04-30T13:34:35","modified_gmt":"2026-04-30T11:34:35","slug":"ozemljitvena-rjuha","status":"publish","type":"product","link":"https:\/\/fengchashop.com\/si\/izdelek\/ozemljitvena-rjuha\/","title":{"rendered":"Ozemljitvena rjuha"},"content":{"rendered":"<div class=\"wpb-content-wrapper\"><p><span style=\"color: #000000\">[vc_row][vc_column][vc_column_text css=&#8221;&#8221;]<\/span><\/p>\n<h2><span style=\"color: #000000\">Ime<\/span><\/h2>\n<p style=\"text-align: justify\"><span style=\"color: #000000\">Ozemljitvena rjuha Earth Flow.<\/span><\/p>\n<h2><span style=\"color: #000000\">Opis<\/span><\/h2>\n<p><strong>Ozemljitvena rjuha Earth Flow<\/strong> omogo\u010da, da se med spanjem ponovno uskladite z <strong>naravno energijo Zemlje<\/strong>. <strong>Ozemljevanje<\/strong> pomeni neposreden stik telesa z zemeljsko energijo, ki ima negativen elektri\u010dni naboj. Ta stik pomaga uravnavati prese\u017eek pozitivnega naboja v telesu, kar lahko <strong>prispeva k manj vnetnim procesom, ni\u017eji ravni stresnih hormonov ter kakovostnej\u0161emu in globljemu spancu<\/strong>.<\/p>\n<h2 class=\"elementor-heading-title elementor-size-default\"><span style=\"color: #000000\">Kak\u0161ne koristi prina\u0161a spanje na rjuhi Earth Flow??<\/span><\/h2>\n<ul>\n<li data-start=\"646\" data-end=\"696\">bolj\u0161e <strong>splo\u0161no po\u010dutje<\/strong> in <strong>manj telesnih bole\u010din<\/strong>,<\/li>\n<li data-start=\"646\" data-end=\"696\">globlja <strong>sprostitev<\/strong>, <strong>notranji mir<\/strong> in ve\u010dja <strong>mentalna jasnost<\/strong>,<\/li>\n<li data-start=\"763\" data-end=\"793\">hitrej\u0161e <strong>obnavljanje telesa<\/strong>,<\/li>\n<li data-start=\"796\" data-end=\"825\">ve\u010d <strong>vitalnosti in energije<\/strong>,<\/li>\n<li data-start=\"828\" data-end=\"888\">kakovostnej\u0161i <strong>spanec<\/strong> ter pomo\u010d pri te\u017eavah z <strong>nespe\u010dnostjo<\/strong>,<\/li>\n<li data-start=\"891\" data-end=\"928\">manj <strong>napetosti<\/strong> in ve\u010dja<strong> umirjenos<\/strong>t,<\/li>\n<li data-start=\"931\" data-end=\"955\">zni\u017eanje<strong> ravni stresa<\/strong>,<\/li>\n<li data-start=\"958\" data-end=\"991\">podpora <strong>hormonskemu ravnovesju<\/strong>,<\/li>\n<li data-start=\"994\" data-end=\"1026\">hitrej\u0161e <strong>okrevanje po po\u0161kodbah<\/strong>.<\/li>\n<\/ul>\n<div class=\"elementor-element elementor-element-020f807 elementor-widget elementor-widget-heading\" data-id=\"020f807\" data-element_type=\"widget\" data-widget_type=\"heading.default\">\n<div class=\"elementor-widget-container\">\n<p><span style=\"color: #000000\"><img loading=\"lazy\" decoding=\"async\" class=\"aligncenter wp-image-8959 size-large\" src=\"https:\/\/fengchashop.com\/si\/wp-content\/uploads\/2025\/12\/Zmanjsa-vnetja2-1-920x787-1-595x509.jpg\" alt=\"\" width=\"595\" height=\"509\" srcset=\"https:\/\/fengchashop.com\/si\/wp-content\/uploads\/2025\/12\/Zmanjsa-vnetja2-1-920x787-1-595x509.jpg 595w, https:\/\/fengchashop.com\/si\/wp-content\/uploads\/2025\/12\/Zmanjsa-vnetja2-1-920x787-1-350x299.jpg 350w, https:\/\/fengchashop.com\/si\/wp-content\/uploads\/2025\/12\/Zmanjsa-vnetja2-1-920x787-1-150x128.jpg 150w, https:\/\/fengchashop.com\/si\/wp-content\/uploads\/2025\/12\/Zmanjsa-vnetja2-1-920x787-1-768x657.jpg 768w, https:\/\/fengchashop.com\/si\/wp-content\/uploads\/2025\/12\/Zmanjsa-vnetja2-1-920x787-1-450x385.jpg 450w, https:\/\/fengchashop.com\/si\/wp-content\/uploads\/2025\/12\/Zmanjsa-vnetja2-1-920x787-1.jpg 920w\" sizes=\"auto, (max-width: 595px) 100vw, 595px\" \/><\/span><\/p>\n<h2 data-start=\"1028\" data-end=\"1074\">Kako deluje ozemljitvena rjuha Earth Flow?<\/h2>\n<p data-start=\"1075\" data-end=\"1344\">Rjuha se preko kabla pove\u017ee z ozemljeno elektri\u010dno vti\u010dnico. V njeno strukturo so vtkane fine prevodne niti, ki omogo\u010dajo pretok negativnih ionov. Ti pomagajo razelektriti telo in zmanj\u0161ati nakopi\u010deno napetost \u2013 podobno kot pri hoji z bosimi nogami po travi ali zemlji.<\/p>\n<p data-start=\"1346\" data-end=\"1469\">Rjuha je zasnovana tako, da je primerna <strong data-start=\"1386\" data-end=\"1420\">za enojno in zakonsko posteljo<\/strong> \u2013 <span style=\"color: #000000\">samo obrnete jo druga\u010de.<\/span><\/p>\n<\/div>\n<\/div>\n<div class=\"elementor-element elementor-element-6fa95ad elementor-widget elementor-widget-text-editor\" data-id=\"6fa95ad\" data-element_type=\"widget\" data-widget_type=\"text-editor.default\">\n<div class=\"elementor-widget-container\">\n<p><span style=\"color: #000000\">Ozemljitvena rjuha\u00a0<b>se pove\u017ee na ozemljeno vti\u010dnico.<\/b>\u00a0Ker je sestavljena iz majhnih \u017eic, prevaja\u00a0<b>negativne ione, ki izni\u010dijo napetost v na\u0161em telesu<\/b>. Na enak na\u010din, kot se to zgodi, ko hodite\u00a0<b>bosi po travniku.<\/b><\/span><\/p>\n<\/div>\n<\/div>\n<h2><span style=\"color: #000000\"><img loading=\"lazy\" decoding=\"async\" class=\"aligncenter wp-image-8958 size-full\" src=\"https:\/\/fengchashop.com\/si\/wp-content\/uploads\/2025\/12\/Prikaz-uporabe-ozemljitvenega-izdelka-Earth-Flow.jpg\" alt=\"\" width=\"1389\" height=\"349\" srcset=\"https:\/\/fengchashop.com\/si\/wp-content\/uploads\/2025\/12\/Prikaz-uporabe-ozemljitvenega-izdelka-Earth-Flow.jpg 1389w, https:\/\/fengchashop.com\/si\/wp-content\/uploads\/2025\/12\/Prikaz-uporabe-ozemljitvenega-izdelka-Earth-Flow-350x88.jpg 350w, https:\/\/fengchashop.com\/si\/wp-content\/uploads\/2025\/12\/Prikaz-uporabe-ozemljitvenega-izdelka-Earth-Flow-595x149.jpg 595w, https:\/\/fengchashop.com\/si\/wp-content\/uploads\/2025\/12\/Prikaz-uporabe-ozemljitvenega-izdelka-Earth-Flow-150x38.jpg 150w, https:\/\/fengchashop.com\/si\/wp-content\/uploads\/2025\/12\/Prikaz-uporabe-ozemljitvenega-izdelka-Earth-Flow-768x193.jpg 768w, https:\/\/fengchashop.com\/si\/wp-content\/uploads\/2025\/12\/Prikaz-uporabe-ozemljitvenega-izdelka-Earth-Flow-450x113.jpg 450w\" sizes=\"auto, (max-width: 1389px) 100vw, 1389px\" \/><\/span><\/h2>\n<h2>Naravna podpora telesu med spanjem<\/h2>\n<div class=\"elementor-element elementor-element-8e36dde elementor-widget elementor-widget-heading\" data-id=\"8e36dde\" data-element_type=\"widget\" data-widget_type=\"heading.default\">\n<div class=\"elementor-widget-container\">\n<p data-start=\"1510\" data-end=\"1638\"><strong>Neposreden stik z zemljo<\/strong> pomaga spro\u0161\u010dati <strong>telesne in psihi\u010dne napetosti<\/strong> ter hkrati <strong>obnavlja energijo<\/strong>, \u0161e posebej v \u010dasu po\u010ditka.<\/p>\n<p data-start=\"1640\" data-end=\"1918\">Zemeljska energija nas povezuje z naravnimi ritmi, ki jih sodoben na\u010din \u017eivljenja pogosto poru\u0161i. Zaradi stresa in vplivov okolja (onesna\u017eenje zraka in vode) se v telesu kopi\u010dijo prosti radikali s pozitivnim nabojem, ki so povezani s \u0161tevilnimi sodobnimi zdravstvenimi te\u017eavami.<\/p>\n<p data-start=\"1920\" data-end=\"2066\">Ob ozemljitvi telo <strong>prejme negativne ione<\/strong> \u2013 delce s prostimi elektroni \u2013, ki <strong>pomagajo vzpostaviti ravnovesje in delujejo kot naravni antioksidanti<\/strong>.<\/p>\n<h2 data-start=\"2068\" data-end=\"2119\">Earth Flow \u2013 za spro\u0161\u010deno no\u010d in bolj\u0161e po\u010dutje<\/h2>\n<p data-start=\"2120\" data-end=\"2232\">Med spanjem rjuha <strong>podpira spro\u0161\u010danje psiho-fizi\u010dnih napetosti ter prispeva k ob\u010dutku lahkotnosti in umirjenosti<\/strong>.<\/p>\n<p data-start=\"2234\" data-end=\"2292\">Preprosta, dostopna in u\u010dinkovita pot do bolj\u0161ega po\u010dutja.<\/p>\n<p data-start=\"2294\" data-end=\"2404\">Zemeljski stik nam<strong> pomaga ponovno napolniti energijo<\/strong>, ki jo izgubljamo zaradi odtujenosti od naravnega okolja.<\/p>\n<\/div>\n<\/div>\n<h2>Uporaba v vrhunskem \u0161portu \u2013 Tour de France<\/h2>\n<div>\n<p data-start=\"2454\" data-end=\"2562\">Ozemljitvene rjuhe se uporabljajo tudi v profesionalnem \u0161portu.<br data-start=\"2517\" data-end=\"2520\" \/>Kolesarji na Tour de France so poro\u010dali o:<\/p>\n<ul>\n<li data-start=\"2565\" data-end=\"2589\">hitrej\u0161i regeneraciji,<\/li>\n<li data-start=\"2592\" data-end=\"2622\">manj\u0161ih bole\u010dinah v mi\u0161icah,<\/li>\n<li data-start=\"2625\" data-end=\"2648\">ve\u010dji ravni energije,<\/li>\n<li data-start=\"2651\" data-end=\"2679\">izbolj\u0161ani kakovosti spanca.<\/li>\n<\/ul>\n<\/div>\n<section class=\"elementor-section elementor-inner-section elementor-element elementor-element-726bd66 elementor-section-boxed elementor-section-height-default elementor-section-height-default\" data-id=\"726bd66\" data-element_type=\"section\">\n<div class=\"elementor-container elementor-column-gap-default\">\n<div class=\"elementor-column elementor-col-50 elementor-inner-column elementor-element elementor-element-fedb3a6\" data-id=\"fedb3a6\" data-element_type=\"column\">\n<div class=\"elementor-widget-wrap elementor-element-populated\">\n<div class=\"elementor-element elementor-element-2627b05 elementor-widget elementor-widget-text-editor\" data-id=\"2627b05\" data-element_type=\"widget\" data-widget_type=\"text-editor.default\">\n<div class=\"elementor-widget-container\">\n<p>&nbsp;<\/p>\n<div class=\"elementor-element elementor-element-6dacab17 elementor-widget elementor-widget-heading\" data-id=\"6dacab17\" data-element_type=\"widget\" data-widget_type=\"heading.default\">\n<div class=\"elementor-widget-container\">\n<h2 class=\"elementor-heading-title elementor-size-default\"><span style=\"color: #000000\"><img loading=\"lazy\" decoding=\"async\" class=\"aligncenter wp-image-9040 size-large\" src=\"https:\/\/fengchashop.com\/si\/wp-content\/uploads\/2025\/12\/france-595x499.jpg\" alt=\"\" width=\"595\" height=\"499\" srcset=\"https:\/\/fengchashop.com\/si\/wp-content\/uploads\/2025\/12\/france-595x499.jpg 595w, https:\/\/fengchashop.com\/si\/wp-content\/uploads\/2025\/12\/france-350x293.jpg 350w, https:\/\/fengchashop.com\/si\/wp-content\/uploads\/2025\/12\/france-150x126.jpg 150w, https:\/\/fengchashop.com\/si\/wp-content\/uploads\/2025\/12\/france-768x644.jpg 768w, https:\/\/fengchashop.com\/si\/wp-content\/uploads\/2025\/12\/france-450x377.jpg 450w, https:\/\/fengchashop.com\/si\/wp-content\/uploads\/2025\/12\/france.jpg 940w\" sizes=\"auto, (max-width: 595px) 100vw, 595px\" \/><\/span><\/h2>\n<\/div>\n<\/div>\n<section class=\"elementor-section elementor-inner-section elementor-element elementor-element-20f0983d elementor-section-boxed elementor-section-height-default elementor-section-height-default\" data-id=\"20f0983d\" data-element_type=\"section\">\n<div class=\"elementor-container elementor-column-gap-default\">\n<div class=\"elementor-column elementor-col-50 elementor-inner-column elementor-element elementor-element-6be8423\" data-id=\"6be8423\" data-element_type=\"column\">\n<div class=\"elementor-widget-wrap elementor-element-populated\">\n<div class=\"elementor-element elementor-element-7710b0cd elementor-widget elementor-widget-text-editor\" data-id=\"7710b0cd\" data-element_type=\"widget\" data-widget_type=\"text-editor.default\">\n<div class=\"elementor-widget-container\">\n<p>&nbsp;<\/p>\n<h2>Kaj vsebuje komplet za ozemljeno spanje?<\/h2>\n<ul>\n<li data-start=\"2728\" data-end=\"2781\">napravo za preverjanje pravilne ozemljitve vti\u010dnice,<\/li>\n<li data-start=\"2784\" data-end=\"2895\">ozemljitveno rjuho (95 % organski bomba\u017e, 5 % srebrne prevodne niti; velikost 200 \u00d7 90 cm; pranje pri 30 \u00b0C),<\/li>\n<li data-start=\"2898\" data-end=\"2920\">navodila za uporabo,<\/li>\n<li data-start=\"2923\" data-end=\"2954\">priklju\u010dni kabel za ozemljitev.<\/li>\n<\/ul>\n<\/div>\n<\/div>\n<\/div>\n<\/div>\n<\/div>\n<\/section>\n<\/div>\n<\/div>\n<\/div>\n<\/div>\n<\/div>\n<\/section>\n<h2><span style=\"color: #000000\"><img loading=\"lazy\" decoding=\"async\" class=\"aligncenter wp-image-8962 size-large\" src=\"https:\/\/fengchashop.com\/si\/wp-content\/uploads\/2025\/12\/5-1200x800-1-1-595x523.jpg\" alt=\"\" width=\"595\" height=\"523\" srcset=\"https:\/\/fengchashop.com\/si\/wp-content\/uploads\/2025\/12\/5-1200x800-1-1-595x523.jpg 595w, https:\/\/fengchashop.com\/si\/wp-content\/uploads\/2025\/12\/5-1200x800-1-1-341x300.jpg 341w, https:\/\/fengchashop.com\/si\/wp-content\/uploads\/2025\/12\/5-1200x800-1-1-150x132.jpg 150w, https:\/\/fengchashop.com\/si\/wp-content\/uploads\/2025\/12\/5-1200x800-1-1-768x675.jpg 768w, https:\/\/fengchashop.com\/si\/wp-content\/uploads\/2025\/12\/5-1200x800-1-1-450x396.jpg 450w, https:\/\/fengchashop.com\/si\/wp-content\/uploads\/2025\/12\/5-1200x800-1-1-350x308.jpg 350w, https:\/\/fengchashop.com\/si\/wp-content\/uploads\/2025\/12\/5-1200x800-1-1.jpg 910w\" sizes=\"auto, (max-width: 595px) 100vw, 595px\" \/><\/span><\/h2>\n<p>&nbsp;<\/p>\n<\/div>","protected":false},"excerpt":{"rendered":"<p data-start=\"66\" data-end=\"198\"><strong>Ozemljitvena rjuha Earth Flow<\/strong>\u00a0\u00a0vam omogo\u010da, da se med spanjem ponovno pove\u017eete z\u00a0<strong>naravno energijo Zemlje.<\/strong><\/p>\n<p>V dana\u0161njem tempu \u017eivljenja si \u017eal vsi\u00a0<b>ne morejo privo\u0161\u010diti<\/b>, da bi\u00a0<b>8 ur pre\u017eiveli bosi v naravi<\/b> in ozemljeni, zato je\u00a0<b>ozemljitvena rjuha Earthflow odli\u010dna alternativna re\u0161itev<\/b>, da svojemu telesu zagotovite popolno\u00a0<b>regeneracijo in ozemljitev<\/b>, kar med spanjem.<\/p>\n<p>\ud83d\udc9a Ve\u010d \u017eivljenjske energije<\/p>\n<p>\ud83d\udc9a Izbolj\u0161a spanec<\/p>\n<p>\ud83d\udc9a Negativni ioni Zemlje<\/p>\n<p>\ud83d\udc9a Umirjenost mo\u017eganskih valov<\/p>\n<p>\ud83d\udc9a Enostavno za uporabo.<\/p>\n","protected":false},"featured_media":8962,"comment_status":"open","ping_status":"closed","template":"","meta":{"_acf_changed":false},"product_brand":[],"product_cat":[219,208,216],"product_tag":[],"class_list":{"0":"post-8957","1":"product","2":"type-product","3":"status-publish","4":"has-post-thumbnail","6":"product_cat-novo","7":"product_cat-ostalo","8":"product_cat-vsi-izdelki","10":"first","11":"outofstock","12":"taxable","13":"shipping-taxable","14":"purchasable","15":"product-type-simple"},"acf":[],"_links":{"self":[{"href":"https:\/\/fengchashop.com\/si\/wp-json\/wp\/v2\/product\/8957","targetHints":{"allow":["GET"]}}],"collection":[{"href":"https:\/\/fengchashop.com\/si\/wp-json\/wp\/v2\/product"}],"about":[{"href":"https:\/\/fengchashop.com\/si\/wp-json\/wp\/v2\/types\/product"}],"replies":[{"embeddable":true,"href":"https:\/\/fengchashop.com\/si\/wp-json\/wp\/v2\/comments?post=8957"}],"wp:featuredmedia":[{"embeddable":true,"href":"https:\/\/fengchashop.com\/si\/wp-json\/wp\/v2\/media\/8962"}],"wp:attachment":[{"href":"https:\/\/fengchashop.com\/si\/wp-json\/wp\/v2\/media?parent=8957"}],"wp:term":[{"taxonomy":"product_brand","embeddable":true,"href":"https:\/\/fengchashop.com\/si\/wp-json\/wp\/v2\/product_brand?post=8957"},{"taxonomy":"product_cat","embeddable":true,"href":"https:\/\/fengchashop.com\/si\/wp-json\/wp\/v2\/product_cat?post=8957"},{"taxonomy":"product_tag","embeddable":true,"href":"https:\/\/fengchashop.com\/si\/wp-json\/wp\/v2\/product_tag?post=8957"}],"curies":[{"name":"wp","href":"https:\/\/api.w.org\/{rel}","templated":true}]}}