{"id":8945,"date":"2025-12-09T08:49:20","date_gmt":"2025-12-09T07:49:20","guid":{"rendered":"https:\/\/fengchashop.com\/si\/?post_type=product&#038;p=8945"},"modified":"2026-04-28T13:30:11","modified_gmt":"2026-04-28T11:30:11","slug":"bachove-kapljice-prva-pomoc","status":"publish","type":"product","link":"https:\/\/fengchashop.com\/si\/izdelek\/bachove-kapljice-prva-pomoc\/","title":{"rendered":"Bachove kapljice \u2013 Prva pomo\u010d"},"content":{"rendered":"<h2 style=\"text-align: justify;\"><span style=\"color: #000000;\">Bachove kapljice prva pomo\u010d<\/span><\/h2>\n<p>V vsakdanjem \u017eivljenju se sre\u010dujemo <strong>s stresom, napetostjo ali neprijetnimi \u010dustvi<\/strong>, ki jih v\u010dasih ne znamo obvladati. Lahko gre za nenadne \u017eivljenjske spremembe, te\u017eave na delovnem mestu, izzive v odnosih ali preprosto ob\u010dutke tesnobe in napetosti. \u010ce se te situacije ponavljajo ali trajajo dlje \u010dasa, lahko postanejo preobremenjujo\u010de.<\/p>\n<p>V takih trenutkih so\u00a0<strong>Bachove kapljice<\/strong>\u00a0prava prva pomo\u010d. <strong>Pomagajo umiriti misli, zmanj\u0161ati stres in napetost ter la\u017eje nadzorovati \u010dustvene odzive<\/strong>.<\/p>\n<h2>Individualno prilagojena me\u0161anica<\/h2>\n<p>Bachov terapevt po posvetu z vami pripravi\u00a0<strong>sve\u017eo, individualno me\u0161anico cvetnih esenc<\/strong>\u00a0(tudi\u00a0<em>Rescue Remedy<\/em>). Vsaka me\u0161anica zadostuje za pribli\u017eno en mesec uporabe in je brez konzervansov. Kapljice se uporabljajo neposredno pod jezik ali v pija\u010di, kar zagotavlja hitro in u\u010dinkovito delovanje.<\/p>\n<h2>Kako delujejo Bachove kapljice?<\/h2>\n<p>Bachove kapljice delujejo na \u010dustveno stanje in pomagajo harmonizirati stresne situacije. Uporabne so pri:<\/p>\n<ul>\n<li>ob\u010dutkih panike ali tesnobe,<\/li>\n<li>nenadnem zaskrbljenju ali \u0161oku,<\/li>\n<li>soo\u010danju s stresnimi dogodki (nepri\u010dakovana sprememba, naporni dnevi, konflikti \u2026),<\/li>\n<li>travmati\u010dnih izku\u0161njah (bolezen, izguba, spremembe, nenadne \u017eivljenjske situacije \u2026).<\/li>\n<\/ul>\n<p>Me\u0161anice pripravljamo po\u00a0<strong>originalni metodi Dr. Bacha<\/strong>, z uporabo izklju\u010dno <strong>originalnih Bachovih cvetnih esenc<\/strong>. Kapljice\u00a0<strong>nimajo stranskih u\u010dinkov<\/strong>\u00a0in jih ni mogo\u010de predozirati.<\/p>\n<p style=\"text-align: justify;\"><span style=\"color: #000000;\">Ne vpliva na druga zdravila.<\/span><\/p>\n<h2 style=\"text-align: justify;\"><span style=\"color: #000000;\">Shranjevanje<\/span><\/h2>\n<p style=\"text-align: justify;\"><span style=\"color: #000000;\">Shranjujemo v suhem in temnem prostoru, na temperaturi do +25 \u00b0C.<\/span><\/p>\n<h2 style=\"text-align: justify;\"><span style=\"color: #000000;\">Koli\u010dina<\/span><\/h2>\n<p style=\"text-align: justify;\"><span style=\"color: #000000;\">30 ml (zadostuje za 30 dni rednega jemanja)<\/span><\/p>\n<p>&nbsp;<\/p>\n","protected":false},"excerpt":{"rendered":"<p>Bachove kapljice u\u010dinkovito delujejo proti razli\u010dnim \u010dustvenim stiskam posameznika. Pomagajo v razli\u010dnih krizah in te\u017ekih \u017eivljenjskih situacijah. Z njimi se umirimo in ohranimo mirno glavo. Delujejo na na\u0161e \u010dustveno stanje in ga pomagajo harmonizirati.<\/p>\n<p>\ud83d\udc9a Kapljice so pakirane ro\u010dno, sproti na dan po\u0161iljanja.<br \/>\n\ud83d\udc9a Primerne so za vse ljudi (nose\u010dnice, starej\u0161e, otroke,..) ter \u017eivali.<br \/>\n\ud83d\udc9a Nimajo stranskih u\u010dinkov, ne povzro\u010dajo odvisnosti in ne more se jih predozirati.<br \/>\n\ud83d\udc9a Prve rezultate lahko opazite po nekaj dneh ali tednih, to je odvisno od vsakega posameznika posebej.<br \/>\n\ud83d\udc9a Ne vpliva na druga zdravila.<\/p>\n","protected":false},"featured_media":4915,"comment_status":"open","ping_status":"closed","template":"","meta":{"_acf_changed":false},"product_brand":[],"product_cat":[15,204,216],"product_tag":[],"class_list":{"0":"post-8945","1":"product","2":"type-product","3":"status-publish","4":"has-post-thumbnail","6":"product_cat-uncategorized","7":"product_cat-bachove-kapljice","8":"product_cat-vsi-izdelki","10":"first","11":"instock","12":"sale","13":"taxable","14":"shipping-taxable","15":"purchasable","16":"product-type-simple"},"acf":[],"_links":{"self":[{"href":"https:\/\/fengchashop.com\/si\/wp-json\/wp\/v2\/product\/8945","targetHints":{"allow":["GET"]}}],"collection":[{"href":"https:\/\/fengchashop.com\/si\/wp-json\/wp\/v2\/product"}],"about":[{"href":"https:\/\/fengchashop.com\/si\/wp-json\/wp\/v2\/types\/product"}],"replies":[{"embeddable":true,"href":"https:\/\/fengchashop.com\/si\/wp-json\/wp\/v2\/comments?post=8945"}],"wp:featuredmedia":[{"embeddable":true,"href":"https:\/\/fengchashop.com\/si\/wp-json\/wp\/v2\/media\/4915"}],"wp:attachment":[{"href":"https:\/\/fengchashop.com\/si\/wp-json\/wp\/v2\/media?parent=8945"}],"wp:term":[{"taxonomy":"product_brand","embeddable":true,"href":"https:\/\/fengchashop.com\/si\/wp-json\/wp\/v2\/product_brand?post=8945"},{"taxonomy":"product_cat","embeddable":true,"href":"https:\/\/fengchashop.com\/si\/wp-json\/wp\/v2\/product_cat?post=8945"},{"taxonomy":"product_tag","embeddable":true,"href":"https:\/\/fengchashop.com\/si\/wp-json\/wp\/v2\/product_tag?post=8945"}],"curies":[{"name":"wp","href":"https:\/\/api.w.org\/{rel}","templated":true}]}}