{"id":8760,"date":"2025-12-09T08:20:22","date_gmt":"2025-12-09T07:20:22","guid":{"rendered":"https:\/\/fengchashop.com\/si\/?post_type=product&#038;p=8760"},"modified":"2026-04-30T16:58:03","modified_gmt":"2026-04-30T14:58:03","slug":"cordyceps-bio","status":"publish","type":"product","link":"https:\/\/fengchashop.com\/si\/izdelek\/cordyceps-bio\/","title":{"rendered":"Cordyceps BIO 125 g"},"content":{"rendered":"<h2><span style=\"color: #000000\">Cordyceps (glavatec)<\/span><\/h2>\n<p><span style=\"color: #000000\">Goba Cordyceps je <strong>v tradicionalni kulturi znana \u017ee tiso\u010de let,<\/strong> prav tako pa se zaradi njenih pozitivnih lastnostih uporablja \u017ee vsaj toliko \u010dasa. Goba raste spontano na obmo\u010djih visokih gora in je prehransko dopolnilo, znano po svoji <strong>sposobnosti za o\u017eivitev telesa in krepitvi.<\/strong> Na Daljnem vzhodu jo nabirajo v naravnem okolju, ki je zelo te\u017eko dostopno. Zaradi svoje majhnosti (posamezna suha gobica tehta okoli 0,3 g), dejstva, da raste le 14 dni v letu, u\u010dinkovin, ki jih vsebuje, in vsesplo\u0161ne uporabnosti v tradicionalni kulturi dosega cene tudi do 50.000\u20ac\/kg. \u0160e do nedavnega je zato bila rezervirana le za kitajske cesarje in vladarje.<\/span><\/p>\n<p><span style=\"color: #000000\">Cordyceps<strong> velja za najpopolnej\u0161e prehrambno odkritje na\u0161ega tiso\u010dletja.<\/strong><\/span><\/p>\n<p><span style=\"color: #000000\">Gobo je zelo te\u017eko proizvajati, \u0161e\u00a0 posebno v Evropi.<\/span><\/p>\n<p><span style=\"color: #000000\">Cordyceps je parazitska goba, ki v naravi raste kot zajedavec na insektih, najve\u010dkrat na gosenicah, od koder je dobila tudi ime v angle\u0161\u010dini Caterpillar Fungus. Na\u0161e gojene gobe pa sicer niso vzrejene na \u017eivalskih gostiteljih in zato primerne tudi za vegetarijance oziroma vegane.<\/span><\/p>\n<p><span style=\"color: #000000\">Pridelava na\u0161e gobe Cordyceps je strogo nadzorovana, brez uporabe kemikalij ali pesticidov in<strong> 100 % ekolo\u0161ka.<\/strong>\u00a0<\/span><\/p>\n<h2><span style=\"color: #000000\">Kaj vsebuje in komu je namenjena?<\/span><\/h2>\n<p><span style=\"color: #000000\">Cordyceps je sestavljena iz kompleksnih lipidov, beljakovin, oligoelementov, polisaharidov in vitaminov. Vsi elementi v gobi so prisotni v velikih koli\u010dinah in imajo zelo pozitiven u\u010dinek na na\u0161e telo. Vsebuje <strong>beta karoten, vitamina<\/strong> E in C. Vsebuje tudi <strong>minerale<\/strong>, kot sta cink in selen, pa kar 77 <strong>mikro in makroelementov<\/strong> ter<strong> unikatne substance<\/strong>, kot je kordicepin (adenozin), kordicepsko kislino (D-manitol) in imunomodulacijski polisaharid (beta-D-glucan).<\/span><\/p>\n<p><span style=\"color: #000000\">V obliki prahu Cordyceps vsebuje veliko hranilnih snovi, katerih pozitivni u\u010dinki so bili dokazani tudi znanstveno. \u0160tudije v razli\u010dnih dr\u017eavah po svetu so ugotovile \u0161tevilne koristne u\u010dinke rednega u\u017eivanja Cordycepsa. <\/span><\/p>\n<p><span style=\"color: #000000\">Cordyceps priporo\u010damo predvsem<strong> \u0161portnikom<\/strong> in drugim aktivnim osebam po dalj\u0161ih fizi\u010dnih obremenitvah ter osebam, ki si \u017eelijo aktivnej\u0161ega tempa pri vsakodnevnih opravilih.<\/span><\/p>\n<p><span style=\"color: #000000\">In kar je pri tem izredno pomembno, je, da je Cordyceps 100 % naraven izdelek.<\/span><\/p>\n<h2><span style=\"color: #000000\">Zakaj ravno gobe?<\/span><\/h2>\n<p><span style=\"color: #000000\">Gobe so zelo zanimive. Niso ne rastline ne \u017eivali, kar pa so, so zagotovo neverjetni organizmi, ki so uspeli pre\u017eiveti pravzaprav skoraj od za\u010detka sveta. Razvile so posebno strategijo pre\u017eivetja, ki jih ohranja vse do danes. Njihove posebnosti lahko izkoristimo tudi ljudje, ko jih vklju\u010dimo v svojo prehrano. Prina\u0161ajo nam uravnote\u017eenost na telesni ravni, prispevajo k splo\u0161nemu dobremu po\u010dutju in nas \u0161\u010ditijo pred \u0161tevilnimi te\u017eavami.<\/span><\/p>\n<p><span style=\"color: #000000\">Ker so dolo\u010dene naravne u\u010dinkovine za nas neprebavljive ali te\u017eko prebavljive, je zelo pomembno, da u\u017eivamo samo najbolj\u0161e gobe v prahu. Gobe morajo biti pravilno vzrejene, posu\u0161ene in pripravljene. Zmlete morajo biti v fin prah brez ko\u0161\u010dkov. Barva prahu je svetlej\u0161a, sicer pa je odvisna tudi od vrste gobe, ki jo jemljemo. Ker so gobe tako u\u010dinkovite ravno zato, ker imajo sposobnost absorpcije vsega &#8211; dobrega in slabega iz okolja, je pomembno, da posegamo po ekolo\u0161ko pridelanih.<\/span><\/p>\n<h2><span style=\"color: #000000\">Pakiranje<\/span><\/h2>\n<p><span style=\"color: #000000\">Nepredu\u0161na vre\u010dka z zadrgo, kjer izdelek ohrani vso sve\u017eino in aromo. Embala\u017ea \u0161\u010diti pred svetlobo in zrakom, saj je sestavljena iz ve\u010d slojev za\u0161\u010dite, ki ohranjajo lastnosti vsebine.<\/span><\/p>\n<p><span style=\"color: #000000\">Embala\u017ea je zelo prakti\u010dna in omogo\u010da recikliranje.<\/span><\/p>\n<h2><span style=\"color: #000000\">Shranjevanje in opozorila<\/span><\/h2>\n<p><span style=\"color: #000000\">Shranjujte v suhem in hladnem prostoru. Prehransko dopolnilo naj bo nedosegljivo otrokom!<\/span><\/p>\n<p><span style=\"color: #000000\">Ne pozabite na pomembnost raznolike prehrane in zdravega na\u010dina \u017eivljenja, prehransko dopolnilo zato ni nadomestilo za uravnote\u017eeno in raznovrstno prehrano. Priporo\u010dene dnevne koli\u010dine oziroma odmerka se ne sme prekora\u010diti. Nose\u010dnicam in doje\u010dim materam pred uporabo vedno svetujemo posvet z zdravnikom.<\/span><\/p>\n<p><span style=\"color: #000000\">Uporabo odsvetujemo otrokom in osebam, ki se zdravijo z antikoagulanti, in osebam z zdravili, ki zavirajo imunsko odzivnost.<\/span><\/p>\n<h2><span style=\"color: #000000\">Dobro je vedeti<\/span><\/h2>\n<p><span style=\"color: #000000\">Izdelek je primeren tudi za \u017eivali. V ve\u010dini primerov se medicinske gobe izka\u017eejo kot izredno u\u010dinkovite pri krepitvi imunskega sistema, odpravljanju alergij in obolenj ko\u017ee ter virusnih in bakterijskih oku\u017eb. O smiselnosti jemanja in priporo\u010deni dnevni koli\u010dini se pred uporabo posvetujte z veterinarjem.<\/span><\/p>\n<h2><span style=\"color: #000000\">Poreklo<\/span><\/h2>\n<p style=\"text-align: justify\"><span style=\"color: #000000\">Kitajska<\/span><\/p>\n<p><span style=\"color: #000000\">Imamo zelo zanesljive dobavitelje, ki nam za vsako serijo po\u0161ljejo podrobno kemijsko analizo \u017eivila. V ve\u010d kot desetih letih nismo imeli \u0161e nobenega odpoklica ali kakr\u0161ne koli druge te\u017eave s tem artiklom, pa tudi z drugimi artikli istega dobavitelja ne.<\/span><\/p>\n<p><span style=\"color: #000000\">Artikel ima 100 % ekolo\u0161ki certifikat.<\/span><\/p>\n","protected":false},"excerpt":{"rendered":"<p align=\"JUSTIFY\">Prehransko dopolnilo. Goba Cordyceps je v <strong>tradicionalni kulturi znana \u017ee tiso\u010de let<\/strong>, prav tako pa se zaradi njenih pozitivnih lastnostih uporablja \u017ee vsaj toliko \u010dasa. Goba raste spontano na obmo\u010djih visokih gora in je prehransko dopolnilo, znano po svoji <strong>sposobnosti za o\u017eivitev telesa<\/strong> in <strong>krepitvi.<\/strong><\/p>\n","protected":false},"featured_media":4101,"comment_status":"open","ping_status":"closed","template":"","meta":{"_acf_changed":false},"product_brand":[],"product_cat":[15,198,218,216],"product_tag":[],"class_list":{"0":"post-8760","1":"product","2":"type-product","3":"status-publish","4":"has-post-thumbnail","6":"product_cat-uncategorized","7":"product_cat-medicinske-gobe","8":"product_cat-najbolj-prodajano","9":"product_cat-vsi-izdelki","11":"first","12":"instock","13":"sale","14":"taxable","15":"shipping-taxable","16":"purchasable","17":"product-type-simple"},"acf":[],"_links":{"self":[{"href":"https:\/\/fengchashop.com\/si\/wp-json\/wp\/v2\/product\/8760","targetHints":{"allow":["GET"]}}],"collection":[{"href":"https:\/\/fengchashop.com\/si\/wp-json\/wp\/v2\/product"}],"about":[{"href":"https:\/\/fengchashop.com\/si\/wp-json\/wp\/v2\/types\/product"}],"replies":[{"embeddable":true,"href":"https:\/\/fengchashop.com\/si\/wp-json\/wp\/v2\/comments?post=8760"}],"wp:featuredmedia":[{"embeddable":true,"href":"https:\/\/fengchashop.com\/si\/wp-json\/wp\/v2\/media\/4101"}],"wp:attachment":[{"href":"https:\/\/fengchashop.com\/si\/wp-json\/wp\/v2\/media?parent=8760"}],"wp:term":[{"taxonomy":"product_brand","embeddable":true,"href":"https:\/\/fengchashop.com\/si\/wp-json\/wp\/v2\/product_brand?post=8760"},{"taxonomy":"product_cat","embeddable":true,"href":"https:\/\/fengchashop.com\/si\/wp-json\/wp\/v2\/product_cat?post=8760"},{"taxonomy":"product_tag","embeddable":true,"href":"https:\/\/fengchashop.com\/si\/wp-json\/wp\/v2\/product_tag?post=8760"}],"curies":[{"name":"wp","href":"https:\/\/api.w.org\/{rel}","templated":true}]}}