{"id":7881,"date":"2025-12-09T08:31:26","date_gmt":"2025-12-09T07:31:26","guid":{"rendered":"https:\/\/fengchashop.com\/si\/?post_type=product&#038;p=7881"},"modified":"2026-04-19T10:57:23","modified_gmt":"2026-04-19T08:57:23","slug":"gaba-kapsule","status":"publish","type":"product","link":"https:\/\/fengchashop.com\/si\/izdelek\/gaba-kapsule\/","title":{"rendered":"GABA v kapsulah 120 kapsul"},"content":{"rendered":"<div class=\"wpb-content-wrapper\"><p>[vc_row][vc_column][vc_column_text css=&#8221;&#8221;]<\/p>\n<h2><strong>GABA (gama-aminomaslena kislina) v kapsulah<\/strong><\/h2>\n<p><strong>GABA (\u03b3-aminobutyric acid \/ gama-aminomaslena kislina) je nevrotransmiter, <\/strong>torej kemi\u010dna snov, ki omogo\u010da komunikacijo med \u017eiv\u010dnimi celicami (nevroni) v mo\u017eganih.<br \/>\nJe glavni <strong>inhibitorni (zaviralni)<\/strong> nevrotransmiter v osrednjem \u017eiv\u010dnem sistemu \u2014 kar pomeni, da <strong>pomirja delovanje mo\u017eganov in zmanj\u0161uje \u017eiv\u010dno aktivnost<\/strong>.<\/p>\n<h2><strong>Kako deluje?<\/strong><\/h2>\n<ul>\n<li>Ko se GABA ve\u017ee na svoje receptorje (GABA-A in GABA-B), zmanj\u0161a elektri\u010dno aktivnost nevronov.<\/li>\n<li>To deluje kot \u201czavora\u201d v \u017eiv\u010dnem sistemu.<\/li>\n<li>Posledi\u010dno telo in um postaneta bolj spro\u0161\u010dena.<\/li>\n<\/ul>\n<h2><strong>Shranjevanje in opozorila<\/strong><\/h2>\n<p>Shranjujemo v suhem prostoru pri temperaturi do 25 \u00b0C, za\u0161\u010diteno pred vlago in svetlobo. Poskrbimo, da je vre\u010dka ali \u0161atulja dobro zaprta.<\/p>\n<p>Hranite na mestu, nedostopnem majhnim otrokom. Izdelek je namenjen samo odraslim. \u010ce imate kakr\u0161no koli zdravstveno stanje, jemljete zdravila, ste nose\u010di, dojite ali na\u010drtujete nose\u010dnost, se pred uporabo posvetujte z zdravnikom. Uporaba ni priporo\u010dljiva osebam, mlaj\u0161im od 18 let. Ne presegajte priporo\u010dene dnevne koli\u010dine. Prehranska dopolnila ne morejo nadomestiti uravnote\u017eene in raznovrstne prehrane. Za ohranjanje dobrega zdravja so pomembna uravnote\u017eena in raznovrstna prehrana ter zdrav na\u010din \u017eivljenja.<\/p>\n<h2><strong>Pakiranje<\/strong><\/h2>\n<p>Nepredu\u0161na vre\u010dka z zadrgo ali \u0161atulja, kjer izdelek ohrani vso sve\u017eino in aromo. Embala\u017ea \u0161\u010diti pred svetlobo in zrakom. Sestavljena je iz ve\u010d slojev za\u0161\u010dite, ki ohranjajo lastnosti izdelka.<\/p>\n<p>Embala\u017ea je zelo prakti\u010dna in omogo\u010da recikliranje.<\/p>\n<h2><strong>Poreklo<\/strong><\/h2>\n<p>Izven EU[\/vc_column_text][\/vc_column][\/vc_row]<\/p>\n<\/div>","protected":false},"excerpt":{"rendered":"<p data-start=\"0\" data-end=\"195\">Prehransko dopolnilo.<strong data-start=\"0\" data-end=\"36\"> GABA (gama-aminomaslena kislina)<\/strong> je glavni zaviralni nevrotransmiter v mo\u017eganih, ki pomirja \u017eiv\u010dni sistem in spodbuja sprostitev. Pomaga ohranjati ravnovesje med umirjenostjo in napetostjo.<\/p>\n<p data-start=\"322\" data-end=\"372\" data-is-last-node=\"\">\n<p>&nbsp;<\/p>\n","protected":false},"featured_media":7893,"comment_status":"open","ping_status":"closed","template":"","meta":{"_acf_changed":false},"product_brand":[],"product_cat":[15,203,195,216],"product_tag":[],"class_list":{"0":"post-7881","1":"product","2":"type-product","3":"status-publish","4":"has-post-thumbnail","6":"product_cat-uncategorized","7":"product_cat-minerali-vitamini","8":"product_cat-superhrana","9":"product_cat-vsi-izdelki","11":"first","12":"instock","13":"sale","14":"taxable","15":"shipping-taxable","16":"purchasable","17":"product-type-simple"},"acf":[],"_links":{"self":[{"href":"https:\/\/fengchashop.com\/si\/wp-json\/wp\/v2\/product\/7881","targetHints":{"allow":["GET"]}}],"collection":[{"href":"https:\/\/fengchashop.com\/si\/wp-json\/wp\/v2\/product"}],"about":[{"href":"https:\/\/fengchashop.com\/si\/wp-json\/wp\/v2\/types\/product"}],"replies":[{"embeddable":true,"href":"https:\/\/fengchashop.com\/si\/wp-json\/wp\/v2\/comments?post=7881"}],"wp:featuredmedia":[{"embeddable":true,"href":"https:\/\/fengchashop.com\/si\/wp-json\/wp\/v2\/media\/7893"}],"wp:attachment":[{"href":"https:\/\/fengchashop.com\/si\/wp-json\/wp\/v2\/media?parent=7881"}],"wp:term":[{"taxonomy":"product_brand","embeddable":true,"href":"https:\/\/fengchashop.com\/si\/wp-json\/wp\/v2\/product_brand?post=7881"},{"taxonomy":"product_cat","embeddable":true,"href":"https:\/\/fengchashop.com\/si\/wp-json\/wp\/v2\/product_cat?post=7881"},{"taxonomy":"product_tag","embeddable":true,"href":"https:\/\/fengchashop.com\/si\/wp-json\/wp\/v2\/product_tag?post=7881"}],"curies":[{"name":"wp","href":"https:\/\/api.w.org\/{rel}","templated":true}]}}