{"id":5983,"date":"2025-06-09T10:03:02","date_gmt":"2025-06-09T08:03:02","guid":{"rendered":"https:\/\/fengchashop.com\/si\/?post_type=product&#038;p=5983"},"modified":"2026-04-27T09:54:23","modified_gmt":"2026-04-27T07:54:23","slug":"kudzu-v-prahu","status":"publish","type":"product","link":"https:\/\/fengchashop.com\/si\/izdelek\/kudzu-v-prahu\/","title":{"rendered":"Kudzu v prahu 250 g"},"content":{"rendered":"<h2><strong>Kaj je kudzu?<\/strong><\/h2>\n<p><strong>Kudzu<\/strong> (izgovorjava: <em>k\u00fadzu<\/em>) je hitro rasto\u010da vzpenjavka, ki izvira iz vzhodne Azije \u2013 predvsem Kitajske, Japonske in Koreje. Imenujemo ga tudi japonski divji jam ali kudzu korenina. Prvotno so jo uporabljali za krmo, zeleno gnojenje in nadzor erozije tal. V 19. stoletju je bila rastlina uvedena tudi v ZDA, kjer se je izkazala kot invazivna vrsta, saj lahko z izjemno hitrostjo preraste celotne povr\u0161ine, vklju\u010dno z gozdovi, kmetijami in cestami.<\/p>\n<p>Kudzu spada v dru\u017eino metuljnic (Fabaceae) in je sorodnik stro\u010dnic. Ima velike, trifolijaste (trodelne) liste, vijoli\u010dne cvetove in debele korenine, ki <strong>vsebujejo \u0161tevilne hranilne in zdravilne u\u010dinkovine<\/strong>.<\/p>\n<p>Kudzu je izjemno zanimiva rastlina z dolgo zgodovino uporabe <strong>v tradicionalni medicini<\/strong>. Korenina vsebuje\u00a0<strong>izoflavone<\/strong>, zlasti\u00a0<strong>daidzein<\/strong>,\u00a0<strong>daidzin<\/strong>\u00a0in\u00a0<strong>puerarin<\/strong>, ki imajo pomembne farmakolo\u0161ke lastnosti.<\/p>\n<h2><strong>Shranjevanje in opozorila<\/strong><\/h2>\n<p>Shranjujte v suhem in hladnem prostoru pri temperaturi do 25 \u00b0C. Prehransko dopolnilo naj bo nedosegljivo otrokom!<\/p>\n<p>Ne pozabite na pomembnost raznolike prehrane in zdravega na\u010dina \u017eivljenja, prehransko dopolnilo zato ni nadomestilo za uravnote\u017eeno in raznovrstno prehrano. Priporo\u010dene dnevne koli\u010dine oziroma odmerka se ne sme prekora\u010diti.<\/p>\n<p>Nose\u010dnicam in doje\u010dim materam ter otrokom uporabo odsvetujemo. Priporo\u010dljivo je, da se za ve\u010d informacij ob morebitnih zdravstvenih te\u017eavah\u00a0 posvetujete s svojim zdravnikom. Zaradi fitoestrogenov ni primeren za ljudi z estrogensko ob\u010dutljivimi boleznimi (npr. rak dojke). Lahko vpliva na zdravila za krvni tlak, sladkorno bolezen ali hormone.<\/p>\n<h2><strong>\u00a0<\/strong><strong>Pakiranje<\/strong><\/h2>\n<p>Nepredu\u0161na vre\u010dka z zadrgo, kjer izdelek ohrani vso sve\u017eino in aromo. Embala\u017ea \u0161\u010diti pred svetlobo in zrakom, saj je sestavljena iz ve\u010d slojev za\u0161\u010dite, ki ohranjajo lastnosti vsebine.<\/p>\n<p>Embala\u017ea je zelo prakti\u010dna in omogo\u010da recikliranje.<\/p>\n<h2><strong>\u00a0<\/strong><strong>Poreklo<\/strong><\/h2>\n<p>Japonska<\/p>\n","protected":false},"excerpt":{"rendered":"<p>Prehransko dopolnilo. Kudzu se v tradicionalni kitajski medicini se uporablja \u017ee stoletja. Je izjemno zanimiva rastlina z dolgo zgodovino uporabe <strong>v tradicionalni medicini<\/strong>.<\/p>\n<p>&nbsp;<\/p>\n","protected":false},"featured_media":5985,"comment_status":"open","ping_status":"closed","template":"","meta":{"_acf_changed":false},"product_brand":[],"product_cat":[15,195,216],"product_tag":[],"class_list":{"0":"post-5983","1":"product","2":"type-product","3":"status-publish","4":"has-post-thumbnail","6":"product_cat-uncategorized","7":"product_cat-superhrana","8":"product_cat-vsi-izdelki","10":"first","11":"instock","12":"taxable","13":"shipping-taxable","14":"purchasable","15":"product-type-simple"},"acf":[],"_links":{"self":[{"href":"https:\/\/fengchashop.com\/si\/wp-json\/wp\/v2\/product\/5983","targetHints":{"allow":["GET"]}}],"collection":[{"href":"https:\/\/fengchashop.com\/si\/wp-json\/wp\/v2\/product"}],"about":[{"href":"https:\/\/fengchashop.com\/si\/wp-json\/wp\/v2\/types\/product"}],"replies":[{"embeddable":true,"href":"https:\/\/fengchashop.com\/si\/wp-json\/wp\/v2\/comments?post=5983"}],"wp:featuredmedia":[{"embeddable":true,"href":"https:\/\/fengchashop.com\/si\/wp-json\/wp\/v2\/media\/5985"}],"wp:attachment":[{"href":"https:\/\/fengchashop.com\/si\/wp-json\/wp\/v2\/media?parent=5983"}],"wp:term":[{"taxonomy":"product_brand","embeddable":true,"href":"https:\/\/fengchashop.com\/si\/wp-json\/wp\/v2\/product_brand?post=5983"},{"taxonomy":"product_cat","embeddable":true,"href":"https:\/\/fengchashop.com\/si\/wp-json\/wp\/v2\/product_cat?post=5983"},{"taxonomy":"product_tag","embeddable":true,"href":"https:\/\/fengchashop.com\/si\/wp-json\/wp\/v2\/product_tag?post=5983"}],"curies":[{"name":"wp","href":"https:\/\/api.w.org\/{rel}","templated":true}]}}