{"id":5981,"date":"2025-02-25T09:41:56","date_gmt":"2025-02-25T08:41:56","guid":{"rendered":"https:\/\/fengchashop.com\/si\/?post_type=product&#038;p=5981"},"modified":"2026-04-24T03:32:18","modified_gmt":"2026-04-24T01:32:18","slug":"cistus-creticus-zistrose-bio","status":"publish","type":"product","link":"https:\/\/fengchashop.com\/si\/izdelek\/cistus-creticus-zistrose-bio\/","title":{"rendered":"Cistus creticus (Zistrose) BIO 100 g"},"content":{"rendered":"<h2><strong>Cistus creticus (Zistrose) BIO<\/strong><\/h2>\n<p><strong>Cistus creticus ali zistrose <\/strong>\u00a0je aromati\u010dna, grmi\u010dasta rastlina, ki izvira predvsem iz Sredozemlja \u2013 \u0161e posebej iz gr\u0161kega otoka, Kreta, kjer uspeva v su\u0161nem, kamnitem okolju. Listi rastline so pokriti z lepljivimi smolami (labdanum), ki imajo visoko vsebnost polifenolov \u2013 naravnih antioksidantov.<\/p>\n<p>Uporablja se kot \u010daj. Cistus creticus je poznana <strong>kot naravno zeli\u0161\u010de za podporo imunskemu sistemu<\/strong>.<\/p>\n<h2><strong>Cistus creticus \u010daj je cenjen zaradi naslednjih lastnosti:<\/strong><\/h2>\n<p><strong>\ud83d\udc9a Mo\u010dan antioksidant<\/strong>: Bogat vir polifenolov, ki pomagajo za\u0161\u010dititi celice pred prostimi radikali.<\/p>\n<p><strong>\ud83d\udc9a Podpora imunskemu sistemu<\/strong>: Naravno krepi odpornost telesa, \u0161e posebej v sezoni prehladov in gripe.<\/p>\n<p><strong>\ud83d\udc9a U\u010dinek na prebavo<\/strong>: Pomaga pri laj\u0161anju te\u017eav, kot so napenjanje in razdra\u017een \u017eelodec.<\/p>\n<h2><strong>Shranjevanje in opozorila<\/strong><\/h2>\n<p>Shranjujemo v suhem, temnem in hladnem prostoru. Posu\u0161ene liste je treba do uporabe hraniti v nepredu\u0161ni vre\u010dki ali posodi. Tako ohrani svojo mo\u010d in aromo do 1 leta. Ne shranjuj v bli\u017eini mo\u010dnih vonjav (npr. za\u010dimb), saj lahko zeli\u0161\u010de prevzame tuje vonje. Po odprtju embala\u017ee jo vedno dobro zapri.<\/p>\n<p>Na splo\u0161no varna uporaba, tudi za dolgotrajno uporabo.\u00a0 V redkih primerih lahko povzro\u010di blago zaprtje ali dra\u017eenje \u017eelodca. Nose\u010dnice in doje\u010de matere naj se pred uporabo posvetujejo z zdravnikom.<\/p>\n<p>Ne pozabite na pomembnost raznolike prehrane in zdravega na\u010dina \u017eivljenja, prehransko dopolnilo zato ni nadomestilo za uravnote\u017eeno in raznovrstno prehrano. Priporo\u010dene dnevne koli\u010dine oziroma odmerka se ne sme prekora\u010diti.<\/p>\n<h2>Pakiranje<\/h2>\n<p>Nepredu\u0161na vre\u010dka z zadrgo, kjer izdelek ohrani vso sve\u017eino in aromo. Embala\u017ea \u0161\u010diti pred svetlobo in zrakom, saj je sestavljena iz ve\u010d slojev za\u0161\u010dite, ki ohranjajo lastnosti vsebine.<\/p>\n<p>Embala\u017ea je zelo prakti\u010dna in omogo\u010da recikliranje.<\/p>\n<h2>Poreklo<\/h2>\n<p>Gr\u010dija<\/p>\n","protected":false},"excerpt":{"rendered":"<p><strong>Cistus creticus ali zistrose <\/strong>\u00a0je aromati\u010dna, grmi\u010dasta rastlina, ki izvira predvsem iz Sredozemlja \u2013 \u0161e posebej iz gr\u0161kega otoka, Kreta, kjer uspeva v su\u0161nem, kamnitem okolju.<\/p>\n","protected":false},"featured_media":5982,"comment_status":"open","ping_status":"closed","template":"","meta":{"_acf_changed":false},"product_brand":[],"product_cat":[15,205,216],"product_tag":[],"class_list":{"0":"post-5981","1":"product","2":"type-product","3":"status-publish","4":"has-post-thumbnail","6":"product_cat-uncategorized","7":"product_cat-caj-hrana-zacimbe","8":"product_cat-vsi-izdelki","10":"first","11":"instock","12":"taxable","13":"shipping-taxable","14":"purchasable","15":"product-type-simple"},"acf":[],"_links":{"self":[{"href":"https:\/\/fengchashop.com\/si\/wp-json\/wp\/v2\/product\/5981","targetHints":{"allow":["GET"]}}],"collection":[{"href":"https:\/\/fengchashop.com\/si\/wp-json\/wp\/v2\/product"}],"about":[{"href":"https:\/\/fengchashop.com\/si\/wp-json\/wp\/v2\/types\/product"}],"replies":[{"embeddable":true,"href":"https:\/\/fengchashop.com\/si\/wp-json\/wp\/v2\/comments?post=5981"}],"wp:featuredmedia":[{"embeddable":true,"href":"https:\/\/fengchashop.com\/si\/wp-json\/wp\/v2\/media\/5982"}],"wp:attachment":[{"href":"https:\/\/fengchashop.com\/si\/wp-json\/wp\/v2\/media?parent=5981"}],"wp:term":[{"taxonomy":"product_brand","embeddable":true,"href":"https:\/\/fengchashop.com\/si\/wp-json\/wp\/v2\/product_brand?post=5981"},{"taxonomy":"product_cat","embeddable":true,"href":"https:\/\/fengchashop.com\/si\/wp-json\/wp\/v2\/product_cat?post=5981"},{"taxonomy":"product_tag","embeddable":true,"href":"https:\/\/fengchashop.com\/si\/wp-json\/wp\/v2\/product_tag?post=5981"}],"curies":[{"name":"wp","href":"https:\/\/api.w.org\/{rel}","templated":true}]}}