{"id":5829,"date":"2025-05-19T13:21:52","date_gmt":"2025-05-19T11:21:52","guid":{"rendered":"https:\/\/fengchashop.com\/si\/?post_type=product&#038;p=5829"},"modified":"2026-01-28T17:52:23","modified_gmt":"2026-01-28T16:52:23","slug":"bachove-kapljice-tinitus","status":"publish","type":"product","link":"https:\/\/fengchashop.com\/si\/izdelek\/bachove-kapljice-tinitus\/","title":{"rendered":"Bachove kapljice Tinitus"},"content":{"rendered":"<div class=\"wpb-content-wrapper\"><p>[vc_row][vc_column][vc_column_text css=&#8221;&#8221;]<\/p>\n<h2 style=\"text-align: justify;\"><span style=\"color: #000000;\">Bachove kapljice proti tinitusu<\/span><\/h2>\n<p><strong>Tinitus<\/strong> (tudi &#8220;u\u0161esni \u0161um&#8221;) je <strong>zaznava zvoka v u\u0161esih ali glavi<\/strong>, ki nima zunanjega vira. Ljudje z njim pogosto sli\u0161ijo zvonjenje, \u0161umenje, piskanje, bren\u010danje ali utripanje, \u010deprav v okolici ni nobenega dejanskega zvoka. Lahko pa vpliva tudi <strong>na na\u0161e psihi\u010dno zdravje<\/strong>. Zato je izrednega pomena, da si pomagamo pri obvladovanju \u010dustvenih vidikov. \u0160ele nato pa si zagotoviti umirjeno po\u010dutje in izbolj\u0161ati \u017eivljenjsko energijo. Bachove kapljice nam pri tem lahko pomagajo. Za vas imamo pravo re\u0161itev.<\/p>\n<p>Prve rezultate lahko opazite po nekaj dneh ali tednih, to je odvisno od vsakega posameznika posebej. Pripravljena me\u0161anica bo zadostovala za 30 dni, ki si jih enostavno nanesete neposredno v usta ali pa jih kapnete v kozarec vode.<\/p>\n<p><strong>Vzroki za nastanek tinitusa:<\/strong><\/p>\n<ul>\n<li>Izpostavljenost glasnim zvokom (koncerti, slu\u0161alke).<\/li>\n<li>Starostna izguba sluha.<\/li>\n<li>Naglu\u0161nost ali po\u0161kodbe notranjega u\u0161esa.<\/li>\n<li>Stres, tesnoba ali depresija.<\/li>\n<li>Zama\u0161itev u\u0161esnega kanala (npr. zaradi u\u0161esnega masla).<\/li>\n<li>Uporaba dolo\u010denih zdravil (npr. nekateri antibiotiki ali aspirin v velikih odmerkih).<\/li>\n<\/ul>\n<p><strong>Terapija z Bachovimi kapljicami nam bo pomagala pri \u010dustvenem soo\u010danju s tinitusom, kar bo na nas vplivalo tako, da bomo:<\/strong><\/p>\n<ul>\n<li><em>bolj umirjeni, <\/em><\/li>\n<li><em>manj obremenjeni z vsiljivim zvokom <\/em><\/li>\n<li><em>ter la\u017eje ohranjali notranje ravnovesje.<\/em><\/li>\n<\/ul>\n<h2 style=\"text-align: justify;\"><span style=\"color: #000000;\">Delovanje Bachovih kapljic<\/span><\/h2>\n<p>Bachove kapljice u\u010dinkovito delujejo proti razli\u010dnim\u00a0<strong>\u010dustvenim stiskam posameznika, do katerih lahko pripelje tudi do tinitusa<\/strong>. Bachove kapljice nam tako pomagajo tudi v razli\u010dnih krizah in te\u017ekih \u017eivljenjskih situacijah, preizku\u0161njah. Z njimi se umirimo in ohranimo mirno glavo, saj delujejo na na\u0161e \u010dustveno stanje in ga pomagajo harmonizirati. S pomo\u010djo Bachovih kapljic<strong> prevzamemo\u00a0nadzor nad\u00a0na\u0161imi\u00a0\u010dustvi<\/strong>, le-tako pa ustvarimo harmonijo in s tem najdemo svoj notranji mir.<\/p>\n<p style=\"text-align: justify;\"><span style=\"color: #000000;\">Bachova terapija spodbuja samozdravljenje in duhovno spro\u0161\u010danje. Po teoriji dr. Bacha je namre\u010d vzrok za bolezni v neharmoni\u010dnem stanju oz. v pomanjkanju harmonije med telesom in du\u0161o. S pomo\u010djo cvetnih esenc posku\u0161amo bolezen pozdraviti z izkori\u0161\u010danjem\u00a0<b>pozitivnih lastnosti cvetov<\/b>, in sicer tako, da nam pomagajo ponovno vzpostaviti ravnovesje v nas samih.<\/span><\/p>\n<p style=\"text-align: justify;\"><span style=\"color: #000000;\">Me\u0161anice Bachovih kapljic pripravljamo v skladu z metodo Dr. Bacha, uporabljamo pa<strong> izklju\u010dno originalne Bachove esence<\/strong>.<\/span><\/p>\n<p style=\"text-align: justify;\"><span style=\"color: #000000;\">Bachove kapljice jemljete iz stekleni\u010dke s prilo\u017eeno pipeto, kar naredi doziranje izredno enostavno. Dnevno zau\u017eijemo 4-krat po 4 kapljice, ki jih razporedimo \u010dez cel dan. Stekleni\u010dka, ki jo prejmete, zadostuje za 1 mesec terapije.\u00a0<\/span><\/p>\n<p style=\"text-align: justify;\"><span style=\"color: #000000;\">Vsako stekleni\u010dko<b>\u00a0<\/b>izbrane me\u0161anice\u00a0<b>pripravljamo ro\u010dno in sproti<\/b>. Da ostane me\u0161anica dalj \u010dasa sve\u017ea, uporabimo nekaj alkohola (konjaka). Rok uporabe me\u0161anice 1 mesec od dneva nakupa.<\/span><\/p>\n<p style=\"text-align: justify;\"><span style=\"color: #000000;\">Ker Bachove kapljice <strong>nimajo<\/strong>\u00a0<b>stranskih u\u010dinkov<\/b>, jih ne moremo predozirati in ne povzro\u010dajo odvisnosti. Primerne so za vse \u2013 nose\u010dnice, doje\u010de matere, starej\u0161e osebe, otroke in \u017eivali.<\/span><\/p>\n<p style=\"text-align: justify;\"><span style=\"color: #000000;\">Ne vpliva na druga zdravila.<\/span><\/p>\n<h2 style=\"text-align: justify;\"><span style=\"color: #000000;\">Shranjevanje<\/span><\/h2>\n<p style=\"text-align: justify;\"><span style=\"color: #000000;\">Shranjujemo v suhem in temnem prostoru, na temperaturi do +25 \u00b0C.<\/span><\/p>\n<h2 style=\"text-align: justify;\"><span style=\"color: #000000;\">Koli\u010dina<\/span><\/h2>\n<p style=\"text-align: justify;\"><span style=\"color: #000000;\">30 ml (zadostuje za 30 dni rednega jemanja)<\/span><\/p>\n<p>[\/vc_column_text][\/vc_column][\/vc_row]<\/p>\n<\/div>","protected":false},"excerpt":{"rendered":"<p>Bachove kapljice u\u010dinkovito delujejo proti razli\u010dnim \u010dustvenim stiskam posameznika. Pomagajo v razli\u010dnih krizah in te\u017ekih \u017eivljenjskih situacijah. Z njimi se umirimo in ohranimo mirno glavo. Delujejo na na\u0161e \u010dustveno stanje in ga pomagajo harmonizirati.<\/p>\n<p>\ud83d\udc9a Kapljice so pakirane ro\u010dno, sproti na dan po\u0161iljanja.<br \/>\n\ud83d\udc9a Primerne so za vse ljudi (nose\u010dnice, starej\u0161e, otroke,..) ter \u017eivali.<br \/>\n\ud83d\udc9a Nimajo stranskih u\u010dinkov, ne povzro\u010dajo odvisnosti in ne more se jih predozirati.<br \/>\n\ud83d\udc9a Prve rezultate lahko opazite po nekaj dneh ali tednih, to je odvisno od vsakega posameznika posebej.<br \/>\n\ud83d\udc9a Ne vpliva na druga zdravila.<\/p>\n","protected":false},"featured_media":4915,"comment_status":"open","ping_status":"closed","template":"","meta":{"_acf_changed":false},"product_brand":[],"product_cat":[15,204,216],"product_tag":[],"class_list":{"0":"post-5829","1":"product","2":"type-product","3":"status-publish","4":"has-post-thumbnail","6":"product_cat-uncategorized","7":"product_cat-bachove-kapljice","8":"product_cat-vsi-izdelki","10":"first","11":"instock","12":"sale","13":"taxable","14":"shipping-taxable","15":"purchasable","16":"product-type-simple"},"acf":[],"_links":{"self":[{"href":"https:\/\/fengchashop.com\/si\/wp-json\/wp\/v2\/product\/5829","targetHints":{"allow":["GET"]}}],"collection":[{"href":"https:\/\/fengchashop.com\/si\/wp-json\/wp\/v2\/product"}],"about":[{"href":"https:\/\/fengchashop.com\/si\/wp-json\/wp\/v2\/types\/product"}],"replies":[{"embeddable":true,"href":"https:\/\/fengchashop.com\/si\/wp-json\/wp\/v2\/comments?post=5829"}],"wp:featuredmedia":[{"embeddable":true,"href":"https:\/\/fengchashop.com\/si\/wp-json\/wp\/v2\/media\/4915"}],"wp:attachment":[{"href":"https:\/\/fengchashop.com\/si\/wp-json\/wp\/v2\/media?parent=5829"}],"wp:term":[{"taxonomy":"product_brand","embeddable":true,"href":"https:\/\/fengchashop.com\/si\/wp-json\/wp\/v2\/product_brand?post=5829"},{"taxonomy":"product_cat","embeddable":true,"href":"https:\/\/fengchashop.com\/si\/wp-json\/wp\/v2\/product_cat?post=5829"},{"taxonomy":"product_tag","embeddable":true,"href":"https:\/\/fengchashop.com\/si\/wp-json\/wp\/v2\/product_tag?post=5829"}],"curies":[{"name":"wp","href":"https:\/\/api.w.org\/{rel}","templated":true}]}}