{"id":5711,"date":"2026-02-27T15:57:06","date_gmt":"2026-02-27T14:57:06","guid":{"rendered":"https:\/\/fengchashop.com\/si\/?post_type=product&#038;p=5711"},"modified":"2026-04-25T09:53:36","modified_gmt":"2026-04-25T07:53:36","slug":"a-i-kapljice","status":"publish","type":"product","link":"https:\/\/fengchashop.com\/si\/izdelek\/a-i-kapljice\/","title":{"rendered":"A.I. kapljice 30 ml"},"content":{"rendered":"<h2><strong>A.I. (Awakening Infusion): Naravna preobrazba va\u0161e \u017eivljenjske energije<\/strong><\/h2>\n<p>Odkrijte <strong>Awakening Infusion<\/strong> \u2013 inovativno formulo, ki temelji na mo\u010di avtohtonih evropskih zeli\u0161\u010d. Ta edinstvena kombinacija deluje sinergijsko, saj posamezne sestavine skupaj ustvarjajo celoto, ki podpira va\u0161 notranji sistem in vas vodi k ravnovesju ter trajni vitalnosti.<\/p>\n<h2><strong>Zakaj izbrati A.I.?<\/strong><\/h2>\n<p>Z zau\u017eitjem <strong>A.I. kapljic<\/strong> se raven va\u0161e \u017eivljenjske energije stabilizira in ostane visoka. Krepi se va\u0161e biopolje, va\u0161 naravni vir energije, ki omogo\u010da telesu, da deluje na najvi\u0161ji ravni. Ni\u010d ve\u010d nihanju energije \u2013 samo mirno sledenje naravno visoko nastavljeni letvici vitalnosti.<\/p>\n<p>Ta proces ni le izbolj\u0161anje, temve\u010d evolucija. Korak za korakom vas <strong>A.I. kapljice<\/strong> vodijo k razkritju va\u0161ega polnega potenciala. Preobrazba, ki vam omogo\u010da, da pustite energiji, da dela za vas, in kon\u010dno za\u017eivite v harmoniji s svojim telesom in duhom.<\/p>\n<h2><strong>Za koga so A.I. kapljice?<\/strong><\/h2>\n<p>Kapljice so idealne za:<\/p>\n<ul>\n<li>tiste, ki i\u0161\u010dete naravno podporo imunskemu sistemu,<\/li>\n<li>ljudi z zdravstvenimi izzivi, tudi v zgodnjih stadijih resnih te\u017eav,<\/li>\n<li>vsakogar, ki \u017eeli najti globlji stik s svojim bistvom in prebuditi svojo notranjo mo\u010d.<\/li>\n<\/ul>\n<p>&nbsp;<\/p>\n<h2><strong>\u010cista narava.<br \/>\n<\/strong><\/h2>\n<p>A.I. kapljice so izdelane iz 100 % naravnih, avtohtonih evropskih zeli\u0161\u010d. So varne, u\u010dinkovite in ustvarjene z ljubeznijo ter spo\u0161tovanjem do narave.<\/p>\n<h2><strong>Za\u010dnite svojo preobrazbo z Awakening Infusion.<\/strong><\/h2>\n<p>Odkrijte vi\u0161jo raven \u017eivljenjske energije, ki vam omogo\u010da, da \u017eivite svoje \u017eivljenje s polno mo\u010djo. Naredite prvi korak na poti k harmoniji in vitalnosti \u017ee danes.<\/p>\n<h2><strong>Shranjevanje<\/strong><\/h2>\n<p>Shranjujemo v suhem in temnem prostoru, na temperaturi do +25 \u00b0C.<\/p>\n<h2><strong>Koli\u010dina<\/strong><\/h2>\n<p>30 ml<\/p>\n","protected":false},"excerpt":{"rendered":"<p><strong>Awakening Infusion<\/strong> \u2013 z inovativno formulo, ki temelji na mo\u010di avtohtonih evropskih zeli\u0161\u010d. Ta edinstvena kombinacija deluje sinergijsko, saj posamezne sestavine skupaj ustvarjajo celoto, ki podpira va\u0161 notranji sistem in vas vodi k ravnovesju ter trajni vitalnosti.<\/p>\n<p>Kapljice so idealne za:<\/p>\n<p>\ud83d\udc9a tiste, ki i\u0161\u010dete naravno podporo imunskemu sistemu,<\/p>\n<p>\ud83d\udc9a ljudi z zdravstvenimi izzivi, tudi v zgodnjih stadijih resnih te\u017eav,<\/p>\n<p>\ud83d\udc9a vsakogar, ki \u017eeli najti globlji stik s svojim bistvom in prebuditi svojo notranjo mo\u010d.<\/p>\n","protected":false},"featured_media":5713,"comment_status":"open","ping_status":"closed","template":"","meta":{"_acf_changed":false},"product_brand":[],"product_cat":[15,221,208,220,216],"product_tag":[],"class_list":{"0":"post-5711","1":"product","2":"type-product","3":"status-publish","4":"has-post-thumbnail","6":"product_cat-uncategorized","7":"product_cat-a-i","8":"product_cat-ostalo","9":"product_cat-spet-na-zalogi","10":"product_cat-vsi-izdelki","12":"first","13":"instock","14":"sale","15":"taxable","16":"shipping-taxable","17":"purchasable","18":"product-type-simple"},"acf":[],"_links":{"self":[{"href":"https:\/\/fengchashop.com\/si\/wp-json\/wp\/v2\/product\/5711","targetHints":{"allow":["GET"]}}],"collection":[{"href":"https:\/\/fengchashop.com\/si\/wp-json\/wp\/v2\/product"}],"about":[{"href":"https:\/\/fengchashop.com\/si\/wp-json\/wp\/v2\/types\/product"}],"replies":[{"embeddable":true,"href":"https:\/\/fengchashop.com\/si\/wp-json\/wp\/v2\/comments?post=5711"}],"wp:featuredmedia":[{"embeddable":true,"href":"https:\/\/fengchashop.com\/si\/wp-json\/wp\/v2\/media\/5713"}],"wp:attachment":[{"href":"https:\/\/fengchashop.com\/si\/wp-json\/wp\/v2\/media?parent=5711"}],"wp:term":[{"taxonomy":"product_brand","embeddable":true,"href":"https:\/\/fengchashop.com\/si\/wp-json\/wp\/v2\/product_brand?post=5711"},{"taxonomy":"product_cat","embeddable":true,"href":"https:\/\/fengchashop.com\/si\/wp-json\/wp\/v2\/product_cat?post=5711"},{"taxonomy":"product_tag","embeddable":true,"href":"https:\/\/fengchashop.com\/si\/wp-json\/wp\/v2\/product_tag?post=5711"}],"curies":[{"name":"wp","href":"https:\/\/api.w.org\/{rel}","templated":true}]}}