{"id":5026,"date":"2024-11-04T22:24:27","date_gmt":"2024-11-04T21:24:27","guid":{"rendered":"https:\/\/test-fengcha.dweb.si\/product\/mesima-mushroom-bio-v-prahu-125-g\/"},"modified":"2026-04-12T22:25:21","modified_gmt":"2026-04-12T20:25:21","slug":"mesima-black-hoof-mushroom-bio-v-prahu-125-g","status":"publish","type":"product","link":"https:\/\/fengchashop.com\/si\/izdelek\/mesima-black-hoof-mushroom-bio-v-prahu-125-g\/","title":{"rendered":"Mesima (Black Hoof) Mushroom BIO v prahu 125 g"},"content":{"rendered":"<h2><span style=\"color: #000000\"><b>Kaj je Mesima (Black Hoof) Mushroom BIO v prahu?<\/b><\/span><\/h2>\n<p><span style=\"color: #000000\"><b>Mesima\u00a0<\/b><\/span><b style=\"color: #000000\">(Black Hoof)\u00a0<\/b><b style=\"color: #000000\">Mushroom BIO<\/b><span style=\"color: #000000\"> oziroma <\/span><b style=\"color: #000000\">\u010drna kopitna goba<\/b><span style=\"color: #000000\"> (<\/span><i style=\"color: #000000\">Phellinus linteus<\/i><span style=\"color: #000000\">) je goba, ki raste na drevesih murv. \u017de dolgo se uporablja v tradicionalni azijski kulturi.<\/span><\/p>\n<h2><span style=\"color: #000000\">Zakaj ravno gobe?<\/span><\/h2>\n<p><span style=\"color: #000000\">Gobe so zelo zanimive. Niso ne rastline ne \u017eivali, kar pa so, so zagotovo neverjetni organizmi, ki so uspeli pre\u017eiveti pravzaprav skoraj od za\u010detka sveta. Razvile so posebno strategijo pre\u017eivetja, ki jih ohranja vse do danes. Njihove posebnosti lahko izkoristimo tudi ljudje, ko jih vklju\u010dimo v svojo prehrano. Prina\u0161ajo nam uravnote\u017eenost na telesni ravni, prispevajo k splo\u0161nemu dobremu po\u010dutju in nas \u0161\u010ditijo pred \u0161tevilnimi te\u017eavami.<\/span><\/p>\n<p><span style=\"color: #000000\">Ker so dolo\u010dene naravne u\u010dinkovine za nas neprebavljive ali te\u017eko prebavljive, je zelo pomembno, da u\u017eivamo samo najbolj\u0161e gobe v prahu. Gobe morajo biti pravilno vzrejene, posu\u0161ene in pripravljene. Zmlete morajo biti v fin prah brez ko\u0161\u010dkov. Barva prahu je svetlej\u0161a, sicer pa je odvisna tudi od vrste gobe, ki jo jemljemo. Ker so gobe tako u\u010dinkovite ravno zato, ker imajo sposobnost absorpcije vsega &#8211; dobrega in slabega iz okolja, je pomembno, da posegamo po ekolo\u0161ko pridelanih.<\/span><\/p>\n<h2><span style=\"color: #000000\">Shranjevanje in opozorila<\/span><\/h2>\n<p><span style=\"color: #000000\">Shranjujte v suhem in hladnem prostoru pri temperaturi do 25 \u00b0C. Prehransko dopolnilo naj bo nedosegljivo otrokom!<\/span><\/p>\n<p><span style=\"color: #000000\">Ne pozabite na pomembnost raznolike prehrane in zdravega na\u010dina \u017eivljenja, prehransko dopolnilo zato ni nadomestilo za uravnote\u017eeno in raznovrstno prehrano. Priporo\u010dene dnevne koli\u010dine oziroma odmerka se ne sme prekora\u010diti.<\/span><\/p>\n<p><span style=\"color: #000000\">Mesima goba ni priporo\u010dljiva za ljudi z alergijami na gobe in za tiste z avtoimunskimi boleznimi, saj lahko vpliva na imunski odziv. Prav tako naj se o njeni uporabi posvetujejo nose\u010dnice, doje\u010de matere in osebe, ki jemljejo zdravila, zlasti tista za red\u010denje krvi ali za uravnavanje sladkorja.<\/span><\/p>\n<h2><span style=\"color: #000000\">Pakiranje<\/span><\/h2>\n<p><span style=\"color: #000000\">Nepredu\u0161na vre\u010dka z zadrgo, kjer izdelek ohrani vso sve\u017eino in aromo. Embala\u017ea \u0161\u010diti pred svetlobo in zrakom, saj je sestavljena iz ve\u010d slojev za\u0161\u010dite, ki ohranjajo lastnosti vsebine.<\/span><\/p>\n<p><span style=\"color: #000000\">Embala\u017ea je zelo prakti\u010dna in omogo\u010da recikliranje.<\/span><\/p>\n<h2><span style=\"color: #000000\">Poreklo<\/span><\/h2>\n<p><span style=\"color: #000000\">Kitajska. Imamo zelo zanesljive dobavitelje, ki nam za vsako serijo po\u0161ljejo podrobno kemijsko analizo \u017eivila. V ve\u010d kot desetih letih nismo imeli \u0161e nobenega odpoklica ali kakr\u0161ne koli druge te\u017eave s tem artiklom, pa tudi z drugimi artikli istega dobavitelja ne.\u00a0<\/span><\/p>\n<p><span style=\"color: #000000\">Artikel ima 100 % ekolo\u0161ki certifikat.<\/span><\/p>\n","protected":false},"excerpt":{"rendered":"<p>Prehransko dopolnilo.\u00a0<b>Mesima\u00a0<\/b><b>(Black Hoof)\u00a0<\/b><b>Mushroom BIO<\/b> oziroma <b>\u010drna kopitna goba<\/b> (<i>Phellinus linteus<\/i>) je goba, ki raste na drevesih murv. \u017de dolgo se uporablja v tradicionalni azijski kulturi.<\/p>\n","protected":false},"featured_media":5027,"comment_status":"open","ping_status":"closed","template":"","meta":{"_acf_changed":false},"product_brand":[],"product_cat":[15,198,216],"product_tag":[],"class_list":{"0":"post-5026","1":"product","2":"type-product","3":"status-publish","4":"has-post-thumbnail","6":"product_cat-uncategorized","7":"product_cat-medicinske-gobe","8":"product_cat-vsi-izdelki","10":"first","11":"outofstock","12":"taxable","13":"shipping-taxable","14":"purchasable","15":"product-type-simple"},"acf":[],"_links":{"self":[{"href":"https:\/\/fengchashop.com\/si\/wp-json\/wp\/v2\/product\/5026","targetHints":{"allow":["GET"]}}],"collection":[{"href":"https:\/\/fengchashop.com\/si\/wp-json\/wp\/v2\/product"}],"about":[{"href":"https:\/\/fengchashop.com\/si\/wp-json\/wp\/v2\/types\/product"}],"replies":[{"embeddable":true,"href":"https:\/\/fengchashop.com\/si\/wp-json\/wp\/v2\/comments?post=5026"}],"wp:featuredmedia":[{"embeddable":true,"href":"https:\/\/fengchashop.com\/si\/wp-json\/wp\/v2\/media\/5027"}],"wp:attachment":[{"href":"https:\/\/fengchashop.com\/si\/wp-json\/wp\/v2\/media?parent=5026"}],"wp:term":[{"taxonomy":"product_brand","embeddable":true,"href":"https:\/\/fengchashop.com\/si\/wp-json\/wp\/v2\/product_brand?post=5026"},{"taxonomy":"product_cat","embeddable":true,"href":"https:\/\/fengchashop.com\/si\/wp-json\/wp\/v2\/product_cat?post=5026"},{"taxonomy":"product_tag","embeddable":true,"href":"https:\/\/fengchashop.com\/si\/wp-json\/wp\/v2\/product_tag?post=5026"}],"curies":[{"name":"wp","href":"https:\/\/api.w.org\/{rel}","templated":true}]}}