{"id":5024,"date":"2024-11-04T15:10:46","date_gmt":"2024-11-04T14:10:46","guid":{"rendered":"https:\/\/test-fengcha.dweb.si\/product\/tremella-fuciformis-bio-v-prahu-125-g\/"},"modified":"2026-04-29T21:17:16","modified_gmt":"2026-04-29T19:17:16","slug":"tremella-fuciformis-bio-v-prahu","status":"publish","type":"product","link":"https:\/\/fengchashop.com\/si\/izdelek\/tremella-fuciformis-bio-v-prahu\/","title":{"rendered":"Tremella Fuciformis BIO v prahu 125 g"},"content":{"rendered":"<h2 style=\"text-align: justify\"><span style=\"color: #000000\">Kaj je Tremella fuciformis BIO v prahu?<\/span><\/h2>\n<p style=\"text-align: justify\"><span style=\"color: #000000\"><b>Tremella Fuciformis<\/b>, znana tudi kot <i>bela drhtavka <\/i>ali <i>sne\u017ena goba<\/i>, je goba, ki \u017ee stoletja velja za eno najbolj cenjenih medicinskih gob v tradicionalni kitajski kulturi. V sodobnem \u010dasu je pridobila popularnost kot prehransko dopolnilo.<\/span><\/p>\n<h2><span style=\"color: #000000\">Zakaj ravno gobe?<\/span><\/h2>\n<p><span style=\"color: #000000\">Gobe so zelo zanimive. Niso ne rastline ne \u017eivali, kar pa so, so zagotovo neverjetni organizmi, ki so uspeli pre\u017eiveti pravzaprav skoraj od za\u010detka sveta. Razvile so posebno strategijo pre\u017eivetja, ki jih ohranja vse do danes. Njihove posebnosti lahko izkoristimo tudi ljudje, ko jih vklju\u010dimo v svojo prehrano. Prina\u0161ajo nam uravnote\u017eenost na telesni ravni, prispevajo k splo\u0161nemu dobremu po\u010dutju in nas \u0161\u010ditijo pred \u0161tevilnimi te\u017eavami.<\/span><\/p>\n<p><span style=\"color: #000000\">Ker so dolo\u010dene naravne u\u010dinkovine za nas neprebavljive ali te\u017eko prebavljive, je zelo pomembno, da u\u017eivamo samo najbolj\u0161e gobe v prahu. Gobe morajo biti pravilno vzrejene, posu\u0161ene in pripravljene. Zmlete morajo biti v fin prah brez ko\u0161\u010dkov. Barva prahu je svetlej\u0161a, sicer pa je odvisna tudi od vrste gobe, ki jo jemljemo. Ker so gobe tako u\u010dinkovite ravno zato, ker imajo sposobnost absorpcije vsega &#8211; dobrega in slabega iz okolja, je pomembno, da posegamo po ekolo\u0161ko pridelanih.<\/span><\/p>\n<h2 style=\"text-align: justify\"><span style=\"color: #000000\">Shranjevanje in opozorila<\/span><\/h2>\n<p style=\"text-align: justify\"><span style=\"color: #000000\">Shranjujte v suhem in hladnem prostoru pri temperaturi do 25 \u00b0C. Prehransko dopolnilo naj bo nedosegljivo otrokom!<\/span><\/p>\n<p style=\"text-align: justify\"><span style=\"color: #000000\">Ne pozabite na pomembnost raznolike prehrane in zdravega na\u010dina \u017eivljenja, prehransko dopolnilo zato ni nadomestilo za uravnote\u017eeno in raznovrstno prehrano. Priporo\u010dene dnevne koli\u010dine oziroma odmerka se ne sme prekora\u010diti.<\/span><\/p>\n<p style=\"text-align: justify\"><span style=\"color: #000000\">Tremella fuciformis ni priporo\u010dena za osebe z alergijami na gobe, imunsko oslabele posameznike ter tiste z resnimi zdravstvenimi te\u017eavami, kot so ledvi\u010dne bolezni. Nose\u010dnice in doje\u010de matere ter tisti, ki jemljejo zdravila, naj se pred uporabo posvetujejo s svojim zdravnikom.<\/span><\/p>\n<h2 style=\"text-align: justify\"><span style=\"color: #000000\">Pakiranje<\/span><\/h2>\n<p style=\"text-align: justify\"><span style=\"color: #000000\">Nepredu\u0161na vre\u010dka z zadrgo, kjer izdelek ohrani vso sve\u017eino in aromo. Embala\u017ea \u0161\u010diti pred svetlobo in zrakom, saj je sestavljena iz ve\u010d slojev za\u0161\u010dite, ki ohranjajo lastnosti vsebine.<\/span><\/p>\n<p style=\"text-align: justify\"><span style=\"color: #000000\">Embala\u017ea je zelo prakti\u010dna in omogo\u010da recikliranje.<\/span><\/p>\n<h2 style=\"text-align: justify\"><span style=\"color: #000000\">Poreklo<\/span><\/h2>\n<p style=\"text-align: justify\"><span style=\"color: #000000\">Kitajska. Imamo zelo zanesljive dobavitelje, ki nam za vsako serijo po\u0161ljejo podrobno kemijsko analizo \u017eivila. V ve\u010d kot desetih letih nismo imeli \u0161e nobenega odpoklica ali kakr\u0161ne koli druge te\u017eave s tem artiklom, pa tudi z drugimi artikli istega dobavitelja ne.\u00a0<\/span><\/p>\n<p style=\"text-align: justify\"><span style=\"color: #000000\">Artikel ima 100 % ekolo\u0161ki certifikat.<\/span><\/p>\n","protected":false},"excerpt":{"rendered":"<p>Prehransko dopolnilo. Tremella Fuciformis, znana tudi kot <strong>bela drhtavka ali sne\u017ena goba<\/strong>.<\/p>\n","protected":false},"featured_media":5025,"comment_status":"open","ping_status":"closed","template":"","meta":{"_acf_changed":false},"product_brand":[],"product_cat":[15,198,216],"product_tag":[],"class_list":{"0":"post-5024","1":"product","2":"type-product","3":"status-publish","4":"has-post-thumbnail","6":"product_cat-uncategorized","7":"product_cat-medicinske-gobe","8":"product_cat-vsi-izdelki","10":"first","11":"instock","12":"taxable","13":"shipping-taxable","14":"purchasable","15":"product-type-simple"},"acf":[],"_links":{"self":[{"href":"https:\/\/fengchashop.com\/si\/wp-json\/wp\/v2\/product\/5024","targetHints":{"allow":["GET"]}}],"collection":[{"href":"https:\/\/fengchashop.com\/si\/wp-json\/wp\/v2\/product"}],"about":[{"href":"https:\/\/fengchashop.com\/si\/wp-json\/wp\/v2\/types\/product"}],"replies":[{"embeddable":true,"href":"https:\/\/fengchashop.com\/si\/wp-json\/wp\/v2\/comments?post=5024"}],"wp:featuredmedia":[{"embeddable":true,"href":"https:\/\/fengchashop.com\/si\/wp-json\/wp\/v2\/media\/5025"}],"wp:attachment":[{"href":"https:\/\/fengchashop.com\/si\/wp-json\/wp\/v2\/media?parent=5024"}],"wp:term":[{"taxonomy":"product_brand","embeddable":true,"href":"https:\/\/fengchashop.com\/si\/wp-json\/wp\/v2\/product_brand?post=5024"},{"taxonomy":"product_cat","embeddable":true,"href":"https:\/\/fengchashop.com\/si\/wp-json\/wp\/v2\/product_cat?post=5024"},{"taxonomy":"product_tag","embeddable":true,"href":"https:\/\/fengchashop.com\/si\/wp-json\/wp\/v2\/product_tag?post=5024"}],"curies":[{"name":"wp","href":"https:\/\/api.w.org\/{rel}","templated":true}]}}