{"id":5016,"date":"2024-10-14T16:29:47","date_gmt":"2024-10-14T14:29:47","guid":{"rendered":"https:\/\/test-fengcha.dweb.si\/product\/haritaki-v-prahu-bio-250-g\/"},"modified":"2026-04-30T09:11:02","modified_gmt":"2026-04-30T07:11:02","slug":"haritaki-v-prahu-bio","status":"publish","type":"product","link":"https:\/\/fengchashop.com\/si\/izdelek\/haritaki-v-prahu-bio\/","title":{"rendered":"Haritaki v prahu BIO 250 g"},"content":{"rendered":"<h2><span style=\"color: #000000;\"><strong>Kaj je Haritaki BIO v prahu?<\/strong><\/span><\/h2>\n<p><span style=\"color: #000000;\"><strong>Haritaki <\/strong>(znanstveno ime <em>Terminalia chebula<\/em>) je drevo, katerega plod se pogosto uporablja kot prehransko dopolnilo v ajurvedski medicini. Plod haritakija je poznan po svojih \u0161tevilnih koristih za zdravje in velja za &#8220;<strong>kralja zdravilnih rastlin<\/strong>&#8221; v tradicionalni indijski medicin. Haritaki je eno od treh glavnih zeli\u0161\u010d v znamenitem ajurvedskem pripravku Triphala.<\/span><\/p>\n<h2><span style=\"color: #000000;\"><strong>Zakaj je Haritaki tako poseben in tako druga\u010den?<\/strong><\/span><\/h2>\n<p><span style=\"color: #000000;\">Haritaki je pomemben predvsem zaradi svojih \u0161tevilnih koristi za zdravje, zlasti v tradicionalnih medicinskih sistemih, kot je <strong>ajurveda<\/strong>. \u017de tiso\u010dletja ga uporabljajo kot <strong>univerzalno zdravilo zaradi njegovih \u0161iroko raznolikih u\u010dinkov na telo in duha<\/strong>. Haritaki je cenjeno prehransko dopolnilo s \u0161iroko paleto koristi, ki ga mnogi uporabljajo za <strong>izbolj\u0161anje prebave, podporo imunskemu sistemu in spodbujanje splo\u0161nega zdravja<\/strong>.<\/span><\/p>\n<h2><span style=\"color: #000000;\">Shranjevanje in opozorila<\/span><\/h2>\n<p><span style=\"color: #000000;\">Shranjujte v suhem in hladnem prostoru pri temperaturi do 25 \u00b0C. Prehransko dopolnilo naj bo nedosegljivo otrokom! Ne pozabite na pomembnost raznolike prehrane in zdravega na\u010dina \u017eivljenja, prehransko dopolnilo zato ni nadomestilo za uravnote\u017eeno in raznovrstno prehrano. Priporo\u010dene dnevne koli\u010dine oziroma odmerka se ne sme prekora\u010diti. Nose\u010dnicam, doje\u010dim materam in osebam, ki jemljejo zdravila, pred uporabo vedno svetujemo posvet z zdravnikom. Ni primerno za otroke. Priporo\u010dljivo je, da se za ve\u010d informacij ob morebitnih zdravstvenih te\u017eavah\u00a0 posvetujete s svojim zdravnikom.<\/span><\/p>\n<h2><span style=\"color: #000000;\">Pakiranje<\/span><\/h2>\n<p><span style=\"color: #000000;\">Nepredu\u0161na vre\u010dka z zadrgo, kjer izdelek ohrani vso sve\u017eino in aromo. Embala\u017ea \u0161\u010diti pred svetlobo in zrakom, saj je sestavljena iz ve\u010d slojev za\u0161\u010dite, ki ohranjajo lastnosti vsebine. Embala\u017ea je zelo prakti\u010dna in omogo\u010da recikliranje.<\/span><\/p>\n<h2><span style=\"color: #000000;\">Poreklo<\/span><\/h2>\n<p><span style=\"color: #000000;\">Indija<\/span><\/p>\n","protected":false},"excerpt":{"rendered":"<p align=\"JUSTIFY\">Prehransko dopolnilo.<strong> Haritaki<\/strong>\u00a0je drevo, katerega plod se pogosto uporablja kot prehransko dopolnilo v ajurvedski medicini. Plod haritakija je poznan po svojih \u0161tevilnih koristih za zdravje in velja za &#8220;<strong>kralja zdravilnih rastlin<\/strong>&#8221; v tradicionalni indijski medicini.<\/p>\n<p align=\"JUSTIFY\">\n","protected":false},"featured_media":5017,"comment_status":"open","ping_status":"closed","template":"","meta":{"_acf_changed":false},"product_brand":[],"product_cat":[15,194,195,216],"product_tag":[],"class_list":{"0":"post-5016","1":"product","2":"type-product","3":"status-publish","4":"has-post-thumbnail","6":"product_cat-uncategorized","7":"product_cat-ajurveda","8":"product_cat-superhrana","9":"product_cat-vsi-izdelki","11":"first","12":"instock","13":"sale","14":"taxable","15":"shipping-taxable","16":"purchasable","17":"product-type-simple"},"acf":[],"_links":{"self":[{"href":"https:\/\/fengchashop.com\/si\/wp-json\/wp\/v2\/product\/5016","targetHints":{"allow":["GET"]}}],"collection":[{"href":"https:\/\/fengchashop.com\/si\/wp-json\/wp\/v2\/product"}],"about":[{"href":"https:\/\/fengchashop.com\/si\/wp-json\/wp\/v2\/types\/product"}],"replies":[{"embeddable":true,"href":"https:\/\/fengchashop.com\/si\/wp-json\/wp\/v2\/comments?post=5016"}],"wp:featuredmedia":[{"embeddable":true,"href":"https:\/\/fengchashop.com\/si\/wp-json\/wp\/v2\/media\/5017"}],"wp:attachment":[{"href":"https:\/\/fengchashop.com\/si\/wp-json\/wp\/v2\/media?parent=5016"}],"wp:term":[{"taxonomy":"product_brand","embeddable":true,"href":"https:\/\/fengchashop.com\/si\/wp-json\/wp\/v2\/product_brand?post=5016"},{"taxonomy":"product_cat","embeddable":true,"href":"https:\/\/fengchashop.com\/si\/wp-json\/wp\/v2\/product_cat?post=5016"},{"taxonomy":"product_tag","embeddable":true,"href":"https:\/\/fengchashop.com\/si\/wp-json\/wp\/v2\/product_tag?post=5016"}],"curies":[{"name":"wp","href":"https:\/\/api.w.org\/{rel}","templated":true}]}}